{"id":10195,"date":"2024-04-12T11:07:25","date_gmt":"2024-04-12T09:07:25","guid":{"rendered":"https:\/\/dastgmures.ro\/?page_id=10195"},"modified":"2024-04-12T11:08:59","modified_gmt":"2024-04-12T09:08:59","slug":"interpret-mimico-gestual","status":"publish","type":"page","link":"https:\/\/dastgmures.ro\/en\/interpreter-mime-gesture\/","title":{"rendered":"Sign language interpreter"},"content":{"rendered":"<div data-elementor-type=\"wp-page\" data-elementor-id=\"10195\" class=\"elementor elementor-10195\">\n\t\t\t\t\t\t\t\t\t<section class=\"penci-section penci-disSticky penci-structure-10 elementor-section elementor-top-section elementor-element elementor-element-79805aa elementor-section-boxed elementor-section-height-default elementor-section-height-default\" data-id=\"79805aa\" data-element_type=\"section\">\n\t\t\t\t\t\t<div class=\"elementor-container elementor-column-gap-default\">\n\t\t\t\t\t<div class=\"penci-ercol-100 penci-ercol-order-1 penci-sticky-ct    elementor-column elementor-col-100 elementor-top-column elementor-element elementor-element-4ffa1c0\" data-id=\"4ffa1c0\" data-element_type=\"column\">\n\t\t\t<div class=\"elementor-widget-wrap elementor-element-populated\">\n\t\t\t\t\t\t\t\t<div class=\"elementor-element elementor-element-31f7177 elementor-widget elementor-widget-text-editor\" data-id=\"31f7177\" data-element_type=\"widget\" data-widget_type=\"text-editor.default\">\n\t\t\t\t<div class=\"elementor-widget-container\">\n\t\t\t<style>\/*! elementor - v3.7.8 - 02-10-2022 *\/\n.elementor-widget-text-editor.elementor-drop-cap-view-stacked .elementor-drop-cap{background-color:#818a91;color:#fff}.elementor-widget-text-editor.elementor-drop-cap-view-framed .elementor-drop-cap{color:#818a91;border:3px solid;background-color:transparent}.elementor-widget-text-editor:not(.elementor-drop-cap-view-default) .elementor-drop-cap{margin-top:8px}.elementor-widget-text-editor:not(.elementor-drop-cap-view-default) .elementor-drop-cap-letter{width:1em;height:1em}.elementor-widget-text-editor .elementor-drop-cap{float:left;text-align:center;line-height:1;font-size:50px}.elementor-widget-text-editor .elementor-drop-cap-letter{display:inline-block}<\/style>\t\t\t\t<p style=\"text-align: center;\"><strong>The Social Assistance Department of Targu Mures provides people with hearing disabilities with a MIMIC-GESTUAL INTERPRETER that facilitates access to information and services offered by our institution, in order to communicate efficiently and correctly. <\/strong><\/p><p>Our institution will provide a sign language interpreter upon request, based on a written request sent by e-mail and confirmed by telephone by DAS T\u00e2rgu Mure\u0219 or upon direct request of the hearing impaired person to our directorate (Registration, room 8).<\/p><p>According to the cooperation agreement concluded between the Social Assistance Department of Targu Mures and the National Association of the Deaf in Romania - Mures Branch, the interpreting service will be provided within a maximum of 7 working days from the moment of receipt of the request, from Monday to Friday between 08:00 and 16:00, the time to be agreed upon.<\/p><p style=\"text-align: center;\"><em>T\u00e2rgu Mure\u0219 Social Assistance Department<\/em><\/p>\t\t\t\t\t\t<\/div>\n\t\t\t\t<\/div>\n\t\t\t\t\t<\/div>\n\t\t<\/div>\n\t\t\t\t\t\t\t<\/div>\n\t\t<\/section>\n\t\t\t\t\t\t\t<\/div>","protected":false},"excerpt":{"rendered":"<p>The Social Assistance Department of Targu Mures provides people with hearing disabilities with a MIMIC-GESTUAL INTERPRETER that facilitates access to this social category...<\/p>","protected":false},"author":1,"featured_media":0,"parent":0,"menu_order":0,"comment_status":"closed","ping_status":"closed","template":"","meta":{"footnotes":""},"class_list":["post-10195","page","type-page","status-publish","hentry"],"yoast_head":"<!-- This site is optimized with the Yoast SEO plugin v19.13 - https:\/\/yoast.com\/wordpress\/plugins\/seo\/ -->\n<title>Interpret mimico-gestual - Direc\u021bia de Asisten\u021b\u0103 Social\u0103 T\u00e2rgu Mure\u0219<\/title>\n<meta name=\"robots\" content=\"index, follow, max-snippet:-1, max-image-preview:large, max-video-preview:-1\" \/>\n<link rel=\"canonical\" href=\"https:\/\/dastgmures.ro\/en\/interpreter-mime-gesture\/\" \/>\n<meta property=\"og:locale\" content=\"en_GB\" \/>\n<meta property=\"og:type\" content=\"article\" \/>\n<meta property=\"og:title\" content=\"Interpret mimico-gestual - Direc\u021bia de Asisten\u021b\u0103 Social\u0103 T\u00e2rgu Mure\u0219\" \/>\n<meta property=\"og:description\" content=\"Direc\u021bia de Asisten\u021b\u0103 Social\u0103 T\u00e2rgu Mure\u0219 pune la dispozi\u021bia persoanelor cu handicap auditiv un INTERPRET MIMICO-GESTUAL care faciliteaz\u0103 accesul acestei categorii sociale&hellip;\" \/>\n<meta property=\"og:url\" content=\"https:\/\/dastgmures.ro\/en\/interpreter-mime-gesture\/\" \/>\n<meta property=\"og:site_name\" content=\"Direc\u021bia de Asisten\u021b\u0103 Social\u0103 T\u00e2rgu Mure\u0219\" \/>\n<meta property=\"article:modified_time\" content=\"2024-04-12T09:08:59+00:00\" \/>\n<meta name=\"twitter:card\" content=\"summary_large_image\" \/>\n<meta name=\"twitter:label1\" content=\"Estimated reading time\" \/>\n\t<meta name=\"twitter:data1\" content=\"1 minute\" \/>\n<script type=\"application\/ld+json\" class=\"yoast-schema-graph\">{\"@context\":\"https:\/\/schema.org\",\"@graph\":[{\"@type\":\"WebPage\",\"@id\":\"https:\/\/dastgmures.ro\/interpret-mimico-gestual\/\",\"url\":\"https:\/\/dastgmures.ro\/interpret-mimico-gestual\/\",\"name\":\"Interpret mimico-gestual - Direc\u021bia de Asisten\u021b\u0103 Social\u0103 T\u00e2rgu Mure\u0219\",\"isPartOf\":{\"@id\":\"https:\/\/dastgmures.ro\/#website\"},\"datePublished\":\"2024-04-12T09:07:25+00:00\",\"dateModified\":\"2024-04-12T09:08:59+00:00\",\"breadcrumb\":{\"@id\":\"https:\/\/dastgmures.ro\/interpret-mimico-gestual\/#breadcrumb\"},\"inLanguage\":\"en-GB\",\"potentialAction\":[{\"@type\":\"ReadAction\",\"target\":[\"https:\/\/dastgmures.ro\/interpret-mimico-gestual\/\"]}]},{\"@type\":\"BreadcrumbList\",\"@id\":\"https:\/\/dastgmures.ro\/interpret-mimico-gestual\/#breadcrumb\",\"itemListElement\":[{\"@type\":\"ListItem\",\"position\":1,\"name\":\"Prima pagin\u0103\",\"item\":\"https:\/\/dastgmures.ro\/\"},{\"@type\":\"ListItem\",\"position\":2,\"name\":\"Interpret mimico-gestual\"}]},{\"@type\":\"WebSite\",\"@id\":\"https:\/\/dastgmures.ro\/#website\",\"url\":\"https:\/\/dastgmures.ro\/\",\"name\":\"Direc\u021bia de Asisten\u021b\u0103 Social\u0103 T\u00e2rgu Mure\u0219\",\"description\":\"\",\"potentialAction\":[{\"@type\":\"SearchAction\",\"target\":{\"@type\":\"EntryPoint\",\"urlTemplate\":\"https:\/\/dastgmures.ro\/?s={search_term_string}\"},\"query-input\":\"required name=search_term_string\"}],\"inLanguage\":\"en-GB\"}]}<\/script>\n<!-- \/ Yoast SEO plugin. -->","yoast_head_json":{"title":"Interpret mimico-gestual - Direc\u021bia de Asisten\u021b\u0103 Social\u0103 T\u00e2rgu Mure\u0219","robots":{"index":"index","follow":"follow","max-snippet":"max-snippet:-1","max-image-preview":"max-image-preview:large","max-video-preview":"max-video-preview:-1"},"canonical":"https:\/\/dastgmures.ro\/en\/interpreter-mime-gesture\/","og_locale":"en_GB","og_type":"article","og_title":"Interpret mimico-gestual - Direc\u021bia de Asisten\u021b\u0103 Social\u0103 T\u00e2rgu Mure\u0219","og_description":"Direc\u021bia de Asisten\u021b\u0103 Social\u0103 T\u00e2rgu Mure\u0219 pune la dispozi\u021bia persoanelor cu handicap auditiv un INTERPRET MIMICO-GESTUAL care faciliteaz\u0103 accesul acestei categorii sociale&hellip;","og_url":"https:\/\/dastgmures.ro\/en\/interpreter-mime-gesture\/","og_site_name":"Direc\u021bia de Asisten\u021b\u0103 Social\u0103 T\u00e2rgu Mure\u0219","article_modified_time":"2024-04-12T09:08:59+00:00","twitter_card":"summary_large_image","twitter_misc":{"Estimated reading time":"1 minute"},"schema":{"@context":"https:\/\/schema.org","@graph":[{"@type":"WebPage","@id":"https:\/\/dastgmures.ro\/interpret-mimico-gestual\/","url":"https:\/\/dastgmures.ro\/interpret-mimico-gestual\/","name":"Interpret mimico-gestual - Direc\u021bia de Asisten\u021b\u0103 Social\u0103 T\u00e2rgu Mure\u0219","isPartOf":{"@id":"https:\/\/dastgmures.ro\/#website"},"datePublished":"2024-04-12T09:07:25+00:00","dateModified":"2024-04-12T09:08:59+00:00","breadcrumb":{"@id":"https:\/\/dastgmures.ro\/interpret-mimico-gestual\/#breadcrumb"},"inLanguage":"en-GB","potentialAction":[{"@type":"ReadAction","target":["https:\/\/dastgmures.ro\/interpret-mimico-gestual\/"]}]},{"@type":"BreadcrumbList","@id":"https:\/\/dastgmures.ro\/interpret-mimico-gestual\/#breadcrumb","itemListElement":[{"@type":"ListItem","position":1,"name":"Prima pagin\u0103","item":"https:\/\/dastgmures.ro\/"},{"@type":"ListItem","position":2,"name":"Interpret mimico-gestual"}]},{"@type":"WebSite","@id":"https:\/\/dastgmures.ro\/#website","url":"https:\/\/dastgmures.ro\/","name":"Direc\u021bia de Asisten\u021b\u0103 Social\u0103 T\u00e2rgu Mure\u0219","description":"","potentialAction":[{"@type":"SearchAction","target":{"@type":"EntryPoint","urlTemplate":"https:\/\/dastgmures.ro\/?s={search_term_string}"},"query-input":"required name=search_term_string"}],"inLanguage":"en-GB"}]}},"_links":{"self":[{"href":"https:\/\/dastgmures.ro\/en\/wp-json\/wp\/v2\/pages\/10195","targetHints":{"allow":["GET"]}}],"collection":[{"href":"https:\/\/dastgmures.ro\/en\/wp-json\/wp\/v2\/pages"}],"about":[{"href":"https:\/\/dastgmures.ro\/en\/wp-json\/wp\/v2\/types\/page"}],"author":[{"embeddable":true,"href":"https:\/\/dastgmures.ro\/en\/wp-json\/wp\/v2\/users\/1"}],"replies":[{"embeddable":true,"href":"https:\/\/dastgmures.ro\/en\/wp-json\/wp\/v2\/comments?post=10195"}],"version-history":[{"count":4,"href":"https:\/\/dastgmures.ro\/en\/wp-json\/wp\/v2\/pages\/10195\/revisions"}],"predecessor-version":[{"id":10199,"href":"https:\/\/dastgmures.ro\/en\/wp-json\/wp\/v2\/pages\/10195\/revisions\/10199"}],"wp:attachment":[{"href":"https:\/\/dastgmures.ro\/en\/wp-json\/wp\/v2\/media?parent=10195"}],"curies":[{"name":"wp","href":"https:\/\/api.w.org\/{rel}","templated":true}]}}