{"id":2614,"date":"2022-11-07T16:35:04","date_gmt":"2022-11-07T16:35:04","guid":{"rendered":"https:\/\/dastgmures.ro\/?page_id=2614"},"modified":"2023-02-13T10:32:55","modified_gmt":"2023-02-13T08:32:55","slug":"asistenta-persoane-varstnice","status":"publish","type":"page","link":"https:\/\/dastgmures.ro\/en\/welfare-services\/assistance-elderly-people\/","title":{"rendered":"Elderly assistance"},"content":{"rendered":"<div data-elementor-type=\"wp-page\" data-elementor-id=\"2614\" class=\"elementor elementor-2614\">\n\t\t\t\t\t\t\t\t\t<section class=\"penci-section penci-disSticky penci-structure-20 elementor-section elementor-top-section elementor-element elementor-element-d23b71f elementor-section-boxed elementor-section-height-default elementor-section-height-default\" data-id=\"d23b71f\" data-element_type=\"section\">\n\t\t\t\t\t\t<div class=\"elementor-container elementor-column-gap-default\">\n\t\t\t\t\t<div class=\"penci-ercol-50 penci-ercol-order-1 penci-sticky-ct  penci-dmcheck penci-elbg-activate  elementor-column elementor-col-50 elementor-top-column elementor-element elementor-element-1a25c56\" data-id=\"1a25c56\" data-element_type=\"column\" data-settings=\"{&quot;background_background&quot;:&quot;classic&quot;}\">\n\t\t\t<div class=\"elementor-widget-wrap elementor-element-populated\">\n\t\t\t\t\t\t\t\t<div class=\"elementor-element elementor-element-a8ceb05 elementor-view-default elementor-mobile-position-top elementor-vertical-align-top elementor-widget elementor-widget-icon-box\" data-id=\"a8ceb05\" data-element_type=\"widget\" data-widget_type=\"icon-box.default\">\n\t\t\t\t<div class=\"elementor-widget-container\">\n\t\t\t<link rel=\"stylesheet\" href=\"https:\/\/dastgmures.ro\/wp-content\/plugins\/elementor\/assets\/css\/widget-icon-box.min.css\">\t\t<div class=\"elementor-icon-box-wrapper\">\n\t\t\t\t\t\t<div class=\"elementor-icon-box-icon\">\n\t\t\t\t<a class=\"elementor-icon elementor-animation-\" href=\"https:\/\/dastgmures.ro\/en\/welfare-services\/assistance-elderly-people\/home-care-services-2\/\">\n\t\t\t\t<i aria-hidden=\"true\" class=\"fas fa-user-check\"><\/i>\t\t\t\t<\/a>\n\t\t\t<\/div>\n\t\t\t\t\t\t<div class=\"elementor-icon-box-content\">\n\t\t\t\t<h3 class=\"elementor-icon-box-title\"><span class=\"ez-toc-section\" id=\"Servicii_de_ingrijire_la_domiciliul_persoanelor_varstnice\"><\/span>\n\t\t\t\t\t<a href=\"https:\/\/dastgmures.ro\/en\/welfare-services\/assistance-elderly-people\/home-care-services-2\/\" >\n\t\t\t\t\t\tHome care services for the elderly\t\t\t\t\t<\/a>\n\t\t\t\t<span class=\"ez-toc-section-end\"><\/span><\/h3>\n\t\t\t\t\t\t\t<\/div>\n\t\t<\/div>\n\t\t\t\t<\/div>\n\t\t\t\t<\/div>\n\t\t\t\t\t<\/div>\n\t\t<\/div>\n\t\t\t\t<div class=\"penci-ercol-50 penci-ercol-order-2 penci-sticky-ct  penci-dmcheck penci-elbg-activate  elementor-column elementor-col-50 elementor-top-column elementor-element elementor-element-c43cdcc\" data-id=\"c43cdcc\" data-element_type=\"column\" data-settings=\"{&quot;background_background&quot;:&quot;classic&quot;}\">\n\t\t\t<div class=\"elementor-widget-wrap elementor-element-populated\">\n\t\t\t\t\t\t\t\t<div class=\"elementor-element elementor-element-fce34f9 elementor-view-default elementor-mobile-position-top elementor-vertical-align-top elementor-widget elementor-widget-icon-box\" data-id=\"fce34f9\" data-element_type=\"widget\" data-widget_type=\"icon-box.default\">\n\t\t\t\t<div class=\"elementor-widget-container\">\n\t\t\t\t\t<div class=\"elementor-icon-box-wrapper\">\n\t\t\t\t\t\t<div class=\"elementor-icon-box-icon\">\n\t\t\t\t<a class=\"elementor-icon elementor-animation-\" href=\"https:\/\/dastgmures.ro\/en\/welfare-services\/assistance-elderly-people\/admissions-for-elderly-people\/\">\n\t\t\t\t<i aria-hidden=\"true\" class=\"fas fa-building\"><\/i>\t\t\t\t<\/a>\n\t\t\t<\/div>\n\t\t\t\t\t\t<div class=\"elementor-icon-box-content\">\n\t\t\t\t<h3 class=\"elementor-icon-box-title\"><span class=\"ez-toc-section\" id=\"Internarea_persoanelor_varstnice_intr-un_centru_de_ingrijire_si_asistenta\"><\/span>\n\t\t\t\t\t<a href=\"https:\/\/dastgmures.ro\/en\/welfare-services\/assistance-elderly-people\/admissions-for-elderly-people\/\" >\n\t\t\t\t\t\tPlacing elderly people in a care and support centre\t\t\t\t\t<\/a>\n\t\t\t\t<span class=\"ez-toc-section-end\"><\/span><\/h3>\n\t\t\t\t\t\t\t<\/div>\n\t\t<\/div>\n\t\t\t\t<\/div>\n\t\t\t\t<\/div>\n\t\t\t\t\t<\/div>\n\t\t<\/div>\n\t\t\t\t\t\t\t<\/div>\n\t\t<\/section>\n\t\t\t\t\t\t\t<\/div>","protected":false},"excerpt":{"rendered":"<p>Home care services for the elderly Admission of the elderly to a care and assistance centre<\/p>","protected":false},"author":1,"featured_media":0,"parent":2610,"menu_order":0,"comment_status":"closed","ping_status":"closed","template":"","meta":{"footnotes":""},"class_list":["post-2614","page","type-page","status-publish","hentry"],"yoast_head":"<!-- This site is optimized with the Yoast SEO plugin v19.13 - https:\/\/yoast.com\/wordpress\/plugins\/seo\/ -->\n<title>Asisten\u021b\u0103 persoane v\u00e2rstnice - Direc\u021bia de Asisten\u021b\u0103 Social\u0103 T\u00e2rgu Mure\u0219<\/title>\n<meta name=\"robots\" content=\"index, follow, max-snippet:-1, max-image-preview:large, max-video-preview:-1\" \/>\n<link rel=\"canonical\" href=\"https:\/\/dastgmures.ro\/en\/welfare-services\/assistance-elderly-people\/\" \/>\n<meta property=\"og:locale\" content=\"en_GB\" \/>\n<meta property=\"og:type\" content=\"article\" \/>\n<meta property=\"og:title\" content=\"Asisten\u021b\u0103 persoane v\u00e2rstnice - Direc\u021bia de Asisten\u021b\u0103 Social\u0103 T\u00e2rgu Mure\u0219\" \/>\n<meta property=\"og:description\" content=\"Servicii de \u00eengrijire la domiciliul persoanelor v\u00e2rstnice Internarea persoanelor v\u00e2rstnice \u00eentr-un centru de \u00eengrijire \u0219i asisten\u021b\u0103\" \/>\n<meta property=\"og:url\" content=\"https:\/\/dastgmures.ro\/en\/welfare-services\/assistance-elderly-people\/\" \/>\n<meta property=\"og:site_name\" content=\"Direc\u021bia de Asisten\u021b\u0103 Social\u0103 T\u00e2rgu Mure\u0219\" \/>\n<meta property=\"article:modified_time\" content=\"2023-02-13T08:32:55+00:00\" \/>\n<meta name=\"twitter:card\" content=\"summary_large_image\" \/>\n<meta name=\"twitter:label1\" content=\"Estimated reading time\" \/>\n\t<meta name=\"twitter:data1\" content=\"1 minute\" \/>\n<script type=\"application\/ld+json\" class=\"yoast-schema-graph\">{\"@context\":\"https:\/\/schema.org\",\"@graph\":[{\"@type\":\"WebPage\",\"@id\":\"https:\/\/dastgmures.ro\/servicii-de-asistenta-sociala\/asistenta-persoane-varstnice\/\",\"url\":\"https:\/\/dastgmures.ro\/servicii-de-asistenta-sociala\/asistenta-persoane-varstnice\/\",\"name\":\"Asisten\u021b\u0103 persoane v\u00e2rstnice - Direc\u021bia de Asisten\u021b\u0103 Social\u0103 T\u00e2rgu Mure\u0219\",\"isPartOf\":{\"@id\":\"https:\/\/dastgmures.ro\/#website\"},\"datePublished\":\"2022-11-07T16:35:04+00:00\",\"dateModified\":\"2023-02-13T08:32:55+00:00\",\"breadcrumb\":{\"@id\":\"https:\/\/dastgmures.ro\/servicii-de-asistenta-sociala\/asistenta-persoane-varstnice\/#breadcrumb\"},\"inLanguage\":\"en-GB\",\"potentialAction\":[{\"@type\":\"ReadAction\",\"target\":[\"https:\/\/dastgmures.ro\/servicii-de-asistenta-sociala\/asistenta-persoane-varstnice\/\"]}]},{\"@type\":\"BreadcrumbList\",\"@id\":\"https:\/\/dastgmures.ro\/servicii-de-asistenta-sociala\/asistenta-persoane-varstnice\/#breadcrumb\",\"itemListElement\":[{\"@type\":\"ListItem\",\"position\":1,\"name\":\"Prima pagin\u0103\",\"item\":\"https:\/\/dastgmures.ro\/\"},{\"@type\":\"ListItem\",\"position\":2,\"name\":\"Servicii de Asisten\u021b\u0103 Social\u0103\",\"item\":\"https:\/\/dastgmures.ro\/servicii-de-asistenta-sociala\/\"},{\"@type\":\"ListItem\",\"position\":3,\"name\":\"Asisten\u021b\u0103 persoane v\u00e2rstnice\"}]},{\"@type\":\"WebSite\",\"@id\":\"https:\/\/dastgmures.ro\/#website\",\"url\":\"https:\/\/dastgmures.ro\/\",\"name\":\"Direc\u021bia de Asisten\u021b\u0103 Social\u0103 T\u00e2rgu Mure\u0219\",\"description\":\"\",\"potentialAction\":[{\"@type\":\"SearchAction\",\"target\":{\"@type\":\"EntryPoint\",\"urlTemplate\":\"https:\/\/dastgmures.ro\/?s={search_term_string}\"},\"query-input\":\"required name=search_term_string\"}],\"inLanguage\":\"en-GB\"}]}<\/script>\n<!-- \/ Yoast SEO plugin. -->","yoast_head_json":{"title":"Asisten\u021b\u0103 persoane v\u00e2rstnice - Direc\u021bia de Asisten\u021b\u0103 Social\u0103 T\u00e2rgu Mure\u0219","robots":{"index":"index","follow":"follow","max-snippet":"max-snippet:-1","max-image-preview":"max-image-preview:large","max-video-preview":"max-video-preview:-1"},"canonical":"https:\/\/dastgmures.ro\/en\/welfare-services\/assistance-elderly-people\/","og_locale":"en_GB","og_type":"article","og_title":"Asisten\u021b\u0103 persoane v\u00e2rstnice - Direc\u021bia de Asisten\u021b\u0103 Social\u0103 T\u00e2rgu Mure\u0219","og_description":"Servicii de \u00eengrijire la domiciliul persoanelor v\u00e2rstnice Internarea persoanelor v\u00e2rstnice \u00eentr-un centru de \u00eengrijire \u0219i asisten\u021b\u0103","og_url":"https:\/\/dastgmures.ro\/en\/welfare-services\/assistance-elderly-people\/","og_site_name":"Direc\u021bia de Asisten\u021b\u0103 Social\u0103 T\u00e2rgu Mure\u0219","article_modified_time":"2023-02-13T08:32:55+00:00","twitter_card":"summary_large_image","twitter_misc":{"Estimated reading time":"1 minute"},"schema":{"@context":"https:\/\/schema.org","@graph":[{"@type":"WebPage","@id":"https:\/\/dastgmures.ro\/servicii-de-asistenta-sociala\/asistenta-persoane-varstnice\/","url":"https:\/\/dastgmures.ro\/servicii-de-asistenta-sociala\/asistenta-persoane-varstnice\/","name":"Asisten\u021b\u0103 persoane v\u00e2rstnice - Direc\u021bia de Asisten\u021b\u0103 Social\u0103 T\u00e2rgu Mure\u0219","isPartOf":{"@id":"https:\/\/dastgmures.ro\/#website"},"datePublished":"2022-11-07T16:35:04+00:00","dateModified":"2023-02-13T08:32:55+00:00","breadcrumb":{"@id":"https:\/\/dastgmures.ro\/servicii-de-asistenta-sociala\/asistenta-persoane-varstnice\/#breadcrumb"},"inLanguage":"en-GB","potentialAction":[{"@type":"ReadAction","target":["https:\/\/dastgmures.ro\/servicii-de-asistenta-sociala\/asistenta-persoane-varstnice\/"]}]},{"@type":"BreadcrumbList","@id":"https:\/\/dastgmures.ro\/servicii-de-asistenta-sociala\/asistenta-persoane-varstnice\/#breadcrumb","itemListElement":[{"@type":"ListItem","position":1,"name":"Prima pagin\u0103","item":"https:\/\/dastgmures.ro\/"},{"@type":"ListItem","position":2,"name":"Servicii de Asisten\u021b\u0103 Social\u0103","item":"https:\/\/dastgmures.ro\/servicii-de-asistenta-sociala\/"},{"@type":"ListItem","position":3,"name":"Asisten\u021b\u0103 persoane v\u00e2rstnice"}]},{"@type":"WebSite","@id":"https:\/\/dastgmures.ro\/#website","url":"https:\/\/dastgmures.ro\/","name":"Direc\u021bia de Asisten\u021b\u0103 Social\u0103 T\u00e2rgu Mure\u0219","description":"","potentialAction":[{"@type":"SearchAction","target":{"@type":"EntryPoint","urlTemplate":"https:\/\/dastgmures.ro\/?s={search_term_string}"},"query-input":"required name=search_term_string"}],"inLanguage":"en-GB"}]}},"_links":{"self":[{"href":"https:\/\/dastgmures.ro\/en\/wp-json\/wp\/v2\/pages\/2614","targetHints":{"allow":["GET"]}}],"collection":[{"href":"https:\/\/dastgmures.ro\/en\/wp-json\/wp\/v2\/pages"}],"about":[{"href":"https:\/\/dastgmures.ro\/en\/wp-json\/wp\/v2\/types\/page"}],"author":[{"embeddable":true,"href":"https:\/\/dastgmures.ro\/en\/wp-json\/wp\/v2\/users\/1"}],"replies":[{"embeddable":true,"href":"https:\/\/dastgmures.ro\/en\/wp-json\/wp\/v2\/comments?post=2614"}],"version-history":[{"count":16,"href":"https:\/\/dastgmures.ro\/en\/wp-json\/wp\/v2\/pages\/2614\/revisions"}],"predecessor-version":[{"id":5633,"href":"https:\/\/dastgmures.ro\/en\/wp-json\/wp\/v2\/pages\/2614\/revisions\/5633"}],"up":[{"embeddable":true,"href":"https:\/\/dastgmures.ro\/en\/wp-json\/wp\/v2\/pages\/2610"}],"wp:attachment":[{"href":"https:\/\/dastgmures.ro\/en\/wp-json\/wp\/v2\/media?parent=2614"}],"curies":[{"name":"wp","href":"https:\/\/api.w.org\/{rel}","templated":true}]}}