{"id":4042,"date":"2022-12-13T10:47:35","date_gmt":"2022-12-13T10:47:35","guid":{"rendered":"https:\/\/dastgmures.ro\/?page_id=4042"},"modified":"2024-03-11T13:45:48","modified_gmt":"2024-03-11T11:45:48","slug":"persoane-responsabile-pentru-legea-nr-544-2001","status":"publish","type":"page","link":"https:\/\/dastgmures.ro\/en\/public-interest-information\/request-information\/persons-responsible-for-law-nr-544-2001\/","title":{"rendered":"Persons responsible for Law No 544\/2001"},"content":{"rendered":"<div data-elementor-type=\"wp-page\" data-elementor-id=\"4042\" class=\"elementor elementor-4042\">\n\t\t\t\t\t\t\t\t\t<section class=\"penci-section penci-disSticky penci-structure-10 elementor-section elementor-top-section elementor-element elementor-element-709ed21 elementor-hidden-desktop elementor-hidden-tablet elementor-hidden-mobile elementor-section-boxed elementor-section-height-default elementor-section-height-default\" data-id=\"709ed21\" data-element_type=\"section\">\n\t\t\t\t\t\t<div class=\"elementor-container elementor-column-gap-default\">\n\t\t\t\t\t<div class=\"penci-ercol-100 penci-ercol-order-1 penci-sticky-ct    elementor-column elementor-col-100 elementor-top-column elementor-element elementor-element-a53d3d2\" data-id=\"a53d3d2\" data-element_type=\"column\">\n\t\t\t<div class=\"elementor-widget-wrap elementor-element-populated\">\n\t\t\t\t\t\t\t\t<div class=\"elementor-element elementor-element-70c3f9ba elementor-widget elementor-widget-text-editor\" data-id=\"70c3f9ba\" data-element_type=\"widget\" data-widget_type=\"text-editor.default\">\n\t\t\t\t<div class=\"elementor-widget-container\">\n\t\t\t<style>\/*! elementor - v3.7.8 - 02-10-2022 *\/\n.elementor-widget-text-editor.elementor-drop-cap-view-stacked .elementor-drop-cap{background-color:#818a91;color:#fff}.elementor-widget-text-editor.elementor-drop-cap-view-framed .elementor-drop-cap{color:#818a91;border:3px solid;background-color:transparent}.elementor-widget-text-editor:not(.elementor-drop-cap-view-default) .elementor-drop-cap{margin-top:8px}.elementor-widget-text-editor:not(.elementor-drop-cap-view-default) .elementor-drop-cap-letter{width:1em;height:1em}.elementor-widget-text-editor .elementor-drop-cap{float:left;text-align:center;line-height:1;font-size:50px}.elementor-widget-text-editor .elementor-drop-cap-letter{display:inline-block}<\/style>\t\t\t\t<p>Full name: Scridon Iulia Gabriela<br \/>E-mail: <a href=\"mailto:social7@tirgumures.ro\">social7@t<\/a><a href=\"mailto:social7@tirgumures.ro\">irgumures.ro<\/a><br \/>Phone: \u00a0<a href=\"tel: 0365430859\">0365\/430859<\/a> int. 113<\/p>\t\t\t\t\t\t<\/div>\n\t\t\t\t<\/div>\n\t\t\t\t\t<\/div>\n\t\t<\/div>\n\t\t\t\t\t\t\t<\/div>\n\t\t<\/section>\n\t\t\t\t<section class=\"penci-section penci-disSticky penci-structure-10 elementor-section elementor-top-section elementor-element elementor-element-492da08 elementor-section-boxed elementor-section-height-default elementor-section-height-default\" data-id=\"492da08\" data-element_type=\"section\">\n\t\t\t\t\t\t<div class=\"elementor-container elementor-column-gap-default\">\n\t\t\t\t\t<div class=\"penci-ercol-100 penci-ercol-order-1 penci-sticky-ct    elementor-column elementor-col-100 elementor-top-column elementor-element elementor-element-2853247\" data-id=\"2853247\" data-element_type=\"column\">\n\t\t\t<div class=\"elementor-widget-wrap elementor-element-populated\">\n\t\t\t\t\t\t\t\t<div class=\"elementor-element elementor-element-c168638 elementor-widget elementor-widget-penci-team-member\" data-id=\"c168638\" data-element_type=\"widget\" data-widget_type=\"penci-team-member.default\">\n\t\t\t\t<div class=\"elementor-widget-container\">\n\t\t\t        <div class=\"penci-block-vc penci-teammb-bsc penci-teammb-s1 pencisc-grid-1 pencisc-grid-tablet-2 pencisc-grid-mobile-1 pcsc-shape-default pcsc-st-default\">\r\n\t\t\t            <div class=\"penci-block_content pencisc-grid\">\r\n\t\t\t\t                    <div class=\"penci-teammb-item pencisc-grid-item\">\r\n                        <div class=\"penci-teammb-inner\">\r\n\t\t\t\t\t\t\t<span class=\"penci-image-holder penci-teammb-img penci-lazy\" data-bgset=\"https:\/\/dastgmures.ro\/wp-content\/plugins\/elementor\/assets\/images\/placeholder.png\"><\/span>                            <div class=\"penci-team_item__info\">\r\n\t\t\t\t\t\t\t\t\t\t\t\t\t\t\t\t                                    <h5 class=\"penci-team_member_name\">-<\/h5>\r\n\t\t\t\t\t\t\t\t\t\t\t\t\t\t\t\t\t\t\t\t\t\t\t\t                                    <div class=\"penci-team_member_desc\">E-mail: registratura.das@tirgumures.ro \n<br>\nPhone: 0365\/430859\n<br>\nWhatsapp: 0725.403.315<\/div>\r\n\t\t\t\t\t\t\t\t                                <div class=\"penci-team_member_socails penci-social-wrap\">\r\n\t\t\t\t\t\t\t\t\t\t\t\t\t\t\t\t\t\t\t\t\t\t\t\t\t\t\t\r\n\t\t\t\t\t\t\t\t\t\t\t\t\t\t\t\t\t\t\t\t\t\t\t\t\t\t\t\t\t\t\t\t\t\t\t\t\t\t\t\t\t\t\t\t\t\t\t\t\t\t\t\t\t\t                                <\/div>\r\n                            <\/div>\r\n                        <\/div>\r\n                    <\/div>\r\n\t\t\t\t\t            <\/div>\r\n        <\/div>\r\n\t\t\t\t<\/div>\n\t\t\t\t<\/div>\n\t\t\t\t\t<\/div>\n\t\t<\/div>\n\t\t\t\t\t\t\t<\/div>\n\t\t<\/section>\n\t\t\t\t\t\t\t<\/div>","protected":false},"excerpt":{"rendered":"<p>Full name: Scridon Iulia GabrielaE-mail: social7@tirgumures.roTelefon: 0365\/430859 int. 113 - E-mail: registratura.das@tirgumures.ro Phone: 0365\/430859 Whatsapp: 0725.403.315<\/p>","protected":false},"author":1,"featured_media":0,"parent":3371,"menu_order":0,"comment_status":"closed","ping_status":"closed","template":"","meta":{"footnotes":""},"class_list":["post-4042","page","type-page","status-publish","hentry"],"yoast_head":"<!-- This site is optimized with the Yoast SEO plugin v19.13 - https:\/\/yoast.com\/wordpress\/plugins\/seo\/ -->\n<title>Persoane responsabile pentru Legea nr. 544\/2001 - Direc\u021bia de Asisten\u021b\u0103 Social\u0103 T\u00e2rgu Mure\u0219<\/title>\n<meta name=\"robots\" content=\"index, follow, max-snippet:-1, max-image-preview:large, max-video-preview:-1\" \/>\n<link rel=\"canonical\" href=\"https:\/\/dastgmures.ro\/en\/public-interest-information\/request-information\/persons-responsible-for-law-nr-544-2001\/\" \/>\n<meta property=\"og:locale\" content=\"en_GB\" \/>\n<meta property=\"og:type\" content=\"article\" \/>\n<meta property=\"og:title\" content=\"Persoane responsabile pentru Legea nr. 544\/2001 - Direc\u021bia de Asisten\u021b\u0103 Social\u0103 T\u00e2rgu Mure\u0219\" \/>\n<meta property=\"og:description\" content=\"Nume \u0219i prenume: Scridon Iulia GabrielaE-mail: social7@tirgumures.roTelefon: \u00a00365\/430859 int. 113 &#8211; E-mail: registratura.das@tirgumures.ro Telefon: \u00a00365\/430859 Whatsapp: 0725.403.315\" \/>\n<meta property=\"og:url\" content=\"https:\/\/dastgmures.ro\/en\/public-interest-information\/request-information\/persons-responsible-for-law-nr-544-2001\/\" \/>\n<meta property=\"og:site_name\" content=\"Direc\u021bia de Asisten\u021b\u0103 Social\u0103 T\u00e2rgu Mure\u0219\" \/>\n<meta property=\"article:modified_time\" content=\"2024-03-11T11:45:48+00:00\" \/>\n<meta name=\"twitter:card\" content=\"summary_large_image\" \/>\n<script type=\"application\/ld+json\" class=\"yoast-schema-graph\">{\"@context\":\"https:\/\/schema.org\",\"@graph\":[{\"@type\":\"WebPage\",\"@id\":\"https:\/\/dastgmures.ro\/informatii-de-interes-public\/solicitare-informatii\/persoane-responsabile-pentru-legea-nr-544-2001\/\",\"url\":\"https:\/\/dastgmures.ro\/informatii-de-interes-public\/solicitare-informatii\/persoane-responsabile-pentru-legea-nr-544-2001\/\",\"name\":\"Persoane responsabile pentru Legea nr. 544\/2001 - Direc\u021bia de Asisten\u021b\u0103 Social\u0103 T\u00e2rgu Mure\u0219\",\"isPartOf\":{\"@id\":\"https:\/\/dastgmures.ro\/#website\"},\"datePublished\":\"2022-12-13T10:47:35+00:00\",\"dateModified\":\"2024-03-11T11:45:48+00:00\",\"breadcrumb\":{\"@id\":\"https:\/\/dastgmures.ro\/informatii-de-interes-public\/solicitare-informatii\/persoane-responsabile-pentru-legea-nr-544-2001\/#breadcrumb\"},\"inLanguage\":\"en-GB\",\"potentialAction\":[{\"@type\":\"ReadAction\",\"target\":[\"https:\/\/dastgmures.ro\/informatii-de-interes-public\/solicitare-informatii\/persoane-responsabile-pentru-legea-nr-544-2001\/\"]}]},{\"@type\":\"BreadcrumbList\",\"@id\":\"https:\/\/dastgmures.ro\/informatii-de-interes-public\/solicitare-informatii\/persoane-responsabile-pentru-legea-nr-544-2001\/#breadcrumb\",\"itemListElement\":[{\"@type\":\"ListItem\",\"position\":1,\"name\":\"Prima pagin\u0103\",\"item\":\"https:\/\/dastgmures.ro\/\"},{\"@type\":\"ListItem\",\"position\":2,\"name\":\"Informa\u021bii de interes public\",\"item\":\"https:\/\/dastgmures.ro\/informatii-de-interes-public\/\"},{\"@type\":\"ListItem\",\"position\":3,\"name\":\"Solicitare informa\u021bii\",\"item\":\"https:\/\/dastgmures.ro\/informatii-de-interes-public\/solicitare-informatii\/\"},{\"@type\":\"ListItem\",\"position\":4,\"name\":\"Persoane responsabile pentru Legea nr. 544\/2001\"}]},{\"@type\":\"WebSite\",\"@id\":\"https:\/\/dastgmures.ro\/#website\",\"url\":\"https:\/\/dastgmures.ro\/\",\"name\":\"Direc\u021bia de Asisten\u021b\u0103 Social\u0103 T\u00e2rgu Mure\u0219\",\"description\":\"\",\"potentialAction\":[{\"@type\":\"SearchAction\",\"target\":{\"@type\":\"EntryPoint\",\"urlTemplate\":\"https:\/\/dastgmures.ro\/?s={search_term_string}\"},\"query-input\":\"required name=search_term_string\"}],\"inLanguage\":\"en-GB\"}]}<\/script>\n<!-- \/ Yoast SEO plugin. -->","yoast_head_json":{"title":"Persoane responsabile pentru Legea nr. 544\/2001 - Direc\u021bia de Asisten\u021b\u0103 Social\u0103 T\u00e2rgu Mure\u0219","robots":{"index":"index","follow":"follow","max-snippet":"max-snippet:-1","max-image-preview":"max-image-preview:large","max-video-preview":"max-video-preview:-1"},"canonical":"https:\/\/dastgmures.ro\/en\/public-interest-information\/request-information\/persons-responsible-for-law-nr-544-2001\/","og_locale":"en_GB","og_type":"article","og_title":"Persoane responsabile pentru Legea nr. 544\/2001 - Direc\u021bia de Asisten\u021b\u0103 Social\u0103 T\u00e2rgu Mure\u0219","og_description":"Nume \u0219i prenume: Scridon Iulia GabrielaE-mail: social7@tirgumures.roTelefon: \u00a00365\/430859 int. 113 &#8211; E-mail: registratura.das@tirgumures.ro Telefon: \u00a00365\/430859 Whatsapp: 0725.403.315","og_url":"https:\/\/dastgmures.ro\/en\/public-interest-information\/request-information\/persons-responsible-for-law-nr-544-2001\/","og_site_name":"Direc\u021bia de Asisten\u021b\u0103 Social\u0103 T\u00e2rgu Mure\u0219","article_modified_time":"2024-03-11T11:45:48+00:00","twitter_card":"summary_large_image","schema":{"@context":"https:\/\/schema.org","@graph":[{"@type":"WebPage","@id":"https:\/\/dastgmures.ro\/informatii-de-interes-public\/solicitare-informatii\/persoane-responsabile-pentru-legea-nr-544-2001\/","url":"https:\/\/dastgmures.ro\/informatii-de-interes-public\/solicitare-informatii\/persoane-responsabile-pentru-legea-nr-544-2001\/","name":"Persoane responsabile pentru Legea nr. 544\/2001 - Direc\u021bia de Asisten\u021b\u0103 Social\u0103 T\u00e2rgu Mure\u0219","isPartOf":{"@id":"https:\/\/dastgmures.ro\/#website"},"datePublished":"2022-12-13T10:47:35+00:00","dateModified":"2024-03-11T11:45:48+00:00","breadcrumb":{"@id":"https:\/\/dastgmures.ro\/informatii-de-interes-public\/solicitare-informatii\/persoane-responsabile-pentru-legea-nr-544-2001\/#breadcrumb"},"inLanguage":"en-GB","potentialAction":[{"@type":"ReadAction","target":["https:\/\/dastgmures.ro\/informatii-de-interes-public\/solicitare-informatii\/persoane-responsabile-pentru-legea-nr-544-2001\/"]}]},{"@type":"BreadcrumbList","@id":"https:\/\/dastgmures.ro\/informatii-de-interes-public\/solicitare-informatii\/persoane-responsabile-pentru-legea-nr-544-2001\/#breadcrumb","itemListElement":[{"@type":"ListItem","position":1,"name":"Prima pagin\u0103","item":"https:\/\/dastgmures.ro\/"},{"@type":"ListItem","position":2,"name":"Informa\u021bii de interes public","item":"https:\/\/dastgmures.ro\/informatii-de-interes-public\/"},{"@type":"ListItem","position":3,"name":"Solicitare informa\u021bii","item":"https:\/\/dastgmures.ro\/informatii-de-interes-public\/solicitare-informatii\/"},{"@type":"ListItem","position":4,"name":"Persoane responsabile pentru Legea nr. 544\/2001"}]},{"@type":"WebSite","@id":"https:\/\/dastgmures.ro\/#website","url":"https:\/\/dastgmures.ro\/","name":"Direc\u021bia de Asisten\u021b\u0103 Social\u0103 T\u00e2rgu Mure\u0219","description":"","potentialAction":[{"@type":"SearchAction","target":{"@type":"EntryPoint","urlTemplate":"https:\/\/dastgmures.ro\/?s={search_term_string}"},"query-input":"required name=search_term_string"}],"inLanguage":"en-GB"}]}},"_links":{"self":[{"href":"https:\/\/dastgmures.ro\/en\/wp-json\/wp\/v2\/pages\/4042","targetHints":{"allow":["GET"]}}],"collection":[{"href":"https:\/\/dastgmures.ro\/en\/wp-json\/wp\/v2\/pages"}],"about":[{"href":"https:\/\/dastgmures.ro\/en\/wp-json\/wp\/v2\/types\/page"}],"author":[{"embeddable":true,"href":"https:\/\/dastgmures.ro\/en\/wp-json\/wp\/v2\/users\/1"}],"replies":[{"embeddable":true,"href":"https:\/\/dastgmures.ro\/en\/wp-json\/wp\/v2\/comments?post=4042"}],"version-history":[{"count":24,"href":"https:\/\/dastgmures.ro\/en\/wp-json\/wp\/v2\/pages\/4042\/revisions"}],"predecessor-version":[{"id":9785,"href":"https:\/\/dastgmures.ro\/en\/wp-json\/wp\/v2\/pages\/4042\/revisions\/9785"}],"up":[{"embeddable":true,"href":"https:\/\/dastgmures.ro\/en\/wp-json\/wp\/v2\/pages\/3371"}],"wp:attachment":[{"href":"https:\/\/dastgmures.ro\/en\/wp-json\/wp\/v2\/media?parent=4042"}],"curies":[{"name":"wp","href":"https:\/\/api.w.org\/{rel}","templated":true}]}}