{"id":5127,"date":"2022-12-15T08:35:16","date_gmt":"2022-12-15T08:35:16","guid":{"rendered":"https:\/\/dastgmures.ro\/?page_id=5127"},"modified":"2022-12-15T08:36:20","modified_gmt":"2022-12-15T08:36:20","slug":"das-targu-mures-exemplu-de-buna-practica-in-serviciile-sociale","status":"publish","type":"page","link":"https:\/\/dastgmures.ro\/en\/photo-video-gallery\/das-targu-mures-example-of-good-practice-in-social-services\/","title":{"rendered":"DAS Targu Mures, an example of good practice in social services for the elderly"},"content":{"rendered":"<div data-elementor-type=\"wp-page\" data-elementor-id=\"5127\" class=\"elementor elementor-5127\">\n\t\t\t\t\t\t\t\t\t<section class=\"penci-section penci-disSticky penci-structure-10 elementor-section elementor-top-section elementor-element elementor-element-dc11310 elementor-section-boxed elementor-section-height-default elementor-section-height-default\" data-id=\"dc11310\" data-element_type=\"section\">\n\t\t\t\t\t\t<div class=\"elementor-container elementor-column-gap-default\">\n\t\t\t\t\t<div class=\"penci-ercol-100 penci-ercol-order-1 penci-sticky-ct    elementor-column elementor-col-100 elementor-top-column elementor-element elementor-element-ee464e2\" data-id=\"ee464e2\" data-element_type=\"column\">\n\t\t\t<div class=\"elementor-widget-wrap elementor-element-populated\">\n\t\t\t\t\t\t\t\t<div class=\"elementor-element elementor-element-cafa736 elementor-widget elementor-widget-penci-image-gallery\" data-id=\"cafa736\" data-element_type=\"widget\" data-widget_type=\"penci-image-gallery.default\">\n\t\t\t\t<div class=\"elementor-widget-container\">\n\t\t\t\t\t<div id=\"penci-image_gallery_11008\" class=\"penci-block-vc penci-image-gallery penci-image-gallery-s1 pencisc-grid-3 pencisc-grid-tablet-2 pencisc-grid-mobile-1 penci-image-not-caption\">\n\t\t\t\t\t\t<div class=\"penci-block_content  pencisc-grid\">\n\t\t\t\t                <div class=\"penci-gallery-item penci-galitem-1\">\n                    <a class=\"penci-gallery-ite penci-image-holder penci-lazy penci-image-landscape\"  data-bgset=\"https:\/\/dastgmures.ro\/wp-content\/uploads\/2022\/12\/b1e5a225-df21-4c5a-952f-e1d02b391fa4-768x576.jpg\"                       href=\"https:\/\/dastgmures.ro\/wp-content\/uploads\/2022\/12\/b1e5a225-df21-4c5a-952f-e1d02b391fa4-1170x878.jpg\" >\n\t\t\t\t\t\t                        <i class=\"penciicon-expand\"><\/i>\n                    <\/a>\n                <\/div>\n\t\t\t\t                <div class=\"penci-gallery-item penci-galitem-2\">\n                    <a class=\"penci-gallery-ite penci-image-holder penci-lazy penci-image-landscape\"  data-bgset=\"https:\/\/dastgmures.ro\/wp-content\/uploads\/2022\/12\/573d96d7-0ebb-4e01-856d-777456e67da8-768x576.jpg\"                       href=\"https:\/\/dastgmures.ro\/wp-content\/uploads\/2022\/12\/573d96d7-0ebb-4e01-856d-777456e67da8.jpg\" >\n\t\t\t\t\t\t                        <i class=\"penciicon-expand\"><\/i>\n                    <\/a>\n                <\/div>\n\t\t\t\t                <div class=\"penci-gallery-item penci-galitem-3\">\n                    <a class=\"penci-gallery-ite penci-image-holder penci-lazy penci-image-landscape\"  data-bgset=\"https:\/\/dastgmures.ro\/wp-content\/uploads\/2022\/12\/d642274b-5a77-4ded-be26-be4140c558f1-768x432.jpg\"                       href=\"https:\/\/dastgmures.ro\/wp-content\/uploads\/2022\/12\/d642274b-5a77-4ded-be26-be4140c558f1-1170x658.jpg\" >\n\t\t\t\t\t\t                        <i class=\"penciicon-expand\"><\/i>\n                    <\/a>\n                <\/div>\n\t\t\t\t\t\t\t<\/div>\n\t\t<\/div>\n\t\t\t\t<\/div>\n\t\t\t\t<\/div>\n\t\t\t\t\t<\/div>\n\t\t<\/div>\n\t\t\t\t\t\t\t<\/div>\n\t\t<\/section>\n\t\t\t\t\t\t\t<\/div>","protected":false},"excerpt":{"rendered":"","protected":false},"author":1,"featured_media":0,"parent":4109,"menu_order":0,"comment_status":"closed","ping_status":"closed","template":"","meta":{"footnotes":""},"class_list":["post-5127","page","type-page","status-publish","hentry"],"yoast_head":"<!-- This site is optimized with the Yoast SEO plugin v19.13 - https:\/\/yoast.com\/wordpress\/plugins\/seo\/ -->\n<title>DAS T\u00e2rgu Mure\u0219, exemplu de bun\u0103 practic\u0103 \u00een serviciile sociale adresate persoanelor v\u00e2rstnice - Direc\u021bia de Asisten\u021b\u0103 Social\u0103 T\u00e2rgu Mure\u0219<\/title>\n<meta name=\"robots\" content=\"index, follow, max-snippet:-1, max-image-preview:large, max-video-preview:-1\" \/>\n<link rel=\"canonical\" href=\"https:\/\/dastgmures.ro\/en\/photo-video-gallery\/das-targu-mures-example-of-good-practice-in-social-services\/\" \/>\n<meta property=\"og:locale\" content=\"en_GB\" \/>\n<meta property=\"og:type\" content=\"article\" \/>\n<meta property=\"og:title\" content=\"DAS T\u00e2rgu Mure\u0219, exemplu de bun\u0103 practic\u0103 \u00een serviciile sociale adresate persoanelor v\u00e2rstnice - Direc\u021bia de Asisten\u021b\u0103 Social\u0103 T\u00e2rgu Mure\u0219\" \/>\n<meta property=\"og:url\" content=\"https:\/\/dastgmures.ro\/en\/photo-video-gallery\/das-targu-mures-example-of-good-practice-in-social-services\/\" \/>\n<meta property=\"og:site_name\" content=\"Direc\u021bia de Asisten\u021b\u0103 Social\u0103 T\u00e2rgu Mure\u0219\" \/>\n<meta property=\"article:modified_time\" content=\"2022-12-15T08:36:20+00:00\" \/>\n<meta name=\"twitter:card\" content=\"summary_large_image\" \/>\n<script type=\"application\/ld+json\" class=\"yoast-schema-graph\">{\"@context\":\"https:\/\/schema.org\",\"@graph\":[{\"@type\":\"WebPage\",\"@id\":\"https:\/\/dastgmures.ro\/galerie-foto-video\/das-targu-mures-exemplu-de-buna-practica-in-serviciile-sociale\/\",\"url\":\"https:\/\/dastgmures.ro\/galerie-foto-video\/das-targu-mures-exemplu-de-buna-practica-in-serviciile-sociale\/\",\"name\":\"DAS T\u00e2rgu Mure\u0219, exemplu de bun\u0103 practic\u0103 \u00een serviciile sociale adresate persoanelor v\u00e2rstnice - Direc\u021bia de Asisten\u021b\u0103 Social\u0103 T\u00e2rgu Mure\u0219\",\"isPartOf\":{\"@id\":\"https:\/\/dastgmures.ro\/#website\"},\"datePublished\":\"2022-12-15T08:35:16+00:00\",\"dateModified\":\"2022-12-15T08:36:20+00:00\",\"breadcrumb\":{\"@id\":\"https:\/\/dastgmures.ro\/galerie-foto-video\/das-targu-mures-exemplu-de-buna-practica-in-serviciile-sociale\/#breadcrumb\"},\"inLanguage\":\"en-GB\",\"potentialAction\":[{\"@type\":\"ReadAction\",\"target\":[\"https:\/\/dastgmures.ro\/galerie-foto-video\/das-targu-mures-exemplu-de-buna-practica-in-serviciile-sociale\/\"]}]},{\"@type\":\"BreadcrumbList\",\"@id\":\"https:\/\/dastgmures.ro\/galerie-foto-video\/das-targu-mures-exemplu-de-buna-practica-in-serviciile-sociale\/#breadcrumb\",\"itemListElement\":[{\"@type\":\"ListItem\",\"position\":1,\"name\":\"Prima pagin\u0103\",\"item\":\"https:\/\/dastgmures.ro\/\"},{\"@type\":\"ListItem\",\"position\":2,\"name\":\"Galerie foto\/video\",\"item\":\"https:\/\/dastgmures.ro\/galerie-foto-video\/\"},{\"@type\":\"ListItem\",\"position\":3,\"name\":\"DAS T\u00e2rgu Mure\u0219, exemplu de bun\u0103 practic\u0103 \u00een serviciile sociale adresate persoanelor v\u00e2rstnice\"}]},{\"@type\":\"WebSite\",\"@id\":\"https:\/\/dastgmures.ro\/#website\",\"url\":\"https:\/\/dastgmures.ro\/\",\"name\":\"Direc\u021bia de Asisten\u021b\u0103 Social\u0103 T\u00e2rgu Mure\u0219\",\"description\":\"\",\"potentialAction\":[{\"@type\":\"SearchAction\",\"target\":{\"@type\":\"EntryPoint\",\"urlTemplate\":\"https:\/\/dastgmures.ro\/?s={search_term_string}\"},\"query-input\":\"required name=search_term_string\"}],\"inLanguage\":\"en-GB\"}]}<\/script>\n<!-- \/ Yoast SEO plugin. -->","yoast_head_json":{"title":"DAS T\u00e2rgu Mure\u0219, exemplu de bun\u0103 practic\u0103 \u00een serviciile sociale adresate persoanelor v\u00e2rstnice - Direc\u021bia de Asisten\u021b\u0103 Social\u0103 T\u00e2rgu Mure\u0219","robots":{"index":"index","follow":"follow","max-snippet":"max-snippet:-1","max-image-preview":"max-image-preview:large","max-video-preview":"max-video-preview:-1"},"canonical":"https:\/\/dastgmures.ro\/en\/photo-video-gallery\/das-targu-mures-example-of-good-practice-in-social-services\/","og_locale":"en_GB","og_type":"article","og_title":"DAS T\u00e2rgu Mure\u0219, exemplu de bun\u0103 practic\u0103 \u00een serviciile sociale adresate persoanelor v\u00e2rstnice - Direc\u021bia de Asisten\u021b\u0103 Social\u0103 T\u00e2rgu Mure\u0219","og_url":"https:\/\/dastgmures.ro\/en\/photo-video-gallery\/das-targu-mures-example-of-good-practice-in-social-services\/","og_site_name":"Direc\u021bia de Asisten\u021b\u0103 Social\u0103 T\u00e2rgu Mure\u0219","article_modified_time":"2022-12-15T08:36:20+00:00","twitter_card":"summary_large_image","schema":{"@context":"https:\/\/schema.org","@graph":[{"@type":"WebPage","@id":"https:\/\/dastgmures.ro\/galerie-foto-video\/das-targu-mures-exemplu-de-buna-practica-in-serviciile-sociale\/","url":"https:\/\/dastgmures.ro\/galerie-foto-video\/das-targu-mures-exemplu-de-buna-practica-in-serviciile-sociale\/","name":"DAS T\u00e2rgu Mure\u0219, exemplu de bun\u0103 practic\u0103 \u00een serviciile sociale adresate persoanelor v\u00e2rstnice - Direc\u021bia de Asisten\u021b\u0103 Social\u0103 T\u00e2rgu Mure\u0219","isPartOf":{"@id":"https:\/\/dastgmures.ro\/#website"},"datePublished":"2022-12-15T08:35:16+00:00","dateModified":"2022-12-15T08:36:20+00:00","breadcrumb":{"@id":"https:\/\/dastgmures.ro\/galerie-foto-video\/das-targu-mures-exemplu-de-buna-practica-in-serviciile-sociale\/#breadcrumb"},"inLanguage":"en-GB","potentialAction":[{"@type":"ReadAction","target":["https:\/\/dastgmures.ro\/galerie-foto-video\/das-targu-mures-exemplu-de-buna-practica-in-serviciile-sociale\/"]}]},{"@type":"BreadcrumbList","@id":"https:\/\/dastgmures.ro\/galerie-foto-video\/das-targu-mures-exemplu-de-buna-practica-in-serviciile-sociale\/#breadcrumb","itemListElement":[{"@type":"ListItem","position":1,"name":"Prima pagin\u0103","item":"https:\/\/dastgmures.ro\/"},{"@type":"ListItem","position":2,"name":"Galerie foto\/video","item":"https:\/\/dastgmures.ro\/galerie-foto-video\/"},{"@type":"ListItem","position":3,"name":"DAS T\u00e2rgu Mure\u0219, exemplu de bun\u0103 practic\u0103 \u00een serviciile sociale adresate persoanelor v\u00e2rstnice"}]},{"@type":"WebSite","@id":"https:\/\/dastgmures.ro\/#website","url":"https:\/\/dastgmures.ro\/","name":"Direc\u021bia de Asisten\u021b\u0103 Social\u0103 T\u00e2rgu Mure\u0219","description":"","potentialAction":[{"@type":"SearchAction","target":{"@type":"EntryPoint","urlTemplate":"https:\/\/dastgmures.ro\/?s={search_term_string}"},"query-input":"required name=search_term_string"}],"inLanguage":"en-GB"}]}},"_links":{"self":[{"href":"https:\/\/dastgmures.ro\/en\/wp-json\/wp\/v2\/pages\/5127","targetHints":{"allow":["GET"]}}],"collection":[{"href":"https:\/\/dastgmures.ro\/en\/wp-json\/wp\/v2\/pages"}],"about":[{"href":"https:\/\/dastgmures.ro\/en\/wp-json\/wp\/v2\/types\/page"}],"author":[{"embeddable":true,"href":"https:\/\/dastgmures.ro\/en\/wp-json\/wp\/v2\/users\/1"}],"replies":[{"embeddable":true,"href":"https:\/\/dastgmures.ro\/en\/wp-json\/wp\/v2\/comments?post=5127"}],"version-history":[{"count":4,"href":"https:\/\/dastgmures.ro\/en\/wp-json\/wp\/v2\/pages\/5127\/revisions"}],"predecessor-version":[{"id":5131,"href":"https:\/\/dastgmures.ro\/en\/wp-json\/wp\/v2\/pages\/5127\/revisions\/5131"}],"up":[{"embeddable":true,"href":"https:\/\/dastgmures.ro\/en\/wp-json\/wp\/v2\/pages\/4109"}],"wp:attachment":[{"href":"https:\/\/dastgmures.ro\/en\/wp-json\/wp\/v2\/media?parent=5127"}],"curies":[{"name":"wp","href":"https:\/\/api.w.org\/{rel}","templated":true}]}}