{"id":5716,"date":"2023-02-23T15:42:39","date_gmt":"2023-02-23T13:42:39","guid":{"rendered":"https:\/\/dastgmures.ro\/?page_id=5716"},"modified":"2023-02-23T15:46:11","modified_gmt":"2023-02-23T13:46:11","slug":"anul-2022","status":"publish","type":"page","link":"https:\/\/dastgmures.ro\/en\/public-interest-information\/public-purchasing\/centraliser-of-public-purchases-and-contracts-with-a-value-over-5000-euro\/year-2022\/","title":{"rendered":"Year 2022"},"content":{"rendered":"<div data-elementor-type=\"wp-page\" data-elementor-id=\"5716\" class=\"elementor elementor-5716\">\n\t\t\t\t\t\t\t\t\t<section class=\"penci-section penci-disSticky penci-structure-10 elementor-section elementor-top-section elementor-element elementor-element-315ca52 elementor-section-boxed elementor-section-height-default elementor-section-height-default\" data-id=\"315ca52\" data-element_type=\"section\">\n\t\t\t\t\t\t<div class=\"elementor-container elementor-column-gap-default\">\n\t\t\t\t\t<div class=\"penci-ercol-100 penci-ercol-order-1 penci-sticky-ct    elementor-column elementor-col-100 elementor-top-column elementor-element elementor-element-eef3549\" data-id=\"eef3549\" data-element_type=\"column\">\n\t\t\t<div class=\"elementor-widget-wrap elementor-element-populated\">\n\t\t\t\t\t\t\t\t<div class=\"elementor-element elementor-element-92fb82f elementor-align-left elementor-icon-list--layout-traditional elementor-list-item-link-full_width elementor-widget elementor-widget-icon-list\" data-id=\"92fb82f\" data-element_type=\"widget\" data-widget_type=\"icon-list.default\">\n\t\t\t\t<div class=\"elementor-widget-container\">\n\t\t\t<link rel=\"stylesheet\" href=\"https:\/\/dastgmures.ro\/wp-content\/plugins\/elementor\/assets\/css\/widget-icon-list.min.css\">\t\t<ul class=\"elementor-icon-list-items\">\n\t\t\t\t\t\t\t<li class=\"elementor-icon-list-item\">\n\t\t\t\t\t\t\t\t\t\t\t<a href=\"\/wp-content\/uploads\/2023\/02\/Centralizator-Contracte-de-peste-5000-euro.pdf\" target=\"_blank\" rel=\"nofollow\">\n\n\t\t\t\t\t\t\t\t\t\t\t\t<span class=\"elementor-icon-list-icon\">\n\t\t\t\t\t\t\t<i aria-hidden=\"true\" class=\"fas fa-file-download\"><\/i>\t\t\t\t\t\t<\/span>\n\t\t\t\t\t\t\t\t\t\t<span class=\"elementor-icon-list-text\"><strong>Centraliser Contracts over 5000 euro<\/strong><\/span>\n\t\t\t\t\t\t\t\t\t\t\t<\/a>\n\t\t\t\t\t\t\t\t\t<\/li>\n\t\t\t\t\t\t<\/ul>\n\t\t\t\t<\/div>\n\t\t\t\t<\/div>\n\t\t\t\t\t<\/div>\n\t\t<\/div>\n\t\t\t\t\t\t\t<\/div>\n\t\t<\/section>\n\t\t\t\t\t\t\t<\/div>","protected":false},"excerpt":{"rendered":"<p>Centraliser Contracts over 5000 euro<\/p>","protected":false},"author":1,"featured_media":0,"parent":4911,"menu_order":0,"comment_status":"closed","ping_status":"closed","template":"","meta":{"footnotes":""},"class_list":["post-5716","page","type-page","status-publish","hentry"],"yoast_head":"<!-- This site is optimized with the Yoast SEO plugin v19.13 - https:\/\/yoast.com\/wordpress\/plugins\/seo\/ -->\n<title>Anul 2022 - Direc\u021bia de Asisten\u021b\u0103 Social\u0103 T\u00e2rgu Mure\u0219<\/title>\n<meta name=\"robots\" content=\"index, follow, max-snippet:-1, max-image-preview:large, max-video-preview:-1\" \/>\n<link rel=\"canonical\" href=\"https:\/\/dastgmures.ro\/en\/public-interest-information\/public-purchasing\/centraliser-of-public-purchases-and-contracts-with-a-value-over-5000-euro\/year-2022\/\" \/>\n<meta property=\"og:locale\" content=\"en_GB\" \/>\n<meta property=\"og:type\" content=\"article\" \/>\n<meta property=\"og:title\" content=\"Anul 2022 - Direc\u021bia de Asisten\u021b\u0103 Social\u0103 T\u00e2rgu Mure\u0219\" \/>\n<meta property=\"og:description\" content=\"Centralizator Contracte de peste 5000 euro\" \/>\n<meta property=\"og:url\" content=\"https:\/\/dastgmures.ro\/en\/public-interest-information\/public-purchasing\/centraliser-of-public-purchases-and-contracts-with-a-value-over-5000-euro\/year-2022\/\" \/>\n<meta property=\"og:site_name\" content=\"Direc\u021bia de Asisten\u021b\u0103 Social\u0103 T\u00e2rgu Mure\u0219\" \/>\n<meta property=\"article:modified_time\" content=\"2023-02-23T13:46:11+00:00\" \/>\n<meta name=\"twitter:card\" content=\"summary_large_image\" \/>\n<meta name=\"twitter:label1\" content=\"Estimated reading time\" \/>\n\t<meta name=\"twitter:data1\" content=\"1 minute\" \/>\n<script type=\"application\/ld+json\" class=\"yoast-schema-graph\">{\"@context\":\"https:\/\/schema.org\",\"@graph\":[{\"@type\":\"WebPage\",\"@id\":\"https:\/\/dastgmures.ro\/informatii-de-interes-public\/achizitii-publice\/centralizatorul-achizitiilor-publice-si-contractele-cu-valoare-de-peste-5000-euro\/anul-2022\/\",\"url\":\"https:\/\/dastgmures.ro\/informatii-de-interes-public\/achizitii-publice\/centralizatorul-achizitiilor-publice-si-contractele-cu-valoare-de-peste-5000-euro\/anul-2022\/\",\"name\":\"Anul 2022 - Direc\u021bia de Asisten\u021b\u0103 Social\u0103 T\u00e2rgu Mure\u0219\",\"isPartOf\":{\"@id\":\"https:\/\/dastgmures.ro\/#website\"},\"datePublished\":\"2023-02-23T13:42:39+00:00\",\"dateModified\":\"2023-02-23T13:46:11+00:00\",\"breadcrumb\":{\"@id\":\"https:\/\/dastgmures.ro\/informatii-de-interes-public\/achizitii-publice\/centralizatorul-achizitiilor-publice-si-contractele-cu-valoare-de-peste-5000-euro\/anul-2022\/#breadcrumb\"},\"inLanguage\":\"en-GB\",\"potentialAction\":[{\"@type\":\"ReadAction\",\"target\":[\"https:\/\/dastgmures.ro\/informatii-de-interes-public\/achizitii-publice\/centralizatorul-achizitiilor-publice-si-contractele-cu-valoare-de-peste-5000-euro\/anul-2022\/\"]}]},{\"@type\":\"BreadcrumbList\",\"@id\":\"https:\/\/dastgmures.ro\/informatii-de-interes-public\/achizitii-publice\/centralizatorul-achizitiilor-publice-si-contractele-cu-valoare-de-peste-5000-euro\/anul-2022\/#breadcrumb\",\"itemListElement\":[{\"@type\":\"ListItem\",\"position\":1,\"name\":\"Prima pagin\u0103\",\"item\":\"https:\/\/dastgmures.ro\/\"},{\"@type\":\"ListItem\",\"position\":2,\"name\":\"Informa\u021bii de interes public\",\"item\":\"https:\/\/dastgmures.ro\/informatii-de-interes-public\/\"},{\"@type\":\"ListItem\",\"position\":3,\"name\":\"Achizi\u021bii publice\",\"item\":\"https:\/\/dastgmures.ro\/informatii-de-interes-public\/achizitii-publice\/\"},{\"@type\":\"ListItem\",\"position\":4,\"name\":\"Centralizatorul achizi\u021biilor publice \u0219i contractele cu valoare de peste 5000 euro\",\"item\":\"https:\/\/dastgmures.ro\/informatii-de-interes-public\/achizitii-publice\/centralizatorul-achizitiilor-publice-si-contractele-cu-valoare-de-peste-5000-euro\/\"},{\"@type\":\"ListItem\",\"position\":5,\"name\":\"Anul 2022\"}]},{\"@type\":\"WebSite\",\"@id\":\"https:\/\/dastgmures.ro\/#website\",\"url\":\"https:\/\/dastgmures.ro\/\",\"name\":\"Direc\u021bia de Asisten\u021b\u0103 Social\u0103 T\u00e2rgu Mure\u0219\",\"description\":\"\",\"potentialAction\":[{\"@type\":\"SearchAction\",\"target\":{\"@type\":\"EntryPoint\",\"urlTemplate\":\"https:\/\/dastgmures.ro\/?s={search_term_string}\"},\"query-input\":\"required name=search_term_string\"}],\"inLanguage\":\"en-GB\"}]}<\/script>\n<!-- \/ Yoast SEO plugin. -->","yoast_head_json":{"title":"Anul 2022 - Direc\u021bia de Asisten\u021b\u0103 Social\u0103 T\u00e2rgu Mure\u0219","robots":{"index":"index","follow":"follow","max-snippet":"max-snippet:-1","max-image-preview":"max-image-preview:large","max-video-preview":"max-video-preview:-1"},"canonical":"https:\/\/dastgmures.ro\/en\/public-interest-information\/public-purchasing\/centraliser-of-public-purchases-and-contracts-with-a-value-over-5000-euro\/year-2022\/","og_locale":"en_GB","og_type":"article","og_title":"Anul 2022 - Direc\u021bia de Asisten\u021b\u0103 Social\u0103 T\u00e2rgu Mure\u0219","og_description":"Centralizator Contracte de peste 5000 euro","og_url":"https:\/\/dastgmures.ro\/en\/public-interest-information\/public-purchasing\/centraliser-of-public-purchases-and-contracts-with-a-value-over-5000-euro\/year-2022\/","og_site_name":"Direc\u021bia de Asisten\u021b\u0103 Social\u0103 T\u00e2rgu Mure\u0219","article_modified_time":"2023-02-23T13:46:11+00:00","twitter_card":"summary_large_image","twitter_misc":{"Estimated reading time":"1 minute"},"schema":{"@context":"https:\/\/schema.org","@graph":[{"@type":"WebPage","@id":"https:\/\/dastgmures.ro\/informatii-de-interes-public\/achizitii-publice\/centralizatorul-achizitiilor-publice-si-contractele-cu-valoare-de-peste-5000-euro\/anul-2022\/","url":"https:\/\/dastgmures.ro\/informatii-de-interes-public\/achizitii-publice\/centralizatorul-achizitiilor-publice-si-contractele-cu-valoare-de-peste-5000-euro\/anul-2022\/","name":"Anul 2022 - Direc\u021bia de Asisten\u021b\u0103 Social\u0103 T\u00e2rgu Mure\u0219","isPartOf":{"@id":"https:\/\/dastgmures.ro\/#website"},"datePublished":"2023-02-23T13:42:39+00:00","dateModified":"2023-02-23T13:46:11+00:00","breadcrumb":{"@id":"https:\/\/dastgmures.ro\/informatii-de-interes-public\/achizitii-publice\/centralizatorul-achizitiilor-publice-si-contractele-cu-valoare-de-peste-5000-euro\/anul-2022\/#breadcrumb"},"inLanguage":"en-GB","potentialAction":[{"@type":"ReadAction","target":["https:\/\/dastgmures.ro\/informatii-de-interes-public\/achizitii-publice\/centralizatorul-achizitiilor-publice-si-contractele-cu-valoare-de-peste-5000-euro\/anul-2022\/"]}]},{"@type":"BreadcrumbList","@id":"https:\/\/dastgmures.ro\/informatii-de-interes-public\/achizitii-publice\/centralizatorul-achizitiilor-publice-si-contractele-cu-valoare-de-peste-5000-euro\/anul-2022\/#breadcrumb","itemListElement":[{"@type":"ListItem","position":1,"name":"Prima pagin\u0103","item":"https:\/\/dastgmures.ro\/"},{"@type":"ListItem","position":2,"name":"Informa\u021bii de interes public","item":"https:\/\/dastgmures.ro\/informatii-de-interes-public\/"},{"@type":"ListItem","position":3,"name":"Achizi\u021bii publice","item":"https:\/\/dastgmures.ro\/informatii-de-interes-public\/achizitii-publice\/"},{"@type":"ListItem","position":4,"name":"Centralizatorul achizi\u021biilor publice \u0219i contractele cu valoare de peste 5000 euro","item":"https:\/\/dastgmures.ro\/informatii-de-interes-public\/achizitii-publice\/centralizatorul-achizitiilor-publice-si-contractele-cu-valoare-de-peste-5000-euro\/"},{"@type":"ListItem","position":5,"name":"Anul 2022"}]},{"@type":"WebSite","@id":"https:\/\/dastgmures.ro\/#website","url":"https:\/\/dastgmures.ro\/","name":"Direc\u021bia de Asisten\u021b\u0103 Social\u0103 T\u00e2rgu Mure\u0219","description":"","potentialAction":[{"@type":"SearchAction","target":{"@type":"EntryPoint","urlTemplate":"https:\/\/dastgmures.ro\/?s={search_term_string}"},"query-input":"required name=search_term_string"}],"inLanguage":"en-GB"}]}},"_links":{"self":[{"href":"https:\/\/dastgmures.ro\/en\/wp-json\/wp\/v2\/pages\/5716","targetHints":{"allow":["GET"]}}],"collection":[{"href":"https:\/\/dastgmures.ro\/en\/wp-json\/wp\/v2\/pages"}],"about":[{"href":"https:\/\/dastgmures.ro\/en\/wp-json\/wp\/v2\/types\/page"}],"author":[{"embeddable":true,"href":"https:\/\/dastgmures.ro\/en\/wp-json\/wp\/v2\/users\/1"}],"replies":[{"embeddable":true,"href":"https:\/\/dastgmures.ro\/en\/wp-json\/wp\/v2\/comments?post=5716"}],"version-history":[{"count":6,"href":"https:\/\/dastgmures.ro\/en\/wp-json\/wp\/v2\/pages\/5716\/revisions"}],"predecessor-version":[{"id":5725,"href":"https:\/\/dastgmures.ro\/en\/wp-json\/wp\/v2\/pages\/5716\/revisions\/5725"}],"up":[{"embeddable":true,"href":"https:\/\/dastgmures.ro\/en\/wp-json\/wp\/v2\/pages\/4911"}],"wp:attachment":[{"href":"https:\/\/dastgmures.ro\/en\/wp-json\/wp\/v2\/media?parent=5716"}],"curies":[{"name":"wp","href":"https:\/\/api.w.org\/{rel}","templated":true}]}}