{"id":10195,"date":"2024-04-12T11:07:25","date_gmt":"2024-04-12T09:07:25","guid":{"rendered":"https:\/\/dastgmures.ro\/?page_id=10195"},"modified":"2024-04-12T11:08:59","modified_gmt":"2024-04-12T09:08:59","slug":"interpret-mimico-gestual","status":"publish","type":"page","link":"https:\/\/dastgmures.ro\/hu\/interpreter-mime-gesture\/","title":{"rendered":"Jelnyelvi tolm\u00e1cs"},"content":{"rendered":"<div data-elementor-type=\"wp-page\" data-elementor-id=\"10195\" class=\"elementor elementor-10195\">\n\t\t\t\t\t\t\t\t\t<section class=\"penci-section penci-disSticky penci-structure-10 elementor-section elementor-top-section elementor-element elementor-element-79805aa elementor-section-boxed elementor-section-height-default elementor-section-height-default\" data-id=\"79805aa\" data-element_type=\"section\">\n\t\t\t\t\t\t<div class=\"elementor-container elementor-column-gap-default\">\n\t\t\t\t\t<div class=\"penci-ercol-100 penci-ercol-order-1 penci-sticky-ct    elementor-column elementor-col-100 elementor-top-column elementor-element elementor-element-4ffa1c0\" data-id=\"4ffa1c0\" data-element_type=\"column\">\n\t\t\t<div class=\"elementor-widget-wrap elementor-element-populated\">\n\t\t\t\t\t\t\t\t<div class=\"elementor-element elementor-element-31f7177 elementor-widget elementor-widget-text-editor\" data-id=\"31f7177\" data-element_type=\"widget\" data-widget_type=\"text-editor.default\">\n\t\t\t\t<div class=\"elementor-widget-container\">\n\t\t\t<style>\/*! elementor - v3.7.8 - 02-10-2022 *\/\n.elementor-widget-text-editor.elementor-drop-cap-view-stacked .elementor-drop-cap{background-color:#818a91;color:#fff}.elementor-widget-text-editor.elementor-drop-cap-view-framed .elementor-drop-cap{color:#818a91;border:3px solid;background-color:transparent}.elementor-widget-text-editor:not(.elementor-drop-cap-view-default) .elementor-drop-cap{margin-top:8px}.elementor-widget-text-editor:not(.elementor-drop-cap-view-default) .elementor-drop-cap-letter{width:1em;height:1em}.elementor-widget-text-editor .elementor-drop-cap{float:left;text-align:center;line-height:1;font-size:50px}.elementor-widget-text-editor .elementor-drop-cap-letter{display:inline-block}<\/style>\t\t\t\t<p style=\"text-align: center;\"><strong>A marosv\u00e1s\u00e1rhelyi Szoci\u00e1lis Seg\u00edts\u00e9gny\u00fajt\u00e1si Oszt\u00e1ly a hall\u00e1ss\u00e9r\u00fclt emberek sz\u00e1m\u00e1ra MIMIK-GESZTU\u00c1LIS HANGSZ\u00d3K\u00d6ZVET\u00cdT\u0150T biztos\u00edt, amely megk\u00f6nny\u00edti az int\u00e9zm\u00e9ny\u00fcnk \u00e1ltal k\u00edn\u00e1lt inform\u00e1ci\u00f3khoz \u00e9s szolg\u00e1ltat\u00e1sokhoz val\u00f3 hozz\u00e1f\u00e9r\u00e9st, a hat\u00e9kony \u00e9s helyes kommunik\u00e1ci\u00f3 \u00e9rdek\u00e9ben. <\/strong><\/p><p>Int\u00e9zm\u00e9ny\u00fcnk jelnyelvi tolm\u00e1csot biztos\u00edt k\u00e9r\u00e9sre, e-mailben k\u00fcld\u00f6tt \u00e9s a DAS T\u00e2rgu Mure\u0219 \u00e1ltal telefonon meger\u0151s\u00edtett \u00edr\u00e1sbeli k\u00e9r\u00e9s alapj\u00e1n, vagy a hall\u00e1ss\u00e9r\u00fclt szem\u00e9ly k\u00f6zvetlen k\u00e9r\u00e9s\u00e9re igazgat\u00f3s\u00e1gunkon (Regisztr\u00e1ci\u00f3, 8-as szoba).<\/p><p>A Marosv\u00e1s\u00e1rhelyi Szoci\u00e1lis Seg\u00e9lyez\u00e9si Oszt\u00e1ly \u00e9s a Siketek Rom\u00e1niai Orsz\u00e1gos Sz\u00f6vets\u00e9ge - Marosv\u00e1s\u00e1rhelyi Tagozat k\u00f6z\u00f6tt l\u00e9trej\u00f6tt egy\u00fcttm\u0171k\u00f6d\u00e9si meg\u00e1llapod\u00e1s \u00e9rtelm\u00e9ben a tolm\u00e1csszolg\u00e1latot a k\u00e9relem be\u00e9rkez\u00e9s\u00e9t\u0151l sz\u00e1m\u00edtott legfeljebb 7 munkanapon bel\u00fcl, h\u00e9tf\u0151t\u0151l p\u00e9ntekig, 08:00 \u00e9s 16:00 \u00f3ra k\u00f6z\u00f6tt, egyeztetett id\u0151pontban ny\u00fajtj\u00e1k.<\/p><p style=\"text-align: center;\"><em>Marosv\u00e1s\u00e1rhelyi Szoci\u00e1lis Seg\u00e9lyez\u00e9si Oszt\u00e1ly<\/em><\/p>\t\t\t\t\t\t<\/div>\n\t\t\t\t<\/div>\n\t\t\t\t\t<\/div>\n\t\t<\/div>\n\t\t\t\t\t\t\t<\/div>\n\t\t<\/section>\n\t\t\t\t\t\t\t<\/div>","protected":false},"excerpt":{"rendered":"<p>A marosv\u00e1s\u00e1rhelyi Szoci\u00e1lis Seg\u00e9lyez\u00e9si Oszt\u00e1ly a hall\u00e1ss\u00e9r\u00fclt embereknek MIMIK-GESZTU\u00c1LIS INTERPRETER-t biztos\u00edt, amely megk\u00f6nny\u00edti a hozz\u00e1f\u00e9r\u00e9st ehhez a szoci\u00e1lis kateg\u00f3ri\u00e1hoz...<\/p>","protected":false},"author":1,"featured_media":0,"parent":0,"menu_order":0,"comment_status":"closed","ping_status":"closed","template":"","meta":{"footnotes":""},"class_list":["post-10195","page","type-page","status-publish","hentry"],"yoast_head":"<!-- This site is optimized with the Yoast SEO plugin v19.13 - https:\/\/yoast.com\/wordpress\/plugins\/seo\/ -->\n<title>Interpret mimico-gestual - Direc\u021bia de Asisten\u021b\u0103 Social\u0103 T\u00e2rgu Mure\u0219<\/title>\n<meta name=\"robots\" content=\"index, follow, max-snippet:-1, max-image-preview:large, max-video-preview:-1\" \/>\n<link rel=\"canonical\" href=\"https:\/\/dastgmures.ro\/hu\/interpreter-mime-gesture\/\" \/>\n<meta property=\"og:locale\" content=\"hu_HU\" \/>\n<meta property=\"og:type\" content=\"article\" \/>\n<meta property=\"og:title\" content=\"Interpret mimico-gestual - Direc\u021bia de Asisten\u021b\u0103 Social\u0103 T\u00e2rgu Mure\u0219\" \/>\n<meta property=\"og:description\" content=\"Direc\u021bia de Asisten\u021b\u0103 Social\u0103 T\u00e2rgu Mure\u0219 pune la dispozi\u021bia persoanelor cu handicap auditiv un INTERPRET MIMICO-GESTUAL care faciliteaz\u0103 accesul acestei categorii sociale&hellip;\" \/>\n<meta property=\"og:url\" content=\"https:\/\/dastgmures.ro\/hu\/interpreter-mime-gesture\/\" \/>\n<meta property=\"og:site_name\" content=\"Direc\u021bia de Asisten\u021b\u0103 Social\u0103 T\u00e2rgu Mure\u0219\" \/>\n<meta property=\"article:modified_time\" content=\"2024-04-12T09:08:59+00:00\" \/>\n<meta name=\"twitter:card\" content=\"summary_large_image\" \/>\n<meta name=\"twitter:label1\" content=\"Becs\u00fclt olvas\u00e1si id\u0151\" \/>\n\t<meta name=\"twitter:data1\" content=\"1 perc\" \/>\n<script type=\"application\/ld+json\" class=\"yoast-schema-graph\">{\"@context\":\"https:\/\/schema.org\",\"@graph\":[{\"@type\":\"WebPage\",\"@id\":\"https:\/\/dastgmures.ro\/interpret-mimico-gestual\/\",\"url\":\"https:\/\/dastgmures.ro\/interpret-mimico-gestual\/\",\"name\":\"Interpret mimico-gestual - Direc\u021bia de Asisten\u021b\u0103 Social\u0103 T\u00e2rgu Mure\u0219\",\"isPartOf\":{\"@id\":\"https:\/\/dastgmures.ro\/#website\"},\"datePublished\":\"2024-04-12T09:07:25+00:00\",\"dateModified\":\"2024-04-12T09:08:59+00:00\",\"breadcrumb\":{\"@id\":\"https:\/\/dastgmures.ro\/interpret-mimico-gestual\/#breadcrumb\"},\"inLanguage\":\"hu\",\"potentialAction\":[{\"@type\":\"ReadAction\",\"target\":[\"https:\/\/dastgmures.ro\/interpret-mimico-gestual\/\"]}]},{\"@type\":\"BreadcrumbList\",\"@id\":\"https:\/\/dastgmures.ro\/interpret-mimico-gestual\/#breadcrumb\",\"itemListElement\":[{\"@type\":\"ListItem\",\"position\":1,\"name\":\"Prima pagin\u0103\",\"item\":\"https:\/\/dastgmures.ro\/\"},{\"@type\":\"ListItem\",\"position\":2,\"name\":\"Interpret mimico-gestual\"}]},{\"@type\":\"WebSite\",\"@id\":\"https:\/\/dastgmures.ro\/#website\",\"url\":\"https:\/\/dastgmures.ro\/\",\"name\":\"Direc\u021bia de Asisten\u021b\u0103 Social\u0103 T\u00e2rgu Mure\u0219\",\"description\":\"\",\"potentialAction\":[{\"@type\":\"SearchAction\",\"target\":{\"@type\":\"EntryPoint\",\"urlTemplate\":\"https:\/\/dastgmures.ro\/?s={search_term_string}\"},\"query-input\":\"required name=search_term_string\"}],\"inLanguage\":\"hu\"}]}<\/script>\n<!-- \/ Yoast SEO plugin. -->","yoast_head_json":{"title":"Interpret mimico-gestual - Direc\u021bia de Asisten\u021b\u0103 Social\u0103 T\u00e2rgu Mure\u0219","robots":{"index":"index","follow":"follow","max-snippet":"max-snippet:-1","max-image-preview":"max-image-preview:large","max-video-preview":"max-video-preview:-1"},"canonical":"https:\/\/dastgmures.ro\/hu\/interpreter-mime-gesture\/","og_locale":"hu_HU","og_type":"article","og_title":"Interpret mimico-gestual - Direc\u021bia de Asisten\u021b\u0103 Social\u0103 T\u00e2rgu Mure\u0219","og_description":"Direc\u021bia de Asisten\u021b\u0103 Social\u0103 T\u00e2rgu Mure\u0219 pune la dispozi\u021bia persoanelor cu handicap auditiv un INTERPRET MIMICO-GESTUAL care faciliteaz\u0103 accesul acestei categorii sociale&hellip;","og_url":"https:\/\/dastgmures.ro\/hu\/interpreter-mime-gesture\/","og_site_name":"Direc\u021bia de Asisten\u021b\u0103 Social\u0103 T\u00e2rgu Mure\u0219","article_modified_time":"2024-04-12T09:08:59+00:00","twitter_card":"summary_large_image","twitter_misc":{"Becs\u00fclt olvas\u00e1si id\u0151":"1 perc"},"schema":{"@context":"https:\/\/schema.org","@graph":[{"@type":"WebPage","@id":"https:\/\/dastgmures.ro\/interpret-mimico-gestual\/","url":"https:\/\/dastgmures.ro\/interpret-mimico-gestual\/","name":"Interpret mimico-gestual - Direc\u021bia de Asisten\u021b\u0103 Social\u0103 T\u00e2rgu Mure\u0219","isPartOf":{"@id":"https:\/\/dastgmures.ro\/#website"},"datePublished":"2024-04-12T09:07:25+00:00","dateModified":"2024-04-12T09:08:59+00:00","breadcrumb":{"@id":"https:\/\/dastgmures.ro\/interpret-mimico-gestual\/#breadcrumb"},"inLanguage":"hu","potentialAction":[{"@type":"ReadAction","target":["https:\/\/dastgmures.ro\/interpret-mimico-gestual\/"]}]},{"@type":"BreadcrumbList","@id":"https:\/\/dastgmures.ro\/interpret-mimico-gestual\/#breadcrumb","itemListElement":[{"@type":"ListItem","position":1,"name":"Prima pagin\u0103","item":"https:\/\/dastgmures.ro\/"},{"@type":"ListItem","position":2,"name":"Interpret mimico-gestual"}]},{"@type":"WebSite","@id":"https:\/\/dastgmures.ro\/#website","url":"https:\/\/dastgmures.ro\/","name":"Direc\u021bia de Asisten\u021b\u0103 Social\u0103 T\u00e2rgu Mure\u0219","description":"","potentialAction":[{"@type":"SearchAction","target":{"@type":"EntryPoint","urlTemplate":"https:\/\/dastgmures.ro\/?s={search_term_string}"},"query-input":"required name=search_term_string"}],"inLanguage":"hu"}]}},"_links":{"self":[{"href":"https:\/\/dastgmures.ro\/hu\/wp-json\/wp\/v2\/pages\/10195","targetHints":{"allow":["GET"]}}],"collection":[{"href":"https:\/\/dastgmures.ro\/hu\/wp-json\/wp\/v2\/pages"}],"about":[{"href":"https:\/\/dastgmures.ro\/hu\/wp-json\/wp\/v2\/types\/page"}],"author":[{"embeddable":true,"href":"https:\/\/dastgmures.ro\/hu\/wp-json\/wp\/v2\/users\/1"}],"replies":[{"embeddable":true,"href":"https:\/\/dastgmures.ro\/hu\/wp-json\/wp\/v2\/comments?post=10195"}],"version-history":[{"count":4,"href":"https:\/\/dastgmures.ro\/hu\/wp-json\/wp\/v2\/pages\/10195\/revisions"}],"predecessor-version":[{"id":10199,"href":"https:\/\/dastgmures.ro\/hu\/wp-json\/wp\/v2\/pages\/10195\/revisions\/10199"}],"wp:attachment":[{"href":"https:\/\/dastgmures.ro\/hu\/wp-json\/wp\/v2\/media?parent=10195"}],"curies":[{"name":"wp","href":"https:\/\/api.w.org\/{rel}","templated":true}]}}