{"id":2023,"date":"2022-10-25T12:55:23","date_gmt":"2022-10-25T12:55:23","guid":{"rendered":"https:\/\/dastgmures.ro\/?page_id=2023"},"modified":"2025-01-08T12:06:00","modified_gmt":"2025-01-08T10:06:00","slug":"organigrama","status":"publish","type":"page","link":"https:\/\/dastgmures.ro\/hu\/az-intezmenyrol\/szervezet\/szervezeti-diagram\/","title":{"rendered":"Szervezeti \u00e1bra"},"content":{"rendered":"<div data-elementor-type=\"wp-page\" data-elementor-id=\"2023\" class=\"elementor elementor-2023\">\n\t\t\t\t\t\t\t\t\t<section class=\"penci-section penci-disSticky penci-structure-10 elementor-section elementor-top-section elementor-element elementor-element-4f6d5bc6 elementor-section-boxed elementor-section-height-default elementor-section-height-default\" data-id=\"4f6d5bc6\" data-element_type=\"section\">\n\t\t\t\t\t\t<div class=\"elementor-container elementor-column-gap-default\">\n\t\t\t\t\t<div class=\"penci-ercol-100 penci-ercol-order-1 penci-sticky-ct    elementor-column elementor-col-100 elementor-top-column elementor-element elementor-element-54c57633\" data-id=\"54c57633\" data-element_type=\"column\">\n\t\t\t<div class=\"elementor-widget-wrap elementor-element-populated\">\n\t\t\t\t\t\t\t\t<div class=\"elementor-element elementor-element-4851c739 elementor-widget elementor-widget-shortcode\" data-id=\"4851c739\" data-element_type=\"widget\" data-widget_type=\"shortcode.default\">\n\t\t\t\t<div class=\"elementor-widget-container\">\n\t\t\t\t\t<div class=\"elementor-shortcode\"><div class=\"ead-preview\"><div class=\"ead-document\" style=\"position: relative;padding-top: 90%;\"><div class=\"ead-iframe-wrapper\"><iframe src=\"\/\/docs.google.com\/viewer?url=https%3A%2F%2Fdastgmures.ro%2Fwp-content%2Fuploads%2F2025%2F01%2FAnexa-1-2-PHCL-ROForgstat-de-functii-DAS-nov2024.pdf&amp;embedded=true&amp;hl=en\" title=\"Be\u00e1gyazott dokumentum\" class=\"ead-iframe\" style=\"width: 100%;height: 100%;border: none;position: absolute;left: 0;top: 0;visibility: hidden;\"><\/iframe><\/div>\t\t\t<div class=\"ead-document-loading\" style=\"width:100%;height:100%;position:absolute;left:0;top:0;z-index:10;\">\n\t\t\t\t<div class=\"ead-loading-wrap\">\n\t\t\t\t\t<div class=\"ead-loading-main\">\n\t\t\t\t\t\t<div class=\"ead-loading\">\n\t\t\t\t\t\t\t<img decoding=\"async\" src=\"https:\/\/dastgmures.ro\/wp-content\/plugins\/embed-any-document\/images\/loading.svg\" width=\"55\" height=\"55\" alt=\"Rakod\u00f3g\u00e9p\">\n\t\t\t\t\t\t\t<span>Bet\u00f6lt\u00e9s...<\/span>\n\t\t\t\t\t\t<\/div>\n\t\t\t\t\t<\/div>\n\t\t\t\t\t<div class=\"ead-loading-foot\">\n\t\t\t\t\t\t<div class=\"ead-loading-foot-title\">\n\t\t\t\t\t\t\t<img decoding=\"async\" src=\"https:\/\/dastgmures.ro\/wp-content\/plugins\/embed-any-document\/images\/EAD-logo.svg\" alt=\"EAD log\u00f3\" width=\"36\" height=\"23\"\/>\n\t\t\t\t\t\t\t<span>T\u00fal sok\u00e1ig tart?<\/span>\n\t\t\t\t\t\t<\/div>\n\t\t\t\t\t\t<p>\n\t\t\t\t\t\t\t<div class=\"ead-document-btn ead-reload-btn\" role=\"button\">\n\t\t\t\t\t\t\t\t<img decoding=\"async\" src=\"https:\/\/dastgmures.ro\/wp-content\/plugins\/embed-any-document\/images\/reload.svg\" alt=\"\u00dajrat\u00f6lt\u00e9s\" width=\"12\" height=\"12\"\/> Dokumentum \u00fajrat\u00f6lt\u00e9se\t\t\t\t\t\t\t<\/div>\n\t\t\t\t\t\t\t<span>|<\/span>\n\t\t\t\t\t\t\t<a href=\"https:\/\/dastgmures.ro\/wp-content\/uploads\/2025\/01\/Anexa-1-2-PHCL-ROForgstat-de-functii-DAS-nov2024.pdf\" class=\"ead-document-btn\" target=\"_blank\">\n\t\t\t\t\t\t\t\t<img decoding=\"async\" src=\"https:\/\/dastgmures.ro\/wp-content\/plugins\/embed-any-document\/images\/open.svg\" alt=\"Nyissa meg a  c\u00edmet.\" width=\"12\" height=\"12\"\/> \u00daj lapon megnyit\u00e1s\t\t\t\t\t\t\t<\/a>\n\t\t\t\t\t<\/div>\n\t\t\t\t<\/div>\n\t\t\t<\/div>\n\t\t<\/div><p class=\"embed_download\"><a href=\"https:\/\/dastgmures.ro\/wp-content\/uploads\/2025\/01\/Anexa-1-2-PHCL-ROForgstat-de-functii-DAS-nov2024.pdf\" download>Let\u00f6lt\u00e9s [185.19 KB] <\/a><\/p><\/div><\/div>\n\t\t\t\t<\/div>\n\t\t\t\t<\/div>\n\t\t\t\t\t<\/div>\n\t\t<\/div>\n\t\t\t\t\t\t\t<\/div>\n\t\t<\/section>\n\t\t\t\t\t\t\t<\/div>","protected":false},"excerpt":{"rendered":"","protected":false},"author":1,"featured_media":0,"parent":2093,"menu_order":0,"comment_status":"closed","ping_status":"closed","template":"","meta":{"footnotes":""},"class_list":["post-2023","page","type-page","status-publish","hentry"],"yoast_head":"<!-- This site is optimized with the Yoast SEO plugin v19.13 - https:\/\/yoast.com\/wordpress\/plugins\/seo\/ -->\n<title>Organigrama - Direc\u021bia de Asisten\u021b\u0103 Social\u0103 T\u00e2rgu Mure\u0219<\/title>\n<meta name=\"robots\" content=\"index, follow, max-snippet:-1, max-image-preview:large, max-video-preview:-1\" \/>\n<link rel=\"canonical\" href=\"https:\/\/dastgmures.ro\/hu\/az-intezmenyrol\/szervezet\/szervezeti-diagram\/\" \/>\n<meta property=\"og:locale\" content=\"hu_HU\" \/>\n<meta property=\"og:type\" content=\"article\" \/>\n<meta property=\"og:title\" content=\"Organigrama - Direc\u021bia de Asisten\u021b\u0103 Social\u0103 T\u00e2rgu Mure\u0219\" \/>\n<meta property=\"og:url\" content=\"https:\/\/dastgmures.ro\/hu\/az-intezmenyrol\/szervezet\/szervezeti-diagram\/\" \/>\n<meta property=\"og:site_name\" content=\"Direc\u021bia de Asisten\u021b\u0103 Social\u0103 T\u00e2rgu Mure\u0219\" \/>\n<meta property=\"article:modified_time\" content=\"2025-01-08T10:06:00+00:00\" \/>\n<meta name=\"twitter:card\" content=\"summary_large_image\" \/>\n<meta name=\"twitter:label1\" content=\"Becs\u00fclt olvas\u00e1si id\u0151\" \/>\n\t<meta name=\"twitter:data1\" content=\"1 perc\" \/>\n<script type=\"application\/ld+json\" class=\"yoast-schema-graph\">{\"@context\":\"https:\/\/schema.org\",\"@graph\":[{\"@type\":\"WebPage\",\"@id\":\"https:\/\/dastgmures.ro\/despre-institutie\/organizare\/organigrama\/\",\"url\":\"https:\/\/dastgmures.ro\/despre-institutie\/organizare\/organigrama\/\",\"name\":\"Organigrama - Direc\u021bia de Asisten\u021b\u0103 Social\u0103 T\u00e2rgu Mure\u0219\",\"isPartOf\":{\"@id\":\"https:\/\/dastgmures.ro\/#website\"},\"datePublished\":\"2022-10-25T12:55:23+00:00\",\"dateModified\":\"2025-01-08T10:06:00+00:00\",\"breadcrumb\":{\"@id\":\"https:\/\/dastgmures.ro\/despre-institutie\/organizare\/organigrama\/#breadcrumb\"},\"inLanguage\":\"hu\",\"potentialAction\":[{\"@type\":\"ReadAction\",\"target\":[\"https:\/\/dastgmures.ro\/despre-institutie\/organizare\/organigrama\/\"]}]},{\"@type\":\"BreadcrumbList\",\"@id\":\"https:\/\/dastgmures.ro\/despre-institutie\/organizare\/organigrama\/#breadcrumb\",\"itemListElement\":[{\"@type\":\"ListItem\",\"position\":1,\"name\":\"Prima pagin\u0103\",\"item\":\"https:\/\/dastgmures.ro\/\"},{\"@type\":\"ListItem\",\"position\":2,\"name\":\"Despre Institu\u021bie\",\"item\":\"https:\/\/dastgmures.ro\/despre-institutie\/\"},{\"@type\":\"ListItem\",\"position\":3,\"name\":\"Organizare\",\"item\":\"https:\/\/dastgmures.ro\/despre-institutie\/organizare\/\"},{\"@type\":\"ListItem\",\"position\":4,\"name\":\"Organigrama\"}]},{\"@type\":\"WebSite\",\"@id\":\"https:\/\/dastgmures.ro\/#website\",\"url\":\"https:\/\/dastgmures.ro\/\",\"name\":\"Direc\u021bia de Asisten\u021b\u0103 Social\u0103 T\u00e2rgu Mure\u0219\",\"description\":\"\",\"potentialAction\":[{\"@type\":\"SearchAction\",\"target\":{\"@type\":\"EntryPoint\",\"urlTemplate\":\"https:\/\/dastgmures.ro\/?s={search_term_string}\"},\"query-input\":\"required name=search_term_string\"}],\"inLanguage\":\"hu\"}]}<\/script>\n<!-- \/ Yoast SEO plugin. -->","yoast_head_json":{"title":"Organigrama - Direc\u021bia de Asisten\u021b\u0103 Social\u0103 T\u00e2rgu Mure\u0219","robots":{"index":"index","follow":"follow","max-snippet":"max-snippet:-1","max-image-preview":"max-image-preview:large","max-video-preview":"max-video-preview:-1"},"canonical":"https:\/\/dastgmures.ro\/hu\/az-intezmenyrol\/szervezet\/szervezeti-diagram\/","og_locale":"hu_HU","og_type":"article","og_title":"Organigrama - Direc\u021bia de Asisten\u021b\u0103 Social\u0103 T\u00e2rgu Mure\u0219","og_url":"https:\/\/dastgmures.ro\/hu\/az-intezmenyrol\/szervezet\/szervezeti-diagram\/","og_site_name":"Direc\u021bia de Asisten\u021b\u0103 Social\u0103 T\u00e2rgu Mure\u0219","article_modified_time":"2025-01-08T10:06:00+00:00","twitter_card":"summary_large_image","twitter_misc":{"Becs\u00fclt olvas\u00e1si id\u0151":"1 perc"},"schema":{"@context":"https:\/\/schema.org","@graph":[{"@type":"WebPage","@id":"https:\/\/dastgmures.ro\/despre-institutie\/organizare\/organigrama\/","url":"https:\/\/dastgmures.ro\/despre-institutie\/organizare\/organigrama\/","name":"Organigrama - Direc\u021bia de Asisten\u021b\u0103 Social\u0103 T\u00e2rgu Mure\u0219","isPartOf":{"@id":"https:\/\/dastgmures.ro\/#website"},"datePublished":"2022-10-25T12:55:23+00:00","dateModified":"2025-01-08T10:06:00+00:00","breadcrumb":{"@id":"https:\/\/dastgmures.ro\/despre-institutie\/organizare\/organigrama\/#breadcrumb"},"inLanguage":"hu","potentialAction":[{"@type":"ReadAction","target":["https:\/\/dastgmures.ro\/despre-institutie\/organizare\/organigrama\/"]}]},{"@type":"BreadcrumbList","@id":"https:\/\/dastgmures.ro\/despre-institutie\/organizare\/organigrama\/#breadcrumb","itemListElement":[{"@type":"ListItem","position":1,"name":"Prima pagin\u0103","item":"https:\/\/dastgmures.ro\/"},{"@type":"ListItem","position":2,"name":"Despre Institu\u021bie","item":"https:\/\/dastgmures.ro\/despre-institutie\/"},{"@type":"ListItem","position":3,"name":"Organizare","item":"https:\/\/dastgmures.ro\/despre-institutie\/organizare\/"},{"@type":"ListItem","position":4,"name":"Organigrama"}]},{"@type":"WebSite","@id":"https:\/\/dastgmures.ro\/#website","url":"https:\/\/dastgmures.ro\/","name":"Direc\u021bia de Asisten\u021b\u0103 Social\u0103 T\u00e2rgu Mure\u0219","description":"","potentialAction":[{"@type":"SearchAction","target":{"@type":"EntryPoint","urlTemplate":"https:\/\/dastgmures.ro\/?s={search_term_string}"},"query-input":"required name=search_term_string"}],"inLanguage":"hu"}]}},"_links":{"self":[{"href":"https:\/\/dastgmures.ro\/hu\/wp-json\/wp\/v2\/pages\/2023","targetHints":{"allow":["GET"]}}],"collection":[{"href":"https:\/\/dastgmures.ro\/hu\/wp-json\/wp\/v2\/pages"}],"about":[{"href":"https:\/\/dastgmures.ro\/hu\/wp-json\/wp\/v2\/types\/page"}],"author":[{"embeddable":true,"href":"https:\/\/dastgmures.ro\/hu\/wp-json\/wp\/v2\/users\/1"}],"replies":[{"embeddable":true,"href":"https:\/\/dastgmures.ro\/hu\/wp-json\/wp\/v2\/comments?post=2023"}],"version-history":[{"count":11,"href":"https:\/\/dastgmures.ro\/hu\/wp-json\/wp\/v2\/pages\/2023\/revisions"}],"predecessor-version":[{"id":12546,"href":"https:\/\/dastgmures.ro\/hu\/wp-json\/wp\/v2\/pages\/2023\/revisions\/12546"}],"up":[{"embeddable":true,"href":"https:\/\/dastgmures.ro\/hu\/wp-json\/wp\/v2\/pages\/2093"}],"wp:attachment":[{"href":"https:\/\/dastgmures.ro\/hu\/wp-json\/wp\/v2\/media?parent=2023"}],"curies":[{"name":"wp","href":"https:\/\/api.w.org\/{rel}","templated":true}]}}