{"id":2351,"date":"2022-10-31T10:52:21","date_gmt":"2022-10-31T10:52:21","guid":{"rendered":"https:\/\/dastgmures.ro\/?page_id=2351"},"modified":"2026-03-23T16:27:23","modified_gmt":"2026-03-23T14:27:23","slug":"publice","status":"publish","type":"page","link":"https:\/\/dastgmures.ro\/hu\/szocialis-szolgaltatasok-2\/list-of-social-service-providers\/nyilvanos\/","title":{"rendered":"Nyilv\u00e1nos"},"content":{"rendered":"<div data-elementor-type=\"wp-page\" data-elementor-id=\"2351\" class=\"elementor elementor-2351\">\n\t\t\t\t\t\t\t\t\t<section class=\"penci-section penci-disSticky penci-structure-10 elementor-section elementor-top-section elementor-element elementor-element-85a75f7 deschidere-tab-nou elementor-section-boxed elementor-section-height-default elementor-section-height-default\" data-id=\"85a75f7\" data-element_type=\"section\">\n\t\t\t\t\t\t<div class=\"elementor-container elementor-column-gap-default\">\n\t\t\t\t\t<div class=\"penci-ercol-100 penci-ercol-order-1 penci-sticky-ct    elementor-column elementor-col-100 elementor-top-column elementor-element elementor-element-46d037d\" data-id=\"46d037d\" data-element_type=\"column\">\n\t\t\t<div class=\"elementor-widget-wrap elementor-element-populated\">\n\t\t\t\t\t\t\t\t<div class=\"elementor-element elementor-element-af89061 elementor-align-left elementor-icon-list--layout-traditional elementor-list-item-link-full_width elementor-widget elementor-widget-icon-list\" data-id=\"af89061\" data-element_type=\"widget\" data-widget_type=\"icon-list.default\">\n\t\t\t\t<div class=\"elementor-widget-container\">\n\t\t\t<link rel=\"stylesheet\" href=\"https:\/\/dastgmures.ro\/wp-content\/plugins\/elementor\/assets\/css\/widget-icon-list.min.css\">\t\t<ul class=\"elementor-icon-list-items\">\n\t\t\t\t\t\t\t<li class=\"elementor-icon-list-item\">\n\t\t\t\t\t\t\t\t\t\t\t<a href=\"https:\/\/dastgmures.ro\/wp-content\/uploads\/2026\/02\/Furnizori-servicii-sociale-publice-acreditate-licentiate.pdf\" target=\"_blank\">\n\n\t\t\t\t\t\t\t\t\t\t\t\t<span class=\"elementor-icon-list-icon\">\n\t\t\t\t\t\t\t<i aria-hidden=\"true\" class=\"fas fa-file-download\"><\/i>\t\t\t\t\t\t<\/span>\n\t\t\t\t\t\t\t\t\t\t<span class=\"elementor-icon-list-text\">Furnizori servicii sociale publice (acreditate, licen\u021biate) <\/span>\n\t\t\t\t\t\t\t\t\t\t\t<\/a>\n\t\t\t\t\t\t\t\t\t<\/li>\n\t\t\t\t\t\t<\/ul>\n\t\t\t\t<\/div>\n\t\t\t\t<\/div>\n\t\t\t\t\t<\/div>\n\t\t<\/div>\n\t\t\t\t\t\t\t<\/div>\n\t\t<\/section>\n\t\t\t\t\t\t\t<\/div>","protected":false},"excerpt":{"rendered":"<p>Furnizori servicii sociale publice (acreditate, licen\u021biate)<\/p>","protected":false},"author":1,"featured_media":0,"parent":2340,"menu_order":0,"comment_status":"closed","ping_status":"closed","template":"","meta":{"footnotes":""},"class_list":["post-2351","page","type-page","status-publish","hentry"],"yoast_head":"<!-- This site is optimized with the Yoast SEO plugin v19.13 - https:\/\/yoast.com\/wordpress\/plugins\/seo\/ -->\n<title>Publice - Direc\u021bia de Asisten\u021b\u0103 Social\u0103 T\u00e2rgu Mure\u0219<\/title>\n<meta name=\"robots\" content=\"index, follow, max-snippet:-1, max-image-preview:large, max-video-preview:-1\" \/>\n<link rel=\"canonical\" href=\"https:\/\/dastgmures.ro\/hu\/szocialis-szolgaltatasok-2\/list-of-social-service-providers\/nyilvanos\/\" \/>\n<meta property=\"og:locale\" content=\"hu_HU\" \/>\n<meta property=\"og:type\" content=\"article\" \/>\n<meta property=\"og:title\" content=\"Publice - Direc\u021bia de Asisten\u021b\u0103 Social\u0103 T\u00e2rgu Mure\u0219\" \/>\n<meta property=\"og:description\" content=\"Furnizori servicii sociale publice (acreditate, licen\u021biate)\" \/>\n<meta property=\"og:url\" content=\"https:\/\/dastgmures.ro\/hu\/szocialis-szolgaltatasok-2\/list-of-social-service-providers\/nyilvanos\/\" \/>\n<meta property=\"og:site_name\" content=\"Direc\u021bia de Asisten\u021b\u0103 Social\u0103 T\u00e2rgu Mure\u0219\" \/>\n<meta property=\"article:modified_time\" content=\"2026-03-23T14:27:23+00:00\" \/>\n<meta name=\"twitter:card\" content=\"summary_large_image\" \/>\n<meta name=\"twitter:label1\" content=\"Becs\u00fclt olvas\u00e1si id\u0151\" \/>\n\t<meta name=\"twitter:data1\" content=\"1 perc\" \/>\n<script type=\"application\/ld+json\" class=\"yoast-schema-graph\">{\"@context\":\"https:\/\/schema.org\",\"@graph\":[{\"@type\":\"WebPage\",\"@id\":\"https:\/\/dastgmures.ro\/servicii-sociale\/lista-furnizorilor-de-servicii-sociale\/publice\/\",\"url\":\"https:\/\/dastgmures.ro\/servicii-sociale\/lista-furnizorilor-de-servicii-sociale\/publice\/\",\"name\":\"Publice - Direc\u021bia de Asisten\u021b\u0103 Social\u0103 T\u00e2rgu Mure\u0219\",\"isPartOf\":{\"@id\":\"https:\/\/dastgmures.ro\/#website\"},\"datePublished\":\"2022-10-31T10:52:21+00:00\",\"dateModified\":\"2026-03-23T14:27:23+00:00\",\"breadcrumb\":{\"@id\":\"https:\/\/dastgmures.ro\/servicii-sociale\/lista-furnizorilor-de-servicii-sociale\/publice\/#breadcrumb\"},\"inLanguage\":\"hu\",\"potentialAction\":[{\"@type\":\"ReadAction\",\"target\":[\"https:\/\/dastgmures.ro\/servicii-sociale\/lista-furnizorilor-de-servicii-sociale\/publice\/\"]}]},{\"@type\":\"BreadcrumbList\",\"@id\":\"https:\/\/dastgmures.ro\/servicii-sociale\/lista-furnizorilor-de-servicii-sociale\/publice\/#breadcrumb\",\"itemListElement\":[{\"@type\":\"ListItem\",\"position\":1,\"name\":\"Prima pagin\u0103\",\"item\":\"https:\/\/dastgmures.ro\/\"},{\"@type\":\"ListItem\",\"position\":2,\"name\":\"Servicii sociale\",\"item\":\"https:\/\/dastgmures.ro\/servicii-sociale\/\"},{\"@type\":\"ListItem\",\"position\":3,\"name\":\"Lista furnizorilor de servicii sociale\",\"item\":\"https:\/\/dastgmures.ro\/servicii-sociale\/lista-furnizorilor-de-servicii-sociale\/\"},{\"@type\":\"ListItem\",\"position\":4,\"name\":\"Publice\"}]},{\"@type\":\"WebSite\",\"@id\":\"https:\/\/dastgmures.ro\/#website\",\"url\":\"https:\/\/dastgmures.ro\/\",\"name\":\"Direc\u021bia de Asisten\u021b\u0103 Social\u0103 T\u00e2rgu Mure\u0219\",\"description\":\"\",\"potentialAction\":[{\"@type\":\"SearchAction\",\"target\":{\"@type\":\"EntryPoint\",\"urlTemplate\":\"https:\/\/dastgmures.ro\/?s={search_term_string}\"},\"query-input\":\"required name=search_term_string\"}],\"inLanguage\":\"hu\"}]}<\/script>\n<!-- \/ Yoast SEO plugin. -->","yoast_head_json":{"title":"Publice - Direc\u021bia de Asisten\u021b\u0103 Social\u0103 T\u00e2rgu Mure\u0219","robots":{"index":"index","follow":"follow","max-snippet":"max-snippet:-1","max-image-preview":"max-image-preview:large","max-video-preview":"max-video-preview:-1"},"canonical":"https:\/\/dastgmures.ro\/hu\/szocialis-szolgaltatasok-2\/list-of-social-service-providers\/nyilvanos\/","og_locale":"hu_HU","og_type":"article","og_title":"Publice - Direc\u021bia de Asisten\u021b\u0103 Social\u0103 T\u00e2rgu Mure\u0219","og_description":"Furnizori servicii sociale publice (acreditate, licen\u021biate)","og_url":"https:\/\/dastgmures.ro\/hu\/szocialis-szolgaltatasok-2\/list-of-social-service-providers\/nyilvanos\/","og_site_name":"Direc\u021bia de Asisten\u021b\u0103 Social\u0103 T\u00e2rgu Mure\u0219","article_modified_time":"2026-03-23T14:27:23+00:00","twitter_card":"summary_large_image","twitter_misc":{"Becs\u00fclt olvas\u00e1si id\u0151":"1 perc"},"schema":{"@context":"https:\/\/schema.org","@graph":[{"@type":"WebPage","@id":"https:\/\/dastgmures.ro\/servicii-sociale\/lista-furnizorilor-de-servicii-sociale\/publice\/","url":"https:\/\/dastgmures.ro\/servicii-sociale\/lista-furnizorilor-de-servicii-sociale\/publice\/","name":"Publice - Direc\u021bia de Asisten\u021b\u0103 Social\u0103 T\u00e2rgu Mure\u0219","isPartOf":{"@id":"https:\/\/dastgmures.ro\/#website"},"datePublished":"2022-10-31T10:52:21+00:00","dateModified":"2026-03-23T14:27:23+00:00","breadcrumb":{"@id":"https:\/\/dastgmures.ro\/servicii-sociale\/lista-furnizorilor-de-servicii-sociale\/publice\/#breadcrumb"},"inLanguage":"hu","potentialAction":[{"@type":"ReadAction","target":["https:\/\/dastgmures.ro\/servicii-sociale\/lista-furnizorilor-de-servicii-sociale\/publice\/"]}]},{"@type":"BreadcrumbList","@id":"https:\/\/dastgmures.ro\/servicii-sociale\/lista-furnizorilor-de-servicii-sociale\/publice\/#breadcrumb","itemListElement":[{"@type":"ListItem","position":1,"name":"Prima pagin\u0103","item":"https:\/\/dastgmures.ro\/"},{"@type":"ListItem","position":2,"name":"Servicii sociale","item":"https:\/\/dastgmures.ro\/servicii-sociale\/"},{"@type":"ListItem","position":3,"name":"Lista furnizorilor de servicii sociale","item":"https:\/\/dastgmures.ro\/servicii-sociale\/lista-furnizorilor-de-servicii-sociale\/"},{"@type":"ListItem","position":4,"name":"Publice"}]},{"@type":"WebSite","@id":"https:\/\/dastgmures.ro\/#website","url":"https:\/\/dastgmures.ro\/","name":"Direc\u021bia de Asisten\u021b\u0103 Social\u0103 T\u00e2rgu Mure\u0219","description":"","potentialAction":[{"@type":"SearchAction","target":{"@type":"EntryPoint","urlTemplate":"https:\/\/dastgmures.ro\/?s={search_term_string}"},"query-input":"required name=search_term_string"}],"inLanguage":"hu"}]}},"_links":{"self":[{"href":"https:\/\/dastgmures.ro\/hu\/wp-json\/wp\/v2\/pages\/2351","targetHints":{"allow":["GET"]}}],"collection":[{"href":"https:\/\/dastgmures.ro\/hu\/wp-json\/wp\/v2\/pages"}],"about":[{"href":"https:\/\/dastgmures.ro\/hu\/wp-json\/wp\/v2\/types\/page"}],"author":[{"embeddable":true,"href":"https:\/\/dastgmures.ro\/hu\/wp-json\/wp\/v2\/users\/1"}],"replies":[{"embeddable":true,"href":"https:\/\/dastgmures.ro\/hu\/wp-json\/wp\/v2\/comments?post=2351"}],"version-history":[{"count":22,"href":"https:\/\/dastgmures.ro\/hu\/wp-json\/wp\/v2\/pages\/2351\/revisions"}],"predecessor-version":[{"id":15554,"href":"https:\/\/dastgmures.ro\/hu\/wp-json\/wp\/v2\/pages\/2351\/revisions\/15554"}],"up":[{"embeddable":true,"href":"https:\/\/dastgmures.ro\/hu\/wp-json\/wp\/v2\/pages\/2340"}],"wp:attachment":[{"href":"https:\/\/dastgmures.ro\/hu\/wp-json\/wp\/v2\/media?parent=2351"}],"curies":[{"name":"wp","href":"https:\/\/api.w.org\/{rel}","templated":true}]}}