{"id":2436,"date":"2022-11-02T15:54:21","date_gmt":"2022-11-02T15:54:21","guid":{"rendered":"https:\/\/dastgmures.ro\/?page_id=2436"},"modified":"2022-11-03T13:01:06","modified_gmt":"2022-11-03T13:01:06","slug":"harta","status":"publish","type":"page","link":"https:\/\/dastgmures.ro\/hu\/szocialis-szolgaltatasok-2\/list-of-social-service-providers\/terkep\/","title":{"rendered":"T\u00e9rk\u00e9p"},"content":{"rendered":"<div data-elementor-type=\"wp-page\" data-elementor-id=\"2436\" class=\"elementor elementor-2436\">\n\t\t\t\t\t\t\t\t\t<section class=\"penci-section penci-disSticky penci-structure-10 elementor-section elementor-top-section elementor-element elementor-element-f6185b8 elementor-section-boxed elementor-section-height-default elementor-section-height-default\" data-id=\"f6185b8\" data-element_type=\"section\">\n\t\t\t\t\t\t<div class=\"elementor-container elementor-column-gap-default\">\n\t\t\t\t\t<div class=\"penci-ercol-100 penci-ercol-order-1 penci-sticky-ct    elementor-column elementor-col-100 elementor-top-column elementor-element elementor-element-bab2e04\" data-id=\"bab2e04\" data-element_type=\"column\">\n\t\t\t<div class=\"elementor-widget-wrap elementor-element-populated\">\n\t\t\t\t\t\t\t\t<div class=\"elementor-element elementor-element-158737c elementor-widget elementor-widget-html\" data-id=\"158737c\" data-element_type=\"widget\" data-widget_type=\"html.default\">\n\t\t\t\t<div class=\"elementor-widget-container\">\n\t\t\t<iframe src=\"https:\/\/hartasociala.dastgmures.ro\/\" width=\"100%\" height=\"500px\" title=\"A marosv\u00e1s\u00e1rhelyi szoci\u00e1lis szolg\u00e1ltat\u00f3k interakt\u00edv t\u00e9rk\u00e9pe\"><\/iframe>\t\t<\/div>\n\t\t\t\t<\/div>\n\t\t\t\t\t<\/div>\n\t\t<\/div>\n\t\t\t\t\t\t\t<\/div>\n\t\t<\/section>\n\t\t\t\t\t\t\t<\/div>","protected":false},"excerpt":{"rendered":"","protected":false},"author":1,"featured_media":0,"parent":2340,"menu_order":0,"comment_status":"closed","ping_status":"closed","template":"","meta":{"footnotes":""},"class_list":["post-2436","page","type-page","status-publish","hentry"],"yoast_head":"<!-- This site is optimized with the Yoast SEO plugin v19.13 - https:\/\/yoast.com\/wordpress\/plugins\/seo\/ -->\n<title>Harta - Direc\u021bia de Asisten\u021b\u0103 Social\u0103 T\u00e2rgu Mure\u0219<\/title>\n<meta name=\"robots\" content=\"index, follow, max-snippet:-1, max-image-preview:large, max-video-preview:-1\" \/>\n<link rel=\"canonical\" href=\"https:\/\/dastgmures.ro\/hu\/szocialis-szolgaltatasok-2\/list-of-social-service-providers\/terkep\/\" \/>\n<meta property=\"og:locale\" content=\"hu_HU\" \/>\n<meta property=\"og:type\" content=\"article\" \/>\n<meta property=\"og:title\" content=\"Harta - Direc\u021bia de Asisten\u021b\u0103 Social\u0103 T\u00e2rgu Mure\u0219\" \/>\n<meta property=\"og:url\" content=\"https:\/\/dastgmures.ro\/hu\/szocialis-szolgaltatasok-2\/list-of-social-service-providers\/terkep\/\" \/>\n<meta property=\"og:site_name\" content=\"Direc\u021bia de Asisten\u021b\u0103 Social\u0103 T\u00e2rgu Mure\u0219\" \/>\n<meta property=\"article:modified_time\" content=\"2022-11-03T13:01:06+00:00\" \/>\n<meta name=\"twitter:card\" content=\"summary_large_image\" \/>\n<script type=\"application\/ld+json\" class=\"yoast-schema-graph\">{\"@context\":\"https:\/\/schema.org\",\"@graph\":[{\"@type\":\"WebPage\",\"@id\":\"https:\/\/dastgmures.ro\/servicii-sociale\/lista-furnizorilor-de-servicii-sociale\/harta\/\",\"url\":\"https:\/\/dastgmures.ro\/servicii-sociale\/lista-furnizorilor-de-servicii-sociale\/harta\/\",\"name\":\"Harta - Direc\u021bia de Asisten\u021b\u0103 Social\u0103 T\u00e2rgu Mure\u0219\",\"isPartOf\":{\"@id\":\"https:\/\/dastgmures.ro\/#website\"},\"datePublished\":\"2022-11-02T15:54:21+00:00\",\"dateModified\":\"2022-11-03T13:01:06+00:00\",\"breadcrumb\":{\"@id\":\"https:\/\/dastgmures.ro\/servicii-sociale\/lista-furnizorilor-de-servicii-sociale\/harta\/#breadcrumb\"},\"inLanguage\":\"hu\",\"potentialAction\":[{\"@type\":\"ReadAction\",\"target\":[\"https:\/\/dastgmures.ro\/servicii-sociale\/lista-furnizorilor-de-servicii-sociale\/harta\/\"]}]},{\"@type\":\"BreadcrumbList\",\"@id\":\"https:\/\/dastgmures.ro\/servicii-sociale\/lista-furnizorilor-de-servicii-sociale\/harta\/#breadcrumb\",\"itemListElement\":[{\"@type\":\"ListItem\",\"position\":1,\"name\":\"Prima pagin\u0103\",\"item\":\"https:\/\/dastgmures.ro\/\"},{\"@type\":\"ListItem\",\"position\":2,\"name\":\"Servicii sociale\",\"item\":\"https:\/\/dastgmures.ro\/servicii-sociale\/\"},{\"@type\":\"ListItem\",\"position\":3,\"name\":\"Lista furnizorilor de servicii sociale\",\"item\":\"https:\/\/dastgmures.ro\/servicii-sociale\/lista-furnizorilor-de-servicii-sociale\/\"},{\"@type\":\"ListItem\",\"position\":4,\"name\":\"Harta\"}]},{\"@type\":\"WebSite\",\"@id\":\"https:\/\/dastgmures.ro\/#website\",\"url\":\"https:\/\/dastgmures.ro\/\",\"name\":\"Direc\u021bia de Asisten\u021b\u0103 Social\u0103 T\u00e2rgu Mure\u0219\",\"description\":\"\",\"potentialAction\":[{\"@type\":\"SearchAction\",\"target\":{\"@type\":\"EntryPoint\",\"urlTemplate\":\"https:\/\/dastgmures.ro\/?s={search_term_string}\"},\"query-input\":\"required name=search_term_string\"}],\"inLanguage\":\"hu\"}]}<\/script>\n<!-- \/ Yoast SEO plugin. -->","yoast_head_json":{"title":"Harta - Direc\u021bia de Asisten\u021b\u0103 Social\u0103 T\u00e2rgu Mure\u0219","robots":{"index":"index","follow":"follow","max-snippet":"max-snippet:-1","max-image-preview":"max-image-preview:large","max-video-preview":"max-video-preview:-1"},"canonical":"https:\/\/dastgmures.ro\/hu\/szocialis-szolgaltatasok-2\/list-of-social-service-providers\/terkep\/","og_locale":"hu_HU","og_type":"article","og_title":"Harta - Direc\u021bia de Asisten\u021b\u0103 Social\u0103 T\u00e2rgu Mure\u0219","og_url":"https:\/\/dastgmures.ro\/hu\/szocialis-szolgaltatasok-2\/list-of-social-service-providers\/terkep\/","og_site_name":"Direc\u021bia de Asisten\u021b\u0103 Social\u0103 T\u00e2rgu Mure\u0219","article_modified_time":"2022-11-03T13:01:06+00:00","twitter_card":"summary_large_image","schema":{"@context":"https:\/\/schema.org","@graph":[{"@type":"WebPage","@id":"https:\/\/dastgmures.ro\/servicii-sociale\/lista-furnizorilor-de-servicii-sociale\/harta\/","url":"https:\/\/dastgmures.ro\/servicii-sociale\/lista-furnizorilor-de-servicii-sociale\/harta\/","name":"Harta - Direc\u021bia de Asisten\u021b\u0103 Social\u0103 T\u00e2rgu Mure\u0219","isPartOf":{"@id":"https:\/\/dastgmures.ro\/#website"},"datePublished":"2022-11-02T15:54:21+00:00","dateModified":"2022-11-03T13:01:06+00:00","breadcrumb":{"@id":"https:\/\/dastgmures.ro\/servicii-sociale\/lista-furnizorilor-de-servicii-sociale\/harta\/#breadcrumb"},"inLanguage":"hu","potentialAction":[{"@type":"ReadAction","target":["https:\/\/dastgmures.ro\/servicii-sociale\/lista-furnizorilor-de-servicii-sociale\/harta\/"]}]},{"@type":"BreadcrumbList","@id":"https:\/\/dastgmures.ro\/servicii-sociale\/lista-furnizorilor-de-servicii-sociale\/harta\/#breadcrumb","itemListElement":[{"@type":"ListItem","position":1,"name":"Prima pagin\u0103","item":"https:\/\/dastgmures.ro\/"},{"@type":"ListItem","position":2,"name":"Servicii sociale","item":"https:\/\/dastgmures.ro\/servicii-sociale\/"},{"@type":"ListItem","position":3,"name":"Lista furnizorilor de servicii sociale","item":"https:\/\/dastgmures.ro\/servicii-sociale\/lista-furnizorilor-de-servicii-sociale\/"},{"@type":"ListItem","position":4,"name":"Harta"}]},{"@type":"WebSite","@id":"https:\/\/dastgmures.ro\/#website","url":"https:\/\/dastgmures.ro\/","name":"Direc\u021bia de Asisten\u021b\u0103 Social\u0103 T\u00e2rgu Mure\u0219","description":"","potentialAction":[{"@type":"SearchAction","target":{"@type":"EntryPoint","urlTemplate":"https:\/\/dastgmures.ro\/?s={search_term_string}"},"query-input":"required name=search_term_string"}],"inLanguage":"hu"}]}},"_links":{"self":[{"href":"https:\/\/dastgmures.ro\/hu\/wp-json\/wp\/v2\/pages\/2436","targetHints":{"allow":["GET"]}}],"collection":[{"href":"https:\/\/dastgmures.ro\/hu\/wp-json\/wp\/v2\/pages"}],"about":[{"href":"https:\/\/dastgmures.ro\/hu\/wp-json\/wp\/v2\/types\/page"}],"author":[{"embeddable":true,"href":"https:\/\/dastgmures.ro\/hu\/wp-json\/wp\/v2\/users\/1"}],"replies":[{"embeddable":true,"href":"https:\/\/dastgmures.ro\/hu\/wp-json\/wp\/v2\/comments?post=2436"}],"version-history":[{"count":7,"href":"https:\/\/dastgmures.ro\/hu\/wp-json\/wp\/v2\/pages\/2436\/revisions"}],"predecessor-version":[{"id":2460,"href":"https:\/\/dastgmures.ro\/hu\/wp-json\/wp\/v2\/pages\/2436\/revisions\/2460"}],"up":[{"embeddable":true,"href":"https:\/\/dastgmures.ro\/hu\/wp-json\/wp\/v2\/pages\/2340"}],"wp:attachment":[{"href":"https:\/\/dastgmures.ro\/hu\/wp-json\/wp\/v2\/media?parent=2436"}],"curies":[{"name":"wp","href":"https:\/\/api.w.org\/{rel}","templated":true}]}}