{"id":2847,"date":"2022-11-09T14:48:22","date_gmt":"2022-11-09T14:48:22","guid":{"rendered":"https:\/\/dastgmures.ro\/?page_id=2847"},"modified":"2025-02-04T15:44:49","modified_gmt":"2025-02-04T13:44:49","slug":"copii-aflati-in-situatie-de-risc","status":"publish","type":"page","link":"https:\/\/dastgmures.ro\/hu\/joleti-szolgaltatasok\/gyermek-es-csaladvedelem\/veszelyeztetett-kiskoruak\/","title":{"rendered":"Vesz\u00e9lyeztetett gyermekek"},"content":{"rendered":"<div data-elementor-type=\"wp-page\" data-elementor-id=\"2847\" class=\"elementor elementor-2847\">\n\t\t\t\t\t\t\t\t\t<section class=\"penci-section penci-disSticky penci-structure-10 elementor-section elementor-top-section elementor-element elementor-element-35a6dd3 elementor-section-boxed elementor-section-height-default elementor-section-height-default\" data-id=\"35a6dd3\" data-element_type=\"section\">\n\t\t\t\t\t\t<div class=\"elementor-container elementor-column-gap-default\">\n\t\t\t\t\t<div class=\"penci-ercol-100 penci-ercol-order-1 penci-sticky-ct    elementor-column elementor-col-100 elementor-top-column elementor-element elementor-element-8669efc\" data-id=\"8669efc\" data-element_type=\"column\">\n\t\t\t<div class=\"elementor-widget-wrap elementor-element-populated\">\n\t\t\t\t\t\t\t\t<div class=\"elementor-element elementor-element-a291a38 elementor-widget elementor-widget-text-editor\" data-id=\"a291a38\" data-element_type=\"widget\" data-widget_type=\"text-editor.default\">\n\t\t\t\t<div class=\"elementor-widget-container\">\n\t\t\t<style>\/*! elementor - v3.7.8 - 02-10-2022 *\/\n.elementor-widget-text-editor.elementor-drop-cap-view-stacked .elementor-drop-cap{background-color:#818a91;color:#fff}.elementor-widget-text-editor.elementor-drop-cap-view-framed .elementor-drop-cap{color:#818a91;border:3px solid;background-color:transparent}.elementor-widget-text-editor:not(.elementor-drop-cap-view-default) .elementor-drop-cap{margin-top:8px}.elementor-widget-text-editor:not(.elementor-drop-cap-view-default) .elementor-drop-cap-letter{width:1em;height:1em}.elementor-widget-text-editor .elementor-drop-cap{float:left;text-align:center;line-height:1;font-size:50px}.elementor-widget-text-editor .elementor-drop-cap-letter{display:inline-block}<\/style>\t\t\t\t<p><div id=\"ez-toc-container\" class=\"ez-toc-v2_0_36_1 counter-hierarchy ez-toc-counter ez-toc-grey ez-toc-container-direction\">\n<div class=\"ez-toc-title-container\">\n<p class=\"ez-toc-title\">Az oldal tartalma<\/p>\n<span class=\"ez-toc-title-toggle\"><a href=\"#\" class=\"ez-toc-pull-right ez-toc-btn ez-toc-btn-xs ez-toc-btn-default ez-toc-toggle\" style=\"display: none;\"><label for=\"item\" aria-label=\"Tartalomjegyz\u00e9k\"><span style=\"display: flex;align-items: center;width: 35px;height: 30px;justify-content: center;\"><svg style=\"fill: #999;color:#999\" xmlns=\"http:\/\/www.w3.org\/2000\/svg\" class=\"list-377408\" width=\"20px\" height=\"20px\" viewbox=\"0 0 24 24\" fill=\"none\"><path d=\"M6 6H4v2h2V6zm14 0H8v2h12V6zM4 11h2v2H4v-2zm16 0H8v2h12v-2zM4 16h2v2H4v-2zm16 0H8v2h12v-2z\" fill=\"currentColor\"><\/path><\/svg><svg style=\"fill: #999;color:#999\" class=\"arrow-unsorted-368013\" xmlns=\"http:\/\/www.w3.org\/2000\/svg\" width=\"10px\" height=\"10px\" viewbox=\"0 0 24 24\" version=\"1.2\" baseprofile=\"tiny\"><path d=\"M18.2 9.3l-6.2-6.3-6.2 6.3c-.2.2-.3.4-.3.7s.1.5.3.7c.2.2.4.3.7.3h11c.3 0 .5-.1.7-.3.2-.2.3-.5.3-.7s-.1-.5-.3-.7zM5.8 14.7l6.2 6.3 6.2-6.3c.2-.2.3-.5.3-.7s-.1-.5-.3-.7c-.2-.2-.4-.3-.7-.3h-11c-.3 0-.5.1-.7.3-.2.2-.3.5-.3.7s.1.5.3.7z\"\/><\/svg><\/span><\/label><input type=\"checkbox\" id=\"item\"><\/a><\/span><\/div>\n<nav><ul class='ez-toc-list ez-toc-list-level-1' ><li class='ez-toc-page-1 ez-toc-heading-level-2'><a class=\"ez-toc-link ez-toc-heading-1\" href=\"https:\/\/dastgmures.ro\/hu\/joleti-szolgaltatasok\/gyermek-es-csaladvedelem\/veszelyeztetett-kiskoruak\/#Legislatie\" title=\"Jogszab\u00e1lyok\">Jogszab\u00e1lyok<\/a><\/li><li class='ez-toc-page-1 ez-toc-heading-level-2'><a class=\"ez-toc-link ez-toc-heading-2\" href=\"https:\/\/dastgmures.ro\/hu\/joleti-szolgaltatasok\/gyermek-es-csaladvedelem\/veszelyeztetett-kiskoruak\/#Fisa_de_identificare_a_riscurilor\" title=\"Kock\u00e1zatazonos\u00edt\u00f3 lap\">Kock\u00e1zatazonos\u00edt\u00f3 lap<\/a><\/li><li class='ez-toc-page-1 ez-toc-heading-level-2'><a class=\"ez-toc-link ez-toc-heading-3\" href=\"https:\/\/dastgmures.ro\/hu\/joleti-szolgaltatasok\/gyermek-es-csaladvedelem\/veszelyeztetett-kiskoruak\/#Fisa_de_monitorizare\" title=\"Monitoring lap\">Monitoring lap<\/a><\/li><li class='ez-toc-page-1 ez-toc-heading-level-2'><a class=\"ez-toc-link ez-toc-heading-4\" href=\"https:\/\/dastgmures.ro\/hu\/joleti-szolgaltatasok\/gyermek-es-csaladvedelem\/veszelyeztetett-kiskoruak\/#Plan_de_servicii\" title=\"Szolg\u00e1ltat\u00e1si terv\">Szolg\u00e1ltat\u00e1si terv<\/a><\/li><\/ul><\/nav><\/div>\n<br><\/p>\t\t\t\t\t\t<\/div>\n\t\t\t\t<\/div>\n\t\t\t\t\t<\/div>\n\t\t<\/div>\n\t\t\t\t\t\t\t<\/div>\n\t\t<\/section>\n\t\t\t\t<section class=\"penci-section penci-disSticky penci-structure-10 elementor-section elementor-top-section elementor-element elementor-element-05459d9 elementor-section-boxed elementor-section-height-default elementor-section-height-default\" data-id=\"05459d9\" data-element_type=\"section\">\n\t\t\t\t\t\t<div class=\"elementor-container elementor-column-gap-default\">\n\t\t\t\t\t<div class=\"penci-ercol-100 penci-ercol-order-1 penci-sticky-ct    elementor-column elementor-col-100 elementor-top-column elementor-element elementor-element-1735582\" data-id=\"1735582\" data-element_type=\"column\">\n\t\t\t<div class=\"elementor-widget-wrap elementor-element-populated\">\n\t\t\t\t\t\t\t\t<div class=\"elementor-element elementor-element-8e76074 elementor-widget elementor-widget-text-editor\" data-id=\"8e76074\" data-element_type=\"widget\" data-widget_type=\"text-editor.default\">\n\t\t\t\t<div class=\"elementor-widget-container\">\n\t\t\t\t\t\t\t<h2><span class=\"ez-toc-section\" id=\"Legislatie\"><\/span><b>Jogszab\u00e1lyok<\/b><span class=\"ez-toc-section-end\"><\/span><\/h2><ul><li><span style=\"font-weight: 400;\">272\/2004. sz. t\u00f6rv\u00e9ny a gyermekek jogainak v\u00e9delm\u00e9r\u0151l \u00e9s el\u0151mozd\u00edt\u00e1s\u00e1r\u00f3l, \u00fajrak\u00f6z\u00f6lve.<\/span><\/li><\/ul><p><span style=\"font-weight: 400;\">A gyermek csal\u00e1dj\u00e1t\u00f3l val\u00f3 elv\u00e1laszt\u00e1s\u00e1nak megel\u0151z\u00e9se a k\u00f6vetkez\u0151kkel \u00e9rhet\u0151 el:<\/span><\/p><ul><li style=\"font-weight: 400;\" aria-level=\"1\"><span style=\"font-weight: 400;\">A neh\u00e9z helyzetben l\u00e9v\u0151 gyermekek \u00e9s csal\u00e1dok azonos\u00edt\u00e1sa (elhagy\u00e1s, csal\u00e1don bel\u00fcli er\u0151szak, vesz\u00e9lyeztetett helyzet, elhanyagol\u00e1s, kizs\u00e1km\u00e1nyol\u00e1s, vissza\u00e9l\u00e9s, iskolaker\u00fcl\u00e9s\/elhagy\u00e1s, devi\u00e1ns viselked\u00e9s stb.);\u00a0<\/span><\/li><li style=\"font-weight: 400;\" aria-level=\"1\"><span style=\"font-weight: 400;\">Tan\u00e1csad\u00e1s \u00e9s t\u00e1j\u00e9koztat\u00e1s az eltartott gyermekes csal\u00e1doknak a saj\u00e1t jogaikr\u00f3l \u00e9s k\u00f6telezetts\u00e9geikr\u0151l, a gyermek jogair\u00f3l, valamint a helyben el\u00e9rhet\u0151 szoci\u00e1lis szolg\u00e1ltat\u00e1sokr\u00f3l \u00e9s ell\u00e1t\u00e1sokr\u00f3l;<\/span><\/li><li aria-level=\"1\"><span style=\"font-weight: 400;\">A szolg\u00e1ltat\u00e1sok \u00e9s\/vagy ell\u00e1t\u00e1sok ny\u00fajt\u00e1s\u00e1t ig\u00e9nyl\u0151 helyzetek \u00e9rt\u00e9kel\u00e9se\u00a0<\/span><b>(modell n\u00e9zet <i>Kock\u00e1zatazonos\u00edt\u00f3 lap<\/i>);<\/b><\/li><li style=\"font-weight: 400;\" aria-level=\"1\"><span style=\"font-weight: 400;\">A gyermekek figyelemmel k\u00eds\u00e9r\u00e9se a szolg\u00e1ltat\u00e1si tervben foglalt c\u00e9lkit\u0171z\u00e9seknek megfelel\u0151en.\u00a0<\/span><b>(modell n\u00e9zet\u00a0 <\/b><b><i>Szolg\u00e1ltat\u00e1si terv<\/i><\/b><b> \u00e9s<\/b><b><i>\u00a0 Monitoring lap<\/i><\/b><b>).<\/b><\/li><\/ul><p><span style=\"font-weight: 400;\">A gyermekmegfigyel\u00e9s az eset megfigyel\u00e9se \u00e9s r\u00e9szletes \u00e9rt\u00e9kel\u00e9se, mag\u00e1ban foglalja a gyermek csal\u00e1di \u00e9s t\u00e1rsadalmi k\u00f6rnyezet\u00e9nek alapos, t\u00f6bbdimenzi\u00f3s vizsg\u00e1lat\u00e1t, amelynek c\u00e9lja a relev\u00e1ns inform\u00e1ci\u00f3k \u00f6sszegy\u0171jt\u00e9se az \u00e9rt\u00e9kel\u00e9s valamennyi \u00e9rintett ter\u00fclet\u00e9r\u0151l (orvosi, szoci\u00e1lis, pszichol\u00f3giai stb...) az \u00e9rintett szem\u00e9lyekkel folytatott szem\u00e9lyes interj\u00fak, a viselked\u00e9s megfigyel\u00e9se, a bemutatott dokumentumok \u00e9s iratok megtekint\u00e9se vagy m\u00e1s konkr\u00e9t m\u00f3dokon (l\u00e1togat\u00e1sok, t\u00e1rsadalmi megkeres\u00e9sek, telefonh\u00edv\u00e1sok).\u00a0<\/span><\/p><p><span style=\"font-weight: 400;\">A nyomon k\u00f6vet\u00e9si id\u0151szak v\u00e9g\u00e9n a gyermek- \u00e9s csal\u00e1d\u00fcgyi szolg\u00e1ltat\u00e1si terv v\u00e9grehajt\u00e1s\u00e1t \u00e9s a tervezett szolg\u00e1ltat\u00e1sok ny\u00fajt\u00e1s\u00e1t \u00e9rt\u00e9kelik annak \u00e9rdek\u00e9ben, hogy meg\u00e1llap\u00edts\u00e1k a gyermek \u00e9s a csal\u00e1d helyzet\u00e9nek el\u0151rehalad\u00e1s\u00e1t, \u00e9s hogy az egyes esetekre vonatkoz\u00f3 konkr\u00e9t beavatkoz\u00e1sokat kiigaz\u00edts\u00e1k\/beigaz\u00edts\u00e1k.<\/span><\/p>\t\t\t\t\t\t<\/div>\n\t\t\t\t<\/div>\n\t\t\t\t\t<\/div>\n\t\t<\/div>\n\t\t\t\t\t\t\t<\/div>\n\t\t<\/section>\n\t\t\t\t<section class=\"penci-section penci-disSticky penci-structure-10 elementor-section elementor-top-section elementor-element elementor-element-240687c elementor-section-boxed elementor-section-height-default elementor-section-height-default\" data-id=\"240687c\" data-element_type=\"section\">\n\t\t\t\t\t\t<div class=\"elementor-container elementor-column-gap-default\">\n\t\t\t\t\t<div class=\"penci-ercol-100 penci-ercol-order-1 penci-sticky-ct    elementor-column elementor-col-100 elementor-top-column elementor-element elementor-element-fdeb9ff\" data-id=\"fdeb9ff\" data-element_type=\"column\">\n\t\t\t<div class=\"elementor-widget-wrap elementor-element-populated\">\n\t\t\t\t\t\t\t\t<div class=\"elementor-element elementor-element-d13be01 elementor-widget elementor-widget-text-editor\" data-id=\"d13be01\" data-element_type=\"widget\" data-widget_type=\"text-editor.default\">\n\t\t\t\t<div class=\"elementor-widget-container\">\n\t\t\t\t\t\t\t<h2><span class=\"ez-toc-section\" id=\"Fisa_de_identificare_a_riscurilor\"><\/span>Kock\u00e1zatazonos\u00edt\u00f3 lap<span class=\"ez-toc-section-end\"><\/span><\/h2><p><div class=\"ead-preview\"><div class=\"ead-document\" style=\"position: relative;padding-top: 90%;\"><div class=\"ead-iframe-wrapper\"><iframe src=\"\/\/docs.google.com\/viewer?url=https%3A%2F%2Fdastgmures.ro%2Fwp-content%2Fuploads%2F2022%2F11%2FFisa-de-identificare-a-riscurilor.pdf&amp;embedded=true&amp;hl=en\" title=\"Be\u00e1gyazott dokumentum\" class=\"ead-iframe\" style=\"width: 100%;height: 100%;border: none;position: absolute;left: 0;top: 0;visibility: hidden;\"><\/iframe><\/div>\t\t\t<div class=\"ead-document-loading\" style=\"width:100%;height:100%;position:absolute;left:0;top:0;z-index:10;\">\n\t\t\t\t<div class=\"ead-loading-wrap\">\n\t\t\t\t\t<div class=\"ead-loading-main\">\n\t\t\t\t\t\t<div class=\"ead-loading\">\n\t\t\t\t\t\t\t<img decoding=\"async\" src=\"https:\/\/dastgmures.ro\/wp-content\/plugins\/embed-any-document\/images\/loading.svg\" width=\"55\" height=\"55\" alt=\"Rakod\u00f3g\u00e9p\">\n\t\t\t\t\t\t\t<span>Loading&#8230;<\/span>\n\t\t\t\t\t\t<\/div>\n\t\t\t\t\t<\/div>\n\t\t\t\t\t<div class=\"ead-loading-foot\">\n\t\t\t\t\t\t<div class=\"ead-loading-foot-title\">\n\t\t\t\t\t\t\t<img decoding=\"async\" src=\"https:\/\/dastgmures.ro\/wp-content\/plugins\/embed-any-document\/images\/EAD-logo.svg\" alt=\"EAD log\u00f3\" width=\"36\" height=\"23\"\/>\n\t\t\t\t\t\t\t<span>T\u00fal sok\u00e1ig tart?<\/span>\n\t\t\t\t\t\t<\/div>\n\t\t\t\t\t\t<p>\n\t\t\t\t\t\t\t<div class=\"ead-document-btn ead-reload-btn\" role=\"button\">\n\t\t\t\t\t\t\t\t<img decoding=\"async\" src=\"https:\/\/dastgmures.ro\/wp-content\/plugins\/embed-any-document\/images\/reload.svg\" alt=\"\u00dajrat\u00f6lt\u00e9s\" width=\"12\" height=\"12\"\/> Dokumentum \u00fajrat\u00f6lt\u00e9se\t\t\t\t\t\t\t<\/div>\n\t\t\t\t\t\t\t<span>|<\/span>\n\t\t\t\t\t\t\t<a href=\"https:\/\/dastgmures.ro\/wp-content\/uploads\/2022\/11\/Fisa-de-identificare-a-riscurilor.pdf\" class=\"ead-document-btn\" target=\"_blank\">\n\t\t\t\t\t\t\t\t<img decoding=\"async\" src=\"https:\/\/dastgmures.ro\/wp-content\/plugins\/embed-any-document\/images\/open.svg\" alt=\"Nyissa meg a  c\u00edmet.\" width=\"12\" height=\"12\"\/> \u00daj lapon megnyit\u00e1s\t\t\t\t\t\t\t<\/a>\n\t\t\t\t\t<\/div>\n\t\t\t\t<\/div>\n\t\t\t<\/div>\n\t\t<\/div><\/div><\/p>\t\t\t\t\t\t<\/div>\n\t\t\t\t<\/div>\n\t\t\t\t\t<\/div>\n\t\t<\/div>\n\t\t\t\t\t\t\t<\/div>\n\t\t<\/section>\n\t\t\t\t<section class=\"penci-section penci-disSticky penci-structure-10 elementor-section elementor-top-section elementor-element elementor-element-005e031 elementor-section-boxed elementor-section-height-default elementor-section-height-default\" data-id=\"005e031\" data-element_type=\"section\">\n\t\t\t\t\t\t<div class=\"elementor-container elementor-column-gap-default\">\n\t\t\t\t\t<div class=\"penci-ercol-100 penci-ercol-order-1 penci-sticky-ct    elementor-column elementor-col-100 elementor-top-column elementor-element elementor-element-322d063\" data-id=\"322d063\" data-element_type=\"column\">\n\t\t\t<div class=\"elementor-widget-wrap elementor-element-populated\">\n\t\t\t\t\t\t\t\t<div class=\"elementor-element elementor-element-475d68e elementor-widget elementor-widget-text-editor\" data-id=\"475d68e\" data-element_type=\"widget\" data-widget_type=\"text-editor.default\">\n\t\t\t\t<div class=\"elementor-widget-container\">\n\t\t\t\t\t\t\t<h2><span class=\"ez-toc-section\" id=\"Fisa_de_monitorizare\"><\/span>Monitoring lap<span class=\"ez-toc-section-end\"><\/span><\/h2><p><div class=\"ead-preview\"><div class=\"ead-document\" style=\"position: relative;padding-top: 90%;\"><iframe src=\"\/\/view.officeapps.live.com\/op\/embed.aspx?src=https%3A%2F%2Fdastgmures.ro%2Fwp-content%2Fuploads%2F2022%2F11%2FFisa-de-monitorizare.docx\" title=\"Be\u00e1gyazott dokumentum\" class=\"ead-iframe\" style=\"width: 100%;height: 100%;border: none;position: absolute;left: 0;top: 0;\"><\/iframe><\/div><\/div><\/p>\t\t\t\t\t\t<\/div>\n\t\t\t\t<\/div>\n\t\t\t\t\t<\/div>\n\t\t<\/div>\n\t\t\t\t\t\t\t<\/div>\n\t\t<\/section>\n\t\t\t\t<section class=\"penci-section penci-disSticky penci-structure-10 elementor-section elementor-top-section elementor-element elementor-element-16eb30b elementor-section-boxed elementor-section-height-default elementor-section-height-default\" data-id=\"16eb30b\" data-element_type=\"section\">\n\t\t\t\t\t\t<div class=\"elementor-container elementor-column-gap-default\">\n\t\t\t\t\t<div class=\"penci-ercol-100 penci-ercol-order-1 penci-sticky-ct    elementor-column elementor-col-100 elementor-top-column elementor-element elementor-element-fd4d409\" data-id=\"fd4d409\" data-element_type=\"column\">\n\t\t\t<div class=\"elementor-widget-wrap elementor-element-populated\">\n\t\t\t\t\t\t\t\t<div class=\"elementor-element elementor-element-71e7433 elementor-widget elementor-widget-text-editor\" data-id=\"71e7433\" data-element_type=\"widget\" data-widget_type=\"text-editor.default\">\n\t\t\t\t<div class=\"elementor-widget-container\">\n\t\t\t\t\t\t\t<h2><span class=\"ez-toc-section\" id=\"Plan_de_servicii\"><\/span>Szolg\u00e1ltat\u00e1si terv<span class=\"ez-toc-section-end\"><\/span><\/h2>\n<p><div class=\"ead-preview\"><div class=\"ead-document\" style=\"position: relative;padding-top: 90%;\"><iframe src=\"\/\/view.officeapps.live.com\/op\/embed.aspx?src=https%3A%2F%2Fdastgmures.ro%2Fwp-content%2Fuploads%2F2024%2F02%2FPlan.docx\" title=\"Be\u00e1gyazott dokumentum\" class=\"ead-iframe\" style=\"width: 100%;height: 100%;border: none;position: absolute;left: 0;top: 0;\"><\/iframe><\/div><\/div><\/p>\t\t\t\t\t\t<\/div>\n\t\t\t\t<\/div>\n\t\t\t\t\t<\/div>\n\t\t<\/div>\n\t\t\t\t\t\t\t<\/div>\n\t\t<\/section>\n\t\t\t\t\t\t\t<\/div>","protected":false},"excerpt":{"rendered":"<p>A gyermekjogok v\u00e9delm\u00e9r\u0151l \u00e9s el\u0151mozd\u00edt\u00e1s\u00e1r\u00f3l sz\u00f3l\u00f3 272\/2004. sz. t\u00f6rv\u00e9ny, \u00fajrak\u00f6z\u00f6lve. A gyermek csal\u00e1dj\u00e1t\u00f3l val\u00f3 elv\u00e1laszt\u00e1s\u00e1nak megel\u0151z\u00e9se a k\u00f6vetkez\u0151kkel val\u00f3sul meg: A gyermekek azonos\u00edt\u00e1sa...<\/p>","protected":false},"author":1,"featured_media":0,"parent":2819,"menu_order":0,"comment_status":"closed","ping_status":"closed","template":"","meta":{"footnotes":""},"class_list":["post-2847","page","type-page","status-publish","hentry"],"yoast_head":"<!-- This site is optimized with the Yoast SEO plugin v19.13 - https:\/\/yoast.com\/wordpress\/plugins\/seo\/ -->\n<title>Copii afla\u021bi \u00een situa\u021bie de risc - Direc\u021bia de Asisten\u021b\u0103 Social\u0103 T\u00e2rgu Mure\u0219<\/title>\n<meta name=\"robots\" content=\"index, follow, max-snippet:-1, max-image-preview:large, max-video-preview:-1\" \/>\n<link rel=\"canonical\" href=\"https:\/\/dastgmures.ro\/hu\/joleti-szolgaltatasok\/gyermek-es-csaladvedelem\/veszelyeztetett-kiskoruak\/\" \/>\n<meta property=\"og:locale\" content=\"hu_HU\" \/>\n<meta property=\"og:type\" content=\"article\" \/>\n<meta property=\"og:title\" content=\"Copii afla\u021bi \u00een situa\u021bie de risc - Direc\u021bia de Asisten\u021b\u0103 Social\u0103 T\u00e2rgu Mure\u0219\" \/>\n<meta property=\"og:description\" content=\"Legisla\u021bie Legea nr. 272\/2004 privind protec\u0163ia \u015fi promovarea drepturilor copilului, republicat\u0103. Prevenirea separ\u0103rii copilului de familia sa se realizeaz\u0103 prin: Identificarea copiilor&hellip;\" \/>\n<meta property=\"og:url\" content=\"https:\/\/dastgmures.ro\/hu\/joleti-szolgaltatasok\/gyermek-es-csaladvedelem\/veszelyeztetett-kiskoruak\/\" \/>\n<meta property=\"og:site_name\" content=\"Direc\u021bia de Asisten\u021b\u0103 Social\u0103 T\u00e2rgu Mure\u0219\" \/>\n<meta property=\"article:modified_time\" content=\"2025-02-04T13:44:49+00:00\" \/>\n<meta name=\"twitter:card\" content=\"summary_large_image\" \/>\n<meta name=\"twitter:label1\" content=\"Becs\u00fclt olvas\u00e1si id\u0151\" \/>\n\t<meta name=\"twitter:data1\" content=\"3 perc\" \/>\n<script type=\"application\/ld+json\" class=\"yoast-schema-graph\">{\"@context\":\"https:\/\/schema.org\",\"@graph\":[{\"@type\":\"WebPage\",\"@id\":\"https:\/\/dastgmures.ro\/servicii-de-asistenta-sociala\/protectia-copilului-si-a-familiei\/copii-aflati-in-situatie-de-risc\/\",\"url\":\"https:\/\/dastgmures.ro\/servicii-de-asistenta-sociala\/protectia-copilului-si-a-familiei\/copii-aflati-in-situatie-de-risc\/\",\"name\":\"Copii afla\u021bi \u00een situa\u021bie de risc - Direc\u021bia de Asisten\u021b\u0103 Social\u0103 T\u00e2rgu Mure\u0219\",\"isPartOf\":{\"@id\":\"https:\/\/dastgmures.ro\/#website\"},\"datePublished\":\"2022-11-09T14:48:22+00:00\",\"dateModified\":\"2025-02-04T13:44:49+00:00\",\"breadcrumb\":{\"@id\":\"https:\/\/dastgmures.ro\/servicii-de-asistenta-sociala\/protectia-copilului-si-a-familiei\/copii-aflati-in-situatie-de-risc\/#breadcrumb\"},\"inLanguage\":\"hu\",\"potentialAction\":[{\"@type\":\"ReadAction\",\"target\":[\"https:\/\/dastgmures.ro\/servicii-de-asistenta-sociala\/protectia-copilului-si-a-familiei\/copii-aflati-in-situatie-de-risc\/\"]}]},{\"@type\":\"BreadcrumbList\",\"@id\":\"https:\/\/dastgmures.ro\/servicii-de-asistenta-sociala\/protectia-copilului-si-a-familiei\/copii-aflati-in-situatie-de-risc\/#breadcrumb\",\"itemListElement\":[{\"@type\":\"ListItem\",\"position\":1,\"name\":\"Prima pagin\u0103\",\"item\":\"https:\/\/dastgmures.ro\/\"},{\"@type\":\"ListItem\",\"position\":2,\"name\":\"Servicii de Asisten\u021b\u0103 Social\u0103\",\"item\":\"https:\/\/dastgmures.ro\/servicii-de-asistenta-sociala\/\"},{\"@type\":\"ListItem\",\"position\":3,\"name\":\"Protec\u021bia copilului \u0219i a familiei\",\"item\":\"https:\/\/dastgmures.ro\/servicii-de-asistenta-sociala\/protectia-copilului-si-a-familiei\/\"},{\"@type\":\"ListItem\",\"position\":4,\"name\":\"Copii afla\u021bi \u00een situa\u021bie de risc\"}]},{\"@type\":\"WebSite\",\"@id\":\"https:\/\/dastgmures.ro\/#website\",\"url\":\"https:\/\/dastgmures.ro\/\",\"name\":\"Direc\u021bia de Asisten\u021b\u0103 Social\u0103 T\u00e2rgu Mure\u0219\",\"description\":\"\",\"potentialAction\":[{\"@type\":\"SearchAction\",\"target\":{\"@type\":\"EntryPoint\",\"urlTemplate\":\"https:\/\/dastgmures.ro\/?s={search_term_string}\"},\"query-input\":\"required name=search_term_string\"}],\"inLanguage\":\"hu\"}]}<\/script>\n<!-- \/ Yoast SEO plugin. -->","yoast_head_json":{"title":"Copii afla\u021bi \u00een situa\u021bie de risc - Direc\u021bia de Asisten\u021b\u0103 Social\u0103 T\u00e2rgu Mure\u0219","robots":{"index":"index","follow":"follow","max-snippet":"max-snippet:-1","max-image-preview":"max-image-preview:large","max-video-preview":"max-video-preview:-1"},"canonical":"https:\/\/dastgmures.ro\/hu\/joleti-szolgaltatasok\/gyermek-es-csaladvedelem\/veszelyeztetett-kiskoruak\/","og_locale":"hu_HU","og_type":"article","og_title":"Copii afla\u021bi \u00een situa\u021bie de risc - Direc\u021bia de Asisten\u021b\u0103 Social\u0103 T\u00e2rgu Mure\u0219","og_description":"Legisla\u021bie Legea nr. 272\/2004 privind protec\u0163ia \u015fi promovarea drepturilor copilului, republicat\u0103. Prevenirea separ\u0103rii copilului de familia sa se realizeaz\u0103 prin: Identificarea copiilor&hellip;","og_url":"https:\/\/dastgmures.ro\/hu\/joleti-szolgaltatasok\/gyermek-es-csaladvedelem\/veszelyeztetett-kiskoruak\/","og_site_name":"Direc\u021bia de Asisten\u021b\u0103 Social\u0103 T\u00e2rgu Mure\u0219","article_modified_time":"2025-02-04T13:44:49+00:00","twitter_card":"summary_large_image","twitter_misc":{"Becs\u00fclt olvas\u00e1si id\u0151":"3 perc"},"schema":{"@context":"https:\/\/schema.org","@graph":[{"@type":"WebPage","@id":"https:\/\/dastgmures.ro\/servicii-de-asistenta-sociala\/protectia-copilului-si-a-familiei\/copii-aflati-in-situatie-de-risc\/","url":"https:\/\/dastgmures.ro\/servicii-de-asistenta-sociala\/protectia-copilului-si-a-familiei\/copii-aflati-in-situatie-de-risc\/","name":"Copii afla\u021bi \u00een situa\u021bie de risc - Direc\u021bia de Asisten\u021b\u0103 Social\u0103 T\u00e2rgu Mure\u0219","isPartOf":{"@id":"https:\/\/dastgmures.ro\/#website"},"datePublished":"2022-11-09T14:48:22+00:00","dateModified":"2025-02-04T13:44:49+00:00","breadcrumb":{"@id":"https:\/\/dastgmures.ro\/servicii-de-asistenta-sociala\/protectia-copilului-si-a-familiei\/copii-aflati-in-situatie-de-risc\/#breadcrumb"},"inLanguage":"hu","potentialAction":[{"@type":"ReadAction","target":["https:\/\/dastgmures.ro\/servicii-de-asistenta-sociala\/protectia-copilului-si-a-familiei\/copii-aflati-in-situatie-de-risc\/"]}]},{"@type":"BreadcrumbList","@id":"https:\/\/dastgmures.ro\/servicii-de-asistenta-sociala\/protectia-copilului-si-a-familiei\/copii-aflati-in-situatie-de-risc\/#breadcrumb","itemListElement":[{"@type":"ListItem","position":1,"name":"Prima pagin\u0103","item":"https:\/\/dastgmures.ro\/"},{"@type":"ListItem","position":2,"name":"Servicii de Asisten\u021b\u0103 Social\u0103","item":"https:\/\/dastgmures.ro\/servicii-de-asistenta-sociala\/"},{"@type":"ListItem","position":3,"name":"Protec\u021bia copilului \u0219i a familiei","item":"https:\/\/dastgmures.ro\/servicii-de-asistenta-sociala\/protectia-copilului-si-a-familiei\/"},{"@type":"ListItem","position":4,"name":"Copii afla\u021bi \u00een situa\u021bie de risc"}]},{"@type":"WebSite","@id":"https:\/\/dastgmures.ro\/#website","url":"https:\/\/dastgmures.ro\/","name":"Direc\u021bia de Asisten\u021b\u0103 Social\u0103 T\u00e2rgu Mure\u0219","description":"","potentialAction":[{"@type":"SearchAction","target":{"@type":"EntryPoint","urlTemplate":"https:\/\/dastgmures.ro\/?s={search_term_string}"},"query-input":"required name=search_term_string"}],"inLanguage":"hu"}]}},"_links":{"self":[{"href":"https:\/\/dastgmures.ro\/hu\/wp-json\/wp\/v2\/pages\/2847","targetHints":{"allow":["GET"]}}],"collection":[{"href":"https:\/\/dastgmures.ro\/hu\/wp-json\/wp\/v2\/pages"}],"about":[{"href":"https:\/\/dastgmures.ro\/hu\/wp-json\/wp\/v2\/types\/page"}],"author":[{"embeddable":true,"href":"https:\/\/dastgmures.ro\/hu\/wp-json\/wp\/v2\/users\/1"}],"replies":[{"embeddable":true,"href":"https:\/\/dastgmures.ro\/hu\/wp-json\/wp\/v2\/comments?post=2847"}],"version-history":[{"count":29,"href":"https:\/\/dastgmures.ro\/hu\/wp-json\/wp\/v2\/pages\/2847\/revisions"}],"predecessor-version":[{"id":12754,"href":"https:\/\/dastgmures.ro\/hu\/wp-json\/wp\/v2\/pages\/2847\/revisions\/12754"}],"up":[{"embeddable":true,"href":"https:\/\/dastgmures.ro\/hu\/wp-json\/wp\/v2\/pages\/2819"}],"wp:attachment":[{"href":"https:\/\/dastgmures.ro\/hu\/wp-json\/wp\/v2\/media?parent=2847"}],"curies":[{"name":"wp","href":"https:\/\/api.w.org\/{rel}","templated":true}]}}