{"id":2922,"date":"2022-11-10T11:29:14","date_gmt":"2022-11-10T09:29:14","guid":{"rendered":"https:\/\/dastgmures.ro\/?page_id=2922"},"modified":"2024-02-22T15:15:32","modified_gmt":"2024-02-22T13:15:32","slug":"acordare-gratuita-lapte-praf-bebelusi","status":"publish","type":"page","link":"https:\/\/dastgmures.ro\/hu\/joleti-juttatasok\/penzugyi-orvosi-szocialis-osztonzo-tanuloknak\/","title":{"rendered":"Ingyenes tejpor csecsem\u0151knek"},"content":{"rendered":"<div data-elementor-type=\"wp-page\" data-elementor-id=\"2922\" class=\"elementor elementor-2922\">\n\t\t\t\t\t\t\t\t\t<section class=\"penci-section penci-disSticky penci-structure-10 elementor-section elementor-top-section elementor-element elementor-element-5919769a elementor-section-boxed elementor-section-height-default elementor-section-height-default\" data-id=\"5919769a\" data-element_type=\"section\">\n\t\t\t\t\t\t<div class=\"elementor-container elementor-column-gap-default\">\n\t\t\t\t\t<div class=\"penci-ercol-100 penci-ercol-order-1 penci-sticky-ct    elementor-column elementor-col-100 elementor-top-column elementor-element elementor-element-66a3888f\" data-id=\"66a3888f\" data-element_type=\"column\">\n\t\t\t<div class=\"elementor-widget-wrap elementor-element-populated\">\n\t\t\t\t\t\t\t\t<div class=\"elementor-element elementor-element-5ebc5592 elementor-widget elementor-widget-text-editor\" data-id=\"5ebc5592\" data-element_type=\"widget\" data-widget_type=\"text-editor.default\">\n\t\t\t\t<div class=\"elementor-widget-container\">\n\t\t\t<style>\/*! elementor - v3.7.8 - 02-10-2022 *\/\n.elementor-widget-text-editor.elementor-drop-cap-view-stacked .elementor-drop-cap{background-color:#818a91;color:#fff}.elementor-widget-text-editor.elementor-drop-cap-view-framed .elementor-drop-cap{color:#818a91;border:3px solid;background-color:transparent}.elementor-widget-text-editor:not(.elementor-drop-cap-view-default) .elementor-drop-cap{margin-top:8px}.elementor-widget-text-editor:not(.elementor-drop-cap-view-default) .elementor-drop-cap-letter{width:1em;height:1em}.elementor-widget-text-editor .elementor-drop-cap{float:left;text-align:center;line-height:1;font-size:50px}.elementor-widget-text-editor .elementor-drop-cap-letter{display:inline-block}<\/style>\t\t\t\t<p><div id=\"ez-toc-container\" class=\"ez-toc-v2_0_36_1 counter-hierarchy ez-toc-counter ez-toc-grey ez-toc-container-direction\">\n<div class=\"ez-toc-title-container\">\n<p class=\"ez-toc-title\">Az oldal tartalma<\/p>\n<span class=\"ez-toc-title-toggle\"><a href=\"#\" class=\"ez-toc-pull-right ez-toc-btn ez-toc-btn-xs ez-toc-btn-default ez-toc-toggle\" style=\"display: none;\"><label for=\"item\" aria-label=\"Tartalomjegyz\u00e9k\"><span style=\"display: flex;align-items: center;width: 35px;height: 30px;justify-content: center;\"><svg style=\"fill: #999;color:#999\" xmlns=\"http:\/\/www.w3.org\/2000\/svg\" class=\"list-377408\" width=\"20px\" height=\"20px\" viewbox=\"0 0 24 24\" fill=\"none\"><path d=\"M6 6H4v2h2V6zm14 0H8v2h12V6zM4 11h2v2H4v-2zm16 0H8v2h12v-2zM4 16h2v2H4v-2zm16 0H8v2h12v-2z\" fill=\"currentColor\"><\/path><\/svg><svg style=\"fill: #999;color:#999\" class=\"arrow-unsorted-368013\" xmlns=\"http:\/\/www.w3.org\/2000\/svg\" width=\"10px\" height=\"10px\" viewbox=\"0 0 24 24\" version=\"1.2\" baseprofile=\"tiny\"><path d=\"M18.2 9.3l-6.2-6.3-6.2 6.3c-.2.2-.3.4-.3.7s.1.5.3.7c.2.2.4.3.7.3h11c.3 0 .5-.1.7-.3.2-.2.3-.5.3-.7s-.1-.5-.3-.7zM5.8 14.7l6.2 6.3 6.2-6.3c.2-.2.3-.5.3-.7s-.1-.5-.3-.7c-.2-.2-.4-.3-.7-.3h-11c-.3 0-.5.1-.7.3-.2.2-.3.5-.3.7s.1.5.3.7z\"\/><\/svg><\/span><\/label><input type=\"checkbox\" id=\"item\"><\/a><\/span><\/div>\n<nav><ul class='ez-toc-list ez-toc-list-level-1' ><li class='ez-toc-page-1 ez-toc-heading-level-2'><a class=\"ez-toc-link ez-toc-heading-1\" href=\"https:\/\/dastgmures.ro\/hu\/joleti-juttatasok\/penzugyi-orvosi-szocialis-osztonzo-tanuloknak\/#Legislatie\" title=\"Jogszab\u00e1lyok\">Jogszab\u00e1lyok<\/a><\/li><li class='ez-toc-page-1 ez-toc-heading-level-2'><a class=\"ez-toc-link ez-toc-heading-2\" href=\"https:\/\/dastgmures.ro\/hu\/joleti-juttatasok\/penzugyi-orvosi-szocialis-osztonzo-tanuloknak\/#Beneficiari\" title=\"Kedvezm\u00e9nyezettek\">Kedvezm\u00e9nyezettek<\/a><\/li><li class='ez-toc-page-1 ez-toc-heading-level-2'><a class=\"ez-toc-link ez-toc-heading-3\" href=\"https:\/\/dastgmures.ro\/hu\/joleti-juttatasok\/penzugyi-orvosi-szocialis-osztonzo-tanuloknak\/#Acte_necesare\" title=\"Sz\u00fcks\u00e9ges dokumentumok\">Sz\u00fcks\u00e9ges dokumentumok<\/a><\/li><li class='ez-toc-page-1 ez-toc-heading-level-2'><a class=\"ez-toc-link ez-toc-heading-4\" href=\"https:\/\/dastgmures.ro\/hu\/joleti-juttatasok\/penzugyi-orvosi-szocialis-osztonzo-tanuloknak\/#Program\" title=\"Program\">Program<\/a><\/li><\/ul><\/nav><\/div>\n<\/p><h2><span class=\"ez-toc-section\" id=\"Legislatie\"><\/span><strong>Jogszab\u00e1lyok<\/strong><span class=\"ez-toc-section-end\"><\/span><\/h2><p>A tejport az anyatejet nem kap\u00f3 0-12 h\u00f3napos gyermekek ingyenes tejporell\u00e1t\u00e1s\u00e1r\u00f3l sz\u00f3l\u00f3 321\/2001. sz. t\u00f6rv\u00e9ny \u00e9s az anyatejet nem kap\u00f3 0-12 h\u00f3napos gyermekek ingyenes tejporell\u00e1t\u00e1s\u00e1r\u00f3l sz\u00f3l\u00f3 321\/2001. sz. t\u00f6rv\u00e9ny alkalmaz\u00e1s\u00e1nak m\u00f3dszertani szab\u00e1lyait j\u00f3v\u00e1hagy\u00f3 1.253\/2006. sz. rendelet rendelkez\u00e9sei szerint ingyenesen biztos\u00edtj\u00e1k.<\/p><p>A 0-12 h\u00f3napos kor\u00fa, anyatejben nem r\u00e9szes\u00fcl\u0151 \u00e9s az oda\u00edt\u00e9l\u00e9s felt\u00e9teleinek megfelel\u0151 gyermekek sz\u00e1m\u00e1ra t\u00e9r\u00edt\u00e9smentesen biztos\u00edtott anyatej-helyettes\u00edt\u0151 t\u00e1pszer tejpor fel\u00edr\u00e1sa az Eg\u00e9szs\u00e9g\u00fcgyi Miniszt\u00e9rium receptj\u00e9n t\u00f6rt\u00e9nik, \u00e9s a k\u00f6vetkez\u0151 inform\u00e1ci\u00f3kat kell tartalmaznia: az orvosi rendel\u0151 neve, a gyermek azonos\u00edt\u00f3 adatai (vezet\u00e9kn\u00e9v, keresztn\u00e9v, CNP, \u00e9letkor), a programba val\u00f3 felv\u00e9tel felt\u00e9telei, a konzult\u00e1ci\u00f3s \u0171rlap\/konzult\u00e1ci\u00f3s nyilv\u00e1ntart\u00e1s sz\u00e1ma, a \"mesters\u00e9gesen vagy vegyesen t\u00e1pl\u00e1lt\" diagn\u00f3zis, a felt\u00fcntetett tejpor neve \u00e9s az aj\u00e1nlott mennyis\u00e9g, a recept d\u00e1tuma, az orvos al\u00e1\u00edr\u00e1sa \u00e9s monogramja.<\/p><p>A tejpor biztos\u00edt\u00e1s\u00e1ra vonatkoz\u00f3 orvosi rendelv\u00e9ny az adott h\u00f3napra \u00e9rv\u00e9nyes.<\/p><h2><span class=\"ez-toc-section\" id=\"Beneficiari\"><\/span><strong>Kedvezm\u00e9nyezettek<\/strong><span class=\"ez-toc-section-end\"><\/span><\/h2><p>Azok a 0-12 h\u00f3napos gyermekek, akik nem kapnak anyatejet, \u00e9s megfelelnek az Ord. MS\/ MAI 380\/106\/2011. sz:<\/p><p>1. A szoptat\u00e1sra ellenjavallt any\u00e1k gyermekei (s\u00falyos betegs\u00e9gek: A szoptat\u00f3 anya nem szoptathatja a gyermeket, ha a gyermek nem szoptathat\u00f3: akt\u00edv t\u00fcd\u0151tuberkul\u00f3zis, daganatos betegs\u00e9g, kachexia, szepszis, s\u00falyos ment\u00e1lis betegs\u00e9g, epilepszia, eklampszia, sclerosis multiplex, vese-, m\u00e1j- vagy sz\u00edvel\u00e9gtelens\u00e9g, dekompenz\u00e1lt diabetes mellitus, tirotoxik\u00f3zis, HIV-fert\u0151z\u00f6tt anya, citosztatikumokkal, diazepinekkel, g\u00f6rcsold\u00f3kkal, antikoagul\u00e1nsokkal, radioizot\u00f3pokkal val\u00f3 kezel\u00e9s, k\u00e1b\u00edt\u00f3szer- vagy alkoholf\u00fcgg\u0151s\u00e9g, a gyermek m\u00e9rgez\u00e9s\u00e9t okoz\u00f3 doh\u00e1nyz\u00e1s);<\/p><p>2. Eg\u00e9szs\u00e9ges gyermekek, akiknek n\u00f6veked\u00e9se nem kiel\u00e9g\u00edt\u0151 (a norm\u00e1l \u00e9letkor als\u00f3 hat\u00e1ra alatt van) az anyatej hi\u00e1nya miatt. A gyermek nem kiel\u00e9g\u00edt\u0151 n\u00f6veked\u00e9s\u00e9t a szoptat\u00e1si technika \u00e9s a s\u00falyg\u00f6rbe \u00e9rt\u00e9kel\u00e9se ut\u00e1n a h\u00e1ziorvos\/gyermekorvos vagy a neonatol\u00f3gus a gyermek orvosi kartonj\u00e1ban r\u00f6gz\u00edti. A t\u00e1pszeres tej ad\u00e1s\u00e1r\u00f3l csak akkor d\u00f6ntenek, ha az al\u00e1bbi felt\u00e9telek valamelyike teljes\u00fcl:<\/p><ul><li>A baba k\u00e9t h\u00e9t ut\u00e1n sem nyerte vissza sz\u00fclet\u00e9si s\u00faly\u00e1t;<\/li><li>A 0-8 h\u00f3napos gyermekek havi testt\u00f6mege 500 grammn\u00e1l kevesebb;<\/li><li>A 8 h\u00f3naposn\u00e1l id\u0151sebb gyermekek 250 g\/h\u00f3napn\u00e1l kevesebbet szednek.<\/li><\/ul><p>3. \u00d6r\u00f6kbefogadott vagy nevelt gyermek;<\/p><p>4. Gyermek elhunyt any\u00e1val.<\/p><h2><span class=\"ez-toc-section\" id=\"Acte_necesare\"><\/span><strong>Sz\u00fcks\u00e9ges dokumentumok<\/strong><span class=\"ez-toc-section-end\"><\/span><\/h2><ul><li>A t\u00f6rv\u00e9nyes k\u00e9pvisel\u0151 szem\u00e9lyi igazolv\u00e1nya eredeti p\u00e9ld\u00e1nyban;<\/li><\/ul><ul><li><strong>Orvosi v\u00e9ny<\/strong>- az az orvosi dokumentum, amely alapj\u00e1n a kedvezm\u00e9nyezettek hozz\u00e1tartoz\u00f3i felvehetik a DAS Targu Mures-t\u00f3l a 0-12 h\u00f3napos gyermekek sz\u00e1m\u00e1ra a h\u00e1ziorvos \u00e1ltal ki\u00e1ll\u00edtott tejport, amely az Eg\u00e9szs\u00e9g\u00fcgyi Miniszt\u00e9rium \u00e1ltal ki\u00e1ll\u00edtott recept alapj\u00e1n k\u00e9sz\u00fclt, a foly\u00f3 h\u00f3napra \u00e9rv\u00e9nyes \u00e9s k\u00f6telez\u0151:<\/li><li>az orvosi rendel\u0151 neve;<\/li><li>a gyermek azonos\u00edt\u00f3 adatai (n\u00e9v, vezet\u00e9kn\u00e9v, szem\u00e9lyi igazolv\u00e1ny, a gyermek \u00e9letkora);<\/li><li>a program t\u00e1mogathat\u00f3s\u00e1gi felt\u00e9telei;<\/li><li>a konzult\u00e1ci\u00f3s lap\/konzult\u00e1ci\u00f3s nyilv\u00e1ntart\u00e1s sz\u00e1ma;<\/li><li>a \"mesters\u00e9gesen t\u00e1pl\u00e1lt vagy kevert\" diagn\u00f3zis;<\/li><li>a felt\u00fcntetett tejpor neve \u00e9s az aj\u00e1nlott mennyis\u00e9g;<\/li><li>a v\u00e9ny d\u00e1tuma, al\u00e1\u00edr\u00e1s \u00e9s az orvos pecs\u00e9tje.<\/li><\/ul><h2><span class=\"ez-toc-section\" id=\"Program\"><\/span><strong>Program<\/strong><span class=\"ez-toc-section-end\"><\/span><\/h2><p>A tejporos dobozokat a fent eml\u00edtett krit\u00e9riumoknak megfelel\u0151 gyermekek t\u00f6rv\u00e9nyes k\u00e9pvisel\u0151je orvosi recept alapj\u00e1n veszi \u00e1t a marosv\u00e1s\u00e1rhelyi szoci\u00e1lis oszt\u00e1lyon (Gheorghe Doja utca 9. sz\u00e1m, 9-es szoba).<\/p>\t\t\t\t\t\t<\/div>\n\t\t\t\t<\/div>\n\t\t\t\t\t<\/div>\n\t\t<\/div>\n\t\t\t\t\t\t\t<\/div>\n\t\t<\/section>\n\t\t\t\t\t\t\t<\/div>","protected":false},"excerpt":{"rendered":"<p>Jogszab\u00e1lyok A tejpor ingyenes biztos\u00edt\u00e1sa a 321\/2001. sz\u00e1m\u00fa, a gyermekek ingyenes tejporral val\u00f3 ell\u00e1t\u00e1s\u00e1r\u00f3l sz\u00f3l\u00f3 t\u00f6rv\u00e9ny rendelkez\u00e9sei szerint...<\/p>","protected":false},"author":1,"featured_media":0,"parent":2920,"menu_order":0,"comment_status":"closed","ping_status":"closed","template":"","meta":{"footnotes":""},"class_list":["post-2922","page","type-page","status-publish","hentry"],"yoast_head":"<!-- This site is optimized with the Yoast SEO plugin v19.13 - https:\/\/yoast.com\/wordpress\/plugins\/seo\/ -->\n<title>Acordare gratuit\u0103 de lapte praf pentru bebelu\u0219i - Direc\u021bia de Asisten\u021b\u0103 Social\u0103 T\u00e2rgu Mure\u0219<\/title>\n<meta name=\"robots\" content=\"index, follow, max-snippet:-1, max-image-preview:large, max-video-preview:-1\" \/>\n<link rel=\"canonical\" href=\"https:\/\/dastgmures.ro\/hu\/joleti-juttatasok\/penzugyi-orvosi-szocialis-osztonzo-tanuloknak\/\" \/>\n<meta property=\"og:locale\" content=\"hu_HU\" \/>\n<meta property=\"og:type\" content=\"article\" \/>\n<meta property=\"og:title\" content=\"Acordare gratuit\u0103 de lapte praf pentru bebelu\u0219i - Direc\u021bia de Asisten\u021b\u0103 Social\u0103 T\u00e2rgu Mure\u0219\" \/>\n<meta property=\"og:description\" content=\"Legisla\u021bie Laptele praf se acord\u0103 gratuit conform prevederilor Legii nr. 321\/2001 privind acordarea gratuit\u0103 a laptelui praf pentru copiii cu v\u00e2rste cuprinse&hellip;\" \/>\n<meta property=\"og:url\" content=\"https:\/\/dastgmures.ro\/hu\/joleti-juttatasok\/penzugyi-orvosi-szocialis-osztonzo-tanuloknak\/\" \/>\n<meta property=\"og:site_name\" content=\"Direc\u021bia de Asisten\u021b\u0103 Social\u0103 T\u00e2rgu Mure\u0219\" \/>\n<meta property=\"article:modified_time\" content=\"2024-02-22T13:15:32+00:00\" \/>\n<meta name=\"twitter:card\" content=\"summary_large_image\" \/>\n<meta name=\"twitter:label1\" content=\"Becs\u00fclt olvas\u00e1si id\u0151\" \/>\n\t<meta name=\"twitter:data1\" content=\"6 perc\" \/>\n<script type=\"application\/ld+json\" class=\"yoast-schema-graph\">{\"@context\":\"https:\/\/schema.org\",\"@graph\":[{\"@type\":\"WebPage\",\"@id\":\"https:\/\/dastgmures.ro\/beneficii-de-asistenta-sociala\/acordare-gratuita-lapte-praf-bebelusi\/\",\"url\":\"https:\/\/dastgmures.ro\/beneficii-de-asistenta-sociala\/acordare-gratuita-lapte-praf-bebelusi\/\",\"name\":\"Acordare gratuit\u0103 de lapte praf pentru bebelu\u0219i - Direc\u021bia de Asisten\u021b\u0103 Social\u0103 T\u00e2rgu Mure\u0219\",\"isPartOf\":{\"@id\":\"https:\/\/dastgmures.ro\/#website\"},\"datePublished\":\"2022-11-10T09:29:14+00:00\",\"dateModified\":\"2024-02-22T13:15:32+00:00\",\"breadcrumb\":{\"@id\":\"https:\/\/dastgmures.ro\/beneficii-de-asistenta-sociala\/acordare-gratuita-lapte-praf-bebelusi\/#breadcrumb\"},\"inLanguage\":\"hu\",\"potentialAction\":[{\"@type\":\"ReadAction\",\"target\":[\"https:\/\/dastgmures.ro\/beneficii-de-asistenta-sociala\/acordare-gratuita-lapte-praf-bebelusi\/\"]}]},{\"@type\":\"BreadcrumbList\",\"@id\":\"https:\/\/dastgmures.ro\/beneficii-de-asistenta-sociala\/acordare-gratuita-lapte-praf-bebelusi\/#breadcrumb\",\"itemListElement\":[{\"@type\":\"ListItem\",\"position\":1,\"name\":\"Prima pagin\u0103\",\"item\":\"https:\/\/dastgmures.ro\/\"},{\"@type\":\"ListItem\",\"position\":2,\"name\":\"Beneficii de Asisten\u021b\u0103 Social\u0103\",\"item\":\"https:\/\/dastgmures.ro\/beneficii-de-asistenta-sociala\/\"},{\"@type\":\"ListItem\",\"position\":3,\"name\":\"Acordare gratuit\u0103 de lapte praf pentru bebelu\u0219i\"}]},{\"@type\":\"WebSite\",\"@id\":\"https:\/\/dastgmures.ro\/#website\",\"url\":\"https:\/\/dastgmures.ro\/\",\"name\":\"Direc\u021bia de Asisten\u021b\u0103 Social\u0103 T\u00e2rgu Mure\u0219\",\"description\":\"\",\"potentialAction\":[{\"@type\":\"SearchAction\",\"target\":{\"@type\":\"EntryPoint\",\"urlTemplate\":\"https:\/\/dastgmures.ro\/?s={search_term_string}\"},\"query-input\":\"required name=search_term_string\"}],\"inLanguage\":\"hu\"}]}<\/script>\n<!-- \/ Yoast SEO plugin. -->","yoast_head_json":{"title":"Acordare gratuit\u0103 de lapte praf pentru bebelu\u0219i - Direc\u021bia de Asisten\u021b\u0103 Social\u0103 T\u00e2rgu Mure\u0219","robots":{"index":"index","follow":"follow","max-snippet":"max-snippet:-1","max-image-preview":"max-image-preview:large","max-video-preview":"max-video-preview:-1"},"canonical":"https:\/\/dastgmures.ro\/hu\/joleti-juttatasok\/penzugyi-orvosi-szocialis-osztonzo-tanuloknak\/","og_locale":"hu_HU","og_type":"article","og_title":"Acordare gratuit\u0103 de lapte praf pentru bebelu\u0219i - Direc\u021bia de Asisten\u021b\u0103 Social\u0103 T\u00e2rgu Mure\u0219","og_description":"Legisla\u021bie Laptele praf se acord\u0103 gratuit conform prevederilor Legii nr. 321\/2001 privind acordarea gratuit\u0103 a laptelui praf pentru copiii cu v\u00e2rste cuprinse&hellip;","og_url":"https:\/\/dastgmures.ro\/hu\/joleti-juttatasok\/penzugyi-orvosi-szocialis-osztonzo-tanuloknak\/","og_site_name":"Direc\u021bia de Asisten\u021b\u0103 Social\u0103 T\u00e2rgu Mure\u0219","article_modified_time":"2024-02-22T13:15:32+00:00","twitter_card":"summary_large_image","twitter_misc":{"Becs\u00fclt olvas\u00e1si id\u0151":"6 perc"},"schema":{"@context":"https:\/\/schema.org","@graph":[{"@type":"WebPage","@id":"https:\/\/dastgmures.ro\/beneficii-de-asistenta-sociala\/acordare-gratuita-lapte-praf-bebelusi\/","url":"https:\/\/dastgmures.ro\/beneficii-de-asistenta-sociala\/acordare-gratuita-lapte-praf-bebelusi\/","name":"Acordare gratuit\u0103 de lapte praf pentru bebelu\u0219i - Direc\u021bia de Asisten\u021b\u0103 Social\u0103 T\u00e2rgu Mure\u0219","isPartOf":{"@id":"https:\/\/dastgmures.ro\/#website"},"datePublished":"2022-11-10T09:29:14+00:00","dateModified":"2024-02-22T13:15:32+00:00","breadcrumb":{"@id":"https:\/\/dastgmures.ro\/beneficii-de-asistenta-sociala\/acordare-gratuita-lapte-praf-bebelusi\/#breadcrumb"},"inLanguage":"hu","potentialAction":[{"@type":"ReadAction","target":["https:\/\/dastgmures.ro\/beneficii-de-asistenta-sociala\/acordare-gratuita-lapte-praf-bebelusi\/"]}]},{"@type":"BreadcrumbList","@id":"https:\/\/dastgmures.ro\/beneficii-de-asistenta-sociala\/acordare-gratuita-lapte-praf-bebelusi\/#breadcrumb","itemListElement":[{"@type":"ListItem","position":1,"name":"Prima pagin\u0103","item":"https:\/\/dastgmures.ro\/"},{"@type":"ListItem","position":2,"name":"Beneficii de Asisten\u021b\u0103 Social\u0103","item":"https:\/\/dastgmures.ro\/beneficii-de-asistenta-sociala\/"},{"@type":"ListItem","position":3,"name":"Acordare gratuit\u0103 de lapte praf pentru bebelu\u0219i"}]},{"@type":"WebSite","@id":"https:\/\/dastgmures.ro\/#website","url":"https:\/\/dastgmures.ro\/","name":"Direc\u021bia de Asisten\u021b\u0103 Social\u0103 T\u00e2rgu Mure\u0219","description":"","potentialAction":[{"@type":"SearchAction","target":{"@type":"EntryPoint","urlTemplate":"https:\/\/dastgmures.ro\/?s={search_term_string}"},"query-input":"required name=search_term_string"}],"inLanguage":"hu"}]}},"_links":{"self":[{"href":"https:\/\/dastgmures.ro\/hu\/wp-json\/wp\/v2\/pages\/2922","targetHints":{"allow":["GET"]}}],"collection":[{"href":"https:\/\/dastgmures.ro\/hu\/wp-json\/wp\/v2\/pages"}],"about":[{"href":"https:\/\/dastgmures.ro\/hu\/wp-json\/wp\/v2\/types\/page"}],"author":[{"embeddable":true,"href":"https:\/\/dastgmures.ro\/hu\/wp-json\/wp\/v2\/users\/1"}],"replies":[{"embeddable":true,"href":"https:\/\/dastgmures.ro\/hu\/wp-json\/wp\/v2\/comments?post=2922"}],"version-history":[{"count":39,"href":"https:\/\/dastgmures.ro\/hu\/wp-json\/wp\/v2\/pages\/2922\/revisions"}],"predecessor-version":[{"id":9668,"href":"https:\/\/dastgmures.ro\/hu\/wp-json\/wp\/v2\/pages\/2922\/revisions\/9668"}],"up":[{"embeddable":true,"href":"https:\/\/dastgmures.ro\/hu\/wp-json\/wp\/v2\/pages\/2920"}],"wp:attachment":[{"href":"https:\/\/dastgmures.ro\/hu\/wp-json\/wp\/v2\/media?parent=2922"}],"curies":[{"name":"wp","href":"https:\/\/api.w.org\/{rel}","templated":true}]}}