{"id":3005,"date":"2022-11-10T13:47:41","date_gmt":"2022-11-10T13:47:41","guid":{"rendered":"https:\/\/dastgmures.ro\/?page_id=3005"},"modified":"2023-09-19T09:34:28","modified_gmt":"2023-09-19T07:34:28","slug":"cantina-sociala","status":"publish","type":"page","link":"https:\/\/dastgmures.ro\/hu\/joleti-juttatasok\/menza-szocialis\/","title":{"rendered":"Szoci\u00e1lis \u00e9tkezde"},"content":{"rendered":"<div data-elementor-type=\"wp-page\" data-elementor-id=\"3005\" class=\"elementor elementor-3005\">\n\t\t\t\t\t\t\t\t\t<section class=\"penci-section penci-disSticky penci-structure-10 elementor-section elementor-top-section elementor-element elementor-element-5919769a elementor-section-boxed elementor-section-height-default elementor-section-height-default\" data-id=\"5919769a\" data-element_type=\"section\">\n\t\t\t\t\t\t<div class=\"elementor-container elementor-column-gap-default\">\n\t\t\t\t\t<div class=\"penci-ercol-100 penci-ercol-order-1 penci-sticky-ct    elementor-column elementor-col-100 elementor-top-column elementor-element elementor-element-66a3888f\" data-id=\"66a3888f\" data-element_type=\"column\">\n\t\t\t<div class=\"elementor-widget-wrap elementor-element-populated\">\n\t\t\t\t\t\t\t\t<div class=\"elementor-element elementor-element-5ebc5592 elementor-widget elementor-widget-text-editor\" data-id=\"5ebc5592\" data-element_type=\"widget\" data-widget_type=\"text-editor.default\">\n\t\t\t\t<div class=\"elementor-widget-container\">\n\t\t\t<style>\/*! elementor - v3.7.8 - 02-10-2022 *\/\n.elementor-widget-text-editor.elementor-drop-cap-view-stacked .elementor-drop-cap{background-color:#818a91;color:#fff}.elementor-widget-text-editor.elementor-drop-cap-view-framed .elementor-drop-cap{color:#818a91;border:3px solid;background-color:transparent}.elementor-widget-text-editor:not(.elementor-drop-cap-view-default) .elementor-drop-cap{margin-top:8px}.elementor-widget-text-editor:not(.elementor-drop-cap-view-default) .elementor-drop-cap-letter{width:1em;height:1em}.elementor-widget-text-editor .elementor-drop-cap{float:left;text-align:center;line-height:1;font-size:50px}.elementor-widget-text-editor .elementor-drop-cap-letter{display:inline-block}<\/style>\t\t\t\t<p><div id=\"ez-toc-container\" class=\"ez-toc-v2_0_36_1 counter-hierarchy ez-toc-counter ez-toc-grey ez-toc-container-direction\">\n<div class=\"ez-toc-title-container\">\n<p class=\"ez-toc-title\">Az oldal tartalma<\/p>\n<span class=\"ez-toc-title-toggle\"><a href=\"#\" class=\"ez-toc-pull-right ez-toc-btn ez-toc-btn-xs ez-toc-btn-default ez-toc-toggle\" style=\"display: none;\"><label for=\"item\" aria-label=\"Tartalomjegyz\u00e9k\"><span style=\"display: flex;align-items: center;width: 35px;height: 30px;justify-content: center;\"><svg style=\"fill: #999;color:#999\" xmlns=\"http:\/\/www.w3.org\/2000\/svg\" class=\"list-377408\" width=\"20px\" height=\"20px\" viewbox=\"0 0 24 24\" fill=\"none\"><path d=\"M6 6H4v2h2V6zm14 0H8v2h12V6zM4 11h2v2H4v-2zm16 0H8v2h12v-2zM4 16h2v2H4v-2zm16 0H8v2h12v-2z\" fill=\"currentColor\"><\/path><\/svg><svg style=\"fill: #999;color:#999\" class=\"arrow-unsorted-368013\" xmlns=\"http:\/\/www.w3.org\/2000\/svg\" width=\"10px\" height=\"10px\" viewbox=\"0 0 24 24\" version=\"1.2\" baseprofile=\"tiny\"><path d=\"M18.2 9.3l-6.2-6.3-6.2 6.3c-.2.2-.3.4-.3.7s.1.5.3.7c.2.2.4.3.7.3h11c.3 0 .5-.1.7-.3.2-.2.3-.5.3-.7s-.1-.5-.3-.7zM5.8 14.7l6.2 6.3 6.2-6.3c.2-.2.3-.5.3-.7s-.1-.5-.3-.7c-.2-.2-.4-.3-.7-.3h-11c-.3 0-.5.1-.7.3-.2.2-.3.5-.3.7s.1.5.3.7z\"\/><\/svg><\/span><\/label><input type=\"checkbox\" id=\"item\"><\/a><\/span><\/div>\n<nav><ul class='ez-toc-list ez-toc-list-level-1' ><li class='ez-toc-page-1 ez-toc-heading-level-2'><a class=\"ez-toc-link ez-toc-heading-1\" href=\"https:\/\/dastgmures.ro\/hu\/joleti-juttatasok\/menza-szocialis\/#Cadru_legal\" title=\"Jogi keret\">Jogi keret<\/a><\/li><li class='ez-toc-page-1 ez-toc-heading-level-2'><a class=\"ez-toc-link ez-toc-heading-2\" href=\"https:\/\/dastgmures.ro\/hu\/joleti-juttatasok\/menza-szocialis\/#Beneficiarii_cantinei_sociale\" title=\"A szoci\u00e1lis \u00e9tkezde kedvezm\u00e9nyezettjei\">A szoci\u00e1lis \u00e9tkezde kedvezm\u00e9nyezettjei<\/a><\/li><li class='ez-toc-page-1 ez-toc-heading-level-2'><a class=\"ez-toc-link ez-toc-heading-3\" href=\"https:\/\/dastgmures.ro\/hu\/joleti-juttatasok\/menza-szocialis\/#Acte_necesare\" title=\"Sz\u00fcks\u00e9ges dokumentumok\">Sz\u00fcks\u00e9ges dokumentumok<\/a><\/li><li class='ez-toc-page-1 ez-toc-heading-level-2'><a class=\"ez-toc-link ez-toc-heading-4\" href=\"https:\/\/dastgmures.ro\/hu\/joleti-juttatasok\/menza-szocialis\/#Completare_si_trimitere_formular_tip\" title=\"A formanyomtatv\u00e1ny kit\u00f6lt\u00e9se \u00e9s beny\u00fajt\u00e1sa\">A formanyomtatv\u00e1ny kit\u00f6lt\u00e9se \u00e9s beny\u00fajt\u00e1sa<\/a><ul class='ez-toc-list-level-3'><li class='ez-toc-heading-level-3'><a class=\"ez-toc-link ez-toc-heading-5\" href=\"https:\/\/dastgmures.ro\/hu\/joleti-juttatasok\/menza-szocialis\/#Formular_tip_Descarca_Cerere_acordare_cantina_de_ajutor_social_editabil\" title=\"Nyomtatv\u00e1nyminta: let\u00f6lt\u00e9s K\u00e9relem szoci\u00e1lis seg\u00e9ly \u00e9tkeztet\u00e9sre (szerkeszthet\u0151) \">Nyomtatv\u00e1nyminta: let\u00f6lt\u00e9s K\u00e9relem szoci\u00e1lis seg\u00e9ly \u00e9tkeztet\u00e9sre (szerkeszthet\u0151) \n<\/a><\/li><li class='ez-toc-page-1 ez-toc-heading-level-3'><a class=\"ez-toc-link ez-toc-heading-6\" href=\"https:\/\/dastgmures.ro\/hu\/joleti-juttatasok\/menza-szocialis\/#Formular_tip_Descarca_Cerere_acordare_cantina_de_ajutor_social_pdf\" title=\"Nyomtatv\u00e1nyminta: let\u00f6lthet\u0151 szoci\u00e1lis seg\u00e9lyk\u00e9relem \u00e9tkeztet\u00e9sre (pdf) \">Nyomtatv\u00e1nyminta: let\u00f6lthet\u0151 szoci\u00e1lis seg\u00e9lyk\u00e9relem \u00e9tkeztet\u00e9sre (pdf) \n<\/a><\/li><li class='ez-toc-page-1 ez-toc-heading-level-3'><a class=\"ez-toc-link ez-toc-heading-7\" href=\"https:\/\/dastgmures.ro\/hu\/joleti-juttatasok\/menza-szocialis\/#SubsemnatulSubsemnata\" title=\" Alul\u00edrottak\t\"> Alul\u00edrottak\n\t<\/a><\/li><li class='ez-toc-page-1 ez-toc-heading-level-3'><a class=\"ez-toc-link ez-toc-heading-8\" href=\"https:\/\/dastgmures.ro\/hu\/joleti-juttatasok\/menza-szocialis\/#Date_contact\" title=\" D\u00e1tum kapcsolat\t\"> D\u00e1tum kapcsolat\n\t<\/a><\/li><\/ul><\/li><\/ul><\/nav><\/div>\n<\/p>\n<h2><span class=\"ez-toc-section\" id=\"Cadru_legal\"><\/span>Jogi keret<span class=\"ez-toc-section-end\"><\/span><\/h2>\n<ol>\n<li>A 208\/1997. sz. t\u00f6rv\u00e9ny a szoci\u00e1lis \u00e9tkezd\u00e9kr\u0151l;<\/li>\n<li>A 143\/2022. sz. t\u00f6rv\u00e9ny a gyermekek jogainak v\u00e9delm\u00e9r\u0151l \u00e9s el\u0151mozd\u00edt\u00e1s\u00e1r\u00f3l, valamint a szoci\u00e1lis t\u00e1mogat\u00e1si int\u00e9zked\u00e9sek meg\u00e1llap\u00edt\u00e1s\u00e1r\u00f3l sz\u00f3l\u00f3 272\/2004. sz. t\u00f6rv\u00e9ny 129. cikk\u00e9nek m\u00f3dos\u00edt\u00e1s\u00e1r\u00f3l \u00e9s kieg\u00e9sz\u00edt\u00e9s\u00e9r\u0151l.<\/li>\n<\/ol>\n<h2><span class=\"ez-toc-section\" id=\"Beneficiarii_cantinei_sociale\"><\/span>A szoci\u00e1lis \u00e9tkezde kedvezm\u00e9nyezettjei<span class=\"ez-toc-section-end\"><\/span><\/h2>\n<p>a) 18 \u00e9ves korig azok a gyermekek, akik olyan csal\u00e1dok eltartottjai, amelyeknek az egy eltartottra jut\u00f3 \u00e1tlagos havi nett\u00f3 j\u00f6vedelme kevesebb, mint a szoci\u00e1lis t\u00e1mogat\u00e1s meg\u00e1llap\u00edt\u00e1sakor figyelembe vett egyed\u00fcl\u00e1ll\u00f3 szem\u00e9lyre vonatkoz\u00f3 havi nett\u00f3 j\u00f6vedelem;<\/p>\n<p>b) a t\u00f6rv\u00e9nyben meghat\u00e1rozott felt\u00e9telek mellett m\u0171k\u00f6d\u0151 oktat\u00e1si int\u00e9zm\u00e9nyek nappali tagozat\u00e1n tanul\u00f3 fiatalok 25 \u00e9ves korukig, de legfeljebb 26 \u00e9ves korukig az 5 \u00e9vn\u00e9l hosszabb fels\u0151oktat\u00e1si k\u00e9pz\u00e9sben r\u00e9szt vev\u0151k eset\u00e9ben, akik az a) pontban eml\u00edtett helyzetben vannak.&nbsp;<strong>a;<\/strong><\/p>\n<p>c) Azok a szem\u00e9lyek, akik szoci\u00e1lis seg\u00e9lyben vagy a t\u00f6rv\u00e9ny alapj\u00e1n ny\u00fajtott egy\u00e9b p\u00e9nz\u00fcgyi t\u00e1mogat\u00e1sban r\u00e9szes\u00fclnek, \u00e9s akiknek j\u00f6vedelme el\u00e9ri a szoci\u00e1lis seg\u00e9ly meg\u00e1llap\u00edt\u00e1s\u00e1n\u00e1l figyelembe vett, egyed\u00fcl\u00e1ll\u00f3 szem\u00e9lyre vonatkoz\u00f3 nett\u00f3 havi j\u00f6vedelem szintj\u00e9t;<\/p>\n<p>d) Nyugd\u00edjasok;<\/p>\n<p>e) A nyugd\u00edjkorhat\u00e1rt el\u00e9rt szem\u00e9lyek, akik az al\u00e1bbi helyzetek valamelyik\u00e9ben vannak: szoci\u00e1lisan elszigeteltek, nincsenek t\u00f6rv\u00e9nyes t\u00e1mogat\u00f3ik, nincs j\u00f6vedelm\u00fck;<\/p>\n<p>f) Fogyat\u00e9kkal \u00e9l\u0151k \u00e9s kr\u00f3nikus betegek;<\/p>\n<p>g) B\u00e1rmely szem\u00e9ly, aki \u00e1tmenetileg nem szerez j\u00f6vedelmet.<\/p>\n<p>Szem\u00e9lyek a lit.&nbsp;<strong>g<\/strong> &nbsp;\u00e9vente legfeljebb 90 napig vehetik ig\u00e9nybe a szoci\u00e1lis \u00e9tkeztet\u00e9st.<\/p>\n<h2><span class=\"ez-toc-section\" id=\"Acte_necesare\"><\/span>Sz\u00fcks\u00e9ges dokumentumok<span class=\"ez-toc-section-end\"><\/span><\/h2>\n<ol>\n<li>Csal\u00e1dtag \u00edr\u00e1sbeli k\u00e9r\u00e9se;<\/li>\n<li>A csal\u00e1d \u00f6sszet\u00e9tel\u00e9nek igazol\u00e1sa m\u00e1solatban:<\/li>\n<\/ol>\n<p>&nbsp;&nbsp;&nbsp;&nbsp;&nbsp;&nbsp;&nbsp;&nbsp; - Szem\u00e9lyi igazolv\u00e1nyok;<\/p>\n<p>&nbsp;&nbsp;&nbsp;&nbsp;&nbsp;&nbsp;&nbsp;&nbsp; - az eltartott gyermekek sz\u00fclet\u00e9si anyak\u00f6nyvi kivonatai;<\/p>\n<p>&nbsp;&nbsp;&nbsp;&nbsp;&nbsp;&nbsp;&nbsp;&nbsp; - h\u00e1zass\u00e1gi anyak\u00f6nyvi kivonat;<\/p>\n<p>&nbsp;&nbsp;&nbsp;&nbsp;&nbsp;&nbsp;&nbsp;&nbsp; - a kiskor\u00fa \u00f6r\u00f6kbefogad\u00e1s\u00e1t, nevel\u0151sz\u00fcl\u0151s\u00e9g\u00e9t enged\u00e9lyez\u0151 joger\u0151s hat\u00e1rozat;<\/p>\n<p>&nbsp;&nbsp;&nbsp;&nbsp;&nbsp;&nbsp;&nbsp;&nbsp; - adott esetben a v\u00e1l\u00e1si hat\u00e1rozat;<\/p>\n<p>&nbsp;&nbsp;&nbsp;&nbsp;&nbsp;&nbsp;&nbsp;&nbsp; - olyan b\u00edr\u00f3s\u00e1gi hat\u00e1rozat, amelynek \u00e9rtelm\u00e9ben a h\u00e1zast\u00e1rs el\u0151zetes letart\u00f3ztat\u00e1sban van, vagy szabads\u00e1gveszt\u00e9s b\u00fcntet\u00e9s\u00e9t t\u00f6lti, \u00e9s nem vesz r\u00e9szt a gyermekek eltart\u00e1s\u00e1ban;<\/p>\n<p>&nbsp;&nbsp;&nbsp;&nbsp;&nbsp;&nbsp;&nbsp;&nbsp; - adott esetben a csal\u00e1d \u00f6sszet\u00e9tel\u00e9re vonatkoz\u00f3 egy\u00e9b dokumentumokat.<\/p>\n<ol start=\"3\">\n<li>A csal\u00e1d j\u00f6vedelm\u00e9nek igazol\u00e1sa: fizet\u00e9si kimutat\u00e1sok, \u00e9tkez\u00e9si utalv\u00e1nyok, nyugd\u00edjszelv\u00e9nyek, juttat\u00e1sok stb.<\/li>\n<li>Dokumentumok, amelyek igazolj\u00e1k, hogy az eltartottak a t\u00f6rv\u00e9ny szerint s\u00falyosan fogyat\u00e9kosnak vagy s\u00falyosan fogyat\u00e9kosnak min\u0151s\u00fclnek.<\/li>\n<\/ol>\t\t\t\t\t\t<\/div>\n\t\t\t\t<\/div>\n\t\t\t\t\t<\/div>\n\t\t<\/div>\n\t\t\t\t\t\t\t<\/div>\n\t\t<\/section>\n\t\t\t\t<section class=\"penci-section penci-dmcheck penci-elbg-activate penci-disSticky penci-structure-10 elementor-section elementor-top-section elementor-element elementor-element-23c8d82 elementor-section-boxed elementor-section-height-default elementor-section-height-default\" data-id=\"23c8d82\" data-element_type=\"section\" data-settings=\"{&quot;background_background&quot;:&quot;classic&quot;}\">\n\t\t\t\t\t\t<div class=\"elementor-container elementor-column-gap-default\">\n\t\t\t\t\t<div class=\"penci-ercol-100 penci-ercol-order-1 penci-sticky-ct    elementor-column elementor-col-100 elementor-top-column elementor-element elementor-element-08cedff\" data-id=\"08cedff\" data-element_type=\"column\">\n\t\t\t<div class=\"elementor-widget-wrap elementor-element-populated\">\n\t\t\t\t\t\t\t\t<div class=\"elementor-element elementor-element-1bfac06 elementor-widget elementor-widget-text-editor\" data-id=\"1bfac06\" data-element_type=\"widget\" data-widget_type=\"text-editor.default\">\n\t\t\t\t<div class=\"elementor-widget-container\">\n\t\t\t\t\t\t\t<h4>A kit\u00f6lt\u00f6tt \u00e9s al\u00e1\u00edrt jelentkez\u00e9si lapot\/sablont az al\u00e1bbi \u0171rlapon k\u00fcldheti el a sz\u00fcks\u00e9ges dokumentumokkal egy\u00fctt.<\/h4>\t\t\t\t\t\t<\/div>\n\t\t\t\t<\/div>\n\t\t\t\t\t<\/div>\n\t\t<\/div>\n\t\t\t\t\t\t\t<\/div>\n\t\t<\/section>\n\t\t\t\t<section class=\"penci-section penci-disSticky penci-structure-10 elementor-section elementor-top-section elementor-element elementor-element-56eb6e2 elementor-section-boxed elementor-section-height-default elementor-section-height-default\" data-id=\"56eb6e2\" data-element_type=\"section\">\n\t\t\t\t\t\t<div class=\"elementor-container elementor-column-gap-default\">\n\t\t\t\t\t<div class=\"penci-ercol-100 penci-ercol-order-1 penci-sticky-ct    elementor-column elementor-col-100 elementor-top-column elementor-element elementor-element-98fe1d3\" data-id=\"98fe1d3\" data-element_type=\"column\">\n\t\t\t<div class=\"elementor-widget-wrap elementor-element-populated\">\n\t\t\t\t\t\t\t\t<div class=\"elementor-element elementor-element-4b7e461 elementor-widget elementor-widget-text-editor\" data-id=\"4b7e461\" data-element_type=\"widget\" data-widget_type=\"text-editor.default\">\n\t\t\t\t<div class=\"elementor-widget-container\">\n\t\t\t\t\t\t\t<h2><span class=\"ez-toc-section\" id=\"Completare_si_trimitere_formular_tip\"><\/span>A formanyomtatv\u00e1ny kit\u00f6lt\u00e9se \u00e9s beny\u00fajt\u00e1sa<span class=\"ez-toc-section-end\"><\/span><\/h2>\t\t\t\t\t\t<\/div>\n\t\t\t\t<\/div>\n\t\t\t\t<div class=\"elementor-element elementor-element-14f29b2 elementor-widget elementor-widget-html\" data-id=\"14f29b2\" data-element_type=\"widget\" data-widget_type=\"html.default\">\n\t\t\t\t<div class=\"elementor-widget-container\">\n\t\t\t<div>\r\n<h3>Szabv\u00e1nyos formanyomtatv\u00e1ny: <br> <span class=\"btn_oferta\"><a href=\"https:\/\/dastgmures.ro\/wp-content\/uploads\/2023\/09\/Cerere-acordare-cantina-ajutor-social.docx\" download>Let\u00f6lt\u00e9s K\u00e9relem szoci\u00e1lis seg\u00e9ly \u00e9tkezd\u00e9re (szerkeszthet\u0151)<\/a><\/span>\r\n<\/h3>\r\n<h3>Szabv\u00e1nyos formanyomtatv\u00e1ny: <br> <span class=\"btn_oferta\"><a href=\"https:\/\/dastgmures.ro\/wp-content\/uploads\/2023\/09\/Cerere-acordare-cantina-ajutor-social.pdf\" download>Let\u00f6lt\u00e9s K\u00e9relem szoci\u00e1lis seg\u00e9ly \u00e9tkeztet\u00e9sre (pdf)<\/a><\/span>\r\n<\/h3>\r\n<\/div>\t\t<\/div>\n\t\t\t\t<\/div>\n\t\t\t\t<div class=\"elementor-element elementor-element-dd9b5ac elementor-widget elementor-widget-text-editor\" data-id=\"dd9b5ac\" data-element_type=\"widget\" data-widget_type=\"text-editor.default\">\n\t\t\t\t<div class=\"elementor-widget-container\">\n\t\t\t\t\t\t\t<p>\n<div class=\"wpcf7 no-js\" id=\"wpcf7-f2643-o2\" lang=\"ro-RO\" dir=\"ltr\">\n<div class=\"screen-reader-response\"><p role=\"status\" aria-live=\"polite\" aria-atomic=\"true\"><\/p> <ul><\/ul><\/div>\n<form action=\"\/hu\/wp-json\/wp\/v2\/pages\/3005#wpcf7-f2643-o2\" method=\"post\" class=\"wpcf7-form init\" aria-label=\"Kapcsolatfelv\u00e9teli \u0171rlap\" enctype=\"multipart\/form-data\" novalidate=\"novalidate\" data-status=\"init\" data-trp-original-action=\"\/hu\/wp-json\/wp\/v2\/pages\/3005#wpcf7-f2643-o2\">\n<div style=\"display: none;\">\n<input type=\"hidden\" name=\"_wpcf7\" value=\"2643\" \/>\n<input type=\"hidden\" name=\"_wpcf7_version\" value=\"5.8.2\" \/>\n<input type=\"hidden\" name=\"_wpcf7_locale\" value=\"ro_RO\" \/>\n<input type=\"hidden\" name=\"_wpcf7_unit_tag\" value=\"wpcf7-f2643-o2\" \/>\n<input type=\"hidden\" name=\"_wpcf7_container_post\" value=\"0\" \/>\n<input type=\"hidden\" name=\"_wpcf7_posted_data_hash\" value=\"\" \/>\n<input type=\"hidden\" name=\"_wpcf7_recaptcha_response\" value=\"\" \/>\n<\/div>\n<div>\n\t<h4> Az \u0171rlap beny\u00fajt\u00e1s\u00e1hoz legal\u00e1bb a \"(k\u00f6telez\u0151 mez\u0151)\" jelz\u00e9s\u0171 mez\u0151ket ki kell t\u00f6lteni.\n\t<\/h4>\n<\/div>\n<div>\n\t<h3><span class=\"ez-toc-section\" id=\"SubsemnatulSubsemnata\"><\/span> Alul\u00edrottak\n\t<span class=\"ez-toc-section-end\"><\/span><\/h3>\n\t<p><label> N\u00e9v \u00e9s vezet\u00e9kn\u00e9v (k\u00f6telez\u0151 mez\u0151)<br \/>\n<span class=\"wpcf7-form-control-wrap\" data-name=\"your-name\"><input size=\"40\" class=\"wpcf7-form-control wpcf7-text wpcf7-validates-as-required\" aria-required=\"true\" aria-invalid=\"false\" value=\"\" type=\"text\" name=\"your-name\" \/><\/span> <\/label>\n\t<\/p>\n<\/div>\n<div>\n\t<h3><span class=\"ez-toc-section\" id=\"Date_contact\"><\/span> D\u00e1tum kapcsolat\n\t<span class=\"ez-toc-section-end\"><\/span><\/h3>\n\t<div class=\"w-30\">\n\t\t<p><label> Telefon (k\u00f6telez\u0151 mez\u0151)<br \/>\n<span class=\"wpcf7-form-control-wrap\" data-name=\"telefon\"><input size=\"40\" class=\"wpcf7-form-control wpcf7-tel wpcf7-validates-as-required wpcf7-text wpcf7-validates-as-tel\" aria-required=\"true\" aria-invalid=\"false\" value=\"\" type=\"tel\" name=\"telefon\" \/><\/span> <\/label>\n\t\t<\/p>\n\t<\/div>\n\t<div class=\"w-30\">\n\t\t<p><label> E-mail (k\u00f6telez\u0151 mez\u0151)<br \/>\n<span class=\"wpcf7-form-control-wrap\" data-name=\"your-email\"><input size=\"40\" class=\"wpcf7-form-control wpcf7-email wpcf7-validates-as-required wpcf7-text wpcf7-validates-as-email\" aria-required=\"true\" aria-invalid=\"false\" value=\"\" type=\"email\" name=\"your-email\" \/><\/span> <\/label>\n\t\t<\/p>\n\t<\/div>\n\t<div>\n\t\t<p><label>T\u00f6ltse fel a kit\u00f6lt\u00f6tt formanyomtatv\u00e1nyt \u00e9s az egy\u00e9b sz\u00fcks\u00e9ges dokumentumokat: (k\u00f6telez\u0151 mez\u0151)<\/label><br \/>\n<em class=\"mesajatentionare\">A .pdf, .doc, .docx, .png, .jpg form\u00e1tumokat maximum 10 MB teljes m\u00e9retig fogadjuk el. Ha a maxim\u00e1lis m\u00e9ret t\u00fall\u00e9p\u00e9se eset\u00e9n a dokumentumokat a k\u00f6vetkez\u0151 e-mail c\u00edmre k\u00e9rj\u00fck elk\u00fcldeni: registratura.das@tirgumures.ro.<\/em><br \/>\n<div id=\"mfcf7_zl_multifilecontainer\"><span class=\"mfcf7-zl-multiline-sample\" style=\"display:none\"><p class=\"wpcf7-form-control-wrap file-upload\"><input size=\"40\" class=\"wpcf7-form-control wpcf7-multilinefile wpcf7-validates-as-required\" multiple=\"multiple\" value=\"Selecteaz\u0103\" aria-required=\"true\" aria-invalid=\"false\" type=\"file\" name=\"file-upload[]\" \/> <span class=\"mfcf7-zl-multifile-name\"><\/span><a href=\"javascript:void(0);\" class=\"mfcf7_zl_delete_file\"><span class=\"delete-file\" aria-hidden=\"true\">\u274c<\/span><\/a><\/p><\/span><\/div><span class=\"wpcf7-form-control-wrap zl-form-control-wrap file-upload\"><input size=\"40\" class=\"wpcf7-form-control wpcf7-multilinefile wpcf7-validates-as-required\" multiple=\"multiple\" value=\"Selecteaz\u0103\" aria-required=\"true\" aria-invalid=\"false\" type=\"file\" name=\"file-upload[]\" \/> <span class=\"mfcf7-zl-multifile-name\"><\/span><a href=\"javascript:void(0);\" class=\"mfcf7_zl_delete_file\"><span class=\"delete-file\" aria-hidden=\"true\">\u274c<\/span><\/a><\/span><p><label><span class=\"wpcf7-form-control-wrap\" data-name=\"file-upload-zl-mfcf7-upld-btn\"><input type=\"button\" name=\"file-upload-zl-mfcf7-upld-btn\" class=\"button button-primary qbutton\" id=\"mfcf7_zl_add_file\" value=\"V\u00e1lassza ki a  c\u00edmet.\"><\/span><\/label><\/p>\n\t\t<\/p>\n\t<\/div>\n\t<p><input class=\"wpcf7-form-control wpcf7-submit has-spinner\" type=\"submit\" value=\"K\u00fcldje el a\" \/>\n\t<\/p>\n<\/div><div class=\"wpcf7-response-output\" aria-hidden=\"true\"><\/div>\n<input type=\"hidden\" name=\"trp-form-language\" value=\"hu\"\/><\/form>\n<\/div>\n<\/p>\t\t\t\t\t\t<\/div>\n\t\t\t\t<\/div>\n\t\t\t\t\t<\/div>\n\t\t<\/div>\n\t\t\t\t\t\t\t<\/div>\n\t\t<\/section>\n\t\t\t\t\t\t\t<\/div>","protected":false},"excerpt":{"rendered":"<p>Jogi keret A szoci\u00e1lis \u00e9tkezd\u00e9kr\u0151l sz\u00f3l\u00f3 208\/1997. sz. t\u00f6rv\u00e9ny; az 1400. sz. t\u00f6rv\u00e9ny 129. cikk\u00e9nek m\u00f3dos\u00edt\u00e1s\u00e1r\u00f3l \u00e9s kieg\u00e9sz\u00edt\u00e9s\u00e9r\u0151l sz\u00f3l\u00f3 143\/2022. sz. t\u00f6rv\u00e9ny.<\/p>","protected":false},"author":1,"featured_media":0,"parent":2920,"menu_order":0,"comment_status":"closed","ping_status":"closed","template":"","meta":{"footnotes":""},"class_list":["post-3005","page","type-page","status-publish","hentry"],"yoast_head":"<!-- This site is optimized with the Yoast SEO plugin v19.13 - https:\/\/yoast.com\/wordpress\/plugins\/seo\/ -->\n<title>Cantina Social\u0103 - Direc\u021bia de Asisten\u021b\u0103 Social\u0103 T\u00e2rgu Mure\u0219<\/title>\n<meta name=\"robots\" content=\"index, follow, max-snippet:-1, max-image-preview:large, max-video-preview:-1\" \/>\n<link rel=\"canonical\" href=\"https:\/\/dastgmures.ro\/hu\/joleti-juttatasok\/menza-szocialis\/\" \/>\n<meta property=\"og:locale\" content=\"hu_HU\" \/>\n<meta property=\"og:type\" content=\"article\" \/>\n<meta property=\"og:title\" content=\"Cantina Social\u0103 - Direc\u021bia de Asisten\u021b\u0103 Social\u0103 T\u00e2rgu Mure\u0219\" \/>\n<meta property=\"og:description\" content=\"Cadru legal Legea nr. 208\/1997 privind cantinele de ajutor social; Legea nr. 143\/2022 pentru modificarea \u0219i completarea art. 129 din Legea nr.&hellip;\" \/>\n<meta property=\"og:url\" content=\"https:\/\/dastgmures.ro\/hu\/joleti-juttatasok\/menza-szocialis\/\" \/>\n<meta property=\"og:site_name\" content=\"Direc\u021bia de Asisten\u021b\u0103 Social\u0103 T\u00e2rgu Mure\u0219\" \/>\n<meta property=\"article:modified_time\" content=\"2023-09-19T07:34:28+00:00\" \/>\n<meta name=\"twitter:card\" content=\"summary_large_image\" \/>\n<meta name=\"twitter:label1\" content=\"Becs\u00fclt olvas\u00e1si id\u0151\" \/>\n\t<meta name=\"twitter:data1\" content=\"4 perc\" \/>\n<script type=\"application\/ld+json\" class=\"yoast-schema-graph\">{\"@context\":\"https:\/\/schema.org\",\"@graph\":[{\"@type\":\"WebPage\",\"@id\":\"https:\/\/dastgmures.ro\/beneficii-de-asistenta-sociala\/cantina-sociala\/\",\"url\":\"https:\/\/dastgmures.ro\/beneficii-de-asistenta-sociala\/cantina-sociala\/\",\"name\":\"Cantina Social\u0103 - Direc\u021bia de Asisten\u021b\u0103 Social\u0103 T\u00e2rgu Mure\u0219\",\"isPartOf\":{\"@id\":\"https:\/\/dastgmures.ro\/#website\"},\"datePublished\":\"2022-11-10T13:47:41+00:00\",\"dateModified\":\"2023-09-19T07:34:28+00:00\",\"breadcrumb\":{\"@id\":\"https:\/\/dastgmures.ro\/beneficii-de-asistenta-sociala\/cantina-sociala\/#breadcrumb\"},\"inLanguage\":\"hu\",\"potentialAction\":[{\"@type\":\"ReadAction\",\"target\":[\"https:\/\/dastgmures.ro\/beneficii-de-asistenta-sociala\/cantina-sociala\/\"]}]},{\"@type\":\"BreadcrumbList\",\"@id\":\"https:\/\/dastgmures.ro\/beneficii-de-asistenta-sociala\/cantina-sociala\/#breadcrumb\",\"itemListElement\":[{\"@type\":\"ListItem\",\"position\":1,\"name\":\"Prima pagin\u0103\",\"item\":\"https:\/\/dastgmures.ro\/\"},{\"@type\":\"ListItem\",\"position\":2,\"name\":\"Beneficii de Asisten\u021b\u0103 Social\u0103\",\"item\":\"https:\/\/dastgmures.ro\/beneficii-de-asistenta-sociala\/\"},{\"@type\":\"ListItem\",\"position\":3,\"name\":\"Cantina Social\u0103\"}]},{\"@type\":\"WebSite\",\"@id\":\"https:\/\/dastgmures.ro\/#website\",\"url\":\"https:\/\/dastgmures.ro\/\",\"name\":\"Direc\u021bia de Asisten\u021b\u0103 Social\u0103 T\u00e2rgu Mure\u0219\",\"description\":\"\",\"potentialAction\":[{\"@type\":\"SearchAction\",\"target\":{\"@type\":\"EntryPoint\",\"urlTemplate\":\"https:\/\/dastgmures.ro\/?s={search_term_string}\"},\"query-input\":\"required name=search_term_string\"}],\"inLanguage\":\"hu\"}]}<\/script>\n<!-- \/ Yoast SEO plugin. -->","yoast_head_json":{"title":"Cantina Social\u0103 - Direc\u021bia de Asisten\u021b\u0103 Social\u0103 T\u00e2rgu Mure\u0219","robots":{"index":"index","follow":"follow","max-snippet":"max-snippet:-1","max-image-preview":"max-image-preview:large","max-video-preview":"max-video-preview:-1"},"canonical":"https:\/\/dastgmures.ro\/hu\/joleti-juttatasok\/menza-szocialis\/","og_locale":"hu_HU","og_type":"article","og_title":"Cantina Social\u0103 - Direc\u021bia de Asisten\u021b\u0103 Social\u0103 T\u00e2rgu Mure\u0219","og_description":"Cadru legal Legea nr. 208\/1997 privind cantinele de ajutor social; Legea nr. 143\/2022 pentru modificarea \u0219i completarea art. 129 din Legea nr.&hellip;","og_url":"https:\/\/dastgmures.ro\/hu\/joleti-juttatasok\/menza-szocialis\/","og_site_name":"Direc\u021bia de Asisten\u021b\u0103 Social\u0103 T\u00e2rgu Mure\u0219","article_modified_time":"2023-09-19T07:34:28+00:00","twitter_card":"summary_large_image","twitter_misc":{"Becs\u00fclt olvas\u00e1si id\u0151":"4 perc"},"schema":{"@context":"https:\/\/schema.org","@graph":[{"@type":"WebPage","@id":"https:\/\/dastgmures.ro\/beneficii-de-asistenta-sociala\/cantina-sociala\/","url":"https:\/\/dastgmures.ro\/beneficii-de-asistenta-sociala\/cantina-sociala\/","name":"Cantina Social\u0103 - Direc\u021bia de Asisten\u021b\u0103 Social\u0103 T\u00e2rgu Mure\u0219","isPartOf":{"@id":"https:\/\/dastgmures.ro\/#website"},"datePublished":"2022-11-10T13:47:41+00:00","dateModified":"2023-09-19T07:34:28+00:00","breadcrumb":{"@id":"https:\/\/dastgmures.ro\/beneficii-de-asistenta-sociala\/cantina-sociala\/#breadcrumb"},"inLanguage":"hu","potentialAction":[{"@type":"ReadAction","target":["https:\/\/dastgmures.ro\/beneficii-de-asistenta-sociala\/cantina-sociala\/"]}]},{"@type":"BreadcrumbList","@id":"https:\/\/dastgmures.ro\/beneficii-de-asistenta-sociala\/cantina-sociala\/#breadcrumb","itemListElement":[{"@type":"ListItem","position":1,"name":"Prima pagin\u0103","item":"https:\/\/dastgmures.ro\/"},{"@type":"ListItem","position":2,"name":"Beneficii de Asisten\u021b\u0103 Social\u0103","item":"https:\/\/dastgmures.ro\/beneficii-de-asistenta-sociala\/"},{"@type":"ListItem","position":3,"name":"Cantina Social\u0103"}]},{"@type":"WebSite","@id":"https:\/\/dastgmures.ro\/#website","url":"https:\/\/dastgmures.ro\/","name":"Direc\u021bia de Asisten\u021b\u0103 Social\u0103 T\u00e2rgu Mure\u0219","description":"","potentialAction":[{"@type":"SearchAction","target":{"@type":"EntryPoint","urlTemplate":"https:\/\/dastgmures.ro\/?s={search_term_string}"},"query-input":"required name=search_term_string"}],"inLanguage":"hu"}]}},"_links":{"self":[{"href":"https:\/\/dastgmures.ro\/hu\/wp-json\/wp\/v2\/pages\/3005","targetHints":{"allow":["GET"]}}],"collection":[{"href":"https:\/\/dastgmures.ro\/hu\/wp-json\/wp\/v2\/pages"}],"about":[{"href":"https:\/\/dastgmures.ro\/hu\/wp-json\/wp\/v2\/types\/page"}],"author":[{"embeddable":true,"href":"https:\/\/dastgmures.ro\/hu\/wp-json\/wp\/v2\/users\/1"}],"replies":[{"embeddable":true,"href":"https:\/\/dastgmures.ro\/hu\/wp-json\/wp\/v2\/comments?post=3005"}],"version-history":[{"count":13,"href":"https:\/\/dastgmures.ro\/hu\/wp-json\/wp\/v2\/pages\/3005\/revisions"}],"predecessor-version":[{"id":8666,"href":"https:\/\/dastgmures.ro\/hu\/wp-json\/wp\/v2\/pages\/3005\/revisions\/8666"}],"up":[{"embeddable":true,"href":"https:\/\/dastgmures.ro\/hu\/wp-json\/wp\/v2\/pages\/2920"}],"wp:attachment":[{"href":"https:\/\/dastgmures.ro\/hu\/wp-json\/wp\/v2\/media?parent=3005"}],"curies":[{"name":"wp","href":"https:\/\/api.w.org\/{rel}","templated":true}]}}