{"id":3564,"date":"2022-12-12T12:44:27","date_gmt":"2022-12-12T12:44:27","guid":{"rendered":"https:\/\/dastgmures.ro\/?page_id=3564"},"modified":"2022-12-15T14:27:23","modified_gmt":"2022-12-15T14:27:23","slug":"buget","status":"publish","type":"page","link":"https:\/\/dastgmures.ro\/hu\/kozerdeku-informaciok\/koltsegvetes\/","title":{"rendered":"K\u00f6lts\u00e9gvet\u00e9s"},"content":{"rendered":"<div data-elementor-type=\"wp-page\" data-elementor-id=\"3564\" class=\"elementor elementor-3564\">\n\t\t\t\t\t\t\t\t\t<section class=\"penci-section penci-disSticky penci-structure-20 elementor-section elementor-top-section elementor-element elementor-element-2cb1fa80 elementor-section-boxed elementor-section-height-default elementor-section-height-default\" data-id=\"2cb1fa80\" data-element_type=\"section\">\n\t\t\t\t\t\t<div class=\"elementor-container elementor-column-gap-default\">\n\t\t\t\t\t<div class=\"penci-ercol-50 penci-ercol-order-1 penci-sticky-ct  penci-dmcheck penci-elbg-activate  elementor-column elementor-col-50 elementor-top-column elementor-element elementor-element-541911bb\" data-id=\"541911bb\" data-element_type=\"column\" data-settings=\"{&quot;background_background&quot;:&quot;classic&quot;}\">\n\t\t\t<div class=\"elementor-widget-wrap elementor-element-populated\">\n\t\t\t\t\t\t\t\t<div class=\"elementor-element elementor-element-43d3302 elementor-view-default elementor-mobile-position-top elementor-vertical-align-top elementor-widget elementor-widget-icon-box\" data-id=\"43d3302\" data-element_type=\"widget\" data-widget_type=\"icon-box.default\">\n\t\t\t\t<div class=\"elementor-widget-container\">\n\t\t\t<link rel=\"stylesheet\" href=\"https:\/\/dastgmures.ro\/wp-content\/plugins\/elementor\/assets\/css\/widget-icon-box.min.css\">\t\t<div class=\"elementor-icon-box-wrapper\">\n\t\t\t\t\t\t<div class=\"elementor-icon-box-icon\">\n\t\t\t\t<a class=\"elementor-icon elementor-animation-\" href=\"https:\/\/dastgmures.ro\/hu\/kozerdeku-informaciok\/koltsegvetes\/koltsegvetes-penzugyi-kategoriankent\/\">\n\t\t\t\t<i aria-hidden=\"true\" class=\"fas fa-money-check-alt\"><\/i>\t\t\t\t<\/a>\n\t\t\t<\/div>\n\t\t\t\t\t\t<div class=\"elementor-icon-box-content\">\n\t\t\t\t<h3 class=\"elementor-icon-box-title\"><span class=\"ez-toc-section\" id=\"Buget_pe_categorii_financiare\"><\/span>\n\t\t\t\t\t<a href=\"https:\/\/dastgmures.ro\/hu\/kozerdeku-informaciok\/koltsegvetes\/koltsegvetes-penzugyi-kategoriankent\/\" >\n\t\t\t\t\t\tK\u00f6lts\u00e9gvet\u00e9s p\u00e9nz\u00fcgyi kateg\u00f3ri\u00e1k szerint\t\t\t\t\t<\/a>\n\t\t\t\t<span class=\"ez-toc-section-end\"><\/span><\/h3>\n\t\t\t\t\t\t\t<\/div>\n\t\t<\/div>\n\t\t\t\t<\/div>\n\t\t\t\t<\/div>\n\t\t\t\t\t<\/div>\n\t\t<\/div>\n\t\t\t\t<div class=\"penci-ercol-50 penci-ercol-order-2 penci-sticky-ct  penci-dmcheck penci-elbg-activate  elementor-column elementor-col-50 elementor-top-column elementor-element elementor-element-220a9bbd\" data-id=\"220a9bbd\" data-element_type=\"column\" data-settings=\"{&quot;background_background&quot;:&quot;classic&quot;}\">\n\t\t\t<div class=\"elementor-widget-wrap elementor-element-populated\">\n\t\t\t\t\t\t\t\t<div class=\"elementor-element elementor-element-279f6c6b elementor-view-default elementor-mobile-position-top elementor-vertical-align-top elementor-widget elementor-widget-icon-box\" data-id=\"279f6c6b\" data-element_type=\"widget\" data-widget_type=\"icon-box.default\">\n\t\t\t\t<div class=\"elementor-widget-container\">\n\t\t\t\t\t<div class=\"elementor-icon-box-wrapper\">\n\t\t\t\t\t\t<div class=\"elementor-icon-box-icon\">\n\t\t\t\t<a class=\"elementor-icon elementor-animation-\" href=\"https:\/\/dastgmures.ro\/hu\/kozerdeku-informaciok\/koltsegvetes\/helyzet-fizetesek-koltsegvetes-vegrehajtas\/\">\n\t\t\t\t<i aria-hidden=\"true\" class=\"far fa-check-square\"><\/i>\t\t\t\t<\/a>\n\t\t\t<\/div>\n\t\t\t\t\t\t<div class=\"elementor-icon-box-content\">\n\t\t\t\t<h3 class=\"elementor-icon-box-title\"><span class=\"ez-toc-section\" id=\"Situatia_platilor_executia_bugetara\"><\/span>\n\t\t\t\t\t<a href=\"https:\/\/dastgmures.ro\/hu\/kozerdeku-informaciok\/koltsegvetes\/helyzet-fizetesek-koltsegvetes-vegrehajtas\/\" >\n\t\t\t\t\t\tFizet\u00e9si helyzet (k\u00f6lts\u00e9gvet\u00e9s v\u00e9grehajt\u00e1sa)\t\t\t\t\t<\/a>\n\t\t\t\t<span class=\"ez-toc-section-end\"><\/span><\/h3>\n\t\t\t\t\t\t\t<\/div>\n\t\t<\/div>\n\t\t\t\t<\/div>\n\t\t\t\t<\/div>\n\t\t\t\t\t<\/div>\n\t\t<\/div>\n\t\t\t\t\t\t\t<\/div>\n\t\t<\/section>\n\t\t\t\t<section class=\"penci-section penci-disSticky penci-structure-10 elementor-section elementor-top-section elementor-element elementor-element-4509733 elementor-section-boxed elementor-section-height-default elementor-section-height-default\" data-id=\"4509733\" data-element_type=\"section\">\n\t\t\t\t\t\t<div class=\"elementor-container elementor-column-gap-default\">\n\t\t\t\t\t<div class=\"penci-ercol-100 penci-ercol-order-1 penci-sticky-ct  penci-dmcheck penci-elbg-activate  elementor-column elementor-col-100 elementor-top-column elementor-element elementor-element-e95437b\" data-id=\"e95437b\" data-element_type=\"column\" data-settings=\"{&quot;background_background&quot;:&quot;classic&quot;}\">\n\t\t\t<div class=\"elementor-widget-wrap elementor-element-populated\">\n\t\t\t\t\t\t\t\t<div class=\"elementor-element elementor-element-68712d8 elementor-view-default elementor-mobile-position-top elementor-vertical-align-top elementor-widget elementor-widget-icon-box\" data-id=\"68712d8\" data-element_type=\"widget\" data-widget_type=\"icon-box.default\">\n\t\t\t\t<div class=\"elementor-widget-container\">\n\t\t\t\t\t<div class=\"elementor-icon-box-wrapper\">\n\t\t\t\t\t\t<div class=\"elementor-icon-box-icon\">\n\t\t\t\t<a class=\"elementor-icon elementor-animation-\" href=\"https:\/\/dastgmures.ro\/hu\/kozerdeku-informaciok\/koltsegvetes\/a-torveny-altal-megallapitott-berjuttatasok-helyzete\/\">\n\t\t\t\t<i aria-hidden=\"true\" class=\"fas fa-balance-scale\"><\/i>\t\t\t\t<\/a>\n\t\t\t<\/div>\n\t\t\t\t\t\t<div class=\"elementor-icon-box-content\">\n\t\t\t\t<h3 class=\"elementor-icon-box-title\"><span class=\"ez-toc-section\" id=\"Situatia_drepturilor_salariale_stabilite_potrivit_legii\"><\/span>\n\t\t\t\t\t<a href=\"https:\/\/dastgmures.ro\/hu\/kozerdeku-informaciok\/koltsegvetes\/a-torveny-altal-megallapitott-berjuttatasok-helyzete\/\" >\n\t\t\t\t\t\tA t\u00f6rv\u00e9ny \u00e1ltal meg\u00e1llap\u00edtott b\u00e9rjogosults\u00e1gok helyzete\t\t\t\t\t<\/a>\n\t\t\t\t<span class=\"ez-toc-section-end\"><\/span><\/h3>\n\t\t\t\t\t\t\t<\/div>\n\t\t<\/div>\n\t\t\t\t<\/div>\n\t\t\t\t<\/div>\n\t\t\t\t\t<\/div>\n\t\t<\/div>\n\t\t\t\t\t\t\t<\/div>\n\t\t<\/section>\n\t\t\t\t\t\t\t<\/div>","protected":false},"excerpt":{"rendered":"<p>K\u00f6lts\u00e9gvet\u00e9s p\u00e9nz\u00fcgyi kateg\u00f3ri\u00e1k szerint A kifizet\u00e9sek helyzete (k\u00f6lts\u00e9gvet\u00e9s v\u00e9grehajt\u00e1sa) A t\u00f6rv\u00e9nyben meghat\u00e1rozott b\u00e9rjogosults\u00e1gok helyzete<\/p>","protected":false},"author":1,"featured_media":0,"parent":2139,"menu_order":0,"comment_status":"closed","ping_status":"closed","template":"","meta":{"footnotes":""},"class_list":["post-3564","page","type-page","status-publish","hentry"],"yoast_head":"<!-- This site is optimized with the Yoast SEO plugin v19.13 - https:\/\/yoast.com\/wordpress\/plugins\/seo\/ -->\n<title>Buget - Direc\u021bia de Asisten\u021b\u0103 Social\u0103 T\u00e2rgu Mure\u0219<\/title>\n<meta name=\"robots\" content=\"index, follow, max-snippet:-1, max-image-preview:large, max-video-preview:-1\" \/>\n<link rel=\"canonical\" href=\"https:\/\/dastgmures.ro\/hu\/kozerdeku-informaciok\/koltsegvetes\/\" \/>\n<meta property=\"og:locale\" content=\"hu_HU\" \/>\n<meta property=\"og:type\" content=\"article\" \/>\n<meta property=\"og:title\" content=\"Buget - Direc\u021bia de Asisten\u021b\u0103 Social\u0103 T\u00e2rgu Mure\u0219\" \/>\n<meta property=\"og:description\" content=\"Buget pe categorii financiare Situa\u021bia pl\u0103\u021bilor (execu\u021bia bugetar\u0103) Situa\u021bia drepturilor salariale stabilite potrivit legii\" \/>\n<meta property=\"og:url\" content=\"https:\/\/dastgmures.ro\/hu\/kozerdeku-informaciok\/koltsegvetes\/\" \/>\n<meta property=\"og:site_name\" content=\"Direc\u021bia de Asisten\u021b\u0103 Social\u0103 T\u00e2rgu Mure\u0219\" \/>\n<meta property=\"article:modified_time\" content=\"2022-12-15T14:27:23+00:00\" \/>\n<meta name=\"twitter:card\" content=\"summary_large_image\" \/>\n<script type=\"application\/ld+json\" class=\"yoast-schema-graph\">{\"@context\":\"https:\/\/schema.org\",\"@graph\":[{\"@type\":\"WebPage\",\"@id\":\"https:\/\/dastgmures.ro\/informatii-de-interes-public\/buget\/\",\"url\":\"https:\/\/dastgmures.ro\/informatii-de-interes-public\/buget\/\",\"name\":\"Buget - Direc\u021bia de Asisten\u021b\u0103 Social\u0103 T\u00e2rgu Mure\u0219\",\"isPartOf\":{\"@id\":\"https:\/\/dastgmures.ro\/#website\"},\"datePublished\":\"2022-12-12T12:44:27+00:00\",\"dateModified\":\"2022-12-15T14:27:23+00:00\",\"breadcrumb\":{\"@id\":\"https:\/\/dastgmures.ro\/informatii-de-interes-public\/buget\/#breadcrumb\"},\"inLanguage\":\"hu\",\"potentialAction\":[{\"@type\":\"ReadAction\",\"target\":[\"https:\/\/dastgmures.ro\/informatii-de-interes-public\/buget\/\"]}]},{\"@type\":\"BreadcrumbList\",\"@id\":\"https:\/\/dastgmures.ro\/informatii-de-interes-public\/buget\/#breadcrumb\",\"itemListElement\":[{\"@type\":\"ListItem\",\"position\":1,\"name\":\"Prima pagin\u0103\",\"item\":\"https:\/\/dastgmures.ro\/\"},{\"@type\":\"ListItem\",\"position\":2,\"name\":\"Informa\u021bii de interes public\",\"item\":\"https:\/\/dastgmures.ro\/informatii-de-interes-public\/\"},{\"@type\":\"ListItem\",\"position\":3,\"name\":\"Buget\"}]},{\"@type\":\"WebSite\",\"@id\":\"https:\/\/dastgmures.ro\/#website\",\"url\":\"https:\/\/dastgmures.ro\/\",\"name\":\"Direc\u021bia de Asisten\u021b\u0103 Social\u0103 T\u00e2rgu Mure\u0219\",\"description\":\"\",\"potentialAction\":[{\"@type\":\"SearchAction\",\"target\":{\"@type\":\"EntryPoint\",\"urlTemplate\":\"https:\/\/dastgmures.ro\/?s={search_term_string}\"},\"query-input\":\"required name=search_term_string\"}],\"inLanguage\":\"hu\"}]}<\/script>\n<!-- \/ Yoast SEO plugin. -->","yoast_head_json":{"title":"Buget - Direc\u021bia de Asisten\u021b\u0103 Social\u0103 T\u00e2rgu Mure\u0219","robots":{"index":"index","follow":"follow","max-snippet":"max-snippet:-1","max-image-preview":"max-image-preview:large","max-video-preview":"max-video-preview:-1"},"canonical":"https:\/\/dastgmures.ro\/hu\/kozerdeku-informaciok\/koltsegvetes\/","og_locale":"hu_HU","og_type":"article","og_title":"Buget - Direc\u021bia de Asisten\u021b\u0103 Social\u0103 T\u00e2rgu Mure\u0219","og_description":"Buget pe categorii financiare Situa\u021bia pl\u0103\u021bilor (execu\u021bia bugetar\u0103) Situa\u021bia drepturilor salariale stabilite potrivit legii","og_url":"https:\/\/dastgmures.ro\/hu\/kozerdeku-informaciok\/koltsegvetes\/","og_site_name":"Direc\u021bia de Asisten\u021b\u0103 Social\u0103 T\u00e2rgu Mure\u0219","article_modified_time":"2022-12-15T14:27:23+00:00","twitter_card":"summary_large_image","schema":{"@context":"https:\/\/schema.org","@graph":[{"@type":"WebPage","@id":"https:\/\/dastgmures.ro\/informatii-de-interes-public\/buget\/","url":"https:\/\/dastgmures.ro\/informatii-de-interes-public\/buget\/","name":"Buget - Direc\u021bia de Asisten\u021b\u0103 Social\u0103 T\u00e2rgu Mure\u0219","isPartOf":{"@id":"https:\/\/dastgmures.ro\/#website"},"datePublished":"2022-12-12T12:44:27+00:00","dateModified":"2022-12-15T14:27:23+00:00","breadcrumb":{"@id":"https:\/\/dastgmures.ro\/informatii-de-interes-public\/buget\/#breadcrumb"},"inLanguage":"hu","potentialAction":[{"@type":"ReadAction","target":["https:\/\/dastgmures.ro\/informatii-de-interes-public\/buget\/"]}]},{"@type":"BreadcrumbList","@id":"https:\/\/dastgmures.ro\/informatii-de-interes-public\/buget\/#breadcrumb","itemListElement":[{"@type":"ListItem","position":1,"name":"Prima pagin\u0103","item":"https:\/\/dastgmures.ro\/"},{"@type":"ListItem","position":2,"name":"Informa\u021bii de interes public","item":"https:\/\/dastgmures.ro\/informatii-de-interes-public\/"},{"@type":"ListItem","position":3,"name":"Buget"}]},{"@type":"WebSite","@id":"https:\/\/dastgmures.ro\/#website","url":"https:\/\/dastgmures.ro\/","name":"Direc\u021bia de Asisten\u021b\u0103 Social\u0103 T\u00e2rgu Mure\u0219","description":"","potentialAction":[{"@type":"SearchAction","target":{"@type":"EntryPoint","urlTemplate":"https:\/\/dastgmures.ro\/?s={search_term_string}"},"query-input":"required name=search_term_string"}],"inLanguage":"hu"}]}},"_links":{"self":[{"href":"https:\/\/dastgmures.ro\/hu\/wp-json\/wp\/v2\/pages\/3564","targetHints":{"allow":["GET"]}}],"collection":[{"href":"https:\/\/dastgmures.ro\/hu\/wp-json\/wp\/v2\/pages"}],"about":[{"href":"https:\/\/dastgmures.ro\/hu\/wp-json\/wp\/v2\/types\/page"}],"author":[{"embeddable":true,"href":"https:\/\/dastgmures.ro\/hu\/wp-json\/wp\/v2\/users\/1"}],"replies":[{"embeddable":true,"href":"https:\/\/dastgmures.ro\/hu\/wp-json\/wp\/v2\/comments?post=3564"}],"version-history":[{"count":16,"href":"https:\/\/dastgmures.ro\/hu\/wp-json\/wp\/v2\/pages\/3564\/revisions"}],"predecessor-version":[{"id":5188,"href":"https:\/\/dastgmures.ro\/hu\/wp-json\/wp\/v2\/pages\/3564\/revisions\/5188"}],"up":[{"embeddable":true,"href":"https:\/\/dastgmures.ro\/hu\/wp-json\/wp\/v2\/pages\/2139"}],"wp:attachment":[{"href":"https:\/\/dastgmures.ro\/hu\/wp-json\/wp\/v2\/media?parent=3564"}],"curies":[{"name":"wp","href":"https:\/\/api.w.org\/{rel}","templated":true}]}}