{"id":3597,"date":"2022-12-12T13:10:57","date_gmt":"2022-12-12T13:10:57","guid":{"rendered":"https:\/\/dastgmures.ro\/?page_id=3597"},"modified":"2026-03-31T14:50:36","modified_gmt":"2026-03-31T12:50:36","slug":"situatia-drepturilor-salariale-stabilite-potrivit-legii","status":"publish","type":"page","link":"https:\/\/dastgmures.ro\/hu\/kozerdeku-informaciok\/koltsegvetes\/a-torveny-altal-megallapitott-berjuttatasok-helyzete\/","title":{"rendered":"A t\u00f6rv\u00e9ny \u00e1ltal meg\u00e1llap\u00edtott b\u00e9rjogosults\u00e1gok helyzete"},"content":{"rendered":"<div data-elementor-type=\"wp-page\" data-elementor-id=\"3597\" class=\"elementor elementor-3597\">\n\t\t\t\t\t\t\t\t\t<section class=\"penci-section penci-disSticky penci-structure-20 elementor-section elementor-top-section elementor-element elementor-element-45861071 elementor-section-boxed elementor-section-height-default elementor-section-height-default\" data-id=\"45861071\" data-element_type=\"section\">\n\t\t\t\t\t\t<div class=\"elementor-container elementor-column-gap-default\">\n\t\t\t\t\t<div class=\"penci-ercol-50 penci-ercol-order-1 penci-sticky-ct  penci-dmcheck penci-elbg-activate  elementor-column elementor-col-50 elementor-top-column elementor-element elementor-element-417fa2e3\" data-id=\"417fa2e3\" data-element_type=\"column\" data-settings=\"{&quot;background_background&quot;:&quot;classic&quot;}\">\n\t\t\t<div class=\"elementor-widget-wrap elementor-element-populated\">\n\t\t\t\t\t\t\t\t<div class=\"elementor-element elementor-element-37db3d3a elementor-view-default elementor-mobile-position-top elementor-vertical-align-top elementor-widget elementor-widget-icon-box\" data-id=\"37db3d3a\" data-element_type=\"widget\" data-widget_type=\"icon-box.default\">\n\t\t\t\t<div class=\"elementor-widget-container\">\n\t\t\t<link rel=\"stylesheet\" href=\"https:\/\/dastgmures.ro\/wp-content\/plugins\/elementor\/assets\/css\/widget-icon-box.min.css\">\t\t<div class=\"elementor-icon-box-wrapper\">\n\t\t\t\t\t\t<div class=\"elementor-icon-box-icon\">\n\t\t\t\t<a class=\"elementor-icon elementor-animation-\" href=\"https:\/\/dastgmures.ro\/hu\/kozerdeku-informaciok\/koltsegvetes\/a-torveny-altal-megallapitott-berjuttatasok-helyzete\/an-2022-5\/\">\n\t\t\t\t<i aria-hidden=\"true\" class=\"fas fa-file-invoice\"><\/i>\t\t\t\t<\/a>\n\t\t\t<\/div>\n\t\t\t\t\t\t<div class=\"elementor-icon-box-content\">\n\t\t\t\t<h3 class=\"elementor-icon-box-title\"><span class=\"ez-toc-section\" id=\"2026\"><\/span>\n\t\t\t\t\t<a href=\"https:\/\/dastgmures.ro\/hu\/kozerdeku-informaciok\/koltsegvetes\/a-torveny-altal-megallapitott-berjuttatasok-helyzete\/an-2022-5\/\" >\n\t\t\t\t\t\t2026\t\t\t\t\t<\/a>\n\t\t\t\t<span class=\"ez-toc-section-end\"><\/span><\/h3>\n\t\t\t\t\t\t\t<\/div>\n\t\t<\/div>\n\t\t\t\t<\/div>\n\t\t\t\t<\/div>\n\t\t\t\t\t<\/div>\n\t\t<\/div>\n\t\t\t\t<div class=\"penci-ercol-50 penci-ercol-order-2 penci-sticky-ct  penci-dmcheck penci-elbg-activate  elementor-column elementor-col-50 elementor-top-column elementor-element elementor-element-390f6d29\" data-id=\"390f6d29\" data-element_type=\"column\" data-settings=\"{&quot;background_background&quot;:&quot;classic&quot;}\">\n\t\t\t<div class=\"elementor-widget-wrap elementor-element-populated\">\n\t\t\t\t\t\t\t\t<div class=\"elementor-element elementor-element-1c91c1a elementor-view-default elementor-mobile-position-top elementor-vertical-align-top elementor-widget elementor-widget-icon-box\" data-id=\"1c91c1a\" data-element_type=\"widget\" data-widget_type=\"icon-box.default\">\n\t\t\t\t<div class=\"elementor-widget-container\">\n\t\t\t\t\t<div class=\"elementor-icon-box-wrapper\">\n\t\t\t\t\t\t<div class=\"elementor-icon-box-icon\">\n\t\t\t\t<a class=\"elementor-icon elementor-animation-\" href=\"https:\/\/dastgmures.ro\/hu\/kozerdeku-informaciok\/koltsegvetes\/a-torveny-altal-megallapitott-berjuttatasok-helyzete\/an-2022-5\/\">\n\t\t\t\t<i aria-hidden=\"true\" class=\"fas fa-file-invoice\"><\/i>\t\t\t\t<\/a>\n\t\t\t<\/div>\n\t\t\t\t\t\t<div class=\"elementor-icon-box-content\">\n\t\t\t\t<h3 class=\"elementor-icon-box-title\"><span class=\"ez-toc-section\" id=\"2025\"><\/span>\n\t\t\t\t\t<a href=\"https:\/\/dastgmures.ro\/hu\/kozerdeku-informaciok\/koltsegvetes\/a-torveny-altal-megallapitott-berjuttatasok-helyzete\/an-2022-5\/\" >\n\t\t\t\t\t\t2025\t\t\t\t\t<\/a>\n\t\t\t\t<span class=\"ez-toc-section-end\"><\/span><\/h3>\n\t\t\t\t\t\t\t<\/div>\n\t\t<\/div>\n\t\t\t\t<\/div>\n\t\t\t\t<\/div>\n\t\t\t\t\t<\/div>\n\t\t<\/div>\n\t\t\t\t\t\t\t<\/div>\n\t\t<\/section>\n\t\t\t\t<section class=\"penci-section penci-disSticky penci-structure-20 elementor-section elementor-top-section elementor-element elementor-element-f48eb07 elementor-section-boxed elementor-section-height-default elementor-section-height-default\" data-id=\"f48eb07\" data-element_type=\"section\">\n\t\t\t\t\t\t<div class=\"elementor-container elementor-column-gap-default\">\n\t\t\t\t\t<div class=\"penci-ercol-50 penci-ercol-order-1 penci-sticky-ct  penci-dmcheck penci-elbg-activate  elementor-column elementor-col-50 elementor-top-column elementor-element elementor-element-ad19c0b\" data-id=\"ad19c0b\" data-element_type=\"column\" data-settings=\"{&quot;background_background&quot;:&quot;classic&quot;}\">\n\t\t\t<div class=\"elementor-widget-wrap elementor-element-populated\">\n\t\t\t\t\t\t\t\t<div class=\"elementor-element elementor-element-444dfe3 elementor-view-default elementor-mobile-position-top elementor-vertical-align-top elementor-widget elementor-widget-icon-box\" data-id=\"444dfe3\" data-element_type=\"widget\" data-widget_type=\"icon-box.default\">\n\t\t\t\t<div class=\"elementor-widget-container\">\n\t\t\t\t\t<div class=\"elementor-icon-box-wrapper\">\n\t\t\t\t\t\t<div class=\"elementor-icon-box-icon\">\n\t\t\t\t<a class=\"elementor-icon elementor-animation-\" href=\"https:\/\/dastgmures.ro\/hu\/kozerdeku-informaciok\/koltsegvetes\/a-torveny-altal-megallapitott-berjuttatasok-helyzete\/an-2022-5\/\">\n\t\t\t\t<i aria-hidden=\"true\" class=\"fas fa-file-invoice\"><\/i>\t\t\t\t<\/a>\n\t\t\t<\/div>\n\t\t\t\t\t\t<div class=\"elementor-icon-box-content\">\n\t\t\t\t<h3 class=\"elementor-icon-box-title\"><span class=\"ez-toc-section\" id=\"2024\"><\/span>\n\t\t\t\t\t<a href=\"https:\/\/dastgmures.ro\/hu\/kozerdeku-informaciok\/koltsegvetes\/a-torveny-altal-megallapitott-berjuttatasok-helyzete\/an-2022-5\/\" >\n\t\t\t\t\t\t2024\t\t\t\t\t<\/a>\n\t\t\t\t<span class=\"ez-toc-section-end\"><\/span><\/h3>\n\t\t\t\t\t\t\t<\/div>\n\t\t<\/div>\n\t\t\t\t<\/div>\n\t\t\t\t<\/div>\n\t\t\t\t\t<\/div>\n\t\t<\/div>\n\t\t\t\t<div class=\"penci-ercol-50 penci-ercol-order-2 penci-sticky-ct  penci-dmcheck penci-elbg-activate  elementor-column elementor-col-50 elementor-top-column elementor-element elementor-element-b45da2b\" data-id=\"b45da2b\" data-element_type=\"column\" data-settings=\"{&quot;background_background&quot;:&quot;classic&quot;}\">\n\t\t\t<div class=\"elementor-widget-wrap elementor-element-populated\">\n\t\t\t\t\t\t\t\t<div class=\"elementor-element elementor-element-3e575771 elementor-view-default elementor-mobile-position-top elementor-vertical-align-top elementor-widget elementor-widget-icon-box\" data-id=\"3e575771\" data-element_type=\"widget\" data-widget_type=\"icon-box.default\">\n\t\t\t\t<div class=\"elementor-widget-container\">\n\t\t\t\t\t<div class=\"elementor-icon-box-wrapper\">\n\t\t\t\t\t\t<div class=\"elementor-icon-box-icon\">\n\t\t\t\t<a class=\"elementor-icon elementor-animation-\" href=\"https:\/\/dastgmures.ro\/hu\/kozerdeku-informaciok\/koltsegvetes\/a-torveny-altal-megallapitott-berjuttatasok-helyzete\/an-2022-5\/\">\n\t\t\t\t<i aria-hidden=\"true\" class=\"fas fa-file-invoice\"><\/i>\t\t\t\t<\/a>\n\t\t\t<\/div>\n\t\t\t\t\t\t<div class=\"elementor-icon-box-content\">\n\t\t\t\t<h3 class=\"elementor-icon-box-title\"><span class=\"ez-toc-section\" id=\"2023\"><\/span>\n\t\t\t\t\t<a href=\"https:\/\/dastgmures.ro\/hu\/kozerdeku-informaciok\/koltsegvetes\/a-torveny-altal-megallapitott-berjuttatasok-helyzete\/an-2022-5\/\" >\n\t\t\t\t\t\t2023\t\t\t\t\t<\/a>\n\t\t\t\t<span class=\"ez-toc-section-end\"><\/span><\/h3>\n\t\t\t\t\t\t\t<\/div>\n\t\t<\/div>\n\t\t\t\t<\/div>\n\t\t\t\t<\/div>\n\t\t\t\t\t<\/div>\n\t\t<\/div>\n\t\t\t\t\t\t\t<\/div>\n\t\t<\/section>\n\t\t\t\t<section class=\"penci-section penci-disSticky penci-structure-20 elementor-section elementor-top-section elementor-element elementor-element-6a07d82 elementor-section-boxed elementor-section-height-default elementor-section-height-default\" data-id=\"6a07d82\" data-element_type=\"section\">\n\t\t\t\t\t\t<div class=\"elementor-container elementor-column-gap-default\">\n\t\t\t\t\t<div class=\"penci-ercol-50 penci-ercol-order-1 penci-sticky-ct  penci-dmcheck penci-elbg-activate  elementor-column elementor-col-50 elementor-top-column elementor-element elementor-element-c868db5\" data-id=\"c868db5\" data-element_type=\"column\" data-settings=\"{&quot;background_background&quot;:&quot;classic&quot;}\">\n\t\t\t<div class=\"elementor-widget-wrap elementor-element-populated\">\n\t\t\t\t\t\t\t\t<div class=\"elementor-element elementor-element-7c936e8 elementor-view-default elementor-mobile-position-top elementor-vertical-align-top elementor-widget elementor-widget-icon-box\" data-id=\"7c936e8\" data-element_type=\"widget\" data-widget_type=\"icon-box.default\">\n\t\t\t\t<div class=\"elementor-widget-container\">\n\t\t\t\t\t<div class=\"elementor-icon-box-wrapper\">\n\t\t\t\t\t\t<div class=\"elementor-icon-box-icon\">\n\t\t\t\t<a class=\"elementor-icon elementor-animation-\" href=\"https:\/\/dastgmures.ro\/hu\/kozerdeku-informaciok\/koltsegvetes\/a-torveny-altal-megallapitott-berjuttatasok-helyzete\/an-2022-5\/\">\n\t\t\t\t<i aria-hidden=\"true\" class=\"fas fa-file-invoice\"><\/i>\t\t\t\t<\/a>\n\t\t\t<\/div>\n\t\t\t\t\t\t<div class=\"elementor-icon-box-content\">\n\t\t\t\t<h3 class=\"elementor-icon-box-title\"><span class=\"ez-toc-section\" id=\"2022\"><\/span>\n\t\t\t\t\t<a href=\"https:\/\/dastgmures.ro\/hu\/kozerdeku-informaciok\/koltsegvetes\/a-torveny-altal-megallapitott-berjuttatasok-helyzete\/an-2022-5\/\" >\n\t\t\t\t\t\t2022\t\t\t\t\t<\/a>\n\t\t\t\t<span class=\"ez-toc-section-end\"><\/span><\/h3>\n\t\t\t\t\t\t\t<\/div>\n\t\t<\/div>\n\t\t\t\t<\/div>\n\t\t\t\t<\/div>\n\t\t\t\t\t<\/div>\n\t\t<\/div>\n\t\t\t\t<div class=\"penci-ercol-50 penci-ercol-order-2 penci-sticky-ct  penci-dmcheck penci-elbg-activate  elementor-column elementor-col-50 elementor-top-column elementor-element elementor-element-9f80228\" data-id=\"9f80228\" data-element_type=\"column\" data-settings=\"{&quot;background_background&quot;:&quot;classic&quot;}\">\n\t\t\t<div class=\"elementor-widget-wrap elementor-element-populated\">\n\t\t\t\t\t\t\t\t<div class=\"elementor-element elementor-element-ec8511b elementor-view-default elementor-mobile-position-top elementor-vertical-align-top elementor-widget elementor-widget-icon-box\" data-id=\"ec8511b\" data-element_type=\"widget\" data-widget_type=\"icon-box.default\">\n\t\t\t\t<div class=\"elementor-widget-container\">\n\t\t\t\t\t<div class=\"elementor-icon-box-wrapper\">\n\t\t\t\t\t\t<div class=\"elementor-icon-box-icon\">\n\t\t\t\t<a class=\"elementor-icon elementor-animation-\" href=\"https:\/\/dastgmures.ro\/hu\/kozerdeku-informaciok\/koltsegvetes\/a-torveny-altal-megallapitott-berjuttatasok-helyzete\/ev-2021-3\/\">\n\t\t\t\t<i aria-hidden=\"true\" class=\"fas fa-file-invoice\"><\/i>\t\t\t\t<\/a>\n\t\t\t<\/div>\n\t\t\t\t\t\t<div class=\"elementor-icon-box-content\">\n\t\t\t\t<h3 class=\"elementor-icon-box-title\"><span class=\"ez-toc-section\" id=\"2021\"><\/span>\n\t\t\t\t\t<a href=\"https:\/\/dastgmures.ro\/hu\/kozerdeku-informaciok\/koltsegvetes\/a-torveny-altal-megallapitott-berjuttatasok-helyzete\/ev-2021-3\/\" >\n\t\t\t\t\t\t2021\t\t\t\t\t<\/a>\n\t\t\t\t<span class=\"ez-toc-section-end\"><\/span><\/h3>\n\t\t\t\t\t\t\t<\/div>\n\t\t<\/div>\n\t\t\t\t<\/div>\n\t\t\t\t<\/div>\n\t\t\t\t\t<\/div>\n\t\t<\/div>\n\t\t\t\t\t\t\t<\/div>\n\t\t<\/section>\n\t\t\t\t\t\t\t<\/div>","protected":false},"excerpt":{"rendered":"<p>2026 2025 2024 2023 2022 2021<\/p>","protected":false},"author":1,"featured_media":0,"parent":3564,"menu_order":0,"comment_status":"closed","ping_status":"closed","template":"","meta":{"footnotes":""},"class_list":["post-3597","page","type-page","status-publish","hentry"],"yoast_head":"<!-- This site is optimized with the Yoast SEO plugin v19.13 - https:\/\/yoast.com\/wordpress\/plugins\/seo\/ -->\n<title>Situa\u021bia drepturilor salariale stabilite potrivit legii - Direc\u021bia de Asisten\u021b\u0103 Social\u0103 T\u00e2rgu Mure\u0219<\/title>\n<meta name=\"robots\" content=\"index, follow, max-snippet:-1, max-image-preview:large, max-video-preview:-1\" \/>\n<link rel=\"canonical\" href=\"https:\/\/dastgmures.ro\/hu\/kozerdeku-informaciok\/koltsegvetes\/a-torveny-altal-megallapitott-berjuttatasok-helyzete\/\" \/>\n<meta property=\"og:locale\" content=\"hu_HU\" \/>\n<meta property=\"og:type\" content=\"article\" \/>\n<meta property=\"og:title\" content=\"Situa\u021bia drepturilor salariale stabilite potrivit legii - Direc\u021bia de Asisten\u021b\u0103 Social\u0103 T\u00e2rgu Mure\u0219\" \/>\n<meta property=\"og:description\" content=\"2026 2025 2024 2023 2022 2021\" \/>\n<meta property=\"og:url\" content=\"https:\/\/dastgmures.ro\/hu\/kozerdeku-informaciok\/koltsegvetes\/a-torveny-altal-megallapitott-berjuttatasok-helyzete\/\" \/>\n<meta property=\"og:site_name\" content=\"Direc\u021bia de Asisten\u021b\u0103 Social\u0103 T\u00e2rgu Mure\u0219\" \/>\n<meta property=\"article:modified_time\" content=\"2026-03-31T12:50:36+00:00\" \/>\n<meta name=\"twitter:card\" content=\"summary_large_image\" \/>\n<meta name=\"twitter:label1\" content=\"Becs\u00fclt olvas\u00e1si id\u0151\" \/>\n\t<meta name=\"twitter:data1\" content=\"1 perc\" \/>\n<script type=\"application\/ld+json\" class=\"yoast-schema-graph\">{\"@context\":\"https:\/\/schema.org\",\"@graph\":[{\"@type\":\"WebPage\",\"@id\":\"https:\/\/dastgmures.ro\/informatii-de-interes-public\/buget\/situatia-drepturilor-salariale-stabilite-potrivit-legii\/\",\"url\":\"https:\/\/dastgmures.ro\/informatii-de-interes-public\/buget\/situatia-drepturilor-salariale-stabilite-potrivit-legii\/\",\"name\":\"Situa\u021bia drepturilor salariale stabilite potrivit legii - Direc\u021bia de Asisten\u021b\u0103 Social\u0103 T\u00e2rgu Mure\u0219\",\"isPartOf\":{\"@id\":\"https:\/\/dastgmures.ro\/#website\"},\"datePublished\":\"2022-12-12T13:10:57+00:00\",\"dateModified\":\"2026-03-31T12:50:36+00:00\",\"breadcrumb\":{\"@id\":\"https:\/\/dastgmures.ro\/informatii-de-interes-public\/buget\/situatia-drepturilor-salariale-stabilite-potrivit-legii\/#breadcrumb\"},\"inLanguage\":\"hu\",\"potentialAction\":[{\"@type\":\"ReadAction\",\"target\":[\"https:\/\/dastgmures.ro\/informatii-de-interes-public\/buget\/situatia-drepturilor-salariale-stabilite-potrivit-legii\/\"]}]},{\"@type\":\"BreadcrumbList\",\"@id\":\"https:\/\/dastgmures.ro\/informatii-de-interes-public\/buget\/situatia-drepturilor-salariale-stabilite-potrivit-legii\/#breadcrumb\",\"itemListElement\":[{\"@type\":\"ListItem\",\"position\":1,\"name\":\"Prima pagin\u0103\",\"item\":\"https:\/\/dastgmures.ro\/\"},{\"@type\":\"ListItem\",\"position\":2,\"name\":\"Informa\u021bii de interes public\",\"item\":\"https:\/\/dastgmures.ro\/informatii-de-interes-public\/\"},{\"@type\":\"ListItem\",\"position\":3,\"name\":\"Buget\",\"item\":\"https:\/\/dastgmures.ro\/informatii-de-interes-public\/buget\/\"},{\"@type\":\"ListItem\",\"position\":4,\"name\":\"Situa\u021bia drepturilor salariale stabilite potrivit legii\"}]},{\"@type\":\"WebSite\",\"@id\":\"https:\/\/dastgmures.ro\/#website\",\"url\":\"https:\/\/dastgmures.ro\/\",\"name\":\"Direc\u021bia de Asisten\u021b\u0103 Social\u0103 T\u00e2rgu Mure\u0219\",\"description\":\"\",\"potentialAction\":[{\"@type\":\"SearchAction\",\"target\":{\"@type\":\"EntryPoint\",\"urlTemplate\":\"https:\/\/dastgmures.ro\/?s={search_term_string}\"},\"query-input\":\"required name=search_term_string\"}],\"inLanguage\":\"hu\"}]}<\/script>\n<!-- \/ Yoast SEO plugin. -->","yoast_head_json":{"title":"Situa\u021bia drepturilor salariale stabilite potrivit legii - Direc\u021bia de Asisten\u021b\u0103 Social\u0103 T\u00e2rgu Mure\u0219","robots":{"index":"index","follow":"follow","max-snippet":"max-snippet:-1","max-image-preview":"max-image-preview:large","max-video-preview":"max-video-preview:-1"},"canonical":"https:\/\/dastgmures.ro\/hu\/kozerdeku-informaciok\/koltsegvetes\/a-torveny-altal-megallapitott-berjuttatasok-helyzete\/","og_locale":"hu_HU","og_type":"article","og_title":"Situa\u021bia drepturilor salariale stabilite potrivit legii - Direc\u021bia de Asisten\u021b\u0103 Social\u0103 T\u00e2rgu Mure\u0219","og_description":"2026 2025 2024 2023 2022 2021","og_url":"https:\/\/dastgmures.ro\/hu\/kozerdeku-informaciok\/koltsegvetes\/a-torveny-altal-megallapitott-berjuttatasok-helyzete\/","og_site_name":"Direc\u021bia de Asisten\u021b\u0103 Social\u0103 T\u00e2rgu Mure\u0219","article_modified_time":"2026-03-31T12:50:36+00:00","twitter_card":"summary_large_image","twitter_misc":{"Becs\u00fclt olvas\u00e1si id\u0151":"1 perc"},"schema":{"@context":"https:\/\/schema.org","@graph":[{"@type":"WebPage","@id":"https:\/\/dastgmures.ro\/informatii-de-interes-public\/buget\/situatia-drepturilor-salariale-stabilite-potrivit-legii\/","url":"https:\/\/dastgmures.ro\/informatii-de-interes-public\/buget\/situatia-drepturilor-salariale-stabilite-potrivit-legii\/","name":"Situa\u021bia drepturilor salariale stabilite potrivit legii - Direc\u021bia de Asisten\u021b\u0103 Social\u0103 T\u00e2rgu Mure\u0219","isPartOf":{"@id":"https:\/\/dastgmures.ro\/#website"},"datePublished":"2022-12-12T13:10:57+00:00","dateModified":"2026-03-31T12:50:36+00:00","breadcrumb":{"@id":"https:\/\/dastgmures.ro\/informatii-de-interes-public\/buget\/situatia-drepturilor-salariale-stabilite-potrivit-legii\/#breadcrumb"},"inLanguage":"hu","potentialAction":[{"@type":"ReadAction","target":["https:\/\/dastgmures.ro\/informatii-de-interes-public\/buget\/situatia-drepturilor-salariale-stabilite-potrivit-legii\/"]}]},{"@type":"BreadcrumbList","@id":"https:\/\/dastgmures.ro\/informatii-de-interes-public\/buget\/situatia-drepturilor-salariale-stabilite-potrivit-legii\/#breadcrumb","itemListElement":[{"@type":"ListItem","position":1,"name":"Prima pagin\u0103","item":"https:\/\/dastgmures.ro\/"},{"@type":"ListItem","position":2,"name":"Informa\u021bii de interes public","item":"https:\/\/dastgmures.ro\/informatii-de-interes-public\/"},{"@type":"ListItem","position":3,"name":"Buget","item":"https:\/\/dastgmures.ro\/informatii-de-interes-public\/buget\/"},{"@type":"ListItem","position":4,"name":"Situa\u021bia drepturilor salariale stabilite potrivit legii"}]},{"@type":"WebSite","@id":"https:\/\/dastgmures.ro\/#website","url":"https:\/\/dastgmures.ro\/","name":"Direc\u021bia de Asisten\u021b\u0103 Social\u0103 T\u00e2rgu Mure\u0219","description":"","potentialAction":[{"@type":"SearchAction","target":{"@type":"EntryPoint","urlTemplate":"https:\/\/dastgmures.ro\/?s={search_term_string}"},"query-input":"required name=search_term_string"}],"inLanguage":"hu"}]}},"_links":{"self":[{"href":"https:\/\/dastgmures.ro\/hu\/wp-json\/wp\/v2\/pages\/3597","targetHints":{"allow":["GET"]}}],"collection":[{"href":"https:\/\/dastgmures.ro\/hu\/wp-json\/wp\/v2\/pages"}],"about":[{"href":"https:\/\/dastgmures.ro\/hu\/wp-json\/wp\/v2\/types\/page"}],"author":[{"embeddable":true,"href":"https:\/\/dastgmures.ro\/hu\/wp-json\/wp\/v2\/users\/1"}],"replies":[{"embeddable":true,"href":"https:\/\/dastgmures.ro\/hu\/wp-json\/wp\/v2\/comments?post=3597"}],"version-history":[{"count":31,"href":"https:\/\/dastgmures.ro\/hu\/wp-json\/wp\/v2\/pages\/3597\/revisions"}],"predecessor-version":[{"id":15611,"href":"https:\/\/dastgmures.ro\/hu\/wp-json\/wp\/v2\/pages\/3597\/revisions\/15611"}],"up":[{"embeddable":true,"href":"https:\/\/dastgmures.ro\/hu\/wp-json\/wp\/v2\/pages\/3564"}],"wp:attachment":[{"href":"https:\/\/dastgmures.ro\/hu\/wp-json\/wp\/v2\/media?parent=3597"}],"curies":[{"name":"wp","href":"https:\/\/api.w.org\/{rel}","templated":true}]}}