{"id":3902,"date":"2022-12-12T15:02:26","date_gmt":"2022-12-12T15:02:26","guid":{"rendered":"https:\/\/dastgmures.ro\/?page_id=3902"},"modified":"2022-12-12T15:03:05","modified_gmt":"2022-12-12T15:03:05","slug":"an-2021","status":"publish","type":"page","link":"https:\/\/dastgmures.ro\/hu\/kozerdeku-informaciok\/merlegek\/ev-2021-4\/","title":{"rendered":"M\u00e9rlegek 2021"},"content":{"rendered":"<div class=\"ead-preview\"><div class=\"ead-document\" style=\"position: relative;padding-top: 90%;\"><div class=\"ead-iframe-wrapper\"><iframe src=\"\/\/docs.google.com\/viewer?url=https%3A%2F%2Fdastgmures.ro%2Fwp-content%2Fuploads%2F2022%2F12%2FBilant-2021.pdf&amp;embedded=true&amp;hl=en\" title=\"Be\u00e1gyazott dokumentum\" class=\"ead-iframe\" style=\"width: 100%;height: 100%;border: none;position: absolute;left: 0;top: 0;visibility: hidden;\"><\/iframe><\/div>\t\t\t<div class=\"ead-document-loading\" style=\"width:100%;height:100%;position:absolute;left:0;top:0;z-index:10;\">\n\t\t\t\t<div class=\"ead-loading-wrap\">\n\t\t\t\t\t<div class=\"ead-loading-main\">\n\t\t\t\t\t\t<div class=\"ead-loading\">\n\t\t\t\t\t\t\t<img decoding=\"async\" src=\"https:\/\/dastgmures.ro\/wp-content\/plugins\/embed-any-document\/images\/loading.svg\" width=\"55\" height=\"55\" alt=\"Rakod\u00f3g\u00e9p\">\n\t\t\t\t\t\t\t<span>Bet\u00f6lt\u00e9s...<\/span>\n\t\t\t\t\t\t<\/div>\n\t\t\t\t\t<\/div>\n\t\t\t\t\t<div class=\"ead-loading-foot\">\n\t\t\t\t\t\t<div class=\"ead-loading-foot-title\">\n\t\t\t\t\t\t\t<img decoding=\"async\" src=\"https:\/\/dastgmures.ro\/wp-content\/plugins\/embed-any-document\/images\/EAD-logo.svg\" alt=\"EAD log\u00f3\" width=\"36\" height=\"23\"\/>\n\t\t\t\t\t\t\t<span>T\u00fal sok\u00e1ig tart?<\/span>\n\t\t\t\t\t\t<\/div>\n\t\t\t\t\t\t<p>\n\t\t\t\t\t\t\t<div class=\"ead-document-btn ead-reload-btn\" role=\"button\">\n\t\t\t\t\t\t\t\t<img decoding=\"async\" src=\"https:\/\/dastgmures.ro\/wp-content\/plugins\/embed-any-document\/images\/reload.svg\" alt=\"\u00dajrat\u00f6lt\u00e9s\" width=\"12\" height=\"12\"\/> Dokumentum \u00fajrat\u00f6lt\u00e9se\t\t\t\t\t\t\t<\/div>\n\t\t\t\t\t\t\t<span>|<\/span>\n\t\t\t\t\t\t\t<a href=\"https:\/\/dastgmures.ro\/wp-content\/uploads\/2022\/12\/Bilant-2021.pdf\" class=\"ead-document-btn\" target=\"_blank\">\n\t\t\t\t\t\t\t\t<img decoding=\"async\" src=\"https:\/\/dastgmures.ro\/wp-content\/plugins\/embed-any-document\/images\/open.svg\" alt=\"Nyissa meg a  c\u00edmet.\" width=\"12\" height=\"12\"\/> \u00daj lapon megnyit\u00e1s\t\t\t\t\t\t\t<\/a>\n\t\t\t\t\t<\/div>\n\t\t\t\t<\/div>\n\t\t\t<\/div>\n\t\t<\/div><p class=\"embed_download\"><a href=\"https:\/\/dastgmures.ro\/wp-content\/uploads\/2022\/12\/Bilant-2021.pdf\" download>2021-es m\u00e9rlegek let\u00f6lt\u00e9se [50.84 KB] <\/a><\/p><\/div>","protected":false},"excerpt":{"rendered":"","protected":false},"author":1,"featured_media":0,"parent":3897,"menu_order":0,"comment_status":"closed","ping_status":"closed","template":"","meta":{"footnotes":""},"class_list":["post-3902","page","type-page","status-publish","hentry"],"yoast_head":"<!-- This site is optimized with the Yoast SEO plugin v19.13 - https:\/\/yoast.com\/wordpress\/plugins\/seo\/ -->\n<title>Bilan\u021buri contabile 2021 - Direc\u021bia de Asisten\u021b\u0103 Social\u0103 T\u00e2rgu Mure\u0219<\/title>\n<meta name=\"robots\" content=\"index, follow, max-snippet:-1, max-image-preview:large, max-video-preview:-1\" \/>\n<link rel=\"canonical\" href=\"https:\/\/dastgmures.ro\/hu\/kozerdeku-informaciok\/merlegek\/ev-2021-4\/\" \/>\n<meta property=\"og:locale\" content=\"hu_HU\" \/>\n<meta property=\"og:type\" content=\"article\" \/>\n<meta property=\"og:title\" content=\"Bilan\u021buri contabile 2021 - Direc\u021bia de Asisten\u021b\u0103 Social\u0103 T\u00e2rgu Mure\u0219\" \/>\n<meta property=\"og:url\" content=\"https:\/\/dastgmures.ro\/hu\/kozerdeku-informaciok\/merlegek\/ev-2021-4\/\" \/>\n<meta property=\"og:site_name\" content=\"Direc\u021bia de Asisten\u021b\u0103 Social\u0103 T\u00e2rgu Mure\u0219\" \/>\n<meta property=\"article:modified_time\" content=\"2022-12-12T15:03:05+00:00\" \/>\n<meta name=\"twitter:card\" content=\"summary_large_image\" \/>\n<script type=\"application\/ld+json\" class=\"yoast-schema-graph\">{\"@context\":\"https:\/\/schema.org\",\"@graph\":[{\"@type\":\"WebPage\",\"@id\":\"https:\/\/dastgmures.ro\/informatii-de-interes-public\/bilanturi-contabile\/an-2021\/\",\"url\":\"https:\/\/dastgmures.ro\/informatii-de-interes-public\/bilanturi-contabile\/an-2021\/\",\"name\":\"Bilan\u021buri contabile 2021 - Direc\u021bia de Asisten\u021b\u0103 Social\u0103 T\u00e2rgu Mure\u0219\",\"isPartOf\":{\"@id\":\"https:\/\/dastgmures.ro\/#website\"},\"datePublished\":\"2022-12-12T15:02:26+00:00\",\"dateModified\":\"2022-12-12T15:03:05+00:00\",\"breadcrumb\":{\"@id\":\"https:\/\/dastgmures.ro\/informatii-de-interes-public\/bilanturi-contabile\/an-2021\/#breadcrumb\"},\"inLanguage\":\"hu\",\"potentialAction\":[{\"@type\":\"ReadAction\",\"target\":[\"https:\/\/dastgmures.ro\/informatii-de-interes-public\/bilanturi-contabile\/an-2021\/\"]}]},{\"@type\":\"BreadcrumbList\",\"@id\":\"https:\/\/dastgmures.ro\/informatii-de-interes-public\/bilanturi-contabile\/an-2021\/#breadcrumb\",\"itemListElement\":[{\"@type\":\"ListItem\",\"position\":1,\"name\":\"Prima pagin\u0103\",\"item\":\"https:\/\/dastgmures.ro\/\"},{\"@type\":\"ListItem\",\"position\":2,\"name\":\"Informa\u021bii de interes public\",\"item\":\"https:\/\/dastgmures.ro\/informatii-de-interes-public\/\"},{\"@type\":\"ListItem\",\"position\":3,\"name\":\"Bilan\u021buri contabile\",\"item\":\"https:\/\/dastgmures.ro\/informatii-de-interes-public\/bilanturi-contabile\/\"},{\"@type\":\"ListItem\",\"position\":4,\"name\":\"Bilan\u021buri contabile 2021\"}]},{\"@type\":\"WebSite\",\"@id\":\"https:\/\/dastgmures.ro\/#website\",\"url\":\"https:\/\/dastgmures.ro\/\",\"name\":\"Direc\u021bia de Asisten\u021b\u0103 Social\u0103 T\u00e2rgu Mure\u0219\",\"description\":\"\",\"potentialAction\":[{\"@type\":\"SearchAction\",\"target\":{\"@type\":\"EntryPoint\",\"urlTemplate\":\"https:\/\/dastgmures.ro\/?s={search_term_string}\"},\"query-input\":\"required name=search_term_string\"}],\"inLanguage\":\"hu\"}]}<\/script>\n<!-- \/ Yoast SEO plugin. -->","yoast_head_json":{"title":"Bilan\u021buri contabile 2021 - Direc\u021bia de Asisten\u021b\u0103 Social\u0103 T\u00e2rgu Mure\u0219","robots":{"index":"index","follow":"follow","max-snippet":"max-snippet:-1","max-image-preview":"max-image-preview:large","max-video-preview":"max-video-preview:-1"},"canonical":"https:\/\/dastgmures.ro\/hu\/kozerdeku-informaciok\/merlegek\/ev-2021-4\/","og_locale":"hu_HU","og_type":"article","og_title":"Bilan\u021buri contabile 2021 - Direc\u021bia de Asisten\u021b\u0103 Social\u0103 T\u00e2rgu Mure\u0219","og_url":"https:\/\/dastgmures.ro\/hu\/kozerdeku-informaciok\/merlegek\/ev-2021-4\/","og_site_name":"Direc\u021bia de Asisten\u021b\u0103 Social\u0103 T\u00e2rgu Mure\u0219","article_modified_time":"2022-12-12T15:03:05+00:00","twitter_card":"summary_large_image","schema":{"@context":"https:\/\/schema.org","@graph":[{"@type":"WebPage","@id":"https:\/\/dastgmures.ro\/informatii-de-interes-public\/bilanturi-contabile\/an-2021\/","url":"https:\/\/dastgmures.ro\/informatii-de-interes-public\/bilanturi-contabile\/an-2021\/","name":"Bilan\u021buri contabile 2021 - Direc\u021bia de Asisten\u021b\u0103 Social\u0103 T\u00e2rgu Mure\u0219","isPartOf":{"@id":"https:\/\/dastgmures.ro\/#website"},"datePublished":"2022-12-12T15:02:26+00:00","dateModified":"2022-12-12T15:03:05+00:00","breadcrumb":{"@id":"https:\/\/dastgmures.ro\/informatii-de-interes-public\/bilanturi-contabile\/an-2021\/#breadcrumb"},"inLanguage":"hu","potentialAction":[{"@type":"ReadAction","target":["https:\/\/dastgmures.ro\/informatii-de-interes-public\/bilanturi-contabile\/an-2021\/"]}]},{"@type":"BreadcrumbList","@id":"https:\/\/dastgmures.ro\/informatii-de-interes-public\/bilanturi-contabile\/an-2021\/#breadcrumb","itemListElement":[{"@type":"ListItem","position":1,"name":"Prima pagin\u0103","item":"https:\/\/dastgmures.ro\/"},{"@type":"ListItem","position":2,"name":"Informa\u021bii de interes public","item":"https:\/\/dastgmures.ro\/informatii-de-interes-public\/"},{"@type":"ListItem","position":3,"name":"Bilan\u021buri contabile","item":"https:\/\/dastgmures.ro\/informatii-de-interes-public\/bilanturi-contabile\/"},{"@type":"ListItem","position":4,"name":"Bilan\u021buri contabile 2021"}]},{"@type":"WebSite","@id":"https:\/\/dastgmures.ro\/#website","url":"https:\/\/dastgmures.ro\/","name":"Direc\u021bia de Asisten\u021b\u0103 Social\u0103 T\u00e2rgu Mure\u0219","description":"","potentialAction":[{"@type":"SearchAction","target":{"@type":"EntryPoint","urlTemplate":"https:\/\/dastgmures.ro\/?s={search_term_string}"},"query-input":"required name=search_term_string"}],"inLanguage":"hu"}]}},"_links":{"self":[{"href":"https:\/\/dastgmures.ro\/hu\/wp-json\/wp\/v2\/pages\/3902","targetHints":{"allow":["GET"]}}],"collection":[{"href":"https:\/\/dastgmures.ro\/hu\/wp-json\/wp\/v2\/pages"}],"about":[{"href":"https:\/\/dastgmures.ro\/hu\/wp-json\/wp\/v2\/types\/page"}],"author":[{"embeddable":true,"href":"https:\/\/dastgmures.ro\/hu\/wp-json\/wp\/v2\/users\/1"}],"replies":[{"embeddable":true,"href":"https:\/\/dastgmures.ro\/hu\/wp-json\/wp\/v2\/comments?post=3902"}],"version-history":[{"count":2,"href":"https:\/\/dastgmures.ro\/hu\/wp-json\/wp\/v2\/pages\/3902\/revisions"}],"predecessor-version":[{"id":3905,"href":"https:\/\/dastgmures.ro\/hu\/wp-json\/wp\/v2\/pages\/3902\/revisions\/3905"}],"up":[{"embeddable":true,"href":"https:\/\/dastgmures.ro\/hu\/wp-json\/wp\/v2\/pages\/3897"}],"wp:attachment":[{"href":"https:\/\/dastgmures.ro\/hu\/wp-json\/wp\/v2\/media?parent=3902"}],"curies":[{"name":"wp","href":"https:\/\/api.w.org\/{rel}","templated":true}]}}