{"id":4154,"date":"2022-12-13T13:08:45","date_gmt":"2022-12-13T13:08:45","guid":{"rendered":"https:\/\/dastgmures.ro\/?page_id=4154"},"modified":"2022-12-13T13:11:56","modified_gmt":"2022-12-13T13:11:56","slug":"bunicii-caminului-pentru-persoane-varstnice-la-i-giardini-di-zoe","status":"publish","type":"page","link":"https:\/\/dastgmures.ro\/hu\/foto-video-galeria\/nagyszulok-camino-az-idosebbeknek-az-zoe-kertjeben\/","title":{"rendered":"Az I Giardini di Zoe Id\u0151sek Otthon\u00e1nak nagysz\u00fclei"},"content":{"rendered":"<div data-elementor-type=\"wp-page\" data-elementor-id=\"4154\" class=\"elementor elementor-4154\">\n\t\t\t\t\t\t\t\t\t<section class=\"penci-section penci-disSticky penci-structure-10 elementor-section elementor-top-section elementor-element elementor-element-c7f8fbe elementor-section-boxed elementor-section-height-default elementor-section-height-default\" data-id=\"c7f8fbe\" data-element_type=\"section\">\n\t\t\t\t\t\t<div class=\"elementor-container elementor-column-gap-default\">\n\t\t\t\t\t<div class=\"penci-ercol-100 penci-ercol-order-1 penci-sticky-ct    elementor-column elementor-col-100 elementor-top-column elementor-element elementor-element-8b8ef06\" data-id=\"8b8ef06\" data-element_type=\"column\">\n\t\t\t<div class=\"elementor-widget-wrap elementor-element-populated\">\n\t\t\t\t\t\t\t\t<div class=\"elementor-element elementor-element-afa6b8a elementor-widget elementor-widget-text-editor\" data-id=\"afa6b8a\" data-element_type=\"widget\" data-widget_type=\"text-editor.default\">\n\t\t\t\t<div class=\"elementor-widget-container\">\n\t\t\t<style>\/*! elementor - v3.7.8 - 02-10-2022 *\/\n.elementor-widget-text-editor.elementor-drop-cap-view-stacked .elementor-drop-cap{background-color:#818a91;color:#fff}.elementor-widget-text-editor.elementor-drop-cap-view-framed .elementor-drop-cap{color:#818a91;border:3px solid;background-color:transparent}.elementor-widget-text-editor:not(.elementor-drop-cap-view-default) .elementor-drop-cap{margin-top:8px}.elementor-widget-text-editor:not(.elementor-drop-cap-view-default) .elementor-drop-cap-letter{width:1em;height:1em}.elementor-widget-text-editor .elementor-drop-cap{float:left;text-align:center;line-height:1;font-size:50px}.elementor-widget-text-editor .elementor-drop-cap-letter{display:inline-block}<\/style>\t\t\t\t<p>Rom\u00e1nia legszebb arisztokrata kertj\u00e9be \u00e9rkeztek az Id\u0151sek Otthon\u00e1nak nagysz\u00fclei<\/p><p>Tal\u00e1n mindannyian v\u00e1gytunk egyszer egy olyan kertben s\u00e9t\u00e1lni, amely bels\u0151 b\u00e9k\u00e9t ad \u00e9s gy\u00f6ny\u00f6rk\u00f6dteti a szem\u00fcnket.<br \/>A nagysz\u00fcl\u0151k \u00e1lma v\u00e1lt val\u00f3ra....  B\u00e1r els\u0151 pillant\u00e1sra azt hihetn\u00e9nk, hogy egy toszk\u00e1nai kir\u00e1lyi udvarba l\u00e9pt\u00fcnk be, val\u00f3j\u00e1ban egy rom\u00e1niai faluban vagyunk, ahol a tulajdonos, Giovanni Salvatelli \u00far, egy Ancona k\u00f6rny\u00e9ki olasz, azt \u00e1ll\u00edtja, hogy ez a hely az els\u0151 l\u00e1togat\u00e1sa \u00f3ta vonzza \u0151t. A kertet az unok\u00e1j\u00e1r\u00f3l, Zo\u00e9r\u00f3l nevezte el, de ak\u00e1r az ide\u00e1lis n\u0151 protot\u00edpusa is lehetne, mert a kertben megtal\u00e1lja a t\u00f6k\u00e9letes egyens\u00falyt.<br \/>A nagysz\u00fcl\u0151k az egyik kerti \u00f6sv\u00e9nyen tal\u00e1lkoztak a tulajdonossal, \u00e9s meg\u00f6r\u00f6k\u00edtett\u00e9k a pillanatot egy f\u00e9nyk\u00e9pen, term\u00e9szetesen azut\u00e1n, hogy Giovanni lecser\u00e9lte \"munkaruh\u00e1j\u00e1t\" egy \"italiano ver\u00f3hoz\" ill\u0151re.<br \/>Ezt k\u00f6vet\u0151en, mind\u00f6ssze 4 km-re, a fiatalok n\u00e9h\u00e1ny \u00f3r\u00e1ra egy k\u00f6z\u00e9pkori v\u00e1rban sz\u00e1lltak meg, amely egy dombon \u00e1llt, \u00e9s az eg\u00e9sz v\u00f6lgyre n\u00e9zett, ahol a tulajdonos, Adriana asszony legend\u00e1kkal \u00e9s t\u00f6rt\u00e9netekkel var\u00e1zsolta el \u0151ket a m\u00faltb\u00f3l. Eml\u00e9kszik arra, hogy egy \u00e9jszaka, a sz\u00e1lloda megnyit\u00e1sa el\u0151tt lefestette a korl\u00e1tokat, \u00e9s egy id\u0151 ut\u00e1n hirtelen kialudt a f\u00e9ny. Lemegy a f\u00f6ldszintre, hogy felkapcsolja az izz\u00f3t, de n\u00e9h\u00e1ny perc m\u00falva ism\u00e9t kialszik. Adriana meg\u00e9rezve Izi szellem\u00e9nek jelenl\u00e9t\u00e9t, aki m\u00e9g mindig \"bolyongott\" a k\u00f6rny\u00e9ken, \u00edgy sz\u00f3lt hozz\u00e1: \"Izi, k\u00e9rlek, hadd fejezzem be, nagyon f\u00e1radt vagyok!\" ...... \u00e9s a f\u00e9ny soha t\u00f6bb\u00e9 nem aludt ki.<br \/>Ha k\u00edv\u00e1ncsi vagy Izi t\u00f6rt\u00e9net\u00e9re, l\u00e1togass el a Farkasok v\u00e1r\u00e1ba, amely a d\u00e1k n\u00e9p szimb\u00f3lum\u00e1nak, a Nagy Feh\u00e9r Farkasnak \u00e1ll\u00edt eml\u00e9ket.<\/p>\t\t\t\t\t\t<\/div>\n\t\t\t\t<\/div>\n\t\t\t\t<div class=\"elementor-element elementor-element-59a273b elementor-widget elementor-widget-penci-image-gallery\" data-id=\"59a273b\" data-element_type=\"widget\" data-widget_type=\"penci-image-gallery.default\">\n\t\t\t\t<div class=\"elementor-widget-container\">\n\t\t\t\t\t<div id=\"penci-image_gallery_9604\" class=\"penci-block-vc penci-image-gallery penci-image-gallery-s1 pencisc-grid-3 pencisc-grid-tablet-2 pencisc-grid-mobile-1 penci-image-not-caption\">\n\t\t\t\t\t\t<div class=\"penci-block_content  pencisc-grid\">\n\t\t\t\t                <div class=\"penci-gallery-item penci-galitem-1\">\n                    <a class=\"penci-gallery-ite penci-image-holder penci-lazy penci-image-landscape\"  data-bgset=\"https:\/\/dastgmures.ro\/wp-content\/uploads\/2022\/12\/TGMUE5487-768x661.jpg\"                       href=\"https:\/\/dastgmures.ro\/wp-content\/uploads\/2022\/12\/TGMUE5487.jpg\" >\n\t\t\t\t\t\t                        <i class=\"penciicon-expand\"><\/i>\n                    <\/a>\n                <\/div>\n\t\t\t\t                <div class=\"penci-gallery-item penci-galitem-2\">\n                    <a class=\"penci-gallery-ite penci-image-holder penci-lazy penci-image-landscape\"  data-bgset=\"https:\/\/dastgmures.ro\/wp-content\/uploads\/2022\/12\/IMG_8921-768x576.jpg\"                       href=\"https:\/\/dastgmures.ro\/wp-content\/uploads\/2022\/12\/IMG_8921-1170x878.jpg\" >\n\t\t\t\t\t\t                        <i class=\"penciicon-expand\"><\/i>\n                    <\/a>\n                <\/div>\n\t\t\t\t                <div class=\"penci-gallery-item penci-galitem-3\">\n                    <a class=\"penci-gallery-ite penci-image-holder penci-lazy penci-image-landscape\"  data-bgset=\"https:\/\/dastgmures.ro\/wp-content\/uploads\/2022\/12\/IMG_8937-768x1137.jpg\"                       href=\"https:\/\/dastgmures.ro\/wp-content\/uploads\/2022\/12\/IMG_8937-1170x1732.jpg\" >\n\t\t\t\t\t\t                        <i class=\"penciicon-expand\"><\/i>\n                    <\/a>\n                <\/div>\n\t\t\t\t                <div class=\"penci-gallery-item penci-galitem-4\">\n                    <a class=\"penci-gallery-ite penci-image-holder penci-lazy penci-image-landscape\"  data-bgset=\"https:\/\/dastgmures.ro\/wp-content\/uploads\/2022\/12\/IMG_8951-768x1024.jpg\"                       href=\"https:\/\/dastgmures.ro\/wp-content\/uploads\/2022\/12\/IMG_8951-1170x1560.jpg\" >\n\t\t\t\t\t\t                        <i class=\"penciicon-expand\"><\/i>\n                    <\/a>\n                <\/div>\n\t\t\t\t                <div class=\"penci-gallery-item penci-galitem-5\">\n                    <a class=\"penci-gallery-ite penci-image-holder penci-lazy penci-image-landscape\"  data-bgset=\"https:\/\/dastgmures.ro\/wp-content\/uploads\/2022\/12\/IMG_8972-768x1024.jpg\"                       href=\"https:\/\/dastgmures.ro\/wp-content\/uploads\/2022\/12\/IMG_8972-1170x1560.jpg\" >\n\t\t\t\t\t\t                        <i class=\"penciicon-expand\"><\/i>\n                    <\/a>\n                <\/div>\n\t\t\t\t                <div class=\"penci-gallery-item penci-galitem-6\">\n                    <a class=\"penci-gallery-ite penci-image-holder penci-lazy penci-image-landscape\"  data-bgset=\"https:\/\/dastgmures.ro\/wp-content\/uploads\/2022\/12\/IMG_9011-768x576.jpg\"                       href=\"https:\/\/dastgmures.ro\/wp-content\/uploads\/2022\/12\/IMG_9011-1170x878.jpg\" >\n\t\t\t\t\t\t                        <i class=\"penciicon-expand\"><\/i>\n                    <\/a>\n                <\/div>\n\t\t\t\t                <div class=\"penci-gallery-item penci-galitem-7\">\n                    <a class=\"penci-gallery-ite penci-image-holder penci-lazy penci-image-landscape\"  data-bgset=\"https:\/\/dastgmures.ro\/wp-content\/uploads\/2022\/12\/IMG_9026-768x576.jpg\"                       href=\"https:\/\/dastgmures.ro\/wp-content\/uploads\/2022\/12\/IMG_9026-1170x878.jpg\" >\n\t\t\t\t\t\t                        <i class=\"penciicon-expand\"><\/i>\n                    <\/a>\n                <\/div>\n\t\t\t\t                <div class=\"penci-gallery-item penci-galitem-8\">\n                    <a class=\"penci-gallery-ite penci-image-holder penci-lazy penci-image-landscape\"  data-bgset=\"https:\/\/dastgmures.ro\/wp-content\/uploads\/2022\/12\/IMG_9034-768x576.jpg\"                       href=\"https:\/\/dastgmures.ro\/wp-content\/uploads\/2022\/12\/IMG_9034-1170x878.jpg\" >\n\t\t\t\t\t\t                        <i class=\"penciicon-expand\"><\/i>\n                    <\/a>\n                <\/div>\n\t\t\t\t                <div class=\"penci-gallery-item penci-galitem-9\">\n                    <a class=\"penci-gallery-ite penci-image-holder penci-lazy penci-image-landscape\"  data-bgset=\"https:\/\/dastgmures.ro\/wp-content\/uploads\/2022\/12\/IMG_9039-768x576.jpg\"                       href=\"https:\/\/dastgmures.ro\/wp-content\/uploads\/2022\/12\/IMG_9039-1170x878.jpg\" >\n\t\t\t\t\t\t                        <i class=\"penciicon-expand\"><\/i>\n                    <\/a>\n                <\/div>\n\t\t\t\t                <div class=\"penci-gallery-item penci-galitem-10\">\n                    <a class=\"penci-gallery-ite penci-image-holder penci-lazy penci-image-landscape\"  data-bgset=\"https:\/\/dastgmures.ro\/wp-content\/uploads\/2022\/12\/IMG_9045-768x1024.jpg\"                       href=\"https:\/\/dastgmures.ro\/wp-content\/uploads\/2022\/12\/IMG_9045-1170x1560.jpg\" >\n\t\t\t\t\t\t                        <i class=\"penciicon-expand\"><\/i>\n                    <\/a>\n                <\/div>\n\t\t\t\t                <div class=\"penci-gallery-item penci-galitem-11\">\n                    <a class=\"penci-gallery-ite penci-image-holder penci-lazy penci-image-landscape\"  data-bgset=\"https:\/\/dastgmures.ro\/wp-content\/uploads\/2022\/12\/LUPI-2-768x1024.jpg\"                       href=\"https:\/\/dastgmures.ro\/wp-content\/uploads\/2022\/12\/LUPI-2-1170x1560.jpg\" >\n\t\t\t\t\t\t                        <i class=\"penciicon-expand\"><\/i>\n                    <\/a>\n                <\/div>\n\t\t\t\t                <div class=\"penci-gallery-item penci-galitem-12\">\n                    <a class=\"penci-gallery-ite penci-image-holder penci-lazy penci-image-landscape\"  data-bgset=\"https:\/\/dastgmures.ro\/wp-content\/uploads\/2022\/12\/LUPI-768x955.jpg\"                       href=\"https:\/\/dastgmures.ro\/wp-content\/uploads\/2022\/12\/LUPI-1170x1455.jpg\" >\n\t\t\t\t\t\t                        <i class=\"penciicon-expand\"><\/i>\n                    <\/a>\n                <\/div>\n\t\t\t\t                <div class=\"penci-gallery-item penci-galitem-13\">\n                    <a class=\"penci-gallery-ite penci-image-holder penci-lazy penci-image-landscape\"  data-bgset=\"https:\/\/dastgmures.ro\/wp-content\/uploads\/2022\/12\/Lupilor_L-1-768x478.jpg\"                       href=\"https:\/\/dastgmures.ro\/wp-content\/uploads\/2022\/12\/Lupilor_L-1-1170x728.jpg\" >\n\t\t\t\t\t\t                        <i class=\"penciicon-expand\"><\/i>\n                    <\/a>\n                <\/div>\n\t\t\t\t                <div class=\"penci-gallery-item penci-galitem-14\">\n                    <a class=\"penci-gallery-ite penci-image-holder penci-lazy penci-image-landscape\"  data-bgset=\"https:\/\/dastgmures.ro\/wp-content\/uploads\/2022\/12\/Lupilor_L-2-768x462.jpg\"                       href=\"https:\/\/dastgmures.ro\/wp-content\/uploads\/2022\/12\/Lupilor_L-2-1170x704.jpg\" >\n\t\t\t\t\t\t                        <i class=\"penciicon-expand\"><\/i>\n                    <\/a>\n                <\/div>\n\t\t\t\t                <div class=\"penci-gallery-item penci-galitem-15\">\n                    <a class=\"penci-gallery-ite penci-image-holder penci-lazy penci-image-landscape\"  data-bgset=\"https:\/\/dastgmures.ro\/wp-content\/uploads\/2022\/12\/NWBA5809-768x576.jpg\"                       href=\"https:\/\/dastgmures.ro\/wp-content\/uploads\/2022\/12\/NWBA5809-1170x878.jpg\" >\n\t\t\t\t\t\t                        <i class=\"penciicon-expand\"><\/i>\n                    <\/a>\n                <\/div>\n\t\t\t\t\t\t\t<\/div>\n\t\t<\/div>\n\t\t\t\t<\/div>\n\t\t\t\t<\/div>\n\t\t\t\t\t<\/div>\n\t\t<\/div>\n\t\t\t\t\t\t\t<\/div>\n\t\t<\/section>\n\t\t\t\t\t\t\t<\/div>","protected":false},"excerpt":{"rendered":"<p>Az Id\u0151sek Otthon\u00e1nak nagysz\u00fclei meg\u00e9rkeztek Rom\u00e1nia legszebb arisztokrata kertj\u00e9be Tal\u00e1n mindegyik\u00fcnk v\u00e1gyott m\u00e1r arra, hogy...<\/p>","protected":false},"author":1,"featured_media":0,"parent":4109,"menu_order":0,"comment_status":"closed","ping_status":"closed","template":"","meta":{"footnotes":""},"class_list":["post-4154","page","type-page","status-publish","hentry"],"yoast_head":"<!-- This site is optimized with the Yoast SEO plugin v19.13 - https:\/\/yoast.com\/wordpress\/plugins\/seo\/ -->\n<title>Bunicii C\u0103minului pentru Persoane V\u00e2rstnice la I Giardini di Zoe - Direc\u021bia de Asisten\u021b\u0103 Social\u0103 T\u00e2rgu Mure\u0219<\/title>\n<meta name=\"robots\" content=\"index, follow, max-snippet:-1, max-image-preview:large, max-video-preview:-1\" \/>\n<link rel=\"canonical\" href=\"https:\/\/dastgmures.ro\/hu\/foto-video-galeria\/nagyszulok-camino-az-idosebbeknek-az-zoe-kertjeben\/\" \/>\n<meta property=\"og:locale\" content=\"hu_HU\" \/>\n<meta property=\"og:type\" content=\"article\" \/>\n<meta property=\"og:title\" content=\"Bunicii C\u0103minului pentru Persoane V\u00e2rstnice la I Giardini di Zoe - Direc\u021bia de Asisten\u021b\u0103 Social\u0103 T\u00e2rgu Mure\u0219\" \/>\n<meta property=\"og:description\" content=\"Bunicii C\u0103minului Pentru Persoane V\u00e2rstnice au ajuns \u00een cea mai frumoas\u0103 gr\u0103din\u0103 aristocrat din Rom\u00e2nia Poate c\u0103 fiecare dintre noi ne-am dorit&hellip;\" \/>\n<meta property=\"og:url\" content=\"https:\/\/dastgmures.ro\/hu\/foto-video-galeria\/nagyszulok-camino-az-idosebbeknek-az-zoe-kertjeben\/\" \/>\n<meta property=\"og:site_name\" content=\"Direc\u021bia de Asisten\u021b\u0103 Social\u0103 T\u00e2rgu Mure\u0219\" \/>\n<meta property=\"article:modified_time\" content=\"2022-12-13T13:11:56+00:00\" \/>\n<meta name=\"twitter:card\" content=\"summary_large_image\" \/>\n<meta name=\"twitter:label1\" content=\"Becs\u00fclt olvas\u00e1si id\u0151\" \/>\n\t<meta name=\"twitter:data1\" content=\"1 perc\" \/>\n<script type=\"application\/ld+json\" class=\"yoast-schema-graph\">{\"@context\":\"https:\/\/schema.org\",\"@graph\":[{\"@type\":\"WebPage\",\"@id\":\"https:\/\/dastgmures.ro\/galerie-foto-video\/bunicii-caminului-pentru-persoane-varstnice-la-i-giardini-di-zoe\/\",\"url\":\"https:\/\/dastgmures.ro\/galerie-foto-video\/bunicii-caminului-pentru-persoane-varstnice-la-i-giardini-di-zoe\/\",\"name\":\"Bunicii C\u0103minului pentru Persoane V\u00e2rstnice la I Giardini di Zoe - Direc\u021bia de Asisten\u021b\u0103 Social\u0103 T\u00e2rgu Mure\u0219\",\"isPartOf\":{\"@id\":\"https:\/\/dastgmures.ro\/#website\"},\"datePublished\":\"2022-12-13T13:08:45+00:00\",\"dateModified\":\"2022-12-13T13:11:56+00:00\",\"breadcrumb\":{\"@id\":\"https:\/\/dastgmures.ro\/galerie-foto-video\/bunicii-caminului-pentru-persoane-varstnice-la-i-giardini-di-zoe\/#breadcrumb\"},\"inLanguage\":\"hu\",\"potentialAction\":[{\"@type\":\"ReadAction\",\"target\":[\"https:\/\/dastgmures.ro\/galerie-foto-video\/bunicii-caminului-pentru-persoane-varstnice-la-i-giardini-di-zoe\/\"]}]},{\"@type\":\"BreadcrumbList\",\"@id\":\"https:\/\/dastgmures.ro\/galerie-foto-video\/bunicii-caminului-pentru-persoane-varstnice-la-i-giardini-di-zoe\/#breadcrumb\",\"itemListElement\":[{\"@type\":\"ListItem\",\"position\":1,\"name\":\"Prima pagin\u0103\",\"item\":\"https:\/\/dastgmures.ro\/\"},{\"@type\":\"ListItem\",\"position\":2,\"name\":\"Galerie foto\/video\",\"item\":\"https:\/\/dastgmures.ro\/galerie-foto-video\/\"},{\"@type\":\"ListItem\",\"position\":3,\"name\":\"Bunicii C\u0103minului pentru Persoane V\u00e2rstnice la I Giardini di Zoe\"}]},{\"@type\":\"WebSite\",\"@id\":\"https:\/\/dastgmures.ro\/#website\",\"url\":\"https:\/\/dastgmures.ro\/\",\"name\":\"Direc\u021bia de Asisten\u021b\u0103 Social\u0103 T\u00e2rgu Mure\u0219\",\"description\":\"\",\"potentialAction\":[{\"@type\":\"SearchAction\",\"target\":{\"@type\":\"EntryPoint\",\"urlTemplate\":\"https:\/\/dastgmures.ro\/?s={search_term_string}\"},\"query-input\":\"required name=search_term_string\"}],\"inLanguage\":\"hu\"}]}<\/script>\n<!-- \/ Yoast SEO plugin. -->","yoast_head_json":{"title":"Bunicii C\u0103minului pentru Persoane V\u00e2rstnice la I Giardini di Zoe - Direc\u021bia de Asisten\u021b\u0103 Social\u0103 T\u00e2rgu Mure\u0219","robots":{"index":"index","follow":"follow","max-snippet":"max-snippet:-1","max-image-preview":"max-image-preview:large","max-video-preview":"max-video-preview:-1"},"canonical":"https:\/\/dastgmures.ro\/hu\/foto-video-galeria\/nagyszulok-camino-az-idosebbeknek-az-zoe-kertjeben\/","og_locale":"hu_HU","og_type":"article","og_title":"Bunicii C\u0103minului pentru Persoane V\u00e2rstnice la I Giardini di Zoe - Direc\u021bia de Asisten\u021b\u0103 Social\u0103 T\u00e2rgu Mure\u0219","og_description":"Bunicii C\u0103minului Pentru Persoane V\u00e2rstnice au ajuns \u00een cea mai frumoas\u0103 gr\u0103din\u0103 aristocrat din Rom\u00e2nia Poate c\u0103 fiecare dintre noi ne-am dorit&hellip;","og_url":"https:\/\/dastgmures.ro\/hu\/foto-video-galeria\/nagyszulok-camino-az-idosebbeknek-az-zoe-kertjeben\/","og_site_name":"Direc\u021bia de Asisten\u021b\u0103 Social\u0103 T\u00e2rgu Mure\u0219","article_modified_time":"2022-12-13T13:11:56+00:00","twitter_card":"summary_large_image","twitter_misc":{"Becs\u00fclt olvas\u00e1si id\u0151":"1 perc"},"schema":{"@context":"https:\/\/schema.org","@graph":[{"@type":"WebPage","@id":"https:\/\/dastgmures.ro\/galerie-foto-video\/bunicii-caminului-pentru-persoane-varstnice-la-i-giardini-di-zoe\/","url":"https:\/\/dastgmures.ro\/galerie-foto-video\/bunicii-caminului-pentru-persoane-varstnice-la-i-giardini-di-zoe\/","name":"Bunicii C\u0103minului pentru Persoane V\u00e2rstnice la I Giardini di Zoe - Direc\u021bia de Asisten\u021b\u0103 Social\u0103 T\u00e2rgu Mure\u0219","isPartOf":{"@id":"https:\/\/dastgmures.ro\/#website"},"datePublished":"2022-12-13T13:08:45+00:00","dateModified":"2022-12-13T13:11:56+00:00","breadcrumb":{"@id":"https:\/\/dastgmures.ro\/galerie-foto-video\/bunicii-caminului-pentru-persoane-varstnice-la-i-giardini-di-zoe\/#breadcrumb"},"inLanguage":"hu","potentialAction":[{"@type":"ReadAction","target":["https:\/\/dastgmures.ro\/galerie-foto-video\/bunicii-caminului-pentru-persoane-varstnice-la-i-giardini-di-zoe\/"]}]},{"@type":"BreadcrumbList","@id":"https:\/\/dastgmures.ro\/galerie-foto-video\/bunicii-caminului-pentru-persoane-varstnice-la-i-giardini-di-zoe\/#breadcrumb","itemListElement":[{"@type":"ListItem","position":1,"name":"Prima pagin\u0103","item":"https:\/\/dastgmures.ro\/"},{"@type":"ListItem","position":2,"name":"Galerie foto\/video","item":"https:\/\/dastgmures.ro\/galerie-foto-video\/"},{"@type":"ListItem","position":3,"name":"Bunicii C\u0103minului pentru Persoane V\u00e2rstnice la I Giardini di Zoe"}]},{"@type":"WebSite","@id":"https:\/\/dastgmures.ro\/#website","url":"https:\/\/dastgmures.ro\/","name":"Direc\u021bia de Asisten\u021b\u0103 Social\u0103 T\u00e2rgu Mure\u0219","description":"","potentialAction":[{"@type":"SearchAction","target":{"@type":"EntryPoint","urlTemplate":"https:\/\/dastgmures.ro\/?s={search_term_string}"},"query-input":"required name=search_term_string"}],"inLanguage":"hu"}]}},"_links":{"self":[{"href":"https:\/\/dastgmures.ro\/hu\/wp-json\/wp\/v2\/pages\/4154","targetHints":{"allow":["GET"]}}],"collection":[{"href":"https:\/\/dastgmures.ro\/hu\/wp-json\/wp\/v2\/pages"}],"about":[{"href":"https:\/\/dastgmures.ro\/hu\/wp-json\/wp\/v2\/types\/page"}],"author":[{"embeddable":true,"href":"https:\/\/dastgmures.ro\/hu\/wp-json\/wp\/v2\/users\/1"}],"replies":[{"embeddable":true,"href":"https:\/\/dastgmures.ro\/hu\/wp-json\/wp\/v2\/comments?post=4154"}],"version-history":[{"count":4,"href":"https:\/\/dastgmures.ro\/hu\/wp-json\/wp\/v2\/pages\/4154\/revisions"}],"predecessor-version":[{"id":4175,"href":"https:\/\/dastgmures.ro\/hu\/wp-json\/wp\/v2\/pages\/4154\/revisions\/4175"}],"up":[{"embeddable":true,"href":"https:\/\/dastgmures.ro\/hu\/wp-json\/wp\/v2\/pages\/4109"}],"wp:attachment":[{"href":"https:\/\/dastgmures.ro\/hu\/wp-json\/wp\/v2\/media?parent=4154"}],"curies":[{"name":"wp","href":"https:\/\/api.w.org\/{rel}","templated":true}]}}