{"id":4330,"date":"2022-12-13T13:33:23","date_gmt":"2022-12-13T13:33:23","guid":{"rendered":"https:\/\/dastgmures.ro\/?page_id=4330"},"modified":"2022-12-13T13:35:38","modified_gmt":"2022-12-13T13:35:38","slug":"intalnire-de-lucru-pocu","status":"publish","type":"page","link":"https:\/\/dastgmures.ro\/hu\/foto-video-galeria\/work-meeting-pocu\/","title":{"rendered":"POCU munka\u00e9rtekezlet"},"content":{"rendered":"<div data-elementor-type=\"wp-page\" data-elementor-id=\"4330\" class=\"elementor elementor-4330\">\n\t\t\t\t\t\t\t\t\t<section class=\"penci-section penci-disSticky penci-structure-10 elementor-section elementor-top-section elementor-element elementor-element-9cbe106 elementor-section-boxed elementor-section-height-default elementor-section-height-default\" data-id=\"9cbe106\" data-element_type=\"section\">\n\t\t\t\t\t\t<div class=\"elementor-container elementor-column-gap-default\">\n\t\t\t\t\t<div class=\"penci-ercol-100 penci-ercol-order-1 penci-sticky-ct    elementor-column elementor-col-100 elementor-top-column elementor-element elementor-element-5a30a89\" data-id=\"5a30a89\" data-element_type=\"column\">\n\t\t\t<div class=\"elementor-widget-wrap elementor-element-populated\">\n\t\t\t\t\t\t\t\t<div class=\"elementor-element elementor-element-a6ed35a elementor-widget elementor-widget-penci-image-gallery\" data-id=\"a6ed35a\" data-element_type=\"widget\" data-widget_type=\"penci-image-gallery.default\">\n\t\t\t\t<div class=\"elementor-widget-container\">\n\t\t\t\t\t<div id=\"penci-image_gallery_53523\" class=\"penci-block-vc penci-image-gallery penci-image-gallery-s1 pencisc-grid-3 pencisc-grid-tablet-2 pencisc-grid-mobile-1\">\n\t\t\t\t\t\t<div class=\"penci-block_content  pencisc-grid\">\n\t\t\t\t                <div class=\"penci-gallery-item penci-galitem-1\">\n                    <a class=\"penci-gallery-ite penci-image-holder penci-lazy penci-image-landscape\"  data-bgset=\"https:\/\/dastgmures.ro\/wp-content\/uploads\/2022\/12\/IMG-0202-1-768x576.jpg\"                       href=\"https:\/\/dastgmures.ro\/wp-content\/uploads\/2022\/12\/IMG-0202-1-1170x878.jpg\" >\n\t\t\t\t\t\t                        <i class=\"penciicon-expand\"><\/i>\n                    <\/a>\n                <\/div>\n\t\t\t\t                <div class=\"penci-gallery-item penci-galitem-2\">\n                    <a class=\"penci-gallery-ite penci-image-holder penci-lazy penci-image-landscape\"  data-bgset=\"https:\/\/dastgmures.ro\/wp-content\/uploads\/2022\/12\/IMG-0207-1-768x576.jpg\"                       href=\"https:\/\/dastgmures.ro\/wp-content\/uploads\/2022\/12\/IMG-0207-1-1170x878.jpg\" >\n\t\t\t\t\t\t                        <i class=\"penciicon-expand\"><\/i>\n                    <\/a>\n                <\/div>\n\t\t\t\t                <div class=\"penci-gallery-item penci-galitem-3\">\n                    <a class=\"penci-gallery-ite penci-image-holder penci-lazy penci-image-landscape\"  data-bgset=\"https:\/\/dastgmures.ro\/wp-content\/uploads\/2022\/12\/IMG-0196-1-768x576.jpg\"                       href=\"https:\/\/dastgmures.ro\/wp-content\/uploads\/2022\/12\/IMG-0196-1-1170x878.jpg\" >\n\t\t\t\t\t\t                        <i class=\"penciicon-expand\"><\/i>\n                    <\/a>\n                <\/div>\n\t\t\t\t                <div class=\"penci-gallery-item penci-galitem-4\">\n                    <a class=\"penci-gallery-ite penci-image-holder penci-lazy penci-image-landscape\"  data-bgset=\"https:\/\/dastgmures.ro\/wp-content\/uploads\/2022\/12\/IMG-0197-1-768x576.jpg\"                       href=\"https:\/\/dastgmures.ro\/wp-content\/uploads\/2022\/12\/IMG-0197-1-1170x878.jpg\" >\n\t\t\t\t\t\t                        <i class=\"penciicon-expand\"><\/i>\n                    <\/a>\n                <\/div>\n\t\t\t\t                <div class=\"penci-gallery-item penci-galitem-5\">\n                    <a class=\"penci-gallery-ite penci-image-holder penci-lazy penci-image-landscape\"  data-bgset=\"https:\/\/dastgmures.ro\/wp-content\/uploads\/2022\/12\/IMG-0198-1-768x576.jpg\"                       href=\"https:\/\/dastgmures.ro\/wp-content\/uploads\/2022\/12\/IMG-0198-1-1170x878.jpg\" >\n\t\t\t\t\t\t                        <i class=\"penciicon-expand\"><\/i>\n                    <\/a>\n                <\/div>\n\t\t\t\t\t\t\t<\/div>\n\t\t<\/div>\n\t\t\t\t<\/div>\n\t\t\t\t<\/div>\n\t\t\t\t\t<\/div>\n\t\t<\/div>\n\t\t\t\t\t\t\t<\/div>\n\t\t<\/section>\n\t\t\t\t<section class=\"penci-section penci-disSticky penci-structure-10 elementor-section elementor-top-section elementor-element elementor-element-02763bc elementor-section-boxed elementor-section-height-default elementor-section-height-default\" data-id=\"02763bc\" data-element_type=\"section\">\n\t\t\t\t\t\t<div class=\"elementor-container elementor-column-gap-default\">\n\t\t\t\t\t<div class=\"penci-ercol-100 penci-ercol-order-1 penci-sticky-ct    elementor-column elementor-col-100 elementor-top-column elementor-element elementor-element-2e8f49c\" data-id=\"2e8f49c\" data-element_type=\"column\">\n\t\t\t<div class=\"elementor-widget-wrap elementor-element-populated\">\n\t\t\t\t\t\t\t\t<div class=\"elementor-element elementor-element-c54fd58 elementor-widget elementor-widget-text-editor\" data-id=\"c54fd58\" data-element_type=\"widget\" data-widget_type=\"text-editor.default\">\n\t\t\t\t<div class=\"elementor-widget-container\">\n\t\t\t<style>\/*! elementor - v3.7.8 - 02-10-2022 *\/\n.elementor-widget-text-editor.elementor-drop-cap-view-stacked .elementor-drop-cap{background-color:#818a91;color:#fff}.elementor-widget-text-editor.elementor-drop-cap-view-framed .elementor-drop-cap{color:#818a91;border:3px solid;background-color:transparent}.elementor-widget-text-editor:not(.elementor-drop-cap-view-default) .elementor-drop-cap{margin-top:8px}.elementor-widget-text-editor:not(.elementor-drop-cap-view-default) .elementor-drop-cap-letter{width:1em;height:1em}.elementor-widget-text-editor .elementor-drop-cap{float:left;text-align:center;line-height:1;font-size:50px}.elementor-widget-text-editor .elementor-drop-cap-letter{display:inline-block}<\/style>\t\t\t\t<div class=\"ead-preview\"><div class=\"ead-document\" style=\"position: relative;padding-top: 90%;\"><div class=\"ead-iframe-wrapper\"><iframe src=\"\/\/docs.google.com\/viewer?url=https%3A%2F%2Fdastgmures.ro%2Fwp-content%2Fuploads%2F2022%2F12%2FComunicat-14.10.2022-POCU-intalnire-parteneri.pdf&amp;embedded=true&amp;hl=en\" title=\"Be\u00e1gyazott dokumentum\" class=\"ead-iframe\" style=\"width: 100%;height: 100%;border: none;position: absolute;left: 0;top: 0;visibility: hidden;\"><\/iframe><\/div>\t\t\t<div class=\"ead-document-loading\" style=\"width:100%;height:100%;position:absolute;left:0;top:0;z-index:10;\">\n\t\t\t\t<div class=\"ead-loading-wrap\">\n\t\t\t\t\t<div class=\"ead-loading-main\">\n\t\t\t\t\t\t<div class=\"ead-loading\">\n\t\t\t\t\t\t\t<img decoding=\"async\" src=\"https:\/\/dastgmures.ro\/wp-content\/plugins\/embed-any-document\/images\/loading.svg\" width=\"55\" height=\"55\" alt=\"Rakod\u00f3g\u00e9p\">\n\t\t\t\t\t\t\t<span>Loading&#8230;<\/span>\n\t\t\t\t\t\t<\/div>\n\t\t\t\t\t<\/div>\n\t\t\t\t\t<div class=\"ead-loading-foot\">\n\t\t\t\t\t\t<div class=\"ead-loading-foot-title\">\n\t\t\t\t\t\t\t<img decoding=\"async\" src=\"https:\/\/dastgmures.ro\/wp-content\/plugins\/embed-any-document\/images\/EAD-logo.svg\" alt=\"EAD log\u00f3\" width=\"36\" height=\"23\"\/>\n\t\t\t\t\t\t\t<span>T\u00fal sok\u00e1ig tart?<\/span>\n\t\t\t\t\t\t<\/div>\n\t\t\t\t\t\t<p>\n\t\t\t\t\t\t\t<div class=\"ead-document-btn ead-reload-btn\" role=\"button\">\n\t\t\t\t\t\t\t\t<img decoding=\"async\" src=\"https:\/\/dastgmures.ro\/wp-content\/plugins\/embed-any-document\/images\/reload.svg\" alt=\"\u00dajrat\u00f6lt\u00e9s\" width=\"12\" height=\"12\"\/> Dokumentum \u00fajrat\u00f6lt\u00e9se\t\t\t\t\t\t\t<\/div>\n\t\t\t\t\t\t\t<span>|<\/span>\n\t\t\t\t\t\t\t<a href=\"https:\/\/dastgmures.ro\/wp-content\/uploads\/2022\/12\/Comunicat-14.10.2022-POCU-intalnire-parteneri.pdf\" class=\"ead-document-btn\" target=\"_blank\">\n\t\t\t\t\t\t\t\t<img decoding=\"async\" src=\"https:\/\/dastgmures.ro\/wp-content\/plugins\/embed-any-document\/images\/open.svg\" alt=\"Nyissa meg a  c\u00edmet.\" width=\"12\" height=\"12\"\/> \u00daj lapon megnyit\u00e1s\t\t\t\t\t\t\t<\/a>\n\t\t\t\t\t<\/div>\n\t\t\t\t<\/div>\n\t\t\t<\/div>\n\t\t<\/div><p class=\"embed_download\"><a href=\"https:\/\/dastgmures.ro\/wp-content\/uploads\/2022\/12\/Comunicat-14.10.2022-POCU-intalnire-parteneri.pdf\" download>Let\u00f6lt\u00e9s [204.82 KB] <\/a><\/p><\/div>\t\t\t\t\t\t<\/div>\n\t\t\t\t<\/div>\n\t\t\t\t\t<\/div>\n\t\t<\/div>\n\t\t\t\t\t\t\t<\/div>\n\t\t<\/section>\n\t\t\t\t\t\t\t<\/div>","protected":false},"excerpt":{"rendered":"","protected":false},"author":1,"featured_media":0,"parent":4109,"menu_order":0,"comment_status":"closed","ping_status":"closed","template":"","meta":{"footnotes":""},"class_list":["post-4330","page","type-page","status-publish","hentry"],"yoast_head":"<!-- This site is optimized with the Yoast SEO plugin v19.13 - https:\/\/yoast.com\/wordpress\/plugins\/seo\/ -->\n<title>\u00cent\u00e2lnire de lucru POCU - Direc\u021bia de Asisten\u021b\u0103 Social\u0103 T\u00e2rgu Mure\u0219<\/title>\n<meta name=\"robots\" content=\"index, follow, max-snippet:-1, max-image-preview:large, max-video-preview:-1\" \/>\n<link rel=\"canonical\" href=\"https:\/\/dastgmures.ro\/hu\/foto-video-galeria\/work-meeting-pocu\/\" \/>\n<meta property=\"og:locale\" content=\"hu_HU\" \/>\n<meta property=\"og:type\" content=\"article\" \/>\n<meta property=\"og:title\" content=\"\u00cent\u00e2lnire de lucru POCU - Direc\u021bia de Asisten\u021b\u0103 Social\u0103 T\u00e2rgu Mure\u0219\" \/>\n<meta property=\"og:url\" content=\"https:\/\/dastgmures.ro\/hu\/foto-video-galeria\/work-meeting-pocu\/\" \/>\n<meta property=\"og:site_name\" content=\"Direc\u021bia de Asisten\u021b\u0103 Social\u0103 T\u00e2rgu Mure\u0219\" \/>\n<meta property=\"article:modified_time\" content=\"2022-12-13T13:35:38+00:00\" \/>\n<meta name=\"twitter:card\" content=\"summary_large_image\" \/>\n<script type=\"application\/ld+json\" class=\"yoast-schema-graph\">{\"@context\":\"https:\/\/schema.org\",\"@graph\":[{\"@type\":\"WebPage\",\"@id\":\"https:\/\/dastgmures.ro\/galerie-foto-video\/intalnire-de-lucru-pocu\/\",\"url\":\"https:\/\/dastgmures.ro\/galerie-foto-video\/intalnire-de-lucru-pocu\/\",\"name\":\"\u00cent\u00e2lnire de lucru POCU - Direc\u021bia de Asisten\u021b\u0103 Social\u0103 T\u00e2rgu Mure\u0219\",\"isPartOf\":{\"@id\":\"https:\/\/dastgmures.ro\/#website\"},\"datePublished\":\"2022-12-13T13:33:23+00:00\",\"dateModified\":\"2022-12-13T13:35:38+00:00\",\"breadcrumb\":{\"@id\":\"https:\/\/dastgmures.ro\/galerie-foto-video\/intalnire-de-lucru-pocu\/#breadcrumb\"},\"inLanguage\":\"hu\",\"potentialAction\":[{\"@type\":\"ReadAction\",\"target\":[\"https:\/\/dastgmures.ro\/galerie-foto-video\/intalnire-de-lucru-pocu\/\"]}]},{\"@type\":\"BreadcrumbList\",\"@id\":\"https:\/\/dastgmures.ro\/galerie-foto-video\/intalnire-de-lucru-pocu\/#breadcrumb\",\"itemListElement\":[{\"@type\":\"ListItem\",\"position\":1,\"name\":\"Prima pagin\u0103\",\"item\":\"https:\/\/dastgmures.ro\/\"},{\"@type\":\"ListItem\",\"position\":2,\"name\":\"Galerie foto\/video\",\"item\":\"https:\/\/dastgmures.ro\/galerie-foto-video\/\"},{\"@type\":\"ListItem\",\"position\":3,\"name\":\"\u00cent\u00e2lnire de lucru POCU\"}]},{\"@type\":\"WebSite\",\"@id\":\"https:\/\/dastgmures.ro\/#website\",\"url\":\"https:\/\/dastgmures.ro\/\",\"name\":\"Direc\u021bia de Asisten\u021b\u0103 Social\u0103 T\u00e2rgu Mure\u0219\",\"description\":\"\",\"potentialAction\":[{\"@type\":\"SearchAction\",\"target\":{\"@type\":\"EntryPoint\",\"urlTemplate\":\"https:\/\/dastgmures.ro\/?s={search_term_string}\"},\"query-input\":\"required name=search_term_string\"}],\"inLanguage\":\"hu\"}]}<\/script>\n<!-- \/ Yoast SEO plugin. -->","yoast_head_json":{"title":"\u00cent\u00e2lnire de lucru POCU - Direc\u021bia de Asisten\u021b\u0103 Social\u0103 T\u00e2rgu Mure\u0219","robots":{"index":"index","follow":"follow","max-snippet":"max-snippet:-1","max-image-preview":"max-image-preview:large","max-video-preview":"max-video-preview:-1"},"canonical":"https:\/\/dastgmures.ro\/hu\/foto-video-galeria\/work-meeting-pocu\/","og_locale":"hu_HU","og_type":"article","og_title":"\u00cent\u00e2lnire de lucru POCU - Direc\u021bia de Asisten\u021b\u0103 Social\u0103 T\u00e2rgu Mure\u0219","og_url":"https:\/\/dastgmures.ro\/hu\/foto-video-galeria\/work-meeting-pocu\/","og_site_name":"Direc\u021bia de Asisten\u021b\u0103 Social\u0103 T\u00e2rgu Mure\u0219","article_modified_time":"2022-12-13T13:35:38+00:00","twitter_card":"summary_large_image","schema":{"@context":"https:\/\/schema.org","@graph":[{"@type":"WebPage","@id":"https:\/\/dastgmures.ro\/galerie-foto-video\/intalnire-de-lucru-pocu\/","url":"https:\/\/dastgmures.ro\/galerie-foto-video\/intalnire-de-lucru-pocu\/","name":"\u00cent\u00e2lnire de lucru POCU - Direc\u021bia de Asisten\u021b\u0103 Social\u0103 T\u00e2rgu Mure\u0219","isPartOf":{"@id":"https:\/\/dastgmures.ro\/#website"},"datePublished":"2022-12-13T13:33:23+00:00","dateModified":"2022-12-13T13:35:38+00:00","breadcrumb":{"@id":"https:\/\/dastgmures.ro\/galerie-foto-video\/intalnire-de-lucru-pocu\/#breadcrumb"},"inLanguage":"hu","potentialAction":[{"@type":"ReadAction","target":["https:\/\/dastgmures.ro\/galerie-foto-video\/intalnire-de-lucru-pocu\/"]}]},{"@type":"BreadcrumbList","@id":"https:\/\/dastgmures.ro\/galerie-foto-video\/intalnire-de-lucru-pocu\/#breadcrumb","itemListElement":[{"@type":"ListItem","position":1,"name":"Prima pagin\u0103","item":"https:\/\/dastgmures.ro\/"},{"@type":"ListItem","position":2,"name":"Galerie foto\/video","item":"https:\/\/dastgmures.ro\/galerie-foto-video\/"},{"@type":"ListItem","position":3,"name":"\u00cent\u00e2lnire de lucru POCU"}]},{"@type":"WebSite","@id":"https:\/\/dastgmures.ro\/#website","url":"https:\/\/dastgmures.ro\/","name":"Direc\u021bia de Asisten\u021b\u0103 Social\u0103 T\u00e2rgu Mure\u0219","description":"","potentialAction":[{"@type":"SearchAction","target":{"@type":"EntryPoint","urlTemplate":"https:\/\/dastgmures.ro\/?s={search_term_string}"},"query-input":"required name=search_term_string"}],"inLanguage":"hu"}]}},"_links":{"self":[{"href":"https:\/\/dastgmures.ro\/hu\/wp-json\/wp\/v2\/pages\/4330","targetHints":{"allow":["GET"]}}],"collection":[{"href":"https:\/\/dastgmures.ro\/hu\/wp-json\/wp\/v2\/pages"}],"about":[{"href":"https:\/\/dastgmures.ro\/hu\/wp-json\/wp\/v2\/types\/page"}],"author":[{"embeddable":true,"href":"https:\/\/dastgmures.ro\/hu\/wp-json\/wp\/v2\/users\/1"}],"replies":[{"embeddable":true,"href":"https:\/\/dastgmures.ro\/hu\/wp-json\/wp\/v2\/comments?post=4330"}],"version-history":[{"count":4,"href":"https:\/\/dastgmures.ro\/hu\/wp-json\/wp\/v2\/pages\/4330\/revisions"}],"predecessor-version":[{"id":4342,"href":"https:\/\/dastgmures.ro\/hu\/wp-json\/wp\/v2\/pages\/4330\/revisions\/4342"}],"up":[{"embeddable":true,"href":"https:\/\/dastgmures.ro\/hu\/wp-json\/wp\/v2\/pages\/4109"}],"wp:attachment":[{"href":"https:\/\/dastgmures.ro\/hu\/wp-json\/wp\/v2\/media?parent=4330"}],"curies":[{"name":"wp","href":"https:\/\/api.w.org\/{rel}","templated":true}]}}