{"id":4396,"date":"2022-12-13T14:25:53","date_gmt":"2022-12-13T14:25:53","guid":{"rendered":"https:\/\/dastgmures.ro\/?page_id=4396"},"modified":"2022-12-13T14:28:09","modified_gmt":"2022-12-13T14:28:09","slug":"salvati-copiii-vezi-bine-inveti-bine-cresti-bine","status":"publish","type":"page","link":"https:\/\/dastgmures.ro\/hu\/foto-video-galeria\/save-your-children-see-well-learn-well-read-well\/","title":{"rendered":"Save the Children \"J\u00f3l l\u00e1tni, j\u00f3l tanulni, j\u00f3l fejl\u0151dni!\""},"content":{"rendered":"<div data-elementor-type=\"wp-page\" data-elementor-id=\"4396\" class=\"elementor elementor-4396\">\n\t\t\t\t\t\t\t\t\t<section class=\"penci-section penci-disSticky penci-structure-10 elementor-section elementor-top-section elementor-element elementor-element-5aedabf elementor-section-boxed elementor-section-height-default elementor-section-height-default\" data-id=\"5aedabf\" data-element_type=\"section\">\n\t\t\t\t\t\t<div class=\"elementor-container elementor-column-gap-default\">\n\t\t\t\t\t<div class=\"penci-ercol-100 penci-ercol-order-1 penci-sticky-ct    elementor-column elementor-col-100 elementor-top-column elementor-element elementor-element-ecae925\" data-id=\"ecae925\" data-element_type=\"column\">\n\t\t\t<div class=\"elementor-widget-wrap elementor-element-populated\">\n\t\t\t\t\t\t\t\t<div class=\"elementor-element elementor-element-0db749e elementor-widget elementor-widget-penci-image-gallery\" data-id=\"0db749e\" data-element_type=\"widget\" data-widget_type=\"penci-image-gallery.default\">\n\t\t\t\t<div class=\"elementor-widget-container\">\n\t\t\t\t\t<div id=\"penci-image_gallery_61753\" class=\"penci-block-vc penci-image-gallery penci-image-gallery-s1 pencisc-grid-3 pencisc-grid-tablet-2 pencisc-grid-mobile-1 penci-image-not-caption\">\n\t\t\t\t\t\t<div class=\"penci-block_content  pencisc-grid\">\n\t\t\t\t                <div class=\"penci-gallery-item penci-galitem-1\">\n                    <a class=\"penci-gallery-ite penci-image-holder penci-lazy penci-image-landscape\"  data-bgset=\"https:\/\/dastgmures.ro\/wp-content\/uploads\/2022\/12\/IMG-0150-768x576.jpg\"                       href=\"https:\/\/dastgmures.ro\/wp-content\/uploads\/2022\/12\/IMG-0150-1170x878.jpg\" >\n\t\t\t\t\t\t                        <i class=\"penciicon-expand\"><\/i>\n                    <\/a>\n                <\/div>\n\t\t\t\t                <div class=\"penci-gallery-item penci-galitem-2\">\n                    <a class=\"penci-gallery-ite penci-image-holder penci-lazy penci-image-landscape\"  data-bgset=\"https:\/\/dastgmures.ro\/wp-content\/uploads\/2022\/12\/IMG-0151-1-768x608.jpg\"                       href=\"https:\/\/dastgmures.ro\/wp-content\/uploads\/2022\/12\/IMG-0151-1-1170x927.jpg\" >\n\t\t\t\t\t\t                        <i class=\"penciicon-expand\"><\/i>\n                    <\/a>\n                <\/div>\n\t\t\t\t                <div class=\"penci-gallery-item penci-galitem-3\">\n                    <a class=\"penci-gallery-ite penci-image-holder penci-lazy penci-image-landscape\"  data-bgset=\"https:\/\/dastgmures.ro\/wp-content\/uploads\/2022\/12\/IMG-0154-1-768x576.jpg\"                       href=\"https:\/\/dastgmures.ro\/wp-content\/uploads\/2022\/12\/IMG-0154-1-1170x878.jpg\" >\n\t\t\t\t\t\t                        <i class=\"penciicon-expand\"><\/i>\n                    <\/a>\n                <\/div>\n\t\t\t\t                <div class=\"penci-gallery-item penci-galitem-4\">\n                    <a class=\"penci-gallery-ite penci-image-holder penci-lazy penci-image-landscape\"  data-bgset=\"https:\/\/dastgmures.ro\/wp-content\/uploads\/2022\/12\/IMG-0155-1-768x576.jpg\"                       href=\"https:\/\/dastgmures.ro\/wp-content\/uploads\/2022\/12\/IMG-0155-1-1170x878.jpg\" >\n\t\t\t\t\t\t                        <i class=\"penciicon-expand\"><\/i>\n                    <\/a>\n                <\/div>\n\t\t\t\t                <div class=\"penci-gallery-item penci-galitem-5\">\n                    <a class=\"penci-gallery-ite penci-image-holder penci-lazy penci-image-landscape\"  data-bgset=\"https:\/\/dastgmures.ro\/wp-content\/uploads\/2022\/12\/IMG-0159-768x576.jpg\"                       href=\"https:\/\/dastgmures.ro\/wp-content\/uploads\/2022\/12\/IMG-0159-1170x878.jpg\" >\n\t\t\t\t\t\t                        <i class=\"penciicon-expand\"><\/i>\n                    <\/a>\n                <\/div>\n\t\t\t\t                <div class=\"penci-gallery-item penci-galitem-6\">\n                    <a class=\"penci-gallery-ite penci-image-holder penci-lazy penci-image-landscape\"  data-bgset=\"https:\/\/dastgmures.ro\/wp-content\/uploads\/2022\/12\/IMG-0161-768x576.jpg\"                       href=\"https:\/\/dastgmures.ro\/wp-content\/uploads\/2022\/12\/IMG-0161-1170x878.jpg\" >\n\t\t\t\t\t\t                        <i class=\"penciicon-expand\"><\/i>\n                    <\/a>\n                <\/div>\n\t\t\t\t                <div class=\"penci-gallery-item penci-galitem-7\">\n                    <a class=\"penci-gallery-ite penci-image-holder penci-lazy penci-image-landscape\"  data-bgset=\"https:\/\/dastgmures.ro\/wp-content\/uploads\/2022\/12\/IMG-0163-768x576.jpg\"                       href=\"https:\/\/dastgmures.ro\/wp-content\/uploads\/2022\/12\/IMG-0163-1170x878.jpg\" >\n\t\t\t\t\t\t                        <i class=\"penciicon-expand\"><\/i>\n                    <\/a>\n                <\/div>\n\t\t\t\t                <div class=\"penci-gallery-item penci-galitem-8\">\n                    <a class=\"penci-gallery-ite penci-image-holder penci-lazy penci-image-landscape\"  data-bgset=\"https:\/\/dastgmures.ro\/wp-content\/uploads\/2022\/12\/IMG-0166-768x576.jpg\"                       href=\"https:\/\/dastgmures.ro\/wp-content\/uploads\/2022\/12\/IMG-0166-1170x878.jpg\" >\n\t\t\t\t\t\t                        <i class=\"penciicon-expand\"><\/i>\n                    <\/a>\n                <\/div>\n\t\t\t\t                <div class=\"penci-gallery-item penci-galitem-9\">\n                    <a class=\"penci-gallery-ite penci-image-holder penci-lazy penci-image-landscape\"  data-bgset=\"https:\/\/dastgmures.ro\/wp-content\/uploads\/2022\/12\/IMG-0169-1-768x576.jpg\"                       href=\"https:\/\/dastgmures.ro\/wp-content\/uploads\/2022\/12\/IMG-0169-1-1170x878.jpg\" >\n\t\t\t\t\t\t                        <i class=\"penciicon-expand\"><\/i>\n                    <\/a>\n                <\/div>\n\t\t\t\t                <div class=\"penci-gallery-item penci-galitem-10\">\n                    <a class=\"penci-gallery-ite penci-image-holder penci-lazy penci-image-landscape\"  data-bgset=\"https:\/\/dastgmures.ro\/wp-content\/uploads\/2022\/12\/IMG-0172-1-768x576.jpg\"                       href=\"https:\/\/dastgmures.ro\/wp-content\/uploads\/2022\/12\/IMG-0172-1-1170x878.jpg\" >\n\t\t\t\t\t\t                        <i class=\"penciicon-expand\"><\/i>\n                    <\/a>\n                <\/div>\n\t\t\t\t                <div class=\"penci-gallery-item penci-galitem-11\">\n                    <a class=\"penci-gallery-ite penci-image-holder penci-lazy penci-image-landscape\"  data-bgset=\"https:\/\/dastgmures.ro\/wp-content\/uploads\/2022\/12\/IMG-0173-1-768x576.jpg\"                       href=\"https:\/\/dastgmures.ro\/wp-content\/uploads\/2022\/12\/IMG-0173-1-1170x878.jpg\" >\n\t\t\t\t\t\t                        <i class=\"penciicon-expand\"><\/i>\n                    <\/a>\n                <\/div>\n\t\t\t\t                <div class=\"penci-gallery-item penci-galitem-12\">\n                    <a class=\"penci-gallery-ite penci-image-holder penci-lazy penci-image-landscape\"  data-bgset=\"https:\/\/dastgmures.ro\/wp-content\/uploads\/2022\/12\/IMG-0175-1-768x576.jpg\"                       href=\"https:\/\/dastgmures.ro\/wp-content\/uploads\/2022\/12\/IMG-0175-1-1170x878.jpg\" >\n\t\t\t\t\t\t                        <i class=\"penciicon-expand\"><\/i>\n                    <\/a>\n                <\/div>\n\t\t\t\t                <div class=\"penci-gallery-item penci-galitem-13\">\n                    <a class=\"penci-gallery-ite penci-image-holder penci-lazy penci-image-landscape\"  data-bgset=\"https:\/\/dastgmures.ro\/wp-content\/uploads\/2022\/12\/91cbb0f1-f31e-405d-8577-3b73667389a8-1-768x1024.jpg\"                       href=\"https:\/\/dastgmures.ro\/wp-content\/uploads\/2022\/12\/91cbb0f1-f31e-405d-8577-3b73667389a8-1-1170x1560.jpg\" >\n\t\t\t\t\t\t                        <i class=\"penciicon-expand\"><\/i>\n                    <\/a>\n                <\/div>\n\t\t\t\t                <div class=\"penci-gallery-item penci-galitem-14\">\n                    <a class=\"penci-gallery-ite penci-image-holder penci-lazy penci-image-landscape\"  data-bgset=\"https:\/\/dastgmures.ro\/wp-content\/uploads\/2022\/12\/69209286-ea7d-4b2f-8458-696ae62dbb8e-768x576.jpg\"                       href=\"https:\/\/dastgmures.ro\/wp-content\/uploads\/2022\/12\/69209286-ea7d-4b2f-8458-696ae62dbb8e-1170x878.jpg\" >\n\t\t\t\t\t\t                        <i class=\"penciicon-expand\"><\/i>\n                    <\/a>\n                <\/div>\n\t\t\t\t                <div class=\"penci-gallery-item penci-galitem-15\">\n                    <a class=\"penci-gallery-ite penci-image-holder penci-lazy penci-image-landscape\"  data-bgset=\"https:\/\/dastgmures.ro\/wp-content\/uploads\/2022\/12\/IMG-0149-768x576.jpg\"                       href=\"https:\/\/dastgmures.ro\/wp-content\/uploads\/2022\/12\/IMG-0149-1170x878.jpg\" >\n\t\t\t\t\t\t                        <i class=\"penciicon-expand\"><\/i>\n                    <\/a>\n                <\/div>\n\t\t\t\t\t\t\t<\/div>\n\t\t<\/div>\n\t\t\t\t<\/div>\n\t\t\t\t<\/div>\n\t\t\t\t\t<\/div>\n\t\t<\/div>\n\t\t\t\t\t\t\t<\/div>\n\t\t<\/section>\n\t\t\t\t\t\t\t<\/div>","protected":false},"excerpt":{"rendered":"","protected":false},"author":1,"featured_media":0,"parent":4109,"menu_order":0,"comment_status":"closed","ping_status":"closed","template":"","meta":{"footnotes":""},"class_list":["post-4396","page","type-page","status-publish","hentry"],"yoast_head":"<!-- This site is optimized with the Yoast SEO plugin v19.13 - https:\/\/yoast.com\/wordpress\/plugins\/seo\/ -->\n<title>Salva\u021bi Copiii \u201eVezi bine, \u00eenve\u021bi bine, cre\u0219ti bine!\u201d - Direc\u021bia de Asisten\u021b\u0103 Social\u0103 T\u00e2rgu Mure\u0219<\/title>\n<meta name=\"robots\" content=\"index, follow, max-snippet:-1, max-image-preview:large, max-video-preview:-1\" \/>\n<link rel=\"canonical\" href=\"https:\/\/dastgmures.ro\/hu\/foto-video-galeria\/save-your-children-see-well-learn-well-read-well\/\" \/>\n<meta property=\"og:locale\" content=\"hu_HU\" \/>\n<meta property=\"og:type\" content=\"article\" \/>\n<meta property=\"og:title\" content=\"Salva\u021bi Copiii \u201eVezi bine, \u00eenve\u021bi bine, cre\u0219ti bine!\u201d - Direc\u021bia de Asisten\u021b\u0103 Social\u0103 T\u00e2rgu Mure\u0219\" \/>\n<meta property=\"og:url\" content=\"https:\/\/dastgmures.ro\/hu\/foto-video-galeria\/save-your-children-see-well-learn-well-read-well\/\" \/>\n<meta property=\"og:site_name\" content=\"Direc\u021bia de Asisten\u021b\u0103 Social\u0103 T\u00e2rgu Mure\u0219\" \/>\n<meta property=\"article:modified_time\" content=\"2022-12-13T14:28:09+00:00\" \/>\n<meta name=\"twitter:card\" content=\"summary_large_image\" \/>\n<script type=\"application\/ld+json\" class=\"yoast-schema-graph\">{\"@context\":\"https:\/\/schema.org\",\"@graph\":[{\"@type\":\"WebPage\",\"@id\":\"https:\/\/dastgmures.ro\/galerie-foto-video\/salvati-copiii-vezi-bine-inveti-bine-cresti-bine\/\",\"url\":\"https:\/\/dastgmures.ro\/galerie-foto-video\/salvati-copiii-vezi-bine-inveti-bine-cresti-bine\/\",\"name\":\"Salva\u021bi Copiii \u201eVezi bine, \u00eenve\u021bi bine, cre\u0219ti bine!\u201d - Direc\u021bia de Asisten\u021b\u0103 Social\u0103 T\u00e2rgu Mure\u0219\",\"isPartOf\":{\"@id\":\"https:\/\/dastgmures.ro\/#website\"},\"datePublished\":\"2022-12-13T14:25:53+00:00\",\"dateModified\":\"2022-12-13T14:28:09+00:00\",\"breadcrumb\":{\"@id\":\"https:\/\/dastgmures.ro\/galerie-foto-video\/salvati-copiii-vezi-bine-inveti-bine-cresti-bine\/#breadcrumb\"},\"inLanguage\":\"hu\",\"potentialAction\":[{\"@type\":\"ReadAction\",\"target\":[\"https:\/\/dastgmures.ro\/galerie-foto-video\/salvati-copiii-vezi-bine-inveti-bine-cresti-bine\/\"]}]},{\"@type\":\"BreadcrumbList\",\"@id\":\"https:\/\/dastgmures.ro\/galerie-foto-video\/salvati-copiii-vezi-bine-inveti-bine-cresti-bine\/#breadcrumb\",\"itemListElement\":[{\"@type\":\"ListItem\",\"position\":1,\"name\":\"Prima pagin\u0103\",\"item\":\"https:\/\/dastgmures.ro\/\"},{\"@type\":\"ListItem\",\"position\":2,\"name\":\"Galerie foto\/video\",\"item\":\"https:\/\/dastgmures.ro\/galerie-foto-video\/\"},{\"@type\":\"ListItem\",\"position\":3,\"name\":\"Salva\u021bi Copiii \u201eVezi bine, \u00eenve\u021bi bine, cre\u0219ti bine!\u201d\"}]},{\"@type\":\"WebSite\",\"@id\":\"https:\/\/dastgmures.ro\/#website\",\"url\":\"https:\/\/dastgmures.ro\/\",\"name\":\"Direc\u021bia de Asisten\u021b\u0103 Social\u0103 T\u00e2rgu Mure\u0219\",\"description\":\"\",\"potentialAction\":[{\"@type\":\"SearchAction\",\"target\":{\"@type\":\"EntryPoint\",\"urlTemplate\":\"https:\/\/dastgmures.ro\/?s={search_term_string}\"},\"query-input\":\"required name=search_term_string\"}],\"inLanguage\":\"hu\"}]}<\/script>\n<!-- \/ Yoast SEO plugin. -->","yoast_head_json":{"title":"Salva\u021bi Copiii \u201eVezi bine, \u00eenve\u021bi bine, cre\u0219ti bine!\u201d - Direc\u021bia de Asisten\u021b\u0103 Social\u0103 T\u00e2rgu Mure\u0219","robots":{"index":"index","follow":"follow","max-snippet":"max-snippet:-1","max-image-preview":"max-image-preview:large","max-video-preview":"max-video-preview:-1"},"canonical":"https:\/\/dastgmures.ro\/hu\/foto-video-galeria\/save-your-children-see-well-learn-well-read-well\/","og_locale":"hu_HU","og_type":"article","og_title":"Salva\u021bi Copiii \u201eVezi bine, \u00eenve\u021bi bine, cre\u0219ti bine!\u201d - Direc\u021bia de Asisten\u021b\u0103 Social\u0103 T\u00e2rgu Mure\u0219","og_url":"https:\/\/dastgmures.ro\/hu\/foto-video-galeria\/save-your-children-see-well-learn-well-read-well\/","og_site_name":"Direc\u021bia de Asisten\u021b\u0103 Social\u0103 T\u00e2rgu Mure\u0219","article_modified_time":"2022-12-13T14:28:09+00:00","twitter_card":"summary_large_image","schema":{"@context":"https:\/\/schema.org","@graph":[{"@type":"WebPage","@id":"https:\/\/dastgmures.ro\/galerie-foto-video\/salvati-copiii-vezi-bine-inveti-bine-cresti-bine\/","url":"https:\/\/dastgmures.ro\/galerie-foto-video\/salvati-copiii-vezi-bine-inveti-bine-cresti-bine\/","name":"Salva\u021bi Copiii \u201eVezi bine, \u00eenve\u021bi bine, cre\u0219ti bine!\u201d - Direc\u021bia de Asisten\u021b\u0103 Social\u0103 T\u00e2rgu Mure\u0219","isPartOf":{"@id":"https:\/\/dastgmures.ro\/#website"},"datePublished":"2022-12-13T14:25:53+00:00","dateModified":"2022-12-13T14:28:09+00:00","breadcrumb":{"@id":"https:\/\/dastgmures.ro\/galerie-foto-video\/salvati-copiii-vezi-bine-inveti-bine-cresti-bine\/#breadcrumb"},"inLanguage":"hu","potentialAction":[{"@type":"ReadAction","target":["https:\/\/dastgmures.ro\/galerie-foto-video\/salvati-copiii-vezi-bine-inveti-bine-cresti-bine\/"]}]},{"@type":"BreadcrumbList","@id":"https:\/\/dastgmures.ro\/galerie-foto-video\/salvati-copiii-vezi-bine-inveti-bine-cresti-bine\/#breadcrumb","itemListElement":[{"@type":"ListItem","position":1,"name":"Prima pagin\u0103","item":"https:\/\/dastgmures.ro\/"},{"@type":"ListItem","position":2,"name":"Galerie foto\/video","item":"https:\/\/dastgmures.ro\/galerie-foto-video\/"},{"@type":"ListItem","position":3,"name":"Salva\u021bi Copiii \u201eVezi bine, \u00eenve\u021bi bine, cre\u0219ti bine!\u201d"}]},{"@type":"WebSite","@id":"https:\/\/dastgmures.ro\/#website","url":"https:\/\/dastgmures.ro\/","name":"Direc\u021bia de Asisten\u021b\u0103 Social\u0103 T\u00e2rgu Mure\u0219","description":"","potentialAction":[{"@type":"SearchAction","target":{"@type":"EntryPoint","urlTemplate":"https:\/\/dastgmures.ro\/?s={search_term_string}"},"query-input":"required name=search_term_string"}],"inLanguage":"hu"}]}},"_links":{"self":[{"href":"https:\/\/dastgmures.ro\/hu\/wp-json\/wp\/v2\/pages\/4396","targetHints":{"allow":["GET"]}}],"collection":[{"href":"https:\/\/dastgmures.ro\/hu\/wp-json\/wp\/v2\/pages"}],"about":[{"href":"https:\/\/dastgmures.ro\/hu\/wp-json\/wp\/v2\/types\/page"}],"author":[{"embeddable":true,"href":"https:\/\/dastgmures.ro\/hu\/wp-json\/wp\/v2\/users\/1"}],"replies":[{"embeddable":true,"href":"https:\/\/dastgmures.ro\/hu\/wp-json\/wp\/v2\/comments?post=4396"}],"version-history":[{"count":4,"href":"https:\/\/dastgmures.ro\/hu\/wp-json\/wp\/v2\/pages\/4396\/revisions"}],"predecessor-version":[{"id":4416,"href":"https:\/\/dastgmures.ro\/hu\/wp-json\/wp\/v2\/pages\/4396\/revisions\/4416"}],"up":[{"embeddable":true,"href":"https:\/\/dastgmures.ro\/hu\/wp-json\/wp\/v2\/pages\/4109"}],"wp:attachment":[{"href":"https:\/\/dastgmures.ro\/hu\/wp-json\/wp\/v2\/media?parent=4396"}],"curies":[{"name":"wp","href":"https:\/\/api.w.org\/{rel}","templated":true}]}}