{"id":4420,"date":"2022-12-13T14:29:07","date_gmt":"2022-12-13T14:29:07","guid":{"rendered":"https:\/\/dastgmures.ro\/?page_id=4420"},"modified":"2022-12-13T15:14:43","modified_gmt":"2022-12-13T15:14:43","slug":"tabara-de-vara-centrul-de-zi-rozmarin","status":"publish","type":"page","link":"https:\/\/dastgmures.ro\/hu\/foto-video-galeria\/nyari-tabor-napkozi-kozpont-rosmaring\/","title":{"rendered":"Ny\u00e1ri t\u00e1bor Rosemary Day Centre"},"content":{"rendered":"<div data-elementor-type=\"wp-page\" data-elementor-id=\"4420\" class=\"elementor elementor-4420\">\n\t\t\t\t\t\t\t\t\t<section class=\"penci-section penci-disSticky penci-structure-10 elementor-section elementor-top-section elementor-element elementor-element-5d78360 elementor-section-boxed elementor-section-height-default elementor-section-height-default\" data-id=\"5d78360\" data-element_type=\"section\">\n\t\t\t\t\t\t<div class=\"elementor-container elementor-column-gap-default\">\n\t\t\t\t\t<div class=\"penci-ercol-100 penci-ercol-order-1 penci-sticky-ct    elementor-column elementor-col-100 elementor-top-column elementor-element elementor-element-e898cd9\" data-id=\"e898cd9\" data-element_type=\"column\">\n\t\t\t<div class=\"elementor-widget-wrap elementor-element-populated\">\n\t\t\t\t\t\t\t\t<div class=\"elementor-element elementor-element-65c5930 elementor-widget elementor-widget-penci-image-gallery\" data-id=\"65c5930\" data-element_type=\"widget\" data-widget_type=\"penci-image-gallery.default\">\n\t\t\t\t<div class=\"elementor-widget-container\">\n\t\t\t\t\t<div id=\"penci-image_gallery_50758\" class=\"penci-block-vc penci-image-gallery penci-image-gallery-s1 pencisc-grid-3 pencisc-grid-tablet-2 pencisc-grid-mobile-1 penci-image-not-caption\">\n\t\t\t\t\t\t<div class=\"penci-block_content  pencisc-grid\">\n\t\t\t\t                <div class=\"penci-gallery-item penci-galitem-1\">\n                    <a class=\"penci-gallery-ite penci-image-holder penci-lazy penci-image-landscape\"  data-bgset=\"https:\/\/dastgmures.ro\/wp-content\/uploads\/2022\/12\/7201a014-6fb8-437f-bd5f-dd9273c82397-768x576.jpg\"                       href=\"https:\/\/dastgmures.ro\/wp-content\/uploads\/2022\/12\/7201a014-6fb8-437f-bd5f-dd9273c82397-1170x878.jpg\" >\n\t\t\t\t\t\t                        <i class=\"penciicon-expand\"><\/i>\n                    <\/a>\n                <\/div>\n\t\t\t\t                <div class=\"penci-gallery-item penci-galitem-2\">\n                    <a class=\"penci-gallery-ite penci-image-holder penci-lazy penci-image-landscape\"  data-bgset=\"https:\/\/dastgmures.ro\/wp-content\/uploads\/2022\/12\/0114706a-a5d6-4b34-b7cf-ca008bc394b1-768x576.jpg\"                       href=\"https:\/\/dastgmures.ro\/wp-content\/uploads\/2022\/12\/0114706a-a5d6-4b34-b7cf-ca008bc394b1-1170x878.jpg\" >\n\t\t\t\t\t\t                        <i class=\"penciicon-expand\"><\/i>\n                    <\/a>\n                <\/div>\n\t\t\t\t                <div class=\"penci-gallery-item penci-galitem-3\">\n                    <a class=\"penci-gallery-ite penci-image-holder penci-lazy penci-image-landscape\"  data-bgset=\"https:\/\/dastgmures.ro\/wp-content\/uploads\/2022\/12\/a0c2ff3c-f02e-405e-b984-7bae9875c726-768x576.jpg\"                       href=\"https:\/\/dastgmures.ro\/wp-content\/uploads\/2022\/12\/a0c2ff3c-f02e-405e-b984-7bae9875c726-1170x878.jpg\" >\n\t\t\t\t\t\t                        <i class=\"penciicon-expand\"><\/i>\n                    <\/a>\n                <\/div>\n\t\t\t\t                <div class=\"penci-gallery-item penci-galitem-4\">\n                    <a class=\"penci-gallery-ite penci-image-holder penci-lazy penci-image-landscape\"  data-bgset=\"https:\/\/dastgmures.ro\/wp-content\/uploads\/2022\/12\/af652c23-55a6-4f30-abf2-22026608ee51-768x768.jpg\"                       href=\"https:\/\/dastgmures.ro\/wp-content\/uploads\/2022\/12\/af652c23-55a6-4f30-abf2-22026608ee51-1170x1170.jpg\" >\n\t\t\t\t\t\t                        <i class=\"penciicon-expand\"><\/i>\n                    <\/a>\n                <\/div>\n\t\t\t\t                <div class=\"penci-gallery-item penci-galitem-5\">\n                    <a class=\"penci-gallery-ite penci-image-holder penci-lazy penci-image-landscape\"  data-bgset=\"https:\/\/dastgmures.ro\/wp-content\/uploads\/2022\/12\/b04c76bf-0b66-4be1-80ce-0e95424b05c8-768x576.jpg\"                       href=\"https:\/\/dastgmures.ro\/wp-content\/uploads\/2022\/12\/b04c76bf-0b66-4be1-80ce-0e95424b05c8-1170x878.jpg\" >\n\t\t\t\t\t\t                        <i class=\"penciicon-expand\"><\/i>\n                    <\/a>\n                <\/div>\n\t\t\t\t                <div class=\"penci-gallery-item penci-galitem-6\">\n                    <a class=\"penci-gallery-ite penci-image-holder penci-lazy penci-image-landscape\"  data-bgset=\"https:\/\/dastgmures.ro\/wp-content\/uploads\/2022\/12\/cb975cc1-dfa4-48c7-a2a9-30eb961c2522-768x576.jpg\"                       href=\"https:\/\/dastgmures.ro\/wp-content\/uploads\/2022\/12\/cb975cc1-dfa4-48c7-a2a9-30eb961c2522-1170x878.jpg\" >\n\t\t\t\t\t\t                        <i class=\"penciicon-expand\"><\/i>\n                    <\/a>\n                <\/div>\n\t\t\t\t                <div class=\"penci-gallery-item penci-galitem-7\">\n                    <a class=\"penci-gallery-ite penci-image-holder penci-lazy penci-image-landscape\"  data-bgset=\"https:\/\/dastgmures.ro\/wp-content\/uploads\/2022\/12\/cf611834-7dfb-4b71-9399-14916749fc94-768x576.jpg\"                       href=\"https:\/\/dastgmures.ro\/wp-content\/uploads\/2022\/12\/cf611834-7dfb-4b71-9399-14916749fc94-1170x878.jpg\" >\n\t\t\t\t\t\t                        <i class=\"penciicon-expand\"><\/i>\n                    <\/a>\n                <\/div>\n\t\t\t\t                <div class=\"penci-gallery-item penci-galitem-8\">\n                    <a class=\"penci-gallery-ite penci-image-holder penci-lazy penci-image-landscape\"  data-bgset=\"https:\/\/dastgmures.ro\/wp-content\/uploads\/2022\/12\/da7c4fe7-2bdd-41e1-ad20-7a8d9e287092-768x576.jpg\"                       href=\"https:\/\/dastgmures.ro\/wp-content\/uploads\/2022\/12\/da7c4fe7-2bdd-41e1-ad20-7a8d9e287092-1170x878.jpg\" >\n\t\t\t\t\t\t                        <i class=\"penciicon-expand\"><\/i>\n                    <\/a>\n                <\/div>\n\t\t\t\t                <div class=\"penci-gallery-item penci-galitem-9\">\n                    <a class=\"penci-gallery-ite penci-image-holder penci-lazy penci-image-landscape\"  data-bgset=\"https:\/\/dastgmures.ro\/wp-content\/uploads\/2022\/12\/eb2e44ee-035f-4fbb-8cd7-9166a4137e20-768x576.jpg\"                       href=\"https:\/\/dastgmures.ro\/wp-content\/uploads\/2022\/12\/eb2e44ee-035f-4fbb-8cd7-9166a4137e20-1170x878.jpg\" >\n\t\t\t\t\t\t                        <i class=\"penciicon-expand\"><\/i>\n                    <\/a>\n                <\/div>\n\t\t\t\t                <div class=\"penci-gallery-item penci-galitem-10\">\n                    <a class=\"penci-gallery-ite penci-image-holder penci-lazy penci-image-landscape\"  data-bgset=\"https:\/\/dastgmures.ro\/wp-content\/uploads\/2022\/12\/IMG-6891-768x576.jpg\"                       href=\"https:\/\/dastgmures.ro\/wp-content\/uploads\/2022\/12\/IMG-6891.jpg\" >\n\t\t\t\t\t\t                        <i class=\"penciicon-expand\"><\/i>\n                    <\/a>\n                <\/div>\n\t\t\t\t                <div class=\"penci-gallery-item penci-galitem-11\">\n                    <a class=\"penci-gallery-ite penci-image-holder penci-lazy penci-image-landscape\"  data-bgset=\"https:\/\/dastgmures.ro\/wp-content\/uploads\/2022\/12\/IMG-6892-768x576.jpg\"                       href=\"https:\/\/dastgmures.ro\/wp-content\/uploads\/2022\/12\/IMG-6892.jpg\" >\n\t\t\t\t\t\t                        <i class=\"penciicon-expand\"><\/i>\n                    <\/a>\n                <\/div>\n\t\t\t\t                <div class=\"penci-gallery-item penci-galitem-12\">\n                    <a class=\"penci-gallery-ite penci-image-holder penci-lazy penci-image-landscape\"  data-bgset=\"https:\/\/dastgmures.ro\/wp-content\/uploads\/2022\/12\/IMG-6893-768x576.jpg\"                       href=\"https:\/\/dastgmures.ro\/wp-content\/uploads\/2022\/12\/IMG-6893.jpg\" >\n\t\t\t\t\t\t                        <i class=\"penciicon-expand\"><\/i>\n                    <\/a>\n                <\/div>\n\t\t\t\t                <div class=\"penci-gallery-item penci-galitem-13\">\n                    <a class=\"penci-gallery-ite penci-image-holder penci-lazy penci-image-landscape\"  data-bgset=\"https:\/\/dastgmures.ro\/wp-content\/uploads\/2022\/12\/IMG-6894-768x576.jpg\"                       href=\"https:\/\/dastgmures.ro\/wp-content\/uploads\/2022\/12\/IMG-6894.jpg\" >\n\t\t\t\t\t\t                        <i class=\"penciicon-expand\"><\/i>\n                    <\/a>\n                <\/div>\n\t\t\t\t                <div class=\"penci-gallery-item penci-galitem-14\">\n                    <a class=\"penci-gallery-ite penci-image-holder penci-lazy penci-image-landscape\"  data-bgset=\"https:\/\/dastgmures.ro\/wp-content\/uploads\/2022\/12\/IMG-6895-768x576.jpg\"                       href=\"https:\/\/dastgmures.ro\/wp-content\/uploads\/2022\/12\/IMG-6895.jpg\" >\n\t\t\t\t\t\t                        <i class=\"penciicon-expand\"><\/i>\n                    <\/a>\n                <\/div>\n\t\t\t\t                <div class=\"penci-gallery-item penci-galitem-15\">\n                    <a class=\"penci-gallery-ite penci-image-holder penci-lazy penci-image-landscape\"  data-bgset=\"https:\/\/dastgmures.ro\/wp-content\/uploads\/2022\/12\/IMG-6896-768x576.jpg\"                       href=\"https:\/\/dastgmures.ro\/wp-content\/uploads\/2022\/12\/IMG-6896.jpg\" >\n\t\t\t\t\t\t                        <i class=\"penciicon-expand\"><\/i>\n                    <\/a>\n                <\/div>\n\t\t\t\t                <div class=\"penci-gallery-item penci-galitem-16\">\n                    <a class=\"penci-gallery-ite penci-image-holder penci-lazy penci-image-landscape\"  data-bgset=\"https:\/\/dastgmures.ro\/wp-content\/uploads\/2022\/12\/IMG-6897-768x576.jpg\"                       href=\"https:\/\/dastgmures.ro\/wp-content\/uploads\/2022\/12\/IMG-6897.jpg\" >\n\t\t\t\t\t\t                        <i class=\"penciicon-expand\"><\/i>\n                    <\/a>\n                <\/div>\n\t\t\t\t                <div class=\"penci-gallery-item penci-galitem-17\">\n                    <a class=\"penci-gallery-ite penci-image-holder penci-lazy penci-image-landscape\"  data-bgset=\"https:\/\/dastgmures.ro\/wp-content\/uploads\/2022\/12\/IMG-6898-768x576.jpg\"                       href=\"https:\/\/dastgmures.ro\/wp-content\/uploads\/2022\/12\/IMG-6898.jpg\" >\n\t\t\t\t\t\t                        <i class=\"penciicon-expand\"><\/i>\n                    <\/a>\n                <\/div>\n\t\t\t\t                <div class=\"penci-gallery-item penci-galitem-18\">\n                    <a class=\"penci-gallery-ite penci-image-holder penci-lazy penci-image-landscape\"  data-bgset=\"https:\/\/dastgmures.ro\/wp-content\/uploads\/2022\/12\/IMG-6899-768x576.jpg\"                       href=\"https:\/\/dastgmures.ro\/wp-content\/uploads\/2022\/12\/IMG-6899.jpg\" >\n\t\t\t\t\t\t                        <i class=\"penciicon-expand\"><\/i>\n                    <\/a>\n                <\/div>\n\t\t\t\t                <div class=\"penci-gallery-item penci-galitem-19\">\n                    <a class=\"penci-gallery-ite penci-image-holder penci-lazy penci-image-landscape\"  data-bgset=\"https:\/\/dastgmures.ro\/wp-content\/uploads\/2022\/12\/IMG-6900-768x576.jpg\"                       href=\"https:\/\/dastgmures.ro\/wp-content\/uploads\/2022\/12\/IMG-6900.jpg\" >\n\t\t\t\t\t\t                        <i class=\"penciicon-expand\"><\/i>\n                    <\/a>\n                <\/div>\n\t\t\t\t                <div class=\"penci-gallery-item penci-galitem-20\">\n                    <a class=\"penci-gallery-ite penci-image-holder penci-lazy penci-image-landscape\"  data-bgset=\"https:\/\/dastgmures.ro\/wp-content\/uploads\/2022\/12\/IMG-6901-768x576.jpg\"                       href=\"https:\/\/dastgmures.ro\/wp-content\/uploads\/2022\/12\/IMG-6901.jpg\" >\n\t\t\t\t\t\t                        <i class=\"penciicon-expand\"><\/i>\n                    <\/a>\n                <\/div>\n\t\t\t\t                <div class=\"penci-gallery-item penci-galitem-21\">\n                    <a class=\"penci-gallery-ite penci-image-holder penci-lazy penci-image-landscape\"  data-bgset=\"https:\/\/dastgmures.ro\/wp-content\/uploads\/2022\/12\/12b666f6-8305-4ba9-9fc6-e190b3f6c75f-768x576.jpg\"                       href=\"https:\/\/dastgmures.ro\/wp-content\/uploads\/2022\/12\/12b666f6-8305-4ba9-9fc6-e190b3f6c75f-1170x878.jpg\" >\n\t\t\t\t\t\t                        <i class=\"penciicon-expand\"><\/i>\n                    <\/a>\n                <\/div>\n\t\t\t\t                <div class=\"penci-gallery-item penci-galitem-22\">\n                    <a class=\"penci-gallery-ite penci-image-holder penci-lazy penci-image-landscape\"  data-bgset=\"https:\/\/dastgmures.ro\/wp-content\/uploads\/2022\/12\/56db15ad-efee-4fe3-b79b-2162b0f94e38-768x576.jpg\"                       href=\"https:\/\/dastgmures.ro\/wp-content\/uploads\/2022\/12\/56db15ad-efee-4fe3-b79b-2162b0f94e38-1170x878.jpg\" >\n\t\t\t\t\t\t                        <i class=\"penciicon-expand\"><\/i>\n                    <\/a>\n                <\/div>\n\t\t\t\t                <div class=\"penci-gallery-item penci-galitem-23\">\n                    <a class=\"penci-gallery-ite penci-image-holder penci-lazy penci-image-landscape\"  data-bgset=\"https:\/\/dastgmures.ro\/wp-content\/uploads\/2022\/12\/63b205d1-a273-4009-b24d-3b09a26b1c58-768x576.jpg\"                       href=\"https:\/\/dastgmures.ro\/wp-content\/uploads\/2022\/12\/63b205d1-a273-4009-b24d-3b09a26b1c58-1170x878.jpg\" >\n\t\t\t\t\t\t                        <i class=\"penciicon-expand\"><\/i>\n                    <\/a>\n                <\/div>\n\t\t\t\t                <div class=\"penci-gallery-item penci-galitem-24\">\n                    <a class=\"penci-gallery-ite penci-image-holder penci-lazy penci-image-landscape\"  data-bgset=\"https:\/\/dastgmures.ro\/wp-content\/uploads\/2022\/12\/0066f27a-2a46-415e-b3f6-25572a2babbe.jpg\"                       href=\"https:\/\/dastgmures.ro\/wp-content\/uploads\/2022\/12\/0066f27a-2a46-415e-b3f6-25572a2babbe.jpg\" >\n\t\t\t\t\t\t                        <i class=\"penciicon-expand\"><\/i>\n                    <\/a>\n                <\/div>\n\t\t\t\t                <div class=\"penci-gallery-item penci-galitem-25\">\n                    <a class=\"penci-gallery-ite penci-image-holder penci-lazy penci-image-landscape\"  data-bgset=\"https:\/\/dastgmures.ro\/wp-content\/uploads\/2022\/12\/745f8b44-bf86-4ee5-ac64-2878ca4e76e4-768x1024.jpg\"                       href=\"https:\/\/dastgmures.ro\/wp-content\/uploads\/2022\/12\/745f8b44-bf86-4ee5-ac64-2878ca4e76e4-1170x1560.jpg\" >\n\t\t\t\t\t\t                        <i class=\"penciicon-expand\"><\/i>\n                    <\/a>\n                <\/div>\n\t\t\t\t\t\t\t<\/div>\n\t\t<\/div>\n\t\t\t\t<\/div>\n\t\t\t\t<\/div>\n\t\t\t\t\t<\/div>\n\t\t<\/div>\n\t\t\t\t\t\t\t<\/div>\n\t\t<\/section>\n\t\t\t\t\t\t\t<\/div>","protected":false},"excerpt":{"rendered":"","protected":false},"author":1,"featured_media":0,"parent":4109,"menu_order":0,"comment_status":"closed","ping_status":"closed","template":"","meta":{"footnotes":""},"class_list":["post-4420","page","type-page","status-publish","hentry"],"yoast_head":"<!-- This site is optimized with the Yoast SEO plugin v19.13 - https:\/\/yoast.com\/wordpress\/plugins\/seo\/ -->\n<title>Tab\u0103ra de vara Centrul de Zi Rozmarin - Direc\u021bia de Asisten\u021b\u0103 Social\u0103 T\u00e2rgu Mure\u0219<\/title>\n<meta name=\"robots\" content=\"index, follow, max-snippet:-1, max-image-preview:large, max-video-preview:-1\" \/>\n<link rel=\"canonical\" href=\"https:\/\/dastgmures.ro\/hu\/foto-video-galeria\/nyari-tabor-napkozi-kozpont-rosmaring\/\" \/>\n<meta property=\"og:locale\" content=\"hu_HU\" \/>\n<meta property=\"og:type\" content=\"article\" \/>\n<meta property=\"og:title\" content=\"Tab\u0103ra de vara Centrul de Zi Rozmarin - Direc\u021bia de Asisten\u021b\u0103 Social\u0103 T\u00e2rgu Mure\u0219\" \/>\n<meta property=\"og:url\" content=\"https:\/\/dastgmures.ro\/hu\/foto-video-galeria\/nyari-tabor-napkozi-kozpont-rosmaring\/\" \/>\n<meta property=\"og:site_name\" content=\"Direc\u021bia de Asisten\u021b\u0103 Social\u0103 T\u00e2rgu Mure\u0219\" \/>\n<meta property=\"article:modified_time\" content=\"2022-12-13T15:14:43+00:00\" \/>\n<meta name=\"twitter:card\" content=\"summary_large_image\" \/>\n<script type=\"application\/ld+json\" class=\"yoast-schema-graph\">{\"@context\":\"https:\/\/schema.org\",\"@graph\":[{\"@type\":\"WebPage\",\"@id\":\"https:\/\/dastgmures.ro\/galerie-foto-video\/tabara-de-vara-centrul-de-zi-rozmarin\/\",\"url\":\"https:\/\/dastgmures.ro\/galerie-foto-video\/tabara-de-vara-centrul-de-zi-rozmarin\/\",\"name\":\"Tab\u0103ra de vara Centrul de Zi Rozmarin - Direc\u021bia de Asisten\u021b\u0103 Social\u0103 T\u00e2rgu Mure\u0219\",\"isPartOf\":{\"@id\":\"https:\/\/dastgmures.ro\/#website\"},\"datePublished\":\"2022-12-13T14:29:07+00:00\",\"dateModified\":\"2022-12-13T15:14:43+00:00\",\"breadcrumb\":{\"@id\":\"https:\/\/dastgmures.ro\/galerie-foto-video\/tabara-de-vara-centrul-de-zi-rozmarin\/#breadcrumb\"},\"inLanguage\":\"hu\",\"potentialAction\":[{\"@type\":\"ReadAction\",\"target\":[\"https:\/\/dastgmures.ro\/galerie-foto-video\/tabara-de-vara-centrul-de-zi-rozmarin\/\"]}]},{\"@type\":\"BreadcrumbList\",\"@id\":\"https:\/\/dastgmures.ro\/galerie-foto-video\/tabara-de-vara-centrul-de-zi-rozmarin\/#breadcrumb\",\"itemListElement\":[{\"@type\":\"ListItem\",\"position\":1,\"name\":\"Prima pagin\u0103\",\"item\":\"https:\/\/dastgmures.ro\/\"},{\"@type\":\"ListItem\",\"position\":2,\"name\":\"Galerie foto\/video\",\"item\":\"https:\/\/dastgmures.ro\/galerie-foto-video\/\"},{\"@type\":\"ListItem\",\"position\":3,\"name\":\"Tab\u0103ra de vara Centrul de Zi Rozmarin\"}]},{\"@type\":\"WebSite\",\"@id\":\"https:\/\/dastgmures.ro\/#website\",\"url\":\"https:\/\/dastgmures.ro\/\",\"name\":\"Direc\u021bia de Asisten\u021b\u0103 Social\u0103 T\u00e2rgu Mure\u0219\",\"description\":\"\",\"potentialAction\":[{\"@type\":\"SearchAction\",\"target\":{\"@type\":\"EntryPoint\",\"urlTemplate\":\"https:\/\/dastgmures.ro\/?s={search_term_string}\"},\"query-input\":\"required name=search_term_string\"}],\"inLanguage\":\"hu\"}]}<\/script>\n<!-- \/ Yoast SEO plugin. -->","yoast_head_json":{"title":"Tab\u0103ra de vara Centrul de Zi Rozmarin - Direc\u021bia de Asisten\u021b\u0103 Social\u0103 T\u00e2rgu Mure\u0219","robots":{"index":"index","follow":"follow","max-snippet":"max-snippet:-1","max-image-preview":"max-image-preview:large","max-video-preview":"max-video-preview:-1"},"canonical":"https:\/\/dastgmures.ro\/hu\/foto-video-galeria\/nyari-tabor-napkozi-kozpont-rosmaring\/","og_locale":"hu_HU","og_type":"article","og_title":"Tab\u0103ra de vara Centrul de Zi Rozmarin - Direc\u021bia de Asisten\u021b\u0103 Social\u0103 T\u00e2rgu Mure\u0219","og_url":"https:\/\/dastgmures.ro\/hu\/foto-video-galeria\/nyari-tabor-napkozi-kozpont-rosmaring\/","og_site_name":"Direc\u021bia de Asisten\u021b\u0103 Social\u0103 T\u00e2rgu Mure\u0219","article_modified_time":"2022-12-13T15:14:43+00:00","twitter_card":"summary_large_image","schema":{"@context":"https:\/\/schema.org","@graph":[{"@type":"WebPage","@id":"https:\/\/dastgmures.ro\/galerie-foto-video\/tabara-de-vara-centrul-de-zi-rozmarin\/","url":"https:\/\/dastgmures.ro\/galerie-foto-video\/tabara-de-vara-centrul-de-zi-rozmarin\/","name":"Tab\u0103ra de vara Centrul de Zi Rozmarin - Direc\u021bia de Asisten\u021b\u0103 Social\u0103 T\u00e2rgu Mure\u0219","isPartOf":{"@id":"https:\/\/dastgmures.ro\/#website"},"datePublished":"2022-12-13T14:29:07+00:00","dateModified":"2022-12-13T15:14:43+00:00","breadcrumb":{"@id":"https:\/\/dastgmures.ro\/galerie-foto-video\/tabara-de-vara-centrul-de-zi-rozmarin\/#breadcrumb"},"inLanguage":"hu","potentialAction":[{"@type":"ReadAction","target":["https:\/\/dastgmures.ro\/galerie-foto-video\/tabara-de-vara-centrul-de-zi-rozmarin\/"]}]},{"@type":"BreadcrumbList","@id":"https:\/\/dastgmures.ro\/galerie-foto-video\/tabara-de-vara-centrul-de-zi-rozmarin\/#breadcrumb","itemListElement":[{"@type":"ListItem","position":1,"name":"Prima pagin\u0103","item":"https:\/\/dastgmures.ro\/"},{"@type":"ListItem","position":2,"name":"Galerie foto\/video","item":"https:\/\/dastgmures.ro\/galerie-foto-video\/"},{"@type":"ListItem","position":3,"name":"Tab\u0103ra de vara Centrul de Zi Rozmarin"}]},{"@type":"WebSite","@id":"https:\/\/dastgmures.ro\/#website","url":"https:\/\/dastgmures.ro\/","name":"Direc\u021bia de Asisten\u021b\u0103 Social\u0103 T\u00e2rgu Mure\u0219","description":"","potentialAction":[{"@type":"SearchAction","target":{"@type":"EntryPoint","urlTemplate":"https:\/\/dastgmures.ro\/?s={search_term_string}"},"query-input":"required name=search_term_string"}],"inLanguage":"hu"}]}},"_links":{"self":[{"href":"https:\/\/dastgmures.ro\/hu\/wp-json\/wp\/v2\/pages\/4420","targetHints":{"allow":["GET"]}}],"collection":[{"href":"https:\/\/dastgmures.ro\/hu\/wp-json\/wp\/v2\/pages"}],"about":[{"href":"https:\/\/dastgmures.ro\/hu\/wp-json\/wp\/v2\/types\/page"}],"author":[{"embeddable":true,"href":"https:\/\/dastgmures.ro\/hu\/wp-json\/wp\/v2\/users\/1"}],"replies":[{"embeddable":true,"href":"https:\/\/dastgmures.ro\/hu\/wp-json\/wp\/v2\/comments?post=4420"}],"version-history":[{"count":5,"href":"https:\/\/dastgmures.ro\/hu\/wp-json\/wp\/v2\/pages\/4420\/revisions"}],"predecessor-version":[{"id":4745,"href":"https:\/\/dastgmures.ro\/hu\/wp-json\/wp\/v2\/pages\/4420\/revisions\/4745"}],"up":[{"embeddable":true,"href":"https:\/\/dastgmures.ro\/hu\/wp-json\/wp\/v2\/pages\/4109"}],"wp:attachment":[{"href":"https:\/\/dastgmures.ro\/hu\/wp-json\/wp\/v2\/media?parent=4420"}],"curies":[{"name":"wp","href":"https:\/\/api.w.org\/{rel}","templated":true}]}}