{"id":4911,"date":"2022-12-14T10:41:33","date_gmt":"2022-12-14T10:41:33","guid":{"rendered":"https:\/\/dastgmures.ro\/?page_id=4911"},"modified":"2025-07-15T11:39:55","modified_gmt":"2025-07-15T09:39:55","slug":"centralizatorul-achizitiilor-publice-si-contractele-cu-valoare-de-peste-5000-euro","status":"publish","type":"page","link":"https:\/\/dastgmures.ro\/hu\/kozerdeku-informaciok\/kozbeszerzes\/az-5000-euronal-nagyobb-erteku-kozbeszerzesek-es-szerzodesek-kozpontositoja\/","title":{"rendered":"K\u00f6zpontos\u00edtott beszerz\u00e9s \u00e9s 5000 EUR feletti szerz\u0151d\u00e9sek"},"content":{"rendered":"<div data-elementor-type=\"wp-page\" data-elementor-id=\"4911\" class=\"elementor elementor-4911\">\n\t\t\t\t\t\t\t\t\t<section class=\"penci-section penci-disSticky penci-structure-20 elementor-section elementor-top-section elementor-element elementor-element-546a38f elementor-section-boxed elementor-section-height-default elementor-section-height-default\" data-id=\"546a38f\" data-element_type=\"section\">\n\t\t\t\t\t\t<div class=\"elementor-container elementor-column-gap-default\">\n\t\t\t\t\t<div class=\"penci-ercol-50 penci-ercol-order-1 penci-sticky-ct  penci-dmcheck penci-elbg-activate  elementor-column elementor-col-50 elementor-top-column elementor-element elementor-element-1e95731\" data-id=\"1e95731\" data-element_type=\"column\" data-settings=\"{&quot;background_background&quot;:&quot;classic&quot;}\">\n\t\t\t<div class=\"elementor-widget-wrap elementor-element-populated\">\n\t\t\t\t\t\t\t\t<div class=\"elementor-element elementor-element-483eae1 elementor-view-default elementor-mobile-position-top elementor-vertical-align-top elementor-widget elementor-widget-icon-box\" data-id=\"483eae1\" data-element_type=\"widget\" data-widget_type=\"icon-box.default\">\n\t\t\t\t<div class=\"elementor-widget-container\">\n\t\t\t<link rel=\"stylesheet\" href=\"https:\/\/dastgmures.ro\/wp-content\/plugins\/elementor\/assets\/css\/widget-icon-box.min.css\">\t\t<div class=\"elementor-icon-box-wrapper\">\n\t\t\t\t\t\t<div class=\"elementor-icon-box-icon\">\n\t\t\t\t<a class=\"elementor-icon elementor-animation-\" href=\"https:\/\/dastgmures.ro\/hu\/kozerdeku-informaciok\/kozbeszerzes\/az-5000-euronal-nagyobb-erteku-kozbeszerzesek-es-szerzodesek-kozpontositoja\/ev-2022\/\">\n\t\t\t\t<i aria-hidden=\"true\" class=\"fas fa-file-invoice\"><\/i>\t\t\t\t<\/a>\n\t\t\t<\/div>\n\t\t\t\t\t\t<div class=\"elementor-icon-box-content\">\n\t\t\t\t<h3 class=\"elementor-icon-box-title\"><span class=\"ez-toc-section\" id=\"2025\"><\/span>\n\t\t\t\t\t<a href=\"https:\/\/dastgmures.ro\/hu\/kozerdeku-informaciok\/kozbeszerzes\/az-5000-euronal-nagyobb-erteku-kozbeszerzesek-es-szerzodesek-kozpontositoja\/ev-2022\/\" >\n\t\t\t\t\t\t2025\t\t\t\t\t<\/a>\n\t\t\t\t<span class=\"ez-toc-section-end\"><\/span><\/h3>\n\t\t\t\t\t\t\t<\/div>\n\t\t<\/div>\n\t\t\t\t<\/div>\n\t\t\t\t<\/div>\n\t\t\t\t\t<\/div>\n\t\t<\/div>\n\t\t\t\t<div class=\"penci-ercol-50 penci-ercol-order-2 penci-sticky-ct  penci-dmcheck penci-elbg-activate  elementor-column elementor-col-50 elementor-top-column elementor-element elementor-element-41d4b89\" data-id=\"41d4b89\" data-element_type=\"column\" data-settings=\"{&quot;background_background&quot;:&quot;classic&quot;}\">\n\t\t\t<div class=\"elementor-widget-wrap elementor-element-populated\">\n\t\t\t\t\t\t\t\t<div class=\"elementor-element elementor-element-a171b6d elementor-view-default elementor-mobile-position-top elementor-vertical-align-top elementor-widget elementor-widget-icon-box\" data-id=\"a171b6d\" data-element_type=\"widget\" data-widget_type=\"icon-box.default\">\n\t\t\t\t<div class=\"elementor-widget-container\">\n\t\t\t\t\t<div class=\"elementor-icon-box-wrapper\">\n\t\t\t\t\t\t<div class=\"elementor-icon-box-icon\">\n\t\t\t\t<a class=\"elementor-icon elementor-animation-\" href=\"\/hu\/informatii-de-interes-public\/achizitii-publice\/centralizatorul-achizitiilor-publice-si-contractele-cu-valoare-de-peste-5000-euro\/anul-2024\/%20\/\">\n\t\t\t\t<i aria-hidden=\"true\" class=\"fas fa-file-invoice\"><\/i>\t\t\t\t<\/a>\n\t\t\t<\/div>\n\t\t\t\t\t\t<div class=\"elementor-icon-box-content\">\n\t\t\t\t<h3 class=\"elementor-icon-box-title\"><span class=\"ez-toc-section\" id=\"2024\"><\/span>\n\t\t\t\t\t<a href=\"\/hu\/informatii-de-interes-public\/achizitii-publice\/centralizatorul-achizitiilor-publice-si-contractele-cu-valoare-de-peste-5000-euro\/anul-2024\/%20\/\" >\n\t\t\t\t\t\t2024\t\t\t\t\t<\/a>\n\t\t\t\t<span class=\"ez-toc-section-end\"><\/span><\/h3>\n\t\t\t\t\t\t\t<\/div>\n\t\t<\/div>\n\t\t\t\t<\/div>\n\t\t\t\t<\/div>\n\t\t\t\t\t<\/div>\n\t\t<\/div>\n\t\t\t\t\t\t\t<\/div>\n\t\t<\/section>\n\t\t\t\t<section class=\"penci-section penci-disSticky penci-structure-20 elementor-section elementor-top-section elementor-element elementor-element-fc9b594 elementor-section-boxed elementor-section-height-default elementor-section-height-default\" data-id=\"fc9b594\" data-element_type=\"section\">\n\t\t\t\t\t\t<div class=\"elementor-container elementor-column-gap-default\">\n\t\t\t\t\t<div class=\"penci-ercol-50 penci-ercol-order-1 penci-sticky-ct  penci-dmcheck penci-elbg-activate  elementor-column elementor-col-50 elementor-top-column elementor-element elementor-element-d5f3c72\" data-id=\"d5f3c72\" data-element_type=\"column\" data-settings=\"{&quot;background_background&quot;:&quot;classic&quot;}\">\n\t\t\t<div class=\"elementor-widget-wrap elementor-element-populated\">\n\t\t\t\t\t\t\t\t<div class=\"elementor-element elementor-element-154f4eb elementor-view-default elementor-mobile-position-top elementor-vertical-align-top elementor-widget elementor-widget-icon-box\" data-id=\"154f4eb\" data-element_type=\"widget\" data-widget_type=\"icon-box.default\">\n\t\t\t\t<div class=\"elementor-widget-container\">\n\t\t\t\t\t<div class=\"elementor-icon-box-wrapper\">\n\t\t\t\t\t\t<div class=\"elementor-icon-box-icon\">\n\t\t\t\t<a class=\"elementor-icon elementor-animation-\" href=\"https:\/\/dastgmures.ro\/hu\/kozerdeku-informaciok\/kozbeszerzes\/az-5000-euronal-nagyobb-erteku-kozbeszerzesek-es-szerzodesek-kozpontositoja\/ev-2022\/\">\n\t\t\t\t<i aria-hidden=\"true\" class=\"fas fa-file-invoice\"><\/i>\t\t\t\t<\/a>\n\t\t\t<\/div>\n\t\t\t\t\t\t<div class=\"elementor-icon-box-content\">\n\t\t\t\t<h3 class=\"elementor-icon-box-title\"><span class=\"ez-toc-section\" id=\"2023\"><\/span>\n\t\t\t\t\t<a href=\"https:\/\/dastgmures.ro\/hu\/kozerdeku-informaciok\/kozbeszerzes\/az-5000-euronal-nagyobb-erteku-kozbeszerzesek-es-szerzodesek-kozpontositoja\/ev-2022\/\" >\n\t\t\t\t\t\t2023\t\t\t\t\t<\/a>\n\t\t\t\t<span class=\"ez-toc-section-end\"><\/span><\/h3>\n\t\t\t\t\t\t\t<\/div>\n\t\t<\/div>\n\t\t\t\t<\/div>\n\t\t\t\t<\/div>\n\t\t\t\t\t<\/div>\n\t\t<\/div>\n\t\t\t\t<div class=\"penci-ercol-50 penci-ercol-order-2 penci-sticky-ct  penci-dmcheck penci-elbg-activate  elementor-column elementor-col-50 elementor-top-column elementor-element elementor-element-cbbf4ba\" data-id=\"cbbf4ba\" data-element_type=\"column\" data-settings=\"{&quot;background_background&quot;:&quot;classic&quot;}\">\n\t\t\t<div class=\"elementor-widget-wrap elementor-element-populated\">\n\t\t\t\t\t\t\t\t<div class=\"elementor-element elementor-element-c442b98 elementor-view-default elementor-mobile-position-top elementor-vertical-align-top elementor-widget elementor-widget-icon-box\" data-id=\"c442b98\" data-element_type=\"widget\" data-widget_type=\"icon-box.default\">\n\t\t\t\t<div class=\"elementor-widget-container\">\n\t\t\t\t\t<div class=\"elementor-icon-box-wrapper\">\n\t\t\t\t\t\t<div class=\"elementor-icon-box-icon\">\n\t\t\t\t<a class=\"elementor-icon elementor-animation-\" href=\"\/hu\/informatii-de-interes-public\/achizitii-publice\/centralizatorul-achizitiilor-publice-si-contractele-cu-valoare-de-peste-5000-euro\/anul-2022\/%20\/\">\n\t\t\t\t<i aria-hidden=\"true\" class=\"fas fa-file-invoice\"><\/i>\t\t\t\t<\/a>\n\t\t\t<\/div>\n\t\t\t\t\t\t<div class=\"elementor-icon-box-content\">\n\t\t\t\t<h3 class=\"elementor-icon-box-title\"><span class=\"ez-toc-section\" id=\"2022\"><\/span>\n\t\t\t\t\t<a href=\"\/hu\/informatii-de-interes-public\/achizitii-publice\/centralizatorul-achizitiilor-publice-si-contractele-cu-valoare-de-peste-5000-euro\/anul-2022\/%20\/\" >\n\t\t\t\t\t\t2022\t\t\t\t\t<\/a>\n\t\t\t\t<span class=\"ez-toc-section-end\"><\/span><\/h3>\n\t\t\t\t\t\t\t<\/div>\n\t\t<\/div>\n\t\t\t\t<\/div>\n\t\t\t\t<\/div>\n\t\t\t\t\t<\/div>\n\t\t<\/div>\n\t\t\t\t\t\t\t<\/div>\n\t\t<\/section>\n\t\t\t\t\t\t\t<\/div>","protected":false},"excerpt":{"rendered":"<p>2025 2024 2023 2022<\/p>","protected":false},"author":1,"featured_media":0,"parent":3193,"menu_order":0,"comment_status":"closed","ping_status":"closed","template":"","meta":{"footnotes":""},"class_list":["post-4911","page","type-page","status-publish","hentry"],"yoast_head":"<!-- This site is optimized with the Yoast SEO plugin v19.13 - https:\/\/yoast.com\/wordpress\/plugins\/seo\/ -->\n<title>Centralizatorul achizi\u021biilor publice \u0219i contractele cu valoare de peste 5000 euro - Direc\u021bia de Asisten\u021b\u0103 Social\u0103 T\u00e2rgu Mure\u0219<\/title>\n<meta name=\"robots\" content=\"index, follow, max-snippet:-1, max-image-preview:large, max-video-preview:-1\" \/>\n<link rel=\"canonical\" href=\"https:\/\/dastgmures.ro\/hu\/kozerdeku-informaciok\/kozbeszerzes\/az-5000-euronal-nagyobb-erteku-kozbeszerzesek-es-szerzodesek-kozpontositoja\/\" \/>\n<meta property=\"og:locale\" content=\"hu_HU\" \/>\n<meta property=\"og:type\" content=\"article\" \/>\n<meta property=\"og:title\" content=\"Centralizatorul achizi\u021biilor publice \u0219i contractele cu valoare de peste 5000 euro - Direc\u021bia de Asisten\u021b\u0103 Social\u0103 T\u00e2rgu Mure\u0219\" \/>\n<meta property=\"og:description\" content=\"2025 2024 2023 2022\" \/>\n<meta property=\"og:url\" content=\"https:\/\/dastgmures.ro\/hu\/kozerdeku-informaciok\/kozbeszerzes\/az-5000-euronal-nagyobb-erteku-kozbeszerzesek-es-szerzodesek-kozpontositoja\/\" \/>\n<meta property=\"og:site_name\" content=\"Direc\u021bia de Asisten\u021b\u0103 Social\u0103 T\u00e2rgu Mure\u0219\" \/>\n<meta property=\"article:modified_time\" content=\"2025-07-15T09:39:55+00:00\" \/>\n<meta name=\"twitter:card\" content=\"summary_large_image\" \/>\n<meta name=\"twitter:label1\" content=\"Becs\u00fclt olvas\u00e1si id\u0151\" \/>\n\t<meta name=\"twitter:data1\" content=\"1 perc\" \/>\n<script type=\"application\/ld+json\" class=\"yoast-schema-graph\">{\"@context\":\"https:\/\/schema.org\",\"@graph\":[{\"@type\":\"WebPage\",\"@id\":\"https:\/\/dastgmures.ro\/informatii-de-interes-public\/achizitii-publice\/centralizatorul-achizitiilor-publice-si-contractele-cu-valoare-de-peste-5000-euro\/\",\"url\":\"https:\/\/dastgmures.ro\/informatii-de-interes-public\/achizitii-publice\/centralizatorul-achizitiilor-publice-si-contractele-cu-valoare-de-peste-5000-euro\/\",\"name\":\"Centralizatorul achizi\u021biilor publice \u0219i contractele cu valoare de peste 5000 euro - Direc\u021bia de Asisten\u021b\u0103 Social\u0103 T\u00e2rgu Mure\u0219\",\"isPartOf\":{\"@id\":\"https:\/\/dastgmures.ro\/#website\"},\"datePublished\":\"2022-12-14T10:41:33+00:00\",\"dateModified\":\"2025-07-15T09:39:55+00:00\",\"breadcrumb\":{\"@id\":\"https:\/\/dastgmures.ro\/informatii-de-interes-public\/achizitii-publice\/centralizatorul-achizitiilor-publice-si-contractele-cu-valoare-de-peste-5000-euro\/#breadcrumb\"},\"inLanguage\":\"hu\",\"potentialAction\":[{\"@type\":\"ReadAction\",\"target\":[\"https:\/\/dastgmures.ro\/informatii-de-interes-public\/achizitii-publice\/centralizatorul-achizitiilor-publice-si-contractele-cu-valoare-de-peste-5000-euro\/\"]}]},{\"@type\":\"BreadcrumbList\",\"@id\":\"https:\/\/dastgmures.ro\/informatii-de-interes-public\/achizitii-publice\/centralizatorul-achizitiilor-publice-si-contractele-cu-valoare-de-peste-5000-euro\/#breadcrumb\",\"itemListElement\":[{\"@type\":\"ListItem\",\"position\":1,\"name\":\"Prima pagin\u0103\",\"item\":\"https:\/\/dastgmures.ro\/\"},{\"@type\":\"ListItem\",\"position\":2,\"name\":\"Informa\u021bii de interes public\",\"item\":\"https:\/\/dastgmures.ro\/informatii-de-interes-public\/\"},{\"@type\":\"ListItem\",\"position\":3,\"name\":\"Achizi\u021bii publice\",\"item\":\"https:\/\/dastgmures.ro\/informatii-de-interes-public\/achizitii-publice\/\"},{\"@type\":\"ListItem\",\"position\":4,\"name\":\"Centralizatorul achizi\u021biilor publice \u0219i contractele cu valoare de peste 5000 euro\"}]},{\"@type\":\"WebSite\",\"@id\":\"https:\/\/dastgmures.ro\/#website\",\"url\":\"https:\/\/dastgmures.ro\/\",\"name\":\"Direc\u021bia de Asisten\u021b\u0103 Social\u0103 T\u00e2rgu Mure\u0219\",\"description\":\"\",\"potentialAction\":[{\"@type\":\"SearchAction\",\"target\":{\"@type\":\"EntryPoint\",\"urlTemplate\":\"https:\/\/dastgmures.ro\/?s={search_term_string}\"},\"query-input\":\"required name=search_term_string\"}],\"inLanguage\":\"hu\"}]}<\/script>\n<!-- \/ Yoast SEO plugin. -->","yoast_head_json":{"title":"Centralizatorul achizi\u021biilor publice \u0219i contractele cu valoare de peste 5000 euro - Direc\u021bia de Asisten\u021b\u0103 Social\u0103 T\u00e2rgu Mure\u0219","robots":{"index":"index","follow":"follow","max-snippet":"max-snippet:-1","max-image-preview":"max-image-preview:large","max-video-preview":"max-video-preview:-1"},"canonical":"https:\/\/dastgmures.ro\/hu\/kozerdeku-informaciok\/kozbeszerzes\/az-5000-euronal-nagyobb-erteku-kozbeszerzesek-es-szerzodesek-kozpontositoja\/","og_locale":"hu_HU","og_type":"article","og_title":"Centralizatorul achizi\u021biilor publice \u0219i contractele cu valoare de peste 5000 euro - Direc\u021bia de Asisten\u021b\u0103 Social\u0103 T\u00e2rgu Mure\u0219","og_description":"2025 2024 2023 2022","og_url":"https:\/\/dastgmures.ro\/hu\/kozerdeku-informaciok\/kozbeszerzes\/az-5000-euronal-nagyobb-erteku-kozbeszerzesek-es-szerzodesek-kozpontositoja\/","og_site_name":"Direc\u021bia de Asisten\u021b\u0103 Social\u0103 T\u00e2rgu Mure\u0219","article_modified_time":"2025-07-15T09:39:55+00:00","twitter_card":"summary_large_image","twitter_misc":{"Becs\u00fclt olvas\u00e1si id\u0151":"1 perc"},"schema":{"@context":"https:\/\/schema.org","@graph":[{"@type":"WebPage","@id":"https:\/\/dastgmures.ro\/informatii-de-interes-public\/achizitii-publice\/centralizatorul-achizitiilor-publice-si-contractele-cu-valoare-de-peste-5000-euro\/","url":"https:\/\/dastgmures.ro\/informatii-de-interes-public\/achizitii-publice\/centralizatorul-achizitiilor-publice-si-contractele-cu-valoare-de-peste-5000-euro\/","name":"Centralizatorul achizi\u021biilor publice \u0219i contractele cu valoare de peste 5000 euro - Direc\u021bia de Asisten\u021b\u0103 Social\u0103 T\u00e2rgu Mure\u0219","isPartOf":{"@id":"https:\/\/dastgmures.ro\/#website"},"datePublished":"2022-12-14T10:41:33+00:00","dateModified":"2025-07-15T09:39:55+00:00","breadcrumb":{"@id":"https:\/\/dastgmures.ro\/informatii-de-interes-public\/achizitii-publice\/centralizatorul-achizitiilor-publice-si-contractele-cu-valoare-de-peste-5000-euro\/#breadcrumb"},"inLanguage":"hu","potentialAction":[{"@type":"ReadAction","target":["https:\/\/dastgmures.ro\/informatii-de-interes-public\/achizitii-publice\/centralizatorul-achizitiilor-publice-si-contractele-cu-valoare-de-peste-5000-euro\/"]}]},{"@type":"BreadcrumbList","@id":"https:\/\/dastgmures.ro\/informatii-de-interes-public\/achizitii-publice\/centralizatorul-achizitiilor-publice-si-contractele-cu-valoare-de-peste-5000-euro\/#breadcrumb","itemListElement":[{"@type":"ListItem","position":1,"name":"Prima pagin\u0103","item":"https:\/\/dastgmures.ro\/"},{"@type":"ListItem","position":2,"name":"Informa\u021bii de interes public","item":"https:\/\/dastgmures.ro\/informatii-de-interes-public\/"},{"@type":"ListItem","position":3,"name":"Achizi\u021bii publice","item":"https:\/\/dastgmures.ro\/informatii-de-interes-public\/achizitii-publice\/"},{"@type":"ListItem","position":4,"name":"Centralizatorul achizi\u021biilor publice \u0219i contractele cu valoare de peste 5000 euro"}]},{"@type":"WebSite","@id":"https:\/\/dastgmures.ro\/#website","url":"https:\/\/dastgmures.ro\/","name":"Direc\u021bia de Asisten\u021b\u0103 Social\u0103 T\u00e2rgu Mure\u0219","description":"","potentialAction":[{"@type":"SearchAction","target":{"@type":"EntryPoint","urlTemplate":"https:\/\/dastgmures.ro\/?s={search_term_string}"},"query-input":"required name=search_term_string"}],"inLanguage":"hu"}]}},"_links":{"self":[{"href":"https:\/\/dastgmures.ro\/hu\/wp-json\/wp\/v2\/pages\/4911","targetHints":{"allow":["GET"]}}],"collection":[{"href":"https:\/\/dastgmures.ro\/hu\/wp-json\/wp\/v2\/pages"}],"about":[{"href":"https:\/\/dastgmures.ro\/hu\/wp-json\/wp\/v2\/types\/page"}],"author":[{"embeddable":true,"href":"https:\/\/dastgmures.ro\/hu\/wp-json\/wp\/v2\/users\/1"}],"replies":[{"embeddable":true,"href":"https:\/\/dastgmures.ro\/hu\/wp-json\/wp\/v2\/comments?post=4911"}],"version-history":[{"count":28,"href":"https:\/\/dastgmures.ro\/hu\/wp-json\/wp\/v2\/pages\/4911\/revisions"}],"predecessor-version":[{"id":14037,"href":"https:\/\/dastgmures.ro\/hu\/wp-json\/wp\/v2\/pages\/4911\/revisions\/14037"}],"up":[{"embeddable":true,"href":"https:\/\/dastgmures.ro\/hu\/wp-json\/wp\/v2\/pages\/3193"}],"wp:attachment":[{"href":"https:\/\/dastgmures.ro\/hu\/wp-json\/wp\/v2\/media?parent=4911"}],"curies":[{"name":"wp","href":"https:\/\/api.w.org\/{rel}","templated":true}]}}