{"id":5155,"date":"2022-12-15T13:52:45","date_gmt":"2022-12-15T13:52:45","guid":{"rendered":"https:\/\/dastgmures.ro\/?page_id=5155"},"modified":"2022-12-15T15:03:29","modified_gmt":"2022-12-15T15:03:29","slug":"an-2021","status":"publish","type":"page","link":"https:\/\/dastgmures.ro\/hu\/az-intezmenyrol\/programok-es-strategiak\/ev-2021-6\/","title":{"rendered":"Programok \u00e9s strat\u00e9gi\u00e1k 2021"},"content":{"rendered":"<div data-elementor-type=\"wp-page\" data-elementor-id=\"5155\" class=\"elementor elementor-5155\">\n\t\t\t\t\t\t\t\t\t<section class=\"penci-section penci-disSticky penci-structure-10 elementor-section elementor-top-section elementor-element elementor-element-e721159 elementor-section-boxed elementor-section-height-default elementor-section-height-default\" data-id=\"e721159\" data-element_type=\"section\">\n\t\t\t\t\t\t<div class=\"elementor-container elementor-column-gap-default\">\n\t\t\t\t\t<div class=\"penci-ercol-100 penci-ercol-order-1 penci-sticky-ct    elementor-column elementor-col-100 elementor-top-column elementor-element elementor-element-bb2a634\" data-id=\"bb2a634\" data-element_type=\"column\">\n\t\t\t<div class=\"elementor-widget-wrap elementor-element-populated\">\n\t\t\t\t\t\t\t\t<div class=\"elementor-element elementor-element-06f6dfd elementor-widget elementor-widget-text-editor\" data-id=\"06f6dfd\" data-element_type=\"widget\" data-widget_type=\"text-editor.default\">\n\t\t\t\t<div class=\"elementor-widget-container\">\n\t\t\t<style>\/*! elementor - v3.7.8 - 02-10-2022 *\/\n.elementor-widget-text-editor.elementor-drop-cap-view-stacked .elementor-drop-cap{background-color:#818a91;color:#fff}.elementor-widget-text-editor.elementor-drop-cap-view-framed .elementor-drop-cap{color:#818a91;border:3px solid;background-color:transparent}.elementor-widget-text-editor:not(.elementor-drop-cap-view-default) .elementor-drop-cap{margin-top:8px}.elementor-widget-text-editor:not(.elementor-drop-cap-view-default) .elementor-drop-cap-letter{width:1em;height:1em}.elementor-widget-text-editor .elementor-drop-cap{float:left;text-align:center;line-height:1;font-size:50px}.elementor-widget-text-editor .elementor-drop-cap-letter{display:inline-block}<\/style>\t\t\t\t<p><strong><b>\u00c9ves szoci\u00e1lis szolg\u00e1ltat\u00e1si cselekv\u00e9si terv 2021<\/b><\/strong><\/p><p>A marosv\u00e1s\u00e1rhelyi Szoci\u00e1lis Seg\u00e9lyez\u00e9si Oszt\u00e1lyon bel\u00fcl a k\u00edn\u00e1lt szolg\u00e1ltat\u00e1sok a k\u00f6z\u00f6ss\u00e9g azon r\u00e9sz\u00e9nek sz\u00f3lnak, amely a rossz anyagi k\u00f6r\u00fclm\u00e9nyek, az oktat\u00e1s hi\u00e1nya, az eg\u00e9szs\u00e9gi \u00e1llapot vagy a lakhat\u00e1s hi\u00e1nya miatt nem tudja mag\u00e1t eltartani, nem tud gondoskodni mag\u00e1r\u00f3l, \u00e9s elhat\u00e1rozza, hogy a k\u00f6z\u00f6ss\u00e9ghez fordul, amelynek k\u00f6zrem\u0171k\u00f6d\u00e9s\u00e9re sz\u00fcks\u00e9g van a szoci\u00e1lis probl\u00e9m\u00e1k megold\u00e1s\u00e1hoz. Ezek a szolg\u00e1ltat\u00e1sok anyagi vagy p\u00e9nz\u00fcgyi seg\u00edts\u00e9g, lakhat\u00e1s, foglalkoztat\u00e1s, meleg \u00e9tel vagy alapvet\u0151 \u00e9lelmiszerek form\u00e1j\u00e1ban val\u00f3sulhatnak meg, amelyek c\u00e9lja a szoci\u00e1lis probl\u00e9m\u00e1kkal k\u00fczd\u0151, vesz\u00e9lyeztetett emberek reintegr\u00e1ci\u00f3ja.<\/p><p>A szoci\u00e1lis szolg\u00e1ltat\u00e1sok ny\u00fajt\u00e1s\u00e1nak folyamat\u00e1ban fontos szerepet j\u00e1tszanak azok az int\u00e9zked\u00e9sek, amelyek a fiatalok, a sz\u00fcl\u0151k \u00e9s a csal\u00e1dok eg\u00e9sz\u00e9nek oktat\u00e1s\u00e1val \u00e9s t\u00e1j\u00e9koztat\u00e1s\u00e1val a kock\u00e1zati helyzetek megel\u0151z\u00e9s\u00e9re \u00e9s lek\u00fczd\u00e9s\u00e9re ir\u00e1nyulnak.<\/p><p>Funkcion\u00e1lis szempontb\u00f3l a szoci\u00e1lis seg\u00edts\u00e9gny\u00fajt\u00e1si szolg\u00e1ltat\u00e1sok ny\u00fajt\u00e1sa olyan konkr\u00e9t int\u00e9zked\u00e9sek rendszerek\u00e9nt foghat\u00f3 fel, amelyeknek biztos\u00edtaniuk kell a f\u0151 c\u00e9l el\u00e9r\u00e9s\u00e9t, azaz azoknak a szem\u00e9lyeknek a t\u00e1mogat\u00e1s\u00e1t, akik gazdas\u00e1gi, fizikai, pszichol\u00f3giai vagy szoci\u00e1lis okokb\u00f3l nem k\u00e9pesek szoci\u00e1lis sz\u00fcks\u00e9gleteik kiel\u00e9g\u00edt\u00e9s\u00e9re, hogy saj\u00e1t k\u00e9pess\u00e9geiket \u00e9s k\u00e9szs\u00e9geiket fejleszthess\u00e9k a t\u00e1rsadalmi beilleszked\u00e9s \u00e9rdek\u00e9ben.<\/p><p>A Marosv\u00e1s\u00e1rhelyi Helyi Tan\u00e1cs k\u00f6lts\u00e9gvet\u00e9s\u00e9b\u0151l kezelt \u00e9s finansz\u00edrozott szoci\u00e1lis szolg\u00e1ltat\u00e1sokra vonatkoz\u00f3 \u00e9ves cselekv\u00e9si terv a k\u00f6vetkez\u0151ket tartalmazza:<\/p><ol><li>I. fejezet - A szoci\u00e1lis szolg\u00e1ltat\u00e1sok igazgat\u00e1s\u00e1ra, l\u00e9trehoz\u00e1s\u00e1ra \u00e9s finansz\u00edroz\u00e1s\u00e1ra vonatkoz\u00f3 adatok;<\/li><li>II. fejezet - Tervez\u00e9si tev\u00e9kenys\u00e9gek a lakoss\u00e1g t\u00e1j\u00e9koztat\u00e1s\u00e1ra a helyi szinten megl\u00e9v\u0151 szoci\u00e1lis szolg\u00e1ltat\u00e1sokr\u00f3l;<\/li><li>III. fejezet - K\u00e9pz\u00e9si \u00e9s m\u00f3dszertani \u00fatmutat\u00f3 program a szoci\u00e1lis szolg\u00e1ltat\u00e1sokban dolgoz\u00f3 szem\u00e9lyzet sz\u00e1m\u00e1ra.<\/li><\/ol>\t\t\t\t\t\t<\/div>\n\t\t\t\t<\/div>\n\t\t\t\t\t<\/div>\n\t\t<\/div>\n\t\t\t\t\t\t\t<\/div>\n\t\t<\/section>\n\t\t\t\t<section class=\"penci-section penci-disSticky penci-structure-10 elementor-section elementor-top-section elementor-element elementor-element-49c1ecce deschidere-tab-nou elementor-section-boxed elementor-section-height-default elementor-section-height-default\" data-id=\"49c1ecce\" data-element_type=\"section\">\n\t\t\t\t\t\t<div class=\"elementor-container elementor-column-gap-default\">\n\t\t\t\t\t<div class=\"penci-ercol-100 penci-ercol-order-1 penci-sticky-ct    elementor-column elementor-col-100 elementor-top-column elementor-element elementor-element-175ec74d\" data-id=\"175ec74d\" data-element_type=\"column\">\n\t\t\t<div class=\"elementor-widget-wrap elementor-element-populated\">\n\t\t\t\t\t\t\t\t<div class=\"elementor-element elementor-element-2272073f elementor-align-left elementor-icon-list--layout-traditional elementor-list-item-link-full_width elementor-widget elementor-widget-icon-list\" data-id=\"2272073f\" data-element_type=\"widget\" data-widget_type=\"icon-list.default\">\n\t\t\t\t<div class=\"elementor-widget-container\">\n\t\t\t<link rel=\"stylesheet\" href=\"https:\/\/dastgmures.ro\/wp-content\/plugins\/elementor\/assets\/css\/widget-icon-list.min.css\">\t\t<ul class=\"elementor-icon-list-items\">\n\t\t\t\t\t\t\t<li class=\"elementor-icon-list-item\">\n\t\t\t\t\t\t\t\t\t\t\t<a href=\"https:\/\/dastgmures.ro\/wp-content\/uploads\/2022\/12\/Anexa-1-Lista-Prestatii-Beneficii-sociale-DAS-pe-anul-2021.pdf\" target=\"_blank\">\n\n\t\t\t\t\t\t\t\t\t\t\t\t<span class=\"elementor-icon-list-icon\">\n\t\t\t\t\t\t\t<i aria-hidden=\"true\" class=\"fas fa-file-download\"><\/i>\t\t\t\t\t\t<\/span>\n\t\t\t\t\t\t\t\t\t\t<span class=\"elementor-icon-list-text\">mell\u00e9klet - A 2021. \u00e9vi DAS szoci\u00e1lis juttat\u00e1sok list\u00e1ja<\/span>\n\t\t\t\t\t\t\t\t\t\t\t<\/a>\n\t\t\t\t\t\t\t\t\t<\/li>\n\t\t\t\t\t\t\t\t<li class=\"elementor-icon-list-item\">\n\t\t\t\t\t\t\t\t\t\t\t<a href=\"https:\/\/dastgmures.ro\/wp-content\/uploads\/2022\/12\/Anexa-2-Lista-Proiecte-HCl-pe-anul-2021.pdf\" target=\"_blank\">\n\n\t\t\t\t\t\t\t\t\t\t\t\t<span class=\"elementor-icon-list-icon\">\n\t\t\t\t\t\t\t<i aria-hidden=\"true\" class=\"fas fa-file-download\"><\/i>\t\t\t\t\t\t<\/span>\n\t\t\t\t\t\t\t\t\t\t<span class=\"elementor-icon-list-text\">mell\u00e9klet - A 2021. \u00e9vi HCl-projektek list\u00e1ja<\/span>\n\t\t\t\t\t\t\t\t\t\t\t<\/a>\n\t\t\t\t\t\t\t\t\t<\/li>\n\t\t\t\t\t\t\t\t<li class=\"elementor-icon-list-item\">\n\t\t\t\t\t\t\t\t\t\t\t<a href=\"https:\/\/dastgmures.ro\/wp-content\/uploads\/2022\/12\/DAS-Plan-de-Actiune-2021.pdf\" target=\"_blank\">\n\n\t\t\t\t\t\t\t\t\t\t\t\t<span class=\"elementor-icon-list-icon\">\n\t\t\t\t\t\t\t<i aria-hidden=\"true\" class=\"fas fa-file-download\"><\/i>\t\t\t\t\t\t<\/span>\n\t\t\t\t\t\t\t\t\t\t<span class=\"elementor-icon-list-text\">DAS cselekv\u00e9si terv 2021<\/span>\n\t\t\t\t\t\t\t\t\t\t\t<\/a>\n\t\t\t\t\t\t\t\t\t<\/li>\n\t\t\t\t\t\t<\/ul>\n\t\t\t\t<\/div>\n\t\t\t\t<\/div>\n\t\t\t\t\t<\/div>\n\t\t<\/div>\n\t\t\t\t\t\t\t<\/div>\n\t\t<\/section>\n\t\t\t\t\t\t\t<\/div>","protected":false},"excerpt":{"rendered":"<p>A szoci\u00e1lis szolg\u00e1ltat\u00e1sok \u00e9ves cselekv\u00e9si terve 2021-ben A marosv\u00e1s\u00e1rhelyi Szoci\u00e1lis Seg\u00edts\u00e9gny\u00fajt\u00e1si Oszt\u00e1lyon bel\u00fcl a k\u00edn\u00e1lt szolg\u00e1ltat\u00e1sok c\u00e9lja a...<\/p>","protected":false},"author":1,"featured_media":0,"parent":2046,"menu_order":0,"comment_status":"closed","ping_status":"closed","template":"","meta":{"footnotes":""},"class_list":["post-5155","page","type-page","status-publish","hentry"],"yoast_head":"<!-- This site is optimized with the Yoast SEO plugin v19.13 - https:\/\/yoast.com\/wordpress\/plugins\/seo\/ -->\n<title>Programe \u0219i strategii 2021 - Direc\u021bia de Asisten\u021b\u0103 Social\u0103 T\u00e2rgu Mure\u0219<\/title>\n<meta name=\"robots\" content=\"index, follow, max-snippet:-1, max-image-preview:large, max-video-preview:-1\" \/>\n<link rel=\"canonical\" href=\"https:\/\/dastgmures.ro\/hu\/az-intezmenyrol\/programok-es-strategiak\/ev-2021-6\/\" \/>\n<meta property=\"og:locale\" content=\"hu_HU\" \/>\n<meta property=\"og:type\" content=\"article\" \/>\n<meta property=\"og:title\" content=\"Programe \u0219i strategii 2021 - Direc\u021bia de Asisten\u021b\u0103 Social\u0103 T\u00e2rgu Mure\u0219\" \/>\n<meta property=\"og:description\" content=\"Planul anual de ac\u021biune privind serviciile sociale pe anul 2021 \u00cen cadrul Direc\u021biei de Asisten\u021b\u0103 Social\u0103 T\u00e2rgu Mure\u0219, serviciile oferite se adreseaz\u0103&hellip;\" \/>\n<meta property=\"og:url\" content=\"https:\/\/dastgmures.ro\/hu\/az-intezmenyrol\/programok-es-strategiak\/ev-2021-6\/\" \/>\n<meta property=\"og:site_name\" content=\"Direc\u021bia de Asisten\u021b\u0103 Social\u0103 T\u00e2rgu Mure\u0219\" \/>\n<meta property=\"article:modified_time\" content=\"2022-12-15T15:03:29+00:00\" \/>\n<meta name=\"twitter:card\" content=\"summary_large_image\" \/>\n<meta name=\"twitter:label1\" content=\"Becs\u00fclt olvas\u00e1si id\u0151\" \/>\n\t<meta name=\"twitter:data1\" content=\"2 perc\" \/>\n<script type=\"application\/ld+json\" class=\"yoast-schema-graph\">{\"@context\":\"https:\/\/schema.org\",\"@graph\":[{\"@type\":\"WebPage\",\"@id\":\"https:\/\/dastgmures.ro\/despre-institutie\/programe-si-strategii\/an-2021\/\",\"url\":\"https:\/\/dastgmures.ro\/despre-institutie\/programe-si-strategii\/an-2021\/\",\"name\":\"Programe \u0219i strategii 2021 - Direc\u021bia de Asisten\u021b\u0103 Social\u0103 T\u00e2rgu Mure\u0219\",\"isPartOf\":{\"@id\":\"https:\/\/dastgmures.ro\/#website\"},\"datePublished\":\"2022-12-15T13:52:45+00:00\",\"dateModified\":\"2022-12-15T15:03:29+00:00\",\"breadcrumb\":{\"@id\":\"https:\/\/dastgmures.ro\/despre-institutie\/programe-si-strategii\/an-2021\/#breadcrumb\"},\"inLanguage\":\"hu\",\"potentialAction\":[{\"@type\":\"ReadAction\",\"target\":[\"https:\/\/dastgmures.ro\/despre-institutie\/programe-si-strategii\/an-2021\/\"]}]},{\"@type\":\"BreadcrumbList\",\"@id\":\"https:\/\/dastgmures.ro\/despre-institutie\/programe-si-strategii\/an-2021\/#breadcrumb\",\"itemListElement\":[{\"@type\":\"ListItem\",\"position\":1,\"name\":\"Prima pagin\u0103\",\"item\":\"https:\/\/dastgmures.ro\/\"},{\"@type\":\"ListItem\",\"position\":2,\"name\":\"Despre Institu\u021bie\",\"item\":\"https:\/\/dastgmures.ro\/despre-institutie\/\"},{\"@type\":\"ListItem\",\"position\":3,\"name\":\"Programe, planuri \u0219i strategii\",\"item\":\"https:\/\/dastgmures.ro\/despre-institutie\/programe-si-strategii\/\"},{\"@type\":\"ListItem\",\"position\":4,\"name\":\"Programe \u0219i strategii 2021\"}]},{\"@type\":\"WebSite\",\"@id\":\"https:\/\/dastgmures.ro\/#website\",\"url\":\"https:\/\/dastgmures.ro\/\",\"name\":\"Direc\u021bia de Asisten\u021b\u0103 Social\u0103 T\u00e2rgu Mure\u0219\",\"description\":\"\",\"potentialAction\":[{\"@type\":\"SearchAction\",\"target\":{\"@type\":\"EntryPoint\",\"urlTemplate\":\"https:\/\/dastgmures.ro\/?s={search_term_string}\"},\"query-input\":\"required name=search_term_string\"}],\"inLanguage\":\"hu\"}]}<\/script>\n<!-- \/ Yoast SEO plugin. -->","yoast_head_json":{"title":"Programe \u0219i strategii 2021 - Direc\u021bia de Asisten\u021b\u0103 Social\u0103 T\u00e2rgu Mure\u0219","robots":{"index":"index","follow":"follow","max-snippet":"max-snippet:-1","max-image-preview":"max-image-preview:large","max-video-preview":"max-video-preview:-1"},"canonical":"https:\/\/dastgmures.ro\/hu\/az-intezmenyrol\/programok-es-strategiak\/ev-2021-6\/","og_locale":"hu_HU","og_type":"article","og_title":"Programe \u0219i strategii 2021 - Direc\u021bia de Asisten\u021b\u0103 Social\u0103 T\u00e2rgu Mure\u0219","og_description":"Planul anual de ac\u021biune privind serviciile sociale pe anul 2021 \u00cen cadrul Direc\u021biei de Asisten\u021b\u0103 Social\u0103 T\u00e2rgu Mure\u0219, serviciile oferite se adreseaz\u0103&hellip;","og_url":"https:\/\/dastgmures.ro\/hu\/az-intezmenyrol\/programok-es-strategiak\/ev-2021-6\/","og_site_name":"Direc\u021bia de Asisten\u021b\u0103 Social\u0103 T\u00e2rgu Mure\u0219","article_modified_time":"2022-12-15T15:03:29+00:00","twitter_card":"summary_large_image","twitter_misc":{"Becs\u00fclt olvas\u00e1si id\u0151":"2 perc"},"schema":{"@context":"https:\/\/schema.org","@graph":[{"@type":"WebPage","@id":"https:\/\/dastgmures.ro\/despre-institutie\/programe-si-strategii\/an-2021\/","url":"https:\/\/dastgmures.ro\/despre-institutie\/programe-si-strategii\/an-2021\/","name":"Programe \u0219i strategii 2021 - Direc\u021bia de Asisten\u021b\u0103 Social\u0103 T\u00e2rgu Mure\u0219","isPartOf":{"@id":"https:\/\/dastgmures.ro\/#website"},"datePublished":"2022-12-15T13:52:45+00:00","dateModified":"2022-12-15T15:03:29+00:00","breadcrumb":{"@id":"https:\/\/dastgmures.ro\/despre-institutie\/programe-si-strategii\/an-2021\/#breadcrumb"},"inLanguage":"hu","potentialAction":[{"@type":"ReadAction","target":["https:\/\/dastgmures.ro\/despre-institutie\/programe-si-strategii\/an-2021\/"]}]},{"@type":"BreadcrumbList","@id":"https:\/\/dastgmures.ro\/despre-institutie\/programe-si-strategii\/an-2021\/#breadcrumb","itemListElement":[{"@type":"ListItem","position":1,"name":"Prima pagin\u0103","item":"https:\/\/dastgmures.ro\/"},{"@type":"ListItem","position":2,"name":"Despre Institu\u021bie","item":"https:\/\/dastgmures.ro\/despre-institutie\/"},{"@type":"ListItem","position":3,"name":"Programe, planuri \u0219i strategii","item":"https:\/\/dastgmures.ro\/despre-institutie\/programe-si-strategii\/"},{"@type":"ListItem","position":4,"name":"Programe \u0219i strategii 2021"}]},{"@type":"WebSite","@id":"https:\/\/dastgmures.ro\/#website","url":"https:\/\/dastgmures.ro\/","name":"Direc\u021bia de Asisten\u021b\u0103 Social\u0103 T\u00e2rgu Mure\u0219","description":"","potentialAction":[{"@type":"SearchAction","target":{"@type":"EntryPoint","urlTemplate":"https:\/\/dastgmures.ro\/?s={search_term_string}"},"query-input":"required name=search_term_string"}],"inLanguage":"hu"}]}},"_links":{"self":[{"href":"https:\/\/dastgmures.ro\/hu\/wp-json\/wp\/v2\/pages\/5155","targetHints":{"allow":["GET"]}}],"collection":[{"href":"https:\/\/dastgmures.ro\/hu\/wp-json\/wp\/v2\/pages"}],"about":[{"href":"https:\/\/dastgmures.ro\/hu\/wp-json\/wp\/v2\/types\/page"}],"author":[{"embeddable":true,"href":"https:\/\/dastgmures.ro\/hu\/wp-json\/wp\/v2\/users\/1"}],"replies":[{"embeddable":true,"href":"https:\/\/dastgmures.ro\/hu\/wp-json\/wp\/v2\/comments?post=5155"}],"version-history":[{"count":8,"href":"https:\/\/dastgmures.ro\/hu\/wp-json\/wp\/v2\/pages\/5155\/revisions"}],"predecessor-version":[{"id":5214,"href":"https:\/\/dastgmures.ro\/hu\/wp-json\/wp\/v2\/pages\/5155\/revisions\/5214"}],"up":[{"embeddable":true,"href":"https:\/\/dastgmures.ro\/hu\/wp-json\/wp\/v2\/pages\/2046"}],"wp:attachment":[{"href":"https:\/\/dastgmures.ro\/hu\/wp-json\/wp\/v2\/media?parent=5155"}],"curies":[{"name":"wp","href":"https:\/\/api.w.org\/{rel}","templated":true}]}}