{"id":6023,"date":"2023-03-22T10:13:45","date_gmt":"2023-03-22T08:13:45","guid":{"rendered":"https:\/\/dastgmures.ro\/?page_id=6023"},"modified":"2023-03-22T10:15:10","modified_gmt":"2023-03-22T08:15:10","slug":"aprobarea-planului-anual-de-actiune-privind-serviciile-sociale-pentru-anul-2023","status":"publish","type":"page","link":"https:\/\/dastgmures.ro\/hu\/atlathatosag-csokkento\/nyilvanos-konzultaciora-bocsatott-jogalkotasi-torvenytervezet\/a-szocialis-szolgaltatasok-eves-cselekvesi-tervenek-jovahagyasa-a-2023-as-evre-vonatkozoan\/","title":{"rendered":"A 2023. \u00e9vi \u00e9ves szoci\u00e1lis szolg\u00e1ltat\u00e1si cselekv\u00e9si terv j\u00f3v\u00e1hagy\u00e1sa"},"content":{"rendered":"<div data-elementor-type=\"wp-page\" data-elementor-id=\"6023\" class=\"elementor elementor-6023\">\n\t\t\t\t\t\t\t\t\t<section class=\"penci-section penci-disSticky penci-structure-10 elementor-section elementor-top-section elementor-element elementor-element-df3d85a elementor-section-boxed elementor-section-height-default elementor-section-height-default\" data-id=\"df3d85a\" data-element_type=\"section\">\n\t\t\t\t\t\t<div class=\"elementor-container elementor-column-gap-default\">\n\t\t\t\t\t<div class=\"penci-ercol-100 penci-ercol-order-1 penci-sticky-ct    elementor-column elementor-col-100 elementor-top-column elementor-element elementor-element-bfa728f\" data-id=\"bfa728f\" data-element_type=\"column\">\n\t\t\t<div class=\"elementor-widget-wrap elementor-element-populated\">\n\t\t\t\t\t\t\t\t<div class=\"elementor-element elementor-element-f1ebc10 elementor-widget elementor-widget-text-editor\" data-id=\"f1ebc10\" data-element_type=\"widget\" data-widget_type=\"text-editor.default\">\n\t\t\t\t<div class=\"elementor-widget-container\">\n\t\t\t<style>\/*! elementor - v3.7.8 - 02-10-2022 *\/\n.elementor-widget-text-editor.elementor-drop-cap-view-stacked .elementor-drop-cap{background-color:#818a91;color:#fff}.elementor-widget-text-editor.elementor-drop-cap-view-framed .elementor-drop-cap{color:#818a91;border:3px solid;background-color:transparent}.elementor-widget-text-editor:not(.elementor-drop-cap-view-default) .elementor-drop-cap{margin-top:8px}.elementor-widget-text-editor:not(.elementor-drop-cap-view-default) .elementor-drop-cap-letter{width:1em;height:1em}.elementor-widget-text-editor .elementor-drop-cap{float:left;text-align:center;line-height:1;font-size:50px}.elementor-widget-text-editor .elementor-drop-cap-letter{display:inline-block}<\/style>\t\t\t\t<p style=\"text-align: right;\"><strong><b>A honlapon val\u00f3 k\u00f6zz\u00e9t\u00e9tel id\u0151pontja: <\/b><\/strong><strong>14.03.2023<\/strong><\/p><p style=\"text-align: center;\"><strong><b>\u00a0\u00a0\u00a0\u00a0\u00a0\u00a0\u00a0\u00a0\u00a0\u00a0\u00a0\u00a0\u00a0\u00a0\u00a0\u00a0\u00a0\u00a0\u00a0\u00a0\u00a0\u00a0\u00a0\u00a0\u00a0\u00a0\u00a0\u00a0\u00a0\u00a0\u00a0\u00a0\u00a0\u00a0\u00a0<\/b><\/strong><\/p><p style=\"text-align: center;\"><strong><b>A N U N T<\/b><\/strong><\/p><p>A k\u00f6zigazgat\u00e1sban a d\u00f6nt\u00e9shozatal \u00e1tl\u00e1that\u00f3s\u00e1g\u00e1r\u00f3l sz\u00f3l\u00f3, \u00fajra k\u00f6zz\u00e9tett 52\/2003. sz. t\u00f6rv\u00e9ny 7. cikk\u00e9nek rendelkez\u00e9seivel \u00f6sszhangban az al\u00e1bbi normat\u00edv aktus tervezet\u00e9t hozzuk a nyilv\u00e1noss\u00e1g tudom\u00e1s\u00e1ra:<\/p><p><strong><b>A tervezet <\/b><\/strong><strong><b>d\u00f6nt\u00e9s <\/b><\/strong><strong><b>a  oldalon<\/b><\/strong><strong><b>\u00a0<\/b><\/strong><strong><b>a Marosv\u00e1s\u00e1rhelyi Helyi Tan\u00e1cs k\u00f6lts\u00e9gvet\u00e9s\u00e9b\u0151l kezelt \u00e9s finansz\u00edrozott szoci\u00e1lis szolg\u00e1ltat\u00e1sokra vonatkoz\u00f3 \u00e9ves cselekv\u00e9si terv j\u00f3v\u00e1hagy\u00e1sa<\/b><\/strong><strong><b>a 2023-as \u00e9vre,<\/b><\/strong><\/p><p><strong><b>\u00a0<\/b><\/strong><strong>A fent eml\u00edtett hat\u00e1rozattervezet az alapdokument\u00e1ci\u00f3val egy\u00fctt megtekinthet\u0151: <\/strong><\/p><ul><li>a marosv\u00e1s\u00e1rhelyi \u00f6nkorm\u00e1nyzat weboldal\u00e1n \u00a0<a href=\"https:\/\/www.tirgumures.ro\/index.php?option=com_content&amp;view=article&amp;id=2704&amp;Itemid=415&amp;lang=ro\" target=\"_blank\" rel=\"noopener\"><u>www.tirgumures.ro\/Adminis<\/u><u>von\u00f3er\u0151<\/u><\/a><u>Helyi tan\u00e1cs \/ A d\u00f6nt\u00e9shozatal \u00e1tl\u00e1that\u00f3s\u00e1ga (normat\u00edv aktusok) \u00a0<\/u><strong>\u00a0<\/strong><\/li><li>az int\u00e9zm\u00e9ny sz\u00e9khely\u00e9n, P-\u021ba Victoriei, nr.3 (hirdet\u0151t\u00e1bla)<\/li><li>a jogalkot\u00e1si aktus tervezet\u00e9nek egy p\u00e9ld\u00e1nya k\u00e9r\u00e9sre beszerezhet\u0151 a K\u00f6zkapcsolati Oszt\u00e1lyon.<\/li><\/ul><p><strong>Javaslatok, javaslatok, v\u00e9lem\u00e9nyek<\/strong>\u00a0a nyilv\u00e1nos konzult\u00e1ci\u00f3 t\u00e1rgy\u00e1t k\u00e9pez\u0151 jogalkot\u00e1si aktus tervezet\u00e9re vonatkoz\u00f3 aj\u00e1nl\u00e1sokat a k\u00f6vetkez\u0151 id\u0151pontig lehet beny\u00fajtani <strong><b>24<\/b><\/strong><strong>\u00a0m\u00e1rcius 2023 <\/strong>az aj\u00e1nl\u00e1sgy\u0171jt\u0151 \u0171rlap alapj\u00e1n:<\/p><ol><li>a marosv\u00e1s\u00e1rhelyi int\u00e9zm\u00e9ny hivatal\u00e1ban, P-\u021ba Victoriei, nr.3;<\/li><li>elektronikus \u00fczenetk\u00e9nt a infopublic@tirgumures.ro c\u00edmre<\/li><\/ol><p><strong>Aj\u00e1nl\u00e1si \u0171rlap<\/strong>\u00a0let\u00f6lthet\u0151 az int\u00e9zm\u00e9ny honlapj\u00e1r\u00f3l, <a href=\"https:\/\/www.tirgumures.ro\/index.php?option=com_content&amp;view=article&amp;id=2704&amp;Itemid=415&amp;lang=ro\" target=\"_blank\" rel=\"noopener\"><u>www.tirgumures.ro<\/u><u>\/K\u00f6zs\u00e9gi \u00d6nkorm\u00e1nyzat\/K\u00f6zs\u00e9gi Tan\u00e1cs\/<\/u><u>\u00a0Hat\u00e1rozathozatal \u00c1tl\u00e1that\u00f3s\u00e1g (normat\u00edv aktusok)<\/u><\/a><u>\/Javaslati \u0171rlap<\/u>\u00a0vagy \u00e1tvehet\u0151 az int\u00e9zm\u00e9ny sz\u00e9khely\u00e9n: P-\u021ba Victoriei, nr.3, 13-as szoba - Public Relations Service.<\/p><p><strong>Tov\u00e1bb\u00edtott anyagok<\/strong>\u00a0a szavakkal:<\/p><p>Javaslatok a jogalkot\u00e1si aktus tervezet\u00e9nek nyilv\u00e1nos vit\u00e1j\u00e1ra: <strong><b>Projekt<\/b><\/strong><strong><b>\u00a0hat\u00e1rozattal<\/b><\/strong>\u00a0<strong><b>a  oldalon \u00a0<\/b><\/strong><strong><b>a Marosv\u00e1s\u00e1rhelyi Helyi Tan\u00e1cs k\u00f6lts\u00e9gvet\u00e9s\u00e9b\u0151l kezelt \u00e9s finansz\u00edrozott szoci\u00e1lis szolg\u00e1ltat\u00e1sokra vonatkoz\u00f3 \u00e9ves cselekv\u00e9si terv j\u00f3v\u00e1hagy\u00e1sa<\/b><\/strong><strong><b>a 2023-as \u00e9vre,<\/b><\/strong><\/p><p>A beny\u00fajtott p\u00e1ly\u00e1zatokat k\u00f6zz\u00e9teszik Marosv\u00e1s\u00e1rhely \u00f6nkorm\u00e1nyzat\u00e1nak honlapj\u00e1n. <a href=\"https:\/\/www.tirgumures.ro\/index.php?option=com_content&amp;view=article&amp;id=2704&amp;Itemid=415&amp;lang=ro\" target=\"_blank\" rel=\"noopener\"><u>www.tirgumures.ro<\/u><u>\u00a0\/A helyi \u00f6nkorm\u00e1nyzat\/helyi tan\u00e1cs\/<\/u><u>\u00a0Hat\u00e1rozathozatal \u00c1tl\u00e1that\u00f3s\u00e1g (normat\u00edv aktusok)<\/u>\/<u>Javaslatok, javaslatok, v\u00e9lem\u00e9nyek aj\u00e1nl\u00f3\u00e9rt\u00e9kkel<\/u><\/a><\/p><p>Az \u00e9rdekl\u0151d\u0151k sz\u00e1m\u00e1ra lehet\u0151s\u00e9g van arra is, hogy a jogszab\u00e1lytervezetekr\u0151l nyilv\u00e1nos vit\u00e1t szervezzenek, ha egy jogszer\u0171en alakult egyes\u00fclet vagy m\u00e1s hat\u00f3s\u00e1g \u00edr\u00e1sban k\u00e9ri, a k\u00f6vetkez\u0151 hat\u00e1rid\u0151ig <strong><b>m\u00e1rcius 24.<\/b><\/strong><strong>\u00a02023. <\/strong><\/p><p><strong>\u00a0<\/strong><\/p><p style=\"text-align: center;\"><strong>Tov\u00e1bbi inform\u00e1ci\u00f3\u00e9rt k\u00e9rj\u00fck, h\u00edvja a 0265.269571-es telefonsz\u00e1mot. <\/strong><\/p><p style=\"text-align: center;\">\u00a0<strong>Marosv\u00e1s\u00e1rhely \u00f6nkorm\u00e1nyzat\u00e1nak f\u0151titk\u00e1ra<\/strong><strong>\u00a0 <\/strong><\/p><p style=\"text-align: center;\"><strong>Bordi Kinga<\/strong><\/p>\t\t\t\t\t\t<\/div>\n\t\t\t\t<\/div>\n\t\t\t\t\t<\/div>\n\t\t<\/div>\n\t\t\t\t\t\t\t<\/div>\n\t\t<\/section>\n\t\t\t\t<section class=\"penci-section penci-disSticky penci-structure-10 elementor-section elementor-top-section elementor-element elementor-element-696d63c2 deschidere-tab-nou elementor-section-boxed elementor-section-height-default elementor-section-height-default\" data-id=\"696d63c2\" data-element_type=\"section\">\n\t\t\t\t\t\t<div class=\"elementor-container elementor-column-gap-default\">\n\t\t\t\t\t<div class=\"penci-ercol-100 penci-ercol-order-1 penci-sticky-ct    elementor-column elementor-col-100 elementor-top-column elementor-element elementor-element-7a93f31\" data-id=\"7a93f31\" data-element_type=\"column\">\n\t\t\t<div class=\"elementor-widget-wrap elementor-element-populated\">\n\t\t\t\t\t\t\t\t<div class=\"elementor-element elementor-element-a7520bc elementor-align-left elementor-icon-list--layout-traditional elementor-list-item-link-full_width elementor-widget elementor-widget-icon-list\" data-id=\"a7520bc\" data-element_type=\"widget\" data-widget_type=\"icon-list.default\">\n\t\t\t\t<div class=\"elementor-widget-container\">\n\t\t\t<link rel=\"stylesheet\" href=\"https:\/\/dastgmures.ro\/wp-content\/plugins\/elementor\/assets\/css\/widget-icon-list.min.css\">\t\t<ul class=\"elementor-icon-list-items\">\n\t\t\t\t\t\t\t<li class=\"elementor-icon-list-item\">\n\t\t\t\t\t\t\t\t\t\t\t<a href=\"https:\/\/dastgmures.ro\/wp-content\/uploads\/2023\/03\/Aviz-CJ-Plan-de-actiune-DAS-2023.pdf\" target=\"_blank\">\n\n\t\t\t\t\t\t\t\t\t\t\t\t<span class=\"elementor-icon-list-icon\">\n\t\t\t\t\t\t\t<i aria-hidden=\"true\" class=\"fas fa-file-download\"><\/i>\t\t\t\t\t\t<\/span>\n\t\t\t\t\t\t\t\t\t\t<span class=\"elementor-icon-list-text\">CJ k\u00f6zlem\u00e9ny - DAS 2023 cselekv\u00e9si terv<\/span>\n\t\t\t\t\t\t\t\t\t\t\t<\/a>\n\t\t\t\t\t\t\t\t\t<\/li>\n\t\t\t\t\t\t\t\t<li class=\"elementor-icon-list-item\">\n\t\t\t\t\t\t\t\t\t\t\t<a href=\"https:\/\/dastgmures.ro\/wp-content\/uploads\/2023\/03\/Plan-de-Actiune-DAS-2023-Var.-Finala.pdf\" target=\"_blank\">\n\n\t\t\t\t\t\t\t\t\t\t\t\t<span class=\"elementor-icon-list-icon\">\n\t\t\t\t\t\t\t<i aria-hidden=\"true\" class=\"fas fa-file-download\"><\/i>\t\t\t\t\t\t<\/span>\n\t\t\t\t\t\t\t\t\t\t<span class=\"elementor-icon-list-text\">DAS cselekv\u00e9si terv 2023 <\/span>\n\t\t\t\t\t\t\t\t\t\t\t<\/a>\n\t\t\t\t\t\t\t\t\t<\/li>\n\t\t\t\t\t\t\t\t<li class=\"elementor-icon-list-item\">\n\t\t\t\t\t\t\t\t\t\t\t<a href=\"https:\/\/dastgmures.ro\/wp-content\/uploads\/2023\/03\/Proces-verbal-Dezbatere-publica-ONG-21.02.2023.pdf\" target=\"_blank\">\n\n\t\t\t\t\t\t\t\t\t\t\t\t<span class=\"elementor-icon-list-icon\">\n\t\t\t\t\t\t\t<i aria-hidden=\"true\" class=\"fas fa-file-download\"><\/i>\t\t\t\t\t\t<\/span>\n\t\t\t\t\t\t\t\t\t\t<span class=\"elementor-icon-list-text\">Jegyz\u0151k\u00f6nyv - Nem korm\u00e1nyzati szervezetek nyilv\u00e1nos vit\u00e1ja (21.02.2023)<\/span>\n\t\t\t\t\t\t\t\t\t\t\t<\/a>\n\t\t\t\t\t\t\t\t\t<\/li>\n\t\t\t\t\t\t\t\t<li class=\"elementor-icon-list-item\">\n\t\t\t\t\t\t\t\t\t\t\t<a href=\"https:\/\/dastgmures.ro\/wp-content\/uploads\/2023\/03\/Referat-si-PHCL-Plan-de-actiune-2023.doc\" target=\"_blank\">\n\n\t\t\t\t\t\t\t\t\t\t\t\t<span class=\"elementor-icon-list-icon\">\n\t\t\t\t\t\t\t<i aria-hidden=\"true\" class=\"fas fa-file-download\"><\/i>\t\t\t\t\t\t<\/span>\n\t\t\t\t\t\t\t\t\t\t<span class=\"elementor-icon-list-text\">Jelent\u00e9s \u00e9s PHCL - 2023-as cselekv\u00e9si terv<\/span>\n\t\t\t\t\t\t\t\t\t\t\t<\/a>\n\t\t\t\t\t\t\t\t\t<\/li>\n\t\t\t\t\t\t<\/ul>\n\t\t\t\t<\/div>\n\t\t\t\t<\/div>\n\t\t\t\t\t<\/div>\n\t\t<\/div>\n\t\t\t\t\t\t\t<\/div>\n\t\t<\/section>\n\t\t\t\t\t\t\t<\/div>","protected":false},"excerpt":{"rendered":"<p>A honlapon val\u00f3 k\u00f6zz\u00e9t\u00e9tel id\u0151pontja: 2023.03.14. A N U N T Az \u00e1tl\u00e1that\u00f3s\u00e1gr\u00f3l sz\u00f3l\u00f3 52\/2003. sz. t\u00f6rv\u00e9ny 7. cikk\u00e9nek rendelkez\u00e9seivel \u00f6sszhangban....<\/p>","protected":false},"author":1,"featured_media":0,"parent":5967,"menu_order":0,"comment_status":"closed","ping_status":"closed","template":"","meta":{"footnotes":""},"class_list":["post-6023","page","type-page","status-publish","hentry"],"yoast_head":"<!-- This site is optimized with the Yoast SEO plugin v19.13 - https:\/\/yoast.com\/wordpress\/plugins\/seo\/ -->\n<title>Aprobarea Planului anual de ac\u021biune privind serviciile sociale pentru anul 2023 - Direc\u021bia de Asisten\u021b\u0103 Social\u0103 T\u00e2rgu Mure\u0219<\/title>\n<meta name=\"robots\" content=\"index, follow, max-snippet:-1, max-image-preview:large, max-video-preview:-1\" \/>\n<link rel=\"canonical\" href=\"https:\/\/dastgmures.ro\/hu\/atlathatosag-csokkento\/nyilvanos-konzultaciora-bocsatott-jogalkotasi-torvenytervezet\/a-szocialis-szolgaltatasok-eves-cselekvesi-tervenek-jovahagyasa-a-2023-as-evre-vonatkozoan\/\" \/>\n<meta property=\"og:locale\" content=\"hu_HU\" \/>\n<meta property=\"og:type\" content=\"article\" \/>\n<meta property=\"og:title\" content=\"Aprobarea Planului anual de ac\u021biune privind serviciile sociale pentru anul 2023 - Direc\u021bia de Asisten\u021b\u0103 Social\u0103 T\u00e2rgu Mure\u0219\" \/>\n<meta property=\"og:description\" content=\"Data public\u0103rii pe site: 14.03.2023 \u00a0\u00a0\u00a0\u00a0\u00a0\u00a0\u00a0\u00a0\u00a0\u00a0\u00a0\u00a0\u00a0\u00a0\u00a0\u00a0\u00a0\u00a0\u00a0\u00a0\u00a0\u00a0\u00a0\u00a0\u00a0\u00a0\u00a0\u00a0\u00a0\u00a0\u00a0\u00a0\u00a0\u00a0\u00a0 A N U N \u021a \u00cen conformitate cu prevederile art. 7 Legii nr. 52\/2003, privind transparen\u0163a&hellip;\" \/>\n<meta property=\"og:url\" content=\"https:\/\/dastgmures.ro\/hu\/atlathatosag-csokkento\/nyilvanos-konzultaciora-bocsatott-jogalkotasi-torvenytervezet\/a-szocialis-szolgaltatasok-eves-cselekvesi-tervenek-jovahagyasa-a-2023-as-evre-vonatkozoan\/\" \/>\n<meta property=\"og:site_name\" content=\"Direc\u021bia de Asisten\u021b\u0103 Social\u0103 T\u00e2rgu Mure\u0219\" \/>\n<meta property=\"article:modified_time\" content=\"2023-03-22T08:15:10+00:00\" \/>\n<meta name=\"twitter:card\" content=\"summary_large_image\" \/>\n<meta name=\"twitter:label1\" content=\"Becs\u00fclt olvas\u00e1si id\u0151\" \/>\n\t<meta name=\"twitter:data1\" content=\"3 perc\" \/>\n<script type=\"application\/ld+json\" class=\"yoast-schema-graph\">{\"@context\":\"https:\/\/schema.org\",\"@graph\":[{\"@type\":\"WebPage\",\"@id\":\"https:\/\/dastgmures.ro\/transparenta-decizionala\/proiecte-de-acte-normative-aflate-in-consultare-publica\/aprobarea-planului-anual-de-actiune-privind-serviciile-sociale-pentru-anul-2023\/\",\"url\":\"https:\/\/dastgmures.ro\/transparenta-decizionala\/proiecte-de-acte-normative-aflate-in-consultare-publica\/aprobarea-planului-anual-de-actiune-privind-serviciile-sociale-pentru-anul-2023\/\",\"name\":\"Aprobarea Planului anual de ac\u021biune privind serviciile sociale pentru anul 2023 - Direc\u021bia de Asisten\u021b\u0103 Social\u0103 T\u00e2rgu Mure\u0219\",\"isPartOf\":{\"@id\":\"https:\/\/dastgmures.ro\/#website\"},\"datePublished\":\"2023-03-22T08:13:45+00:00\",\"dateModified\":\"2023-03-22T08:15:10+00:00\",\"breadcrumb\":{\"@id\":\"https:\/\/dastgmures.ro\/transparenta-decizionala\/proiecte-de-acte-normative-aflate-in-consultare-publica\/aprobarea-planului-anual-de-actiune-privind-serviciile-sociale-pentru-anul-2023\/#breadcrumb\"},\"inLanguage\":\"hu\",\"potentialAction\":[{\"@type\":\"ReadAction\",\"target\":[\"https:\/\/dastgmures.ro\/transparenta-decizionala\/proiecte-de-acte-normative-aflate-in-consultare-publica\/aprobarea-planului-anual-de-actiune-privind-serviciile-sociale-pentru-anul-2023\/\"]}]},{\"@type\":\"BreadcrumbList\",\"@id\":\"https:\/\/dastgmures.ro\/transparenta-decizionala\/proiecte-de-acte-normative-aflate-in-consultare-publica\/aprobarea-planului-anual-de-actiune-privind-serviciile-sociale-pentru-anul-2023\/#breadcrumb\",\"itemListElement\":[{\"@type\":\"ListItem\",\"position\":1,\"name\":\"Prima pagin\u0103\",\"item\":\"https:\/\/dastgmures.ro\/\"},{\"@type\":\"ListItem\",\"position\":2,\"name\":\"Transparen\u021b\u0103 decizional\u0103\",\"item\":\"https:\/\/dastgmures.ro\/transparenta-decizionala\/\"},{\"@type\":\"ListItem\",\"position\":3,\"name\":\"Proiecte de hot\u0103r\u00e2ri de Consiliu Local propuse\u00a0spre\u00a0aprobare\",\"item\":\"https:\/\/dastgmures.ro\/transparenta-decizionala\/proiecte-de-acte-normative-aflate-in-consultare-publica\/\"},{\"@type\":\"ListItem\",\"position\":4,\"name\":\"Aprobarea Planului anual de ac\u021biune privind serviciile sociale pentru anul 2023\"}]},{\"@type\":\"WebSite\",\"@id\":\"https:\/\/dastgmures.ro\/#website\",\"url\":\"https:\/\/dastgmures.ro\/\",\"name\":\"Direc\u021bia de Asisten\u021b\u0103 Social\u0103 T\u00e2rgu Mure\u0219\",\"description\":\"\",\"potentialAction\":[{\"@type\":\"SearchAction\",\"target\":{\"@type\":\"EntryPoint\",\"urlTemplate\":\"https:\/\/dastgmures.ro\/?s={search_term_string}\"},\"query-input\":\"required name=search_term_string\"}],\"inLanguage\":\"hu\"}]}<\/script>\n<!-- \/ Yoast SEO plugin. -->","yoast_head_json":{"title":"Aprobarea Planului anual de ac\u021biune privind serviciile sociale pentru anul 2023 - Direc\u021bia de Asisten\u021b\u0103 Social\u0103 T\u00e2rgu Mure\u0219","robots":{"index":"index","follow":"follow","max-snippet":"max-snippet:-1","max-image-preview":"max-image-preview:large","max-video-preview":"max-video-preview:-1"},"canonical":"https:\/\/dastgmures.ro\/hu\/atlathatosag-csokkento\/nyilvanos-konzultaciora-bocsatott-jogalkotasi-torvenytervezet\/a-szocialis-szolgaltatasok-eves-cselekvesi-tervenek-jovahagyasa-a-2023-as-evre-vonatkozoan\/","og_locale":"hu_HU","og_type":"article","og_title":"Aprobarea Planului anual de ac\u021biune privind serviciile sociale pentru anul 2023 - Direc\u021bia de Asisten\u021b\u0103 Social\u0103 T\u00e2rgu Mure\u0219","og_description":"Data public\u0103rii pe site: 14.03.2023 \u00a0\u00a0\u00a0\u00a0\u00a0\u00a0\u00a0\u00a0\u00a0\u00a0\u00a0\u00a0\u00a0\u00a0\u00a0\u00a0\u00a0\u00a0\u00a0\u00a0\u00a0\u00a0\u00a0\u00a0\u00a0\u00a0\u00a0\u00a0\u00a0\u00a0\u00a0\u00a0\u00a0\u00a0\u00a0 A N U N \u021a \u00cen conformitate cu prevederile art. 7 Legii nr. 52\/2003, privind transparen\u0163a&hellip;","og_url":"https:\/\/dastgmures.ro\/hu\/atlathatosag-csokkento\/nyilvanos-konzultaciora-bocsatott-jogalkotasi-torvenytervezet\/a-szocialis-szolgaltatasok-eves-cselekvesi-tervenek-jovahagyasa-a-2023-as-evre-vonatkozoan\/","og_site_name":"Direc\u021bia de Asisten\u021b\u0103 Social\u0103 T\u00e2rgu Mure\u0219","article_modified_time":"2023-03-22T08:15:10+00:00","twitter_card":"summary_large_image","twitter_misc":{"Becs\u00fclt olvas\u00e1si id\u0151":"3 perc"},"schema":{"@context":"https:\/\/schema.org","@graph":[{"@type":"WebPage","@id":"https:\/\/dastgmures.ro\/transparenta-decizionala\/proiecte-de-acte-normative-aflate-in-consultare-publica\/aprobarea-planului-anual-de-actiune-privind-serviciile-sociale-pentru-anul-2023\/","url":"https:\/\/dastgmures.ro\/transparenta-decizionala\/proiecte-de-acte-normative-aflate-in-consultare-publica\/aprobarea-planului-anual-de-actiune-privind-serviciile-sociale-pentru-anul-2023\/","name":"Aprobarea Planului anual de ac\u021biune privind serviciile sociale pentru anul 2023 - Direc\u021bia de Asisten\u021b\u0103 Social\u0103 T\u00e2rgu Mure\u0219","isPartOf":{"@id":"https:\/\/dastgmures.ro\/#website"},"datePublished":"2023-03-22T08:13:45+00:00","dateModified":"2023-03-22T08:15:10+00:00","breadcrumb":{"@id":"https:\/\/dastgmures.ro\/transparenta-decizionala\/proiecte-de-acte-normative-aflate-in-consultare-publica\/aprobarea-planului-anual-de-actiune-privind-serviciile-sociale-pentru-anul-2023\/#breadcrumb"},"inLanguage":"hu","potentialAction":[{"@type":"ReadAction","target":["https:\/\/dastgmures.ro\/transparenta-decizionala\/proiecte-de-acte-normative-aflate-in-consultare-publica\/aprobarea-planului-anual-de-actiune-privind-serviciile-sociale-pentru-anul-2023\/"]}]},{"@type":"BreadcrumbList","@id":"https:\/\/dastgmures.ro\/transparenta-decizionala\/proiecte-de-acte-normative-aflate-in-consultare-publica\/aprobarea-planului-anual-de-actiune-privind-serviciile-sociale-pentru-anul-2023\/#breadcrumb","itemListElement":[{"@type":"ListItem","position":1,"name":"Prima pagin\u0103","item":"https:\/\/dastgmures.ro\/"},{"@type":"ListItem","position":2,"name":"Transparen\u021b\u0103 decizional\u0103","item":"https:\/\/dastgmures.ro\/transparenta-decizionala\/"},{"@type":"ListItem","position":3,"name":"Proiecte de hot\u0103r\u00e2ri de Consiliu Local propuse\u00a0spre\u00a0aprobare","item":"https:\/\/dastgmures.ro\/transparenta-decizionala\/proiecte-de-acte-normative-aflate-in-consultare-publica\/"},{"@type":"ListItem","position":4,"name":"Aprobarea Planului anual de ac\u021biune privind serviciile sociale pentru anul 2023"}]},{"@type":"WebSite","@id":"https:\/\/dastgmures.ro\/#website","url":"https:\/\/dastgmures.ro\/","name":"Direc\u021bia de Asisten\u021b\u0103 Social\u0103 T\u00e2rgu Mure\u0219","description":"","potentialAction":[{"@type":"SearchAction","target":{"@type":"EntryPoint","urlTemplate":"https:\/\/dastgmures.ro\/?s={search_term_string}"},"query-input":"required name=search_term_string"}],"inLanguage":"hu"}]}},"_links":{"self":[{"href":"https:\/\/dastgmures.ro\/hu\/wp-json\/wp\/v2\/pages\/6023","targetHints":{"allow":["GET"]}}],"collection":[{"href":"https:\/\/dastgmures.ro\/hu\/wp-json\/wp\/v2\/pages"}],"about":[{"href":"https:\/\/dastgmures.ro\/hu\/wp-json\/wp\/v2\/types\/page"}],"author":[{"embeddable":true,"href":"https:\/\/dastgmures.ro\/hu\/wp-json\/wp\/v2\/users\/1"}],"replies":[{"embeddable":true,"href":"https:\/\/dastgmures.ro\/hu\/wp-json\/wp\/v2\/comments?post=6023"}],"version-history":[{"count":1,"href":"https:\/\/dastgmures.ro\/hu\/wp-json\/wp\/v2\/pages\/6023\/revisions"}],"predecessor-version":[{"id":6024,"href":"https:\/\/dastgmures.ro\/hu\/wp-json\/wp\/v2\/pages\/6023\/revisions\/6024"}],"up":[{"embeddable":true,"href":"https:\/\/dastgmures.ro\/hu\/wp-json\/wp\/v2\/pages\/5967"}],"wp:attachment":[{"href":"https:\/\/dastgmures.ro\/hu\/wp-json\/wp\/v2\/media?parent=6023"}],"curies":[{"name":"wp","href":"https:\/\/api.w.org\/{rel}","templated":true}]}}